{"id":26,"date":"2022-09-13T13:09:45","date_gmt":"2022-09-13T11:09:45","guid":{"rendered":"https:\/\/blogs.uni-bremen.de\/followingtracks\/?page_id=26"},"modified":"2022-09-14T18:11:38","modified_gmt":"2022-09-14T16:11:38","slug":"bunker-valentin","status":"publish","type":"page","link":"https:\/\/blogs.uni-bremen.de\/followingtracks\/bunker-valentin\/","title":{"rendered":"Bunker Valentin"},"content":{"rendered":"<p><img loading=\"lazy\" decoding=\"async\" class=\"\" src=\"https:\/\/www.denkort-bunker-valentin.de\/fileadmin\/templates\/grafik\/logo.png\" width=\"234\" height=\"136\" \/><\/p>\n<p>Der Bunker Valentin in Bremen-Farge ist heute eine Gedenkst\u00e4tte und Museum. Die Ruine war fr\u00fcher eine U-Boot-Werft von der Kriegsmarine zur Zeit des Zweiten Weltkrieges. Innerhalb der Jahre 1943 bis 1945 war der Bunker ein Ort der Zwangsarbeit. Arbeiter, (Kriegs) Gefangene und KZ-H\u00e4ftlinge aus Europa wurden dort hin deportiert und eingesetzt (vgl. Denkort Bunker Valentin: 2015)<\/p>\n<p>Im Zuge unseres Projektes haben wir uns mit der Zwangsarbeit in Bremen auseinandergesetzt, wobei der Bunker Valentin einen gro\u00dfen Teil ausmacht. Die pers\u00f6nliche Geschichte von Lucien Delanghe l\u00e4sst sich nicht mit dem Bunker verkn\u00fcpfen, der Ort jedoch kann uns einige Fragen \u00fcber die Geschichte der Zwangsarbeit beantworten. Deswegen hielten wir es f\u00fcr sehr wichtig, uns mit der Gedenkst\u00e4tte n\u00e4her auseinanderzusetzen. Der Bunker ist heute eine Gedenkst\u00e4tte, ein Museum und ein Lernort. Neben der M\u00f6glichkeit den Ort zu besichtigen, gibt es viele andere Angebote f\u00fcr Interessierte, wie F\u00fchrungen, Workshops und Veranstaltungen. Des Weiteren wird die Geschichte des Bunkers und die Geschichten der Menschen die dort arbeiten mussten aufgearbeitet und transparent gemacht. Durch die Lokalisierung von \u00dcberlebenden wurde zum Beispiel ein Projekt entwickelt, welches sich auf die Geschichten dieser Einzelpersonen bezog. Es entstand eine Reihe von Interviews, die BesucherInnen vor Ort oder im Internet abspielen k\u00f6nnen. Diese Prozesse von Aufkl\u00e4rungsarbeit sind f\u00fcr unser Projekt wichtig, da es sich auch um die Verkn\u00fcpfung von Vergangenheit und Gegenwart handelt.<\/p>\n","protected":false},"excerpt":{"rendered":"<p>Der Bunker Valentin in Bremen-Farge ist heute eine Gedenkst\u00e4tte und Museum. Die Ruine war fr\u00fcher eine U-Boot-Werft von der Kriegsmarine zur Zeit des Zweiten Weltkrieges. Innerhalb der Jahre 1943 bis 1945 war der Bunker ein Ort der Zwangsarbeit. Arbeiter, (Kriegs) Gefangene und KZ-H\u00e4ftlinge aus Europa wurden dort hin deportiert und eingesetzt (vgl. Denkort Bunker Valentin: [&hellip;]<\/p>\n","protected":false},"author":11121,"featured_media":0,"parent":0,"menu_order":3,"comment_status":"closed","ping_status":"closed","template":"","meta":{"_bbp_topic_count":0,"_bbp_reply_count":0,"_bbp_total_topic_count":0,"_bbp_total_reply_count":0,"_bbp_voice_count":0,"_bbp_anonymous_reply_count":0,"_bbp_topic_count_hidden":0,"_bbp_reply_count_hidden":0,"_bbp_forum_subforum_count":0,"footnotes":""},"class_list":["post-26","page","type-page","status-publish","hentry","post-preview"],"_links":{"self":[{"href":"https:\/\/blogs.uni-bremen.de\/followingtracks\/wp-json\/wp\/v2\/pages\/26","targetHints":{"allow":["GET"]}}],"collection":[{"href":"https:\/\/blogs.uni-bremen.de\/followingtracks\/wp-json\/wp\/v2\/pages"}],"about":[{"href":"https:\/\/blogs.uni-bremen.de\/followingtracks\/wp-json\/wp\/v2\/types\/page"}],"author":[{"embeddable":true,"href":"https:\/\/blogs.uni-bremen.de\/followingtracks\/wp-json\/wp\/v2\/users\/11121"}],"replies":[{"embeddable":true,"href":"https:\/\/blogs.uni-bremen.de\/followingtracks\/wp-json\/wp\/v2\/comments?post=26"}],"version-history":[{"count":10,"href":"https:\/\/blogs.uni-bremen.de\/followingtracks\/wp-json\/wp\/v2\/pages\/26\/revisions"}],"predecessor-version":[{"id":199,"href":"https:\/\/blogs.uni-bremen.de\/followingtracks\/wp-json\/wp\/v2\/pages\/26\/revisions\/199"}],"wp:attachment":[{"href":"https:\/\/blogs.uni-bremen.de\/followingtracks\/wp-json\/wp\/v2\/media?parent=26"}],"curies":[{"name":"wp","href":"https:\/\/api.w.org\/{rel}","templated":true}]}}