{"id":22,"date":"2022-09-13T13:09:14","date_gmt":"2022-09-13T11:09:14","guid":{"rendered":"https:\/\/blogs.uni-bremen.de\/followingtracks\/?page_id=22"},"modified":"2022-09-14T22:13:21","modified_gmt":"2022-09-14T20:13:21","slug":"lucien-delanghe","status":"publish","type":"page","link":"https:\/\/blogs.uni-bremen.de\/followingtracks\/lucien-delanghe\/","title":{"rendered":"Lucien Delanghe"},"content":{"rendered":"<p>Zu Beginn unserer Forschung ist uns nicht viel \u00fcber Lucien Delanghes Zeit in Deutschland bekannt. Nachdem uns David Dhert mit seinem Anliegen kontaktiert, \u00fcbermittelt er uns einige wenige Informationen und Bilder \u00fcber seinen Gro\u00dfvater Lucien Delanghe. Er wurde am 16. Mai 1921 in einem kleinen Ort in Belgien geboren. Am 16. April 1943 wird er mit einigen anderen M\u00e4nnern nach Deutschland deportiert und kommt in Bremen an. Lucien Delanghe ist mittlerweile verstorben.<\/p>\n<div id=\"attachment_50\" style=\"width: 630px\" class=\"wp-caption alignnone\"><img loading=\"lazy\" decoding=\"async\" aria-describedby=\"caption-attachment-50\" class=\"wp-image-50 size-medium\" src=\"https:\/\/blogs.uni-bremen.de\/followingtracks\/files\/IMG_8759-620x465.jpg\" alt=\"Lucien Delanghe\" width=\"620\" height=\"465\" srcset=\"https:\/\/blogs.uni-bremen.de\/followingtracks\/files\/IMG_8759-620x465.jpg 620w, https:\/\/blogs.uni-bremen.de\/followingtracks\/files\/IMG_8759-940x705.jpg 940w, https:\/\/blogs.uni-bremen.de\/followingtracks\/files\/IMG_8759-300x225.jpg 300w, https:\/\/blogs.uni-bremen.de\/followingtracks\/files\/IMG_8759-768x576.jpg 768w, https:\/\/blogs.uni-bremen.de\/followingtracks\/files\/IMG_8759-1536x1152.jpg 1536w, https:\/\/blogs.uni-bremen.de\/followingtracks\/files\/IMG_8759-676x507.jpg 676w, https:\/\/blogs.uni-bremen.de\/followingtracks\/files\/IMG_8759.jpg 2016w\" sizes=\"auto, (max-width: 620px) 100vw, 620px\" \/><p id=\"caption-attachment-50\" class=\"wp-caption-text\">Lucien Delanghe<\/p><\/div>\n<p>Da David Dherts Gro\u00dfmutter, also die Witwe von Lucien Delanghe an Demenz leidet, gibt es nicht viele Informationen. Sie erinnert sich jedoch daran, dass er mit seinem guten Freund Rene gemeinsam in den sogenannten &#8222;baracks&#8220; lebte.<\/p>\n<div id=\"attachment_52\" style=\"width: 630px\" class=\"wp-caption alignnone\"><img loading=\"lazy\" decoding=\"async\" aria-describedby=\"caption-attachment-52\" class=\"wp-image-52 size-medium\" src=\"https:\/\/blogs.uni-bremen.de\/followingtracks\/files\/IMG_9276-620x868.jpg\" alt=\"Lucien und Rene\" width=\"620\" height=\"868\" srcset=\"https:\/\/blogs.uni-bremen.de\/followingtracks\/files\/IMG_9276-620x868.jpg 620w, https:\/\/blogs.uni-bremen.de\/followingtracks\/files\/IMG_9276-940x1316.jpg 940w, https:\/\/blogs.uni-bremen.de\/followingtracks\/files\/IMG_9276-300x420.jpg 300w, https:\/\/blogs.uni-bremen.de\/followingtracks\/files\/IMG_9276-768x1075.jpg 768w, https:\/\/blogs.uni-bremen.de\/followingtracks\/files\/IMG_9276-1097x1536.jpg 1097w, https:\/\/blogs.uni-bremen.de\/followingtracks\/files\/IMG_9276-676x946.jpg 676w, https:\/\/blogs.uni-bremen.de\/followingtracks\/files\/IMG_9276.jpg 1379w\" sizes=\"auto, (max-width: 620px) 100vw, 620px\" \/><p id=\"caption-attachment-52\" class=\"wp-caption-text\">Lucien und Rene<\/p><\/div>\n<p>\u00dcber Lucien Delanghes Arbeitsplatz ist wenig bekannt, au\u00dfer dass er in Innenstadtn\u00e4he in einer Schneiderei arbeitete. Die Personen auf dem Bild sind unbekannt.<\/p>\n<div id=\"attachment_51\" style=\"width: 630px\" class=\"wp-caption alignnone\"><img loading=\"lazy\" decoding=\"async\" aria-describedby=\"caption-attachment-51\" class=\"wp-image-51 size-medium\" src=\"https:\/\/blogs.uni-bremen.de\/followingtracks\/files\/IMG_9275-620x490.jpg\" alt=\"Lucien mit drei unbekannten Personen\" width=\"620\" height=\"490\" srcset=\"https:\/\/blogs.uni-bremen.de\/followingtracks\/files\/IMG_9275-620x490.jpg 620w, https:\/\/blogs.uni-bremen.de\/followingtracks\/files\/IMG_9275-940x743.jpg 940w, https:\/\/blogs.uni-bremen.de\/followingtracks\/files\/IMG_9275-300x237.jpg 300w, https:\/\/blogs.uni-bremen.de\/followingtracks\/files\/IMG_9275-768x607.jpg 768w, https:\/\/blogs.uni-bremen.de\/followingtracks\/files\/IMG_9275-1536x1215.jpg 1536w, https:\/\/blogs.uni-bremen.de\/followingtracks\/files\/IMG_9275-676x535.jpg 676w, https:\/\/blogs.uni-bremen.de\/followingtracks\/files\/IMG_9275.jpg 1912w\" sizes=\"auto, (max-width: 620px) 100vw, 620px\" \/><p id=\"caption-attachment-51\" class=\"wp-caption-text\">Lucien mit drei unbekannten Personen<\/p><\/div>\n<p>Am 16. Mai 1945 kehrt er in seine Heimat zur\u00fcck und wird 24 Jahre alt.<\/p>\n","protected":false},"excerpt":{"rendered":"<p>Zu Beginn unserer Forschung ist uns nicht viel \u00fcber Lucien Delanghes Zeit in Deutschland bekannt. Nachdem uns David Dhert mit seinem Anliegen kontaktiert, \u00fcbermittelt er uns einige wenige Informationen und Bilder \u00fcber seinen Gro\u00dfvater Lucien Delanghe. Er wurde am 16. Mai 1921 in einem kleinen Ort in Belgien geboren. Am 16. April 1943 wird er [&hellip;]<\/p>\n","protected":false},"author":11121,"featured_media":0,"parent":0,"menu_order":1,"comment_status":"closed","ping_status":"closed","template":"","meta":{"_bbp_topic_count":0,"_bbp_reply_count":0,"_bbp_total_topic_count":0,"_bbp_total_reply_count":0,"_bbp_voice_count":0,"_bbp_anonymous_reply_count":0,"_bbp_topic_count_hidden":0,"_bbp_reply_count_hidden":0,"_bbp_forum_subforum_count":0,"footnotes":""},"class_list":["post-22","page","type-page","status-publish","hentry","post-preview"],"_links":{"self":[{"href":"https:\/\/blogs.uni-bremen.de\/followingtracks\/wp-json\/wp\/v2\/pages\/22","targetHints":{"allow":["GET"]}}],"collection":[{"href":"https:\/\/blogs.uni-bremen.de\/followingtracks\/wp-json\/wp\/v2\/pages"}],"about":[{"href":"https:\/\/blogs.uni-bremen.de\/followingtracks\/wp-json\/wp\/v2\/types\/page"}],"author":[{"embeddable":true,"href":"https:\/\/blogs.uni-bremen.de\/followingtracks\/wp-json\/wp\/v2\/users\/11121"}],"replies":[{"embeddable":true,"href":"https:\/\/blogs.uni-bremen.de\/followingtracks\/wp-json\/wp\/v2\/comments?post=22"}],"version-history":[{"count":5,"href":"https:\/\/blogs.uni-bremen.de\/followingtracks\/wp-json\/wp\/v2\/pages\/22\/revisions"}],"predecessor-version":[{"id":281,"href":"https:\/\/blogs.uni-bremen.de\/followingtracks\/wp-json\/wp\/v2\/pages\/22\/revisions\/281"}],"wp:attachment":[{"href":"https:\/\/blogs.uni-bremen.de\/followingtracks\/wp-json\/wp\/v2\/media?parent=22"}],"curies":[{"name":"wp","href":"https:\/\/api.w.org\/{rel}","templated":true}]}}