{"id":2,"date":"2013-10-18T14:31:46","date_gmt":"2013-10-18T14:31:46","guid":{"rendered":"http:\/\/blogs.uni-bremen.de\/filmprojektuk\/?page_id=2"},"modified":"2014-12-04T22:21:23","modified_gmt":"2014-12-04T20:21:23","slug":"beispiel-seite","status":"publish","type":"page","link":"https:\/\/blogs.uni-bremen.de\/filmprojektuk\/","title":{"rendered":""},"content":{"rendered":"<pre style=\"text-align: center\"><span style=\"font-family: 'book antiqua', palatino;font-size: x-large\"><span style=\"color: #33cccc\">\"Alles, was wir sind, sind wir in Kommunikation\"\r\n<\/span><span style=\"color: #33cccc;font-size: medium\">(Jaspers 1947, 378)\r\n<\/span><\/span><\/pre>\n<p><span style=\"font-family: 'book antiqua', palatino\">\u00a0<\/span><\/p>\n<p><span style=\"font-family: 'book antiqua', palatino\">Karl Jaspers setzt mit dem obigen Zitat ein klares Statement zur Beschaffenheit des menschlichen Wesens. Wie verh\u00e4lt es sich aber mit Menschen, die nicht- oder nur kaum-lautsprachlich kommunizieren und zus\u00e4tzlich k\u00f6rperliche und motorische Einschr\u00e4nkungen aufweisen? Was passiert, wenn die strukturelle Beschaffenheit ihrer Umgebung (das politische und\/oder soziale System) es nicht hinreichend zul\u00e4sst, ihre kommunikativen F\u00e4higkeiten frei entfalten zu k\u00f6nnen?<\/span><\/p>\n<dl id=\"attachment_30\" class=\"wp-caption aligncenter\" style=\"width: 614px\">\n<dt class=\"wp-caption-dt\"><\/dt>\n<\/dl>\n<figure id=\"attachment_31\" aria-describedby=\"caption-attachment-31\" style=\"width: 423px\" class=\"wp-caption aligncenter\"><a href=\"http:\/\/blogs.uni-bremen.de\/filmprojektuk\/files\/2013\/10\/filmplakat_kreis.gif\" data-rel=\"lightbox-image-0\" data-rl_title=\"\" data-rl_caption=\"\" title=\"\"><img loading=\"lazy\" decoding=\"async\" class=\" wp-image-31    \" src=\"http:\/\/blogs.uni-bremen.de\/filmprojektuk\/files\/2013\/10\/filmplakat_kreis-1024x987.gif\" alt=\"&quot;Dein Kommunikations-Hilfsmittel l\u00e4sst du aber in der Pause im Klassenraum, das geht sonst nur kaputt!&quot; (Illustration: Christoph Lankenau)\" width=\"423\" height=\"407\" srcset=\"https:\/\/blogs.uni-bremen.de\/filmprojektuk\/files\/2013\/10\/filmplakat_kreis-1024x987.gif 1024w, https:\/\/blogs.uni-bremen.de\/filmprojektuk\/files\/2013\/10\/filmplakat_kreis-300x289.gif 300w\" sizes=\"auto, (max-width: 423px) 100vw, 423px\" \/><\/a><figcaption id=\"caption-attachment-31\" class=\"wp-caption-text\"><span style=\"font-family: 'book antiqua', palatino\">Geschichten aus dem Schulalltag:<\/span><br \/><span style=\"font-family: 'book antiqua', palatino\">&#8222;Dein Kommunikations-Hilfsmittel l\u00e4sst du aber in der Pause im Klassenraum, das geht sonst nur kaputt!&#8220;<\/span><span style=\"font-family: 'book antiqua', palatino\">\u00a0<\/span><\/figcaption><\/figure>\n<p><span style=\"font-family: 'book antiqua', palatino;font-size: x-small\">\u00a0 \u00a0 \u00a0 \u00a0 \u00a0 \u00a0 \u00a0 \u00a0 \u00a0 \u00a0 \u00a0 \u00a0 \u00a0 \u00a0 \u00a0 \u00a0 \u00a0 \u00a0 \u00a0 \u00a0 \u00a0 \u00a0 \u00a0 \u00a0 \u00a0 \u00a0 \u00a0 \u00a0 \u00a0 \u00a0 \u00a0 \u00a0 \u00a0 \u00a0 \u00a0 \u00a0 \u00a0 \u00a0 \u00a0 \u00a0 \u00a0 \u00a0 \u00a0 \u00a0 \u00a0 \u00a0 \u00a0 \u00a0 \u00a0 \u00a0 \u00a0 \u00a0 \u00a0 \u00a0 \u00a0 \u00a0 \u00a0 Illustration: \u00a9\u00a0Christoph Lankenau<\/span><\/p>\n<p><span style=\"font-family: 'book antiqua', palatino\">Sie m\u00f6chten mehr \u00fcber das Projekt erfahren? Hier geht es weiter zu <a title=\"UK-Inklusiv (\u00dcber Uns)\" href=\"http:\/\/blogs.uni-bremen.de\/filmprojektuk\/uk-inklusiv\/\">UK-inklusiv<\/a>.<\/span><\/p>\n<p><span style=\"font-family: 'book antiqua', palatino\">\u00a0<\/span><\/p>\n<p><span style=\"font-family: 'book antiqua', palatino\">\u00a0<\/span><\/p>\n<p><span style=\"font-family: 'book antiqua', palatino\">\u00a0<\/span><\/p>\n","protected":false},"excerpt":{"rendered":"<p>&#8222;Alles, was wir sind, sind wir in Kommunikation&#8220; (Jaspers 1947, 378) \u00a0 Karl Jaspers setzt mit dem obigen Zitat ein klares Statement zur Beschaffenheit des menschlichen Wesens. Wie verh\u00e4lt es sich aber mit Menschen, die nicht- oder nur kaum-lautsprachlich kommunizieren und zus\u00e4tzlich k\u00f6rperliche und motorische Einschr\u00e4nkungen aufweisen? Was passiert, wenn die strukturelle Beschaffenheit ihrer Umgebung &hellip; <a href=\"https:\/\/blogs.uni-bremen.de\/filmprojektuk\/\" class=\"more-link\"><span class=\"screen-reader-text\"><\/span> weiterlesen <span class=\"meta-nav\">&rarr;<\/span><\/a><\/p>\n","protected":false},"author":1291,"featured_media":0,"parent":0,"menu_order":0,"comment_status":"closed","ping_status":"closed","template":"","meta":{"_bbp_topic_count":0,"_bbp_reply_count":0,"_bbp_total_topic_count":0,"_bbp_total_reply_count":0,"_bbp_voice_count":0,"_bbp_anonymous_reply_count":0,"_bbp_topic_count_hidden":0,"_bbp_reply_count_hidden":0,"_bbp_forum_subforum_count":0,"footnotes":""},"class_list":["post-2","page","type-page","status-publish","hentry"],"_links":{"self":[{"href":"https:\/\/blogs.uni-bremen.de\/filmprojektuk\/wp-json\/wp\/v2\/pages\/2","targetHints":{"allow":["GET"]}}],"collection":[{"href":"https:\/\/blogs.uni-bremen.de\/filmprojektuk\/wp-json\/wp\/v2\/pages"}],"about":[{"href":"https:\/\/blogs.uni-bremen.de\/filmprojektuk\/wp-json\/wp\/v2\/types\/page"}],"author":[{"embeddable":true,"href":"https:\/\/blogs.uni-bremen.de\/filmprojektuk\/wp-json\/wp\/v2\/users\/1291"}],"replies":[{"embeddable":true,"href":"https:\/\/blogs.uni-bremen.de\/filmprojektuk\/wp-json\/wp\/v2\/comments?post=2"}],"version-history":[{"count":1,"href":"https:\/\/blogs.uni-bremen.de\/filmprojektuk\/wp-json\/wp\/v2\/pages\/2\/revisions"}],"predecessor-version":[{"id":40,"href":"https:\/\/blogs.uni-bremen.de\/filmprojektuk\/wp-json\/wp\/v2\/pages\/2\/revisions\/40"}],"wp:attachment":[{"href":"https:\/\/blogs.uni-bremen.de\/filmprojektuk\/wp-json\/wp\/v2\/media?parent=2"}],"curies":[{"name":"wp","href":"https:\/\/api.w.org\/{rel}","templated":true}]}}