{"id":2,"date":"2012-07-05T06:38:34","date_gmt":"2012-07-05T06:38:34","guid":{"rendered":"http:\/\/blogs.uni-bremen.de\/feedbackr\/?page_id=2"},"modified":"2012-07-10T16:00:51","modified_gmt":"2012-07-10T16:00:51","slug":"beispiel-seite","status":"publish","type":"page","link":"https:\/\/blogs.uni-bremen.de\/feedbackr\/","title":{"rendered":"\u00dcber feedbackr"},"content":{"rendered":"<p><strong>feedbackr<\/strong> ist eine Erweiterung von <a href=\"http:\/\/buddypress.org\/\">BuddyPress<\/a> \u2013 die Social-Networking-Plugin-Sammlung f\u00fcr <a href=\"http:\/\/wordpress.org\/\">WordPress<\/a> \u2013 mit der ein umfassendes Tutoring f\u00fcr Lehr- und Lernszenarien mit Weblog-Einsatz realisiert werden kann. Konzipiert wurde <strong>feedbackr<\/strong> f\u00fcr Veranstaltungen, in denen Lernende jeweils einen eigenen Weblog f\u00fchren. <strong>feedbackr<\/strong> dient hierbei: der Aggregation der Inhalte, der Zuweisung von Tutoren sowie der Unterst\u00fctzung bei der Bewertung von Blogbeitr\u00e4gen.<\/p>\n<p>Mit feedbackr k\u00f6nnen aktuell <strong>zwei verschiedene Tutoren-Konzepte<\/strong> umgesetzt werden:<\/p>\n<ol>\n<li><strong>Gruppen-Tutoring<\/strong>: Bis zu drei Tutoren werden einer Gruppe von Lernenden zugewiesen. Die Tutoren sehen ausschlie\u00dflich die ihnen zugewiesenen Beitr\u00e4ge. Key-Tutoren (Admins der Gruppe) halten als Supervisoren die Seminaraktivit\u00e4ten im Blick.<\/li>\n<li><strong>Peer-Tutoring<\/strong>: die Lernenden werden in eine selbst zu bestimmende Anzahl von Gruppen aufgeteilt, die sich im Wechsel gegenseitig tutorieren sollen. Zus\u00e4tzlich k\u00f6nnen weitere Tutoren als Moderatoren zum Einsatz gebracht werden.<\/li>\n<\/ol>\n<p>Was bietet <strong>feedbackr<\/strong>?<\/p>\n<ul>\n<li>Lernende tragen Ihren Blog selbst in die Gruppe ein.<\/li>\n<li>Aggregation aller neuen Beitr\u00e4ge und Kommentare der Lernenden.<\/li>\n<li>\u00dcbersicht \u00fcber alle Blogs der Lernenden.<\/li>\n<li>Bilden von Lerngruppen (z.B. anhand gemeinsamer Lernprojekte).<\/li>\n<li>Zuweisen von Tutoren anhand der Lerngruppen.<\/li>\n<li>Alle Blogbeitr\u00e4ge in der \u00dcbersicht zum einfachen Tutorieren.<\/li>\n<li>Aufgaben\u00fcbersicht zur schnellen Kontrolle erledigter Aufgaben mit farbiger Statusanzeige.<\/li>\n<\/ul>\n<p><strong>Screenshots (zum Vergr\u00f6\u00dfern klicken)<\/strong><\/p>\n<p><strong><\/strong>\n\t\t<style type=\"text\/css\">\n\t\t\t#gallery-1 {\n\t\t\t\tmargin: auto;\n\t\t\t}\n\t\t\t#gallery-1 .gallery-item {\n\t\t\t\tfloat: left;\n\t\t\t\tmargin-top: 10px;\n\t\t\t\ttext-align: center;\n\t\t\t\twidth: 16%;\n\t\t\t}\n\t\t\t#gallery-1 img {\n\t\t\t\tborder: 2px solid #cfcfcf;\n\t\t\t}\n\t\t\t#gallery-1 .gallery-caption {\n\t\t\t\tmargin-left: 0;\n\t\t\t}\n\t\t\t\/* see gallery_shortcode() in wp-includes\/media.php *\/\n\t\t<\/style>\n\t\t<div id='gallery-1' class='gallery galleryid-2 gallery-columns-6 gallery-size-thumbnail'><dl class='gallery-item'>\n\t\t\t<dt class='gallery-icon landscape'>\n\t\t\t\t<a href='https:\/\/blogs.uni-bremen.de\/feedbackr\/files\/2012\/07\/feedbackr_uebersicht-blogbeitraege.png' title=\"\" data-rl_title=\"\" class=\"rl-gallery-link\" data-rl_caption=\"\" data-rel=\"lightbox-gallery-1\"><img loading=\"lazy\" decoding=\"async\" width=\"150\" height=\"150\" src=\"https:\/\/blogs.uni-bremen.de\/feedbackr\/files\/2012\/07\/feedbackr_uebersicht-blogbeitraege-150x150.png\" class=\"attachment-thumbnail size-thumbnail\" alt=\"\" \/><\/a>\n\t\t\t<\/dt><\/dl><dl class='gallery-item'>\n\t\t\t<dt class='gallery-icon landscape'>\n\t\t\t\t<a href='https:\/\/blogs.uni-bremen.de\/feedbackr\/files\/2012\/07\/feedbackr_rundschauuebersicht.png' title=\"\" data-rl_title=\"\" class=\"rl-gallery-link\" data-rl_caption=\"\" data-rel=\"lightbox-gallery-1\"><img loading=\"lazy\" decoding=\"async\" width=\"150\" height=\"150\" src=\"https:\/\/blogs.uni-bremen.de\/feedbackr\/files\/2012\/07\/feedbackr_rundschauuebersicht-150x150.png\" class=\"attachment-thumbnail size-thumbnail\" alt=\"\" \/><\/a>\n\t\t\t<\/dt><\/dl><dl class='gallery-item'>\n\t\t\t<dt class='gallery-icon landscape'>\n\t\t\t\t<a href='https:\/\/blogs.uni-bremen.de\/feedbackr\/files\/2012\/07\/feedbackr_peertutoring_studentenansicht.png' title=\"\" data-rl_title=\"\" class=\"rl-gallery-link\" data-rl_caption=\"\" data-rel=\"lightbox-gallery-1\"><img loading=\"lazy\" decoding=\"async\" width=\"150\" height=\"150\" src=\"https:\/\/blogs.uni-bremen.de\/feedbackr\/files\/2012\/07\/feedbackr_peertutoring_studentenansicht-150x150.png\" class=\"attachment-thumbnail size-thumbnail\" alt=\"\" \/><\/a>\n\t\t\t<\/dt><\/dl><dl class='gallery-item'>\n\t\t\t<dt class='gallery-icon landscape'>\n\t\t\t\t<a href='https:\/\/blogs.uni-bremen.de\/feedbackr\/files\/2012\/07\/feedbackr_peertutoring_gruppenuebersicht.png' title=\"\" data-rl_title=\"\" class=\"rl-gallery-link\" data-rl_caption=\"\" data-rel=\"lightbox-gallery-1\"><img loading=\"lazy\" decoding=\"async\" width=\"150\" height=\"150\" src=\"https:\/\/blogs.uni-bremen.de\/feedbackr\/files\/2012\/07\/feedbackr_peertutoring_gruppenuebersicht-150x150.png\" class=\"attachment-thumbnail size-thumbnail\" alt=\"\" \/><\/a>\n\t\t\t<\/dt><\/dl><dl class='gallery-item'>\n\t\t\t<dt class='gallery-icon landscape'>\n\t\t\t\t<a href='https:\/\/blogs.uni-bremen.de\/feedbackr\/files\/2012\/07\/feedbackr_peertutoring_gruppeneinteilung.png' title=\"\" data-rl_title=\"\" class=\"rl-gallery-link\" data-rl_caption=\"\" data-rel=\"lightbox-gallery-1\"><img loading=\"lazy\" decoding=\"async\" width=\"150\" height=\"150\" src=\"https:\/\/blogs.uni-bremen.de\/feedbackr\/files\/2012\/07\/feedbackr_peertutoring_gruppeneinteilung-150x150.png\" class=\"attachment-thumbnail size-thumbnail\" alt=\"\" \/><\/a>\n\t\t\t<\/dt><\/dl><dl class='gallery-item'>\n\t\t\t<dt class='gallery-icon landscape'>\n\t\t\t\t<a href='https:\/\/blogs.uni-bremen.de\/feedbackr\/files\/2012\/07\/feedbackr_peertutoring_aufgabenuebersicht.png' title=\"\" data-rl_title=\"\" class=\"rl-gallery-link\" data-rl_caption=\"\" data-rel=\"lightbox-gallery-1\"><img loading=\"lazy\" decoding=\"async\" width=\"150\" height=\"150\" src=\"https:\/\/blogs.uni-bremen.de\/feedbackr\/files\/2012\/07\/feedbackr_peertutoring_aufgabenuebersicht-150x150.png\" class=\"attachment-thumbnail size-thumbnail\" alt=\"\" \/><\/a>\n\t\t\t<\/dt><\/dl><br style=\"clear: both\" \/><dl class='gallery-item'>\n\t\t\t<dt class='gallery-icon landscape'>\n\t\t\t\t<a href='https:\/\/blogs.uni-bremen.de\/feedbackr\/files\/2012\/07\/feedbackr_gruppentutoring_tutorenzuweisung.png' title=\"\" data-rl_title=\"\" class=\"rl-gallery-link\" data-rl_caption=\"\" data-rel=\"lightbox-gallery-1\"><img loading=\"lazy\" decoding=\"async\" width=\"150\" height=\"150\" src=\"https:\/\/blogs.uni-bremen.de\/feedbackr\/files\/2012\/07\/feedbackr_gruppentutoring_tutorenzuweisung-150x150.png\" class=\"attachment-thumbnail size-thumbnail\" alt=\"\" \/><\/a>\n\t\t\t<\/dt><\/dl><dl class='gallery-item'>\n\t\t\t<dt class='gallery-icon landscape'>\n\t\t\t\t<a href='https:\/\/blogs.uni-bremen.de\/feedbackr\/files\/2012\/07\/feedbackr_gruppentutoring_aufgabenuebersicht.png' title=\"\" data-rl_title=\"\" class=\"rl-gallery-link\" data-rl_caption=\"\" data-rel=\"lightbox-gallery-1\"><img loading=\"lazy\" decoding=\"async\" width=\"150\" height=\"150\" src=\"https:\/\/blogs.uni-bremen.de\/feedbackr\/files\/2012\/07\/feedbackr_gruppentutoring_aufgabenuebersicht-150x150.png\" class=\"attachment-thumbnail size-thumbnail\" alt=\"\" \/><\/a>\n\t\t\t<\/dt><\/dl><dl class='gallery-item'>\n\t\t\t<dt class='gallery-icon landscape'>\n\t\t\t\t<a href='https:\/\/blogs.uni-bremen.de\/feedbackr\/files\/2012\/07\/feedbackr_gruppenbildung.png' title=\"\" data-rl_title=\"\" class=\"rl-gallery-link\" data-rl_caption=\"\" data-rel=\"lightbox-gallery-1\"><img loading=\"lazy\" decoding=\"async\" width=\"150\" height=\"150\" src=\"https:\/\/blogs.uni-bremen.de\/feedbackr\/files\/2012\/07\/feedbackr_gruppenbildung-150x150.png\" class=\"attachment-thumbnail size-thumbnail\" alt=\"\" \/><\/a>\n\t\t\t<\/dt><\/dl><dl class='gallery-item'>\n\t\t\t<dt class='gallery-icon landscape'>\n\t\t\t\t<a href='https:\/\/blogs.uni-bremen.de\/feedbackr\/files\/2012\/07\/feedbackr_bloguebersicht.png' title=\"\" data-rl_title=\"\" class=\"rl-gallery-link\" data-rl_caption=\"\" data-rel=\"lightbox-gallery-1\"><img loading=\"lazy\" decoding=\"async\" width=\"150\" height=\"150\" src=\"https:\/\/blogs.uni-bremen.de\/feedbackr\/files\/2012\/07\/feedbackr_bloguebersicht-150x150.png\" class=\"attachment-thumbnail size-thumbnail\" alt=\"\" \/><\/a>\n\t\t\t<\/dt><\/dl><dl class='gallery-item'>\n\t\t\t<dt class='gallery-icon landscape'>\n\t\t\t\t<a href='https:\/\/blogs.uni-bremen.de\/feedbackr\/files\/2012\/07\/feedbackr_bloganmeldung.png' title=\"\" data-rl_title=\"\" class=\"rl-gallery-link\" data-rl_caption=\"\" data-rel=\"lightbox-gallery-1\"><img loading=\"lazy\" decoding=\"async\" width=\"150\" height=\"150\" src=\"https:\/\/blogs.uni-bremen.de\/feedbackr\/files\/2012\/07\/feedbackr_bloganmeldung-150x150.png\" class=\"attachment-thumbnail size-thumbnail\" alt=\"\" \/><\/a>\n\t\t\t<\/dt><\/dl><dl class='gallery-item'>\n\t\t\t<dt class='gallery-icon landscape'>\n\t\t\t\t<a href='https:\/\/blogs.uni-bremen.de\/feedbackr\/files\/2012\/07\/feedbackr_aufgabenverwaltung.png' title=\"\" data-rl_title=\"\" class=\"rl-gallery-link\" data-rl_caption=\"\" data-rel=\"lightbox-gallery-1\"><img loading=\"lazy\" decoding=\"async\" width=\"150\" height=\"150\" src=\"https:\/\/blogs.uni-bremen.de\/feedbackr\/files\/2012\/07\/feedbackr_aufgabenverwaltung-150x150.png\" class=\"attachment-thumbnail size-thumbnail\" alt=\"\" \/><\/a>\n\t\t\t<\/dt><\/dl><br style=\"clear: both\" \/>\n\t\t<\/div>\n<\/p>\n<p style=\"text-align: center;\">Sie wollen\u00a0<strong>feedbackr<\/strong>\u00a0einsetzen? Sie haben eigene W\u00fcnsche und Vorschl\u00e4ge?<\/p>\n<p style=\"text-align: center;\"><a href=\"http:\/\/blogs.uni-bremen.de\/feedbackr\/kontakt\/\"> Kontaktieren Sie uns!<\/a><\/p>\n","protected":false},"excerpt":{"rendered":"<p>feedbackr ist eine Erweiterung von BuddyPress \u2013 die Social-Networking-Plugin-Sammlung f\u00fcr WordPress \u2013 mit der ein umfassendes Tutoring f\u00fcr Lehr- und Lernszenarien mit Weblog-Einsatz realisiert werden kann. Konzipiert wurde feedbackr f\u00fcr Veranstaltungen, in denen Lernende jeweils einen eigenen Weblog f\u00fchren. feedbackr dient hierbei: der Aggregation der Inhalte, der Zuweisung von Tutoren sowie der Unterst\u00fctzung bei der [&hellip;]<\/p>\n","protected":false},"author":156,"featured_media":0,"parent":0,"menu_order":1,"comment_status":"open","ping_status":"closed","template":"","meta":{"_bbp_topic_count":0,"_bbp_reply_count":0,"_bbp_total_topic_count":0,"_bbp_total_reply_count":0,"_bbp_voice_count":0,"_bbp_anonymous_reply_count":0,"_bbp_topic_count_hidden":0,"_bbp_reply_count_hidden":0,"_bbp_forum_subforum_count":0,"footnotes":""},"class_list":["post-2","page","type-page","status-publish","hentry"],"_links":{"self":[{"href":"https:\/\/blogs.uni-bremen.de\/feedbackr\/wp-json\/wp\/v2\/pages\/2","targetHints":{"allow":["GET"]}}],"collection":[{"href":"https:\/\/blogs.uni-bremen.de\/feedbackr\/wp-json\/wp\/v2\/pages"}],"about":[{"href":"https:\/\/blogs.uni-bremen.de\/feedbackr\/wp-json\/wp\/v2\/types\/page"}],"author":[{"embeddable":true,"href":"https:\/\/blogs.uni-bremen.de\/feedbackr\/wp-json\/wp\/v2\/users\/156"}],"replies":[{"embeddable":true,"href":"https:\/\/blogs.uni-bremen.de\/feedbackr\/wp-json\/wp\/v2\/comments?post=2"}],"version-history":[{"count":1,"href":"https:\/\/blogs.uni-bremen.de\/feedbackr\/wp-json\/wp\/v2\/pages\/2\/revisions"}],"predecessor-version":[{"id":4,"href":"https:\/\/blogs.uni-bremen.de\/feedbackr\/wp-json\/wp\/v2\/pages\/2\/revisions\/4"}],"wp:attachment":[{"href":"https:\/\/blogs.uni-bremen.de\/feedbackr\/wp-json\/wp\/v2\/media?parent=2"}],"curies":[{"name":"wp","href":"https:\/\/api.w.org\/{rel}","templated":true}]}}