{"id":34,"date":"2024-02-17T18:10:27","date_gmt":"2024-02-17T17:10:27","guid":{"rendered":"https:\/\/blogs.uni-bremen.de\/fashion\/?page_id=34"},"modified":"2024-03-15T02:14:39","modified_gmt":"2024-03-15T01:14:39","slug":"hallo-2","status":"publish","type":"page","link":"https:\/\/blogs.uni-bremen.de\/fashion\/hallo-2\/","title":{"rendered":"\u026a\u0274\u1d1b\u1d07\u0280\u1d20\u026a\u1d07\u1d21\ua731"},"content":{"rendered":"<p><span style=\"font-size: 14pt\"><strong>Interviewen als T\u00e4tigkeit\u00a0<\/strong><\/span><\/p>\n<p>F\u00fcr die Beantwortung meiner Fragestellung sind Interviews ein sehr wichtiger Bestandteil, da Kleidung etwas sehr individuelles und pers\u00f6nliches ist und Interviews genau diesen pers\u00f6nlichen Einblick in die Sichtweise verschiedener Menschen erlauben.<\/p>\n<p>Deshalb habe ich mir Interviewfragen \u00fcberlegt, die ich verschiedenen Menschen stellen werde, um die Antworten der Interviewfragen schlie\u00dflich miteinander vergleichen zu k\u00f6nnen.<\/p>\n<p><span style=\"text-decoration: underline\"><b>Interviewfragen:\u00a0<\/b><\/span><\/p>\n<ol>\n<li>Was bedeutet Mode f\u00fcr dich?<\/li>\n<li>Wie wichtig ist dir Kleidung bzw. wie viel Wert legst du darauf?<\/li>\n<li>Hast du einen bestimmten Style? (zB: casual, sportlich) Beschreibe ihn in 3 Worten.<\/li>\n<li>Nutzt du soziale Medien als Inspiration f\u00fcr Kleidung? Welche Apps zum Beispiel?<\/li>\n<li>Hast du das Gef\u00fchl, dass soziale Medien deinen Kleidungsstil beeinflussen? Wenn ja, inwiefern und wertest du diesen Einfluss eher positiv oder negativ?<\/li>\n<li>Hast du Fashion Vorbilder? Wenn ja, wen und warum diese Person? (zB Bella Hadid)<\/li>\n<li>Tr\u00e4gst du (gezielt) Marken? Was f\u00fcr eine Bedeutung haben Marken f\u00fcr dich?<\/li>\n<li>W\u00fcrdest du sagen, dass du dich durch deine Kleidung selbst ausdr\u00fcckst?<\/li>\n<li>Hast du das Gef\u00fchl, dass du durch Faktoren wie zB: Dresscodes, Meinungen anderer Menschen, \u2026 in deiner Selbstentfaltung eingeschr\u00e4nkt wirst?<\/li>\n<li>Beurteilst du in der \u00d6ffentlichkeit Menschen anhand ihrer Outfits?<\/li>\n<li>W\u00fcrdest du deinen Style gerne ver\u00e4ndern? Was h\u00e4lt dich davon ab?<\/li>\n<\/ol>\n<p>Bei der Durchf\u00fchrung der Interviews werde ich selbstverst\u00e4ndlich darauf achten, ein angenehmes Klima zu schaffen und meinen InterviewpartnerInnen vollkommen den Raum geben, ihre Meinung zu entfalten, ohne mich einzumischen. Wenn ein(e) InterviewpartnerIn eine Frage nicht beantworten m\u00f6chte, habe ich daf\u00fcr volles Verst\u00e4ndnis. Auch bei Verst\u00e4ndnisfragen, bleibe ich ruhig und erkl\u00e4re, was ich mit einer Frage meine. Um solche Verst\u00e4ndnisfragen jedoch bestm\u00f6glich vorab zu vermeiden, habe ich die Fragen ohne komplizierte Fachbegriffe formuliert.<\/p>\n<p>Ich bin gespannt auf die Interviewantworten.<\/p>\n","protected":false},"excerpt":{"rendered":"<p>Interviewen als T\u00e4tigkeit\u00a0 F\u00fcr die Beantwortung meiner Fragestellung sind Interviews ein sehr wichtiger Bestandteil, da Kleidung etwas sehr individuelles und pers\u00f6nliches ist und Interviews genau diesen pers\u00f6nlichen Einblick in die Sichtweise verschiedener Menschen erlauben. Deshalb habe ich mir Interviewfragen \u00fcberlegt, &hellip; <a href=\"https:\/\/blogs.uni-bremen.de\/fashion\/hallo-2\/\">Weiterlesen <span class=\"meta-nav\">&rarr;<\/span><\/a><\/p>\n","protected":false},"author":15276,"featured_media":0,"parent":0,"menu_order":0,"comment_status":"closed","ping_status":"closed","template":"","meta":{"_bbp_topic_count":0,"_bbp_reply_count":0,"_bbp_total_topic_count":0,"_bbp_total_reply_count":0,"_bbp_voice_count":0,"_bbp_anonymous_reply_count":0,"_bbp_topic_count_hidden":0,"_bbp_reply_count_hidden":0,"_bbp_forum_subforum_count":0,"footnotes":""},"class_list":["post-34","page","type-page","status-publish","hentry"],"_links":{"self":[{"href":"https:\/\/blogs.uni-bremen.de\/fashion\/wp-json\/wp\/v2\/pages\/34","targetHints":{"allow":["GET"]}}],"collection":[{"href":"https:\/\/blogs.uni-bremen.de\/fashion\/wp-json\/wp\/v2\/pages"}],"about":[{"href":"https:\/\/blogs.uni-bremen.de\/fashion\/wp-json\/wp\/v2\/types\/page"}],"author":[{"embeddable":true,"href":"https:\/\/blogs.uni-bremen.de\/fashion\/wp-json\/wp\/v2\/users\/15276"}],"replies":[{"embeddable":true,"href":"https:\/\/blogs.uni-bremen.de\/fashion\/wp-json\/wp\/v2\/comments?post=34"}],"version-history":[{"count":10,"href":"https:\/\/blogs.uni-bremen.de\/fashion\/wp-json\/wp\/v2\/pages\/34\/revisions"}],"predecessor-version":[{"id":299,"href":"https:\/\/blogs.uni-bremen.de\/fashion\/wp-json\/wp\/v2\/pages\/34\/revisions\/299"}],"wp:attachment":[{"href":"https:\/\/blogs.uni-bremen.de\/fashion\/wp-json\/wp\/v2\/media?parent=34"}],"curies":[{"name":"wp","href":"https:\/\/api.w.org\/{rel}","templated":true}]}}