{"id":3687,"date":"2024-06-12T14:50:42","date_gmt":"2024-06-12T12:50:42","guid":{"rendered":"https:\/\/blogs.uni-bremen.de\/europablog\/?page_id=3687"},"modified":"2024-06-14T12:25:59","modified_gmt":"2024-06-14T10:25:59","slug":"testseite-ella-ii","status":"publish","type":"page","link":"https:\/\/blogs.uni-bremen.de\/europablog\/","title":{"rendered":"Startseite aktuell"},"content":{"rendered":"<p><div class=\"et_d4_element et_pb_section et_pb_section_0  et_pb_css_mix_blend_mode et_pb_fullwidth_section et_section_regular et_block_section\" >\n\t\t\t\t\n\t\t\t\t\n\t\t\t\t\n\t\t\t\t\n\t\t\t\t\n\t\t\t\t\n\t\t\t\t<div class=\"et_pb_module et_d4_element et_pb_fullwidth_slider_0 et_pb_slider\">\n\t\t\t\t<div class=\"et_pb_slides\">\n\t\t\t\t\t<div class=\"et_d4_element et_pb_slide et_pb_slide_0  et_pb_css_mix_blend_mode et_pb_bg_layout_dark et_pb_media_alignment_center et-pb-active-slide\" data-slide-id=\"et_pb_slide_0\">\n\t\t\t\t\n\t\t\t\t\n\t\t\t\t<div class=\"et_pb_container clearfix\">\n\t\t\t\t\t<div class=\"et_pb_slider_container_inner\">\n\t\t\t\t\t\t\n\t\t\t\t\t\t<div class=\"et_pb_slide_description\">\n\t\t\t\t\t\t\t<h2 class=\"et_pb_slide_title\"><a href=\"https:\/\/blogs.uni-bremen.de\/europablog\/autorinnen-2\/\">Willkommen! Wir sind der EuropaBlog.<\/a><\/h2><div class=\"et_pb_slide_content\"><span style=\"color: #ffffff\">Wir als Redaktion machen uns w\u00f6chentlich gemeinsam Gedanken \u00fcber Themen, die wir f\u00fcr interessant und wichtig halten. Ob Politik, Reisen, Musik oder Literatur, jede:r von uns setzt eigene Schwerpunkte, mit denen wir uns <em>Europa<\/em> aus unterschiedlichen Perspektiven n\u00e4hern. Lesende sollen dazu angeregt werden, eigene Gedanken zu entwickeln, und diese gegebenenfalls mit uns zu teilen. Wir freuen uns \u00fcber R\u00fcckmeldung!<\/span><\/p>\n<p>Hinweis: Die Artikel geben grunds\u00e4tzlich die Meinungen der Autor*innen wieder und nicht die der Universit\u00e4t Bremen. <\/div>\n\t\t\t\t\t\t\t<div class=\"et_pb_button_wrapper\"><a class=\"et_pb_button et_pb_more_button\" href=\"https:\/\/blogs.uni-bremen.de\/europablog\/autorinnen-2\/\">Zu den Autor:innen<\/a><\/div>\n\t\t\t\t\t\t<\/div>\n\t\t\t\t\t<\/div>\n\t\t\t\t<\/div>\n\t\t\t\t\n\t\t\t\t\n\t\t\t\t\n\t\t\t<\/div>\n\t\t\t\n\t\t\t\t<\/div>\n\t\t\t\t\n\t\t\t<\/div>\n\t\t\t\n\t\t\t\t\n\t\t\t\t\n\t\t\t<\/div><div class=\"et_d4_element et_pb_section et_pb_section_1  et_pb_css_mix_blend_mode et_section_regular et_block_section\" >\n\t\t\t\t\n\t\t\t\t\n\t\t\t\t\n\t\t\t\t\n\t\t\t\t\n\t\t\t\t\n\t\t\t\t<div class=\"et_d4_element et_pb_row et_pb_row_0  et_pb_css_mix_blend_mode et_block_row\">\n\t\t\t\t<div class=\"et_d4_element et_pb_column_3_4 et_pb_column et_pb_column_0  et_pb_css_mix_blend_mode et_block_column\">\n\t\t\t\t\n\t\t\t\t\n\t\t\t\t\n\t\t\t\t\n\t\t\t\t<div class=\"et_pb_module et_d4_element et_pb_text et_pb_text_0  et_pb_text_align_left et_pb_bg_layout_light\">\n\t\t\t\t\n\t\t\t\t\n\t\t\t\t\n\t\t\t\t\n\t\t\t\t<div class=\"et_pb_text_inner\"><strong><span style=\"font-size: 18pt\">Neue Beitr\u00e4ge:<\/span><\/strong> <\/div>\n\t\t\t<\/div><div class=\"et_pb_module et_d4_element et_pb_blog_0  et_pb_css_mix_blend_mode et_pb_blog_grid_wrapper et_pb_bg_layout_light\">\n\t\t\t\t\t<div class=\"et_pb_blog_grid clearfix \">\n\t\t\t\t\t\n\t\t\t\t\t\n\t\t\t\t\t\n\t\t\t\t\t\n\t\t\t\t\t<div class=\"et_pb_ajax_pagination_container\">\n\t\t\t\t\t\t<div class=\"et_pb_salvattore_content\" data-columns>\n\t\t\t<article id=\"post-14462\" class=\"et_pb_post clearfix et_pb_no_thumb et_pb_blog_item_0_0 post-14462 post type-post status-publish format-standard hentry category-allgemein\">\n\n\t\t\t\t\n\t\t\t\t\t\t\t\t\t\t\t\t\t\t<h2 class=\"entry-title\">\n\t\t\t\t\t\t\t\t\t\t\t\t\t<a href=\"https:\/\/blogs.uni-bremen.de\/europablog\/2026\/04\/01\/teil-3-gegenwart-diplomatische-boykotte-und-neue-formen-politischer-einflussnahme\/\">Teil 3 &#8211; Gegenwart: Diplomatische Boykotte und neue Formen politischer Einflussnahme<\/a>\n\t\t\t\t\t\t\t\t\t\t\t<\/h2>\n\t\t\t\t\n\t\t\t\t\t<p class=\"post-meta\">von <span class=\"author vcard\"><a href=\"https:\/\/blogs.uni-bremen.de\/europablog\/author\/kuentzer\/\" title=\"Beitr\u00e4ge von Elisabeth\" rel=\"author\">Elisabeth<\/a><\/span> | <span class=\"published\">Apr. 1, 2026<\/span><\/p><div class=\"post-content\"><div class=\"post-content-inner\"><\/div><\/div>\t\t\t\n\t\t\t<\/article>\n\t\t\t\t\n\t\t\t<article id=\"post-13300\" class=\"et_pb_post clearfix et_pb_blog_item_0_1 post-13300 post type-post status-publish format-standard has-post-thumbnail hentry category-allgemein category-maxim-von-luecken\">\n\n\t\t\t\t<div class=\"et_pb_image_container\"><a href=\"https:\/\/blogs.uni-bremen.de\/europablog\/2026\/03\/31\/tsqaltubo-calling-a-journey-through-georgias-soviet-spa-town-and-its-multiple-realities-part-1\/\" class=\"entry-featured-image-url\"><img loading=\"lazy\" decoding=\"async\" src=\"https:\/\/blogs.uni-bremen.de\/europablog\/files\/20250111_132206-400x250.jpg\" alt=\"Tsqaltubo Calling \u2013 A journey through Georgia\u2019s Soviet Spa Town and its multiple realities (Part 1)\" class=\"\" srcset=\"https:\/\/blogs.uni-bremen.de\/europablog\/files\/20250111_132206-scaled.jpg 479w, https:\/\/blogs.uni-bremen.de\/europablog\/files\/20250111_132206-400x250.jpg 480w \" sizes=\"(max-width:479px) 479px, 100vw \"  width=\"400\" height=\"250\" \/><\/a><\/div>\n\t\t\t\t\t\t\t\t\t\t\t\t\t\t<h2 class=\"entry-title\">\n\t\t\t\t\t\t\t\t\t\t\t\t\t<a href=\"https:\/\/blogs.uni-bremen.de\/europablog\/2026\/03\/31\/tsqaltubo-calling-a-journey-through-georgias-soviet-spa-town-and-its-multiple-realities-part-1\/\">Tsqaltubo Calling \u2013 A journey through Georgia\u2019s Soviet Spa Town and its multiple realities (Part 1)<\/a>\n\t\t\t\t\t\t\t\t\t\t\t<\/h2>\n\t\t\t\t\n\t\t\t\t\t<p class=\"post-meta\">von <span class=\"author vcard\"><a href=\"https:\/\/blogs.uni-bremen.de\/europablog\/author\/vonlueck\/\" title=\"Beitr\u00e4ge von Maxim\" rel=\"author\">Maxim<\/a><\/span> | <span class=\"published\">M\u00e4rz 31, 2026<\/span><\/p><div class=\"post-content\"><div class=\"post-content-inner\"><\/div><\/div>\t\t\t\n\t\t\t<\/article>\n\t\t\t\t\n\t\t\t<article id=\"post-13229\" class=\"et_pb_post clearfix et_pb_no_thumb et_pb_blog_item_0_2 post-13229 post type-post status-publish format-standard hentry category-allgemein\">\n\n\t\t\t\t\n\t\t\t\t\t\t\t\t\t\t\t\t\t\t<h2 class=\"entry-title\">\n\t\t\t\t\t\t\t\t\t\t\t\t\t<a href=\"https:\/\/blogs.uni-bremen.de\/europablog\/2026\/03\/30\/olympiaboykott-die-politische-instrumentalisierung-von-sport-teil-2\/\">Olympiaboykott? Die politische Instrumentalisierung von Sport \u00a0&#8211; Teil 2<\/a>\n\t\t\t\t\t\t\t\t\t\t\t<\/h2>\n\t\t\t\t\n\t\t\t\t\t<p class=\"post-meta\">von <span class=\"author vcard\"><a href=\"https:\/\/blogs.uni-bremen.de\/europablog\/author\/kuentzer\/\" title=\"Beitr\u00e4ge von Elisabeth\" rel=\"author\">Elisabeth<\/a><\/span> | <span class=\"published\">M\u00e4rz 30, 2026<\/span><\/p><div class=\"post-content\"><div class=\"post-content-inner\"><\/div><\/div>\t\t\t\n\t\t\t<\/article>\n\t\t\t\t\n\t\t\t<article id=\"post-11870\" class=\"et_pb_post clearfix et_pb_no_thumb et_pb_blog_item_0_3 post-11870 post type-post status-publish format-standard hentry category-allgemein\">\n\n\t\t\t\t\n\t\t\t\t\t\t\t\t\t\t\t\t\t\t<h2 class=\"entry-title\">\n\t\t\t\t\t\t\t\t\t\t\t\t\t<a href=\"https:\/\/blogs.uni-bremen.de\/europablog\/2026\/03\/30\/olympiaboykott-die-politische-instrumentalisierung-von-sport-teil1\/\">Olympiaboykott? Die politische Instrumentalisierung von Sport \u00a0&#8211; Teil1<\/a>\n\t\t\t\t\t\t\t\t\t\t\t<\/h2>\n\t\t\t\t\n\t\t\t\t\t<p class=\"post-meta\">von <span class=\"author vcard\"><a href=\"https:\/\/blogs.uni-bremen.de\/europablog\/author\/kuentzer\/\" title=\"Beitr\u00e4ge von Elisabeth\" rel=\"author\">Elisabeth<\/a><\/span> | <span class=\"published\">M\u00e4rz 30, 2026<\/span><\/p><div class=\"post-content\"><div class=\"post-content-inner\"><\/div><\/div>\t\t\t\n\t\t\t<\/article>\n\t\t\t\t\n\t\t\t<article id=\"post-14451\" class=\"et_pb_post clearfix et_pb_blog_item_0_4 post-14451 post type-post status-publish format-standard has-post-thumbnail hentry category-allgemein\">\n\n\t\t\t\t<div class=\"et_pb_image_container\"><a href=\"https:\/\/blogs.uni-bremen.de\/europablog\/2026\/03\/30\/die-drei-schmetterlinge-ursprung-des-internationalen-tages-gegen-gewalt-an-frauen\/\" class=\"entry-featured-image-url\"><img loading=\"lazy\" decoding=\"async\" src=\"https:\/\/blogs.uni-bremen.de\/europablog\/files\/Mural_en_homenaje_a_las_Hermanas_Mirabal_-_Bloque_7_Universidad_de_Antioquia_Medellin_Colombia_02-400x250.jpeg\" alt=\"Die drei Schmetterlinge \u2014 Ursprung des Internationalen Tages gegen Gewalt an Frauen\" class=\"\" srcset=\"https:\/\/blogs.uni-bremen.de\/europablog\/files\/Mural_en_homenaje_a_las_Hermanas_Mirabal_-_Bloque_7_Universidad_de_Antioquia_Medellin_Colombia_02.jpeg 479w, https:\/\/blogs.uni-bremen.de\/europablog\/files\/Mural_en_homenaje_a_las_Hermanas_Mirabal_-_Bloque_7_Universidad_de_Antioquia_Medellin_Colombia_02-400x250.jpeg 480w \" sizes=\"(max-width:479px) 479px, 100vw \"  width=\"400\" height=\"250\" \/><\/a><\/div>\n\t\t\t\t\t\t\t\t\t\t\t\t\t\t<h2 class=\"entry-title\">\n\t\t\t\t\t\t\t\t\t\t\t\t\t<a href=\"https:\/\/blogs.uni-bremen.de\/europablog\/2026\/03\/30\/die-drei-schmetterlinge-ursprung-des-internationalen-tages-gegen-gewalt-an-frauen\/\">Die drei Schmetterlinge \u2014 Ursprung des Internationalen Tages gegen Gewalt an Frauen<\/a>\n\t\t\t\t\t\t\t\t\t\t\t<\/h2>\n\t\t\t\t\n\t\t\t\t\t<p class=\"post-meta\">von <span class=\"author vcard\"><a href=\"https:\/\/blogs.uni-bremen.de\/europablog\/author\/maria15\/\" title=\"Beitr\u00e4ge von Maria\" rel=\"author\">Maria<\/a><\/span> | <span class=\"published\">M\u00e4rz 30, 2026<\/span><\/p><div class=\"post-content\"><div class=\"post-content-inner\"><\/div><\/div>\t\t\t\n\t\t\t<\/article>\n\t\t\t\t\n\t\t\t<article id=\"post-14399\" class=\"et_pb_post clearfix et_pb_blog_item_0_5 post-14399 post type-post status-publish format-standard has-post-thumbnail hentry category-allgemein\">\n\n\t\t\t\t<div class=\"et_pb_image_container\"><a href=\"https:\/\/blogs.uni-bremen.de\/europablog\/2026\/03\/28\/besetzung-von-prosfygika-die-groesste-hausbesetzung-griechenlands\/\" class=\"entry-featured-image-url\"><img loading=\"lazy\" decoding=\"async\" src=\"https:\/\/blogs.uni-bremen.de\/europablog\/files\/IMG_3820-400x250.jpeg\" alt=\"Besetzung von Prosfygika \u2014 Die gr\u00f6\u00dfte Hausbesetzung Griechenlands\" class=\"\" srcset=\"https:\/\/blogs.uni-bremen.de\/europablog\/files\/IMG_3820.jpeg 479w, https:\/\/blogs.uni-bremen.de\/europablog\/files\/IMG_3820-400x250.jpeg 480w \" sizes=\"(max-width:479px) 479px, 100vw \"  width=\"400\" height=\"250\" \/><\/a><\/div>\n\t\t\t\t\t\t\t\t\t\t\t\t\t\t<h2 class=\"entry-title\">\n\t\t\t\t\t\t\t\t\t\t\t\t\t<a href=\"https:\/\/blogs.uni-bremen.de\/europablog\/2026\/03\/28\/besetzung-von-prosfygika-die-groesste-hausbesetzung-griechenlands\/\">Besetzung von Prosfygika \u2014 Die gr\u00f6\u00dfte Hausbesetzung Griechenlands<\/a>\n\t\t\t\t\t\t\t\t\t\t\t<\/h2>\n\t\t\t\t\n\t\t\t\t\t<p class=\"post-meta\">von <span class=\"author vcard\"><a href=\"https:\/\/blogs.uni-bremen.de\/europablog\/author\/maria15\/\" title=\"Beitr\u00e4ge von Maria\" rel=\"author\">Maria<\/a><\/span> | <span class=\"published\">M\u00e4rz 28, 2026<\/span><\/p><div class=\"post-content\"><div class=\"post-content-inner\"><\/div><\/div>\t\t\t\n\t\t\t<\/article>\n\t\t\t\t<\/div><div><div class=\"pagination clearfix\">\n\t<div class=\"alignleft\"><a href=\"https:\/\/blogs.uni-bremen.de\/europablog\/wp-json\/wp\/v2\/pages\/3687\/page\/2\/?et_blog\" >&laquo; \u00c4ltere Eintr\u00e4ge<\/a><\/div>\n\t<div class=\"alignright\"><\/div>\n<\/div><\/div><\/div>\n\t\t\t\t\t<\/div>\n\t\t\t\t\t \n\t\t\t\t<\/div>\n\t\t\t<\/div><div class=\"et_d4_element et_pb_column_1_4 et_pb_column et_pb_column_1  et_pb_css_mix_blend_mode et-last-child et_block_column\">\n\t\t\t\t\n\t\t\t\t\n\t\t\t\t\n\t\t\t\t\n\t\t\t\t<div class=\"et_pb_module et_d4_element et_pb_search et_pb_search_0  et_pb_text_align_left et_pb_bg_layout_light\">\n\t\t\t\t\n\t\t\t\t\n\t\t\t\t\n\t\t\t\t\n\t\t\t\t<form role=\"search\" method=\"get\" class=\"et_pb_searchform\" action=\"https:\/\/blogs.uni-bremen.de\/europablog\/\">\n\t\t\t\t\t<div>\n\t\t\t\t\t\t<label class=\"screen-reader-text\" for=\"s\">Suchen nach:<\/label>\n\t\t\t\t\t\t<input type=\"text\" name=\"s\" placeholder=\"\" class=\"et_pb_s\" \/>\n\t\t\t\t\t\t<input type=\"hidden\" name=\"et_pb_searchform_submit\" value=\"et_search_proccess\" \/>\n\t\t\t\t\t\t\n\t\t\t\t\t\t<input type=\"hidden\" name=\"et_pb_include_posts\" value=\"yes\" \/>\n\t\t\t\t\t\t<input type=\"hidden\" name=\"et_pb_include_pages\" value=\"yes\" \/>\n\t\t\t\t\t\t<input type=\"submit\" value=\"Suche\" class=\"et_pb_searchsubmit\">\n\t\t\t\t\t<\/div>\n\t\t\t\t<\/form>\n\t\t\t<\/div><div class=\"et_pb_module et_d4_element et_pb_icon et_pb_icon_0\">\n\t\t\t\t<span class=\"et_pb_icon_wrap \"><span class=\"et-pb-icon\">\ue010<\/span><\/span>\n\t\t\t<\/div><div class=\"et_pb_module et_d4_element et_pb_text et_pb_text_1  et_pb_text_align_left et_pb_bg_layout_light\">\n\t\t\t\t\n\t\t\t\t\n\t\t\t\t\n\t\t\t\t\n\t\t\t\t<div class=\"et_pb_text_inner\"><p style=\"text-align: center\"><strong><span style=\"font-size: 14pt\">Unser Newsletter!<\/span><\/strong><\/p>\n<p style=\"text-align: center\">Erhalte einmal monatlich unsere neuesten Artikel direkt in Dein E-Mail-Postfach.<\/p><\/div>\n\t\t\t<\/div><div class=\"et_pb_button_module_wrapper et_pb_button_0_wrapper et_pb_button_alignment_center et_pb_module \">\n\t\t\t\t<a class=\"et_pb_button et_d4_element et_pb_button_0 et_pb_bg_layout_light et_block_module\" href=\"https:\/\/blogs.uni-bremen.de\/europablog\/newsletter\/\" target=\"_blank\">Zur Anmeldung<\/a>\n\t\t\t<\/div><div class=\"et_pb_module et_d4_element et_pb_image et_pb_image_0\">\n\t\t\t\t\n\t\t\t\t\n\t\t\t\t\n\t\t\t\t\n\t\t\t\t<span class=\"et_pb_image_wrap \"><img loading=\"lazy\" decoding=\"async\" width=\"2560\" height=\"1920\" src=\"https:\/\/blogs.uni-bremen.de\/europablog\/files\/IMG_0009-scaled.jpg\" alt=\"\" title=\"IMG_0009\" srcset=\"https:\/\/blogs.uni-bremen.de\/europablog\/files\/IMG_0009-scaled.jpg 2560w, https:\/\/blogs.uni-bremen.de\/europablog\/files\/IMG_0009-1280x960.jpg 1280w, https:\/\/blogs.uni-bremen.de\/europablog\/files\/IMG_0009-980x735.jpg 980w, https:\/\/blogs.uni-bremen.de\/europablog\/files\/IMG_0009-480x360.jpg 480w\" sizes=\"(min-width: 0px) and (max-width: 480px) 480px, (min-width: 481px) and (max-width: 980px) 980px, (min-width: 981px) and (max-width: 1280px) 1280px, (min-width: 1281px) 2560px, 100vw\" class=\"wp-image-4654\" \/><\/span>\n\t\t\t<\/div>\n\t\t\t<div id=\"et_pb_contact_form_0\" class=\"et_pb_module et_d4_element et_pb_contact_form_0 et_pb_contact_form_container clearfix et_block_module\" data-form_unique_num=\"0\" data-form_unique_id=\"c58b3cdc-8727-4378-90f2-e6fb87a493a4\">\n\t\t\t\t\n\t\t\t\t\n\t\t\t\t\n\t\t\t\t\n\t\t\t\t<h1 class=\"et_pb_contact_main_title\">Platz f\u00fcr Fragen, R\u00fcckmeldungen &amp; Co.<\/h1>\n\t\t\t\t<div class=\"et-pb-contact-message\"><\/div>\n\t\t\t\t\n\t\t\t\t<div class=\"et_pb_contact\">\n\t\t\t\t\t<form class=\"et_pb_contact_form clearfix\" method=\"post\" action=\"https:\/\/blogs.uni-bremen.de\/europablog\/wp-json\/wp\/v2\/pages\/3687\">\n\t\t\t\t\t\t<p class=\"et_d4_element et_pb_contact_field et_pb_contact_field_0 et_pb_contact_field_half\" data-id=\"name\" data-type=\"input\">\n\t\t\t\t\n\t\t\t\t\n\t\t\t\t\n\t\t\t\t\n\t\t\t\t<label for=\"et_pb_contact_name_0\" class=\"et_pb_contact_form_label\">Name<\/label>\n\t\t\t\t<input type=\"text\" id=\"et_pb_contact_name_0\" class=\"input\" value=\"\" name=\"et_pb_contact_name_0\" data-required_mark=\"required\" data-field_type=\"input\" data-original_id=\"name\" placeholder=\"Name\">\n\t\t\t<\/p><p class=\"et_d4_element et_pb_contact_field et_pb_contact_field_1 et_pb_contact_field_half et_pb_contact_field_last\" data-id=\"email\" data-type=\"email\">\n\t\t\t\t\n\t\t\t\t\n\t\t\t\t\n\t\t\t\t\n\t\t\t\t<label for=\"et_pb_contact_email_0\" class=\"et_pb_contact_form_label\">E-Mail-Adresse<\/label>\n\t\t\t\t<input type=\"text\" id=\"et_pb_contact_email_0\" class=\"input\" value=\"\" name=\"et_pb_contact_email_0\" data-required_mark=\"required\" data-field_type=\"email\" data-original_id=\"email\" placeholder=\"E-Mail-Adresse\">\n\t\t\t<\/p><p class=\"et_d4_element et_pb_contact_field et_pb_contact_field_2 et_pb_contact_field_last\" data-id=\"message\" data-type=\"text\">\n\t\t\t\t\n\t\t\t\t\n\t\t\t\t\n\t\t\t\t\n\t\t\t\t<label for=\"et_pb_contact_message_0\" class=\"et_pb_contact_form_label\">Nachricht<\/label>\n\t\t\t\t<textarea name=\"et_pb_contact_message_0\" id=\"et_pb_contact_message_0\" class=\"et_pb_contact_message input\" data-required_mark=\"required\" data-field_type=\"text\" data-original_id=\"message\" placeholder=\"Nachricht\"><\/textarea>\n\t\t\t<\/p>\n\t\t\t\t\t\t<input type=\"hidden\" value=\"et_contact_proccess\" name=\"et_pb_contactform_submit_0\"\/>\n\t\t\t\t\t\t<div class=\"et_contact_bottom_container\">\n\t\t\t\t\t\t\t\n\t\t\t<div class=\"et_pb_contact_right et_pb_contact_field\">\n\t\t\t\t<p class=\"clearfix\">\n\t\t\t\t\t<span class=\"et_pb_contact_captcha_question\">4 + 6<\/span> = <input type=\"text\" size=\"2\" class=\"input et_pb_contact_captcha\" data-first_digit=\"4\" data-second_digit=\"6\" value=\"\" name=\"et_pb_contact_captcha_0\" data-required_mark=\"required\" autocomplete=\"off\">\n\t\t\t\t<\/p>\n\t\t\t<\/div>\n\t\t\t\t\t\t\t<button type=\"submit\" name=\"et_builder_submit_button\" class=\"et_pb_contact_submit et_pb_button\">Senden<\/button>\n\t\t\t\t\t\t<\/div>\n\t\t\t\t\t\t<input type=\"hidden\" id=\"_wpnonce-et-pb-contact-form-submitted-0\" name=\"_wpnonce-et-pb-contact-form-submitted-0\" value=\"a36732f7da\" \/><input type=\"hidden\" name=\"_wp_http_referer\" value=\"\/europablog\/wp-json\/wp\/v2\/pages\/3687\" \/>\n\t\t\t\t\t<\/form>\n\t\t\t\t<\/div>\n\t\t\t<\/div>\n\t\t\t\n\t\t\t<\/div>\n\t\t\t\t\n\t\t\t\t\n\t\t\t\t\n\t\t\t\t\n\t\t\t<\/div>\n\t\t\t\t\n\t\t\t\t\n\t\t\t<\/div><div class=\"et_d4_element et_pb_section et_pb_section_2  et_pb_css_mix_blend_mode et_pb_fullwidth_section et_section_regular et_block_section\" >\n\t\t\t\t\n\t\t\t\t\n\t\t\t\t\n\t\t\t\t\n\t\t\t\t\n\t\t\t\t\n\t\t\t\t<div class=\"et_pb_module et_d4_element et_pb_fullwidth_slider_1 et_pb_slider\">\n\t\t\t\t<div class=\"et_pb_slides\">\n\t\t\t\t\t<div class=\"et_d4_element et_pb_slide et_pb_slide_1  et_pb_css_mix_blend_mode et_pb_bg_layout_dark et_pb_media_alignment_center et-pb-active-slide\" data-slide-id=\"et_pb_slide_1\">\n\t\t\t\t\n\t\t\t\t\n\t\t\t\t<div class=\"et_pb_container clearfix\">\n\t\t\t\t\t<div class=\"et_pb_slider_container_inner\">\n\t\t\t\t\t\t\n\t\t\t\t\t\t<div class=\"et_pb_slide_description\">\n\t\t\t\t\t\t\t<h2 class=\"et_pb_slide_title\"><a href=\"https:\/\/blogs.uni-bremen.de\/europablog\/category\/unterwegs\/\">Unterwegs<\/a><\/h2><div class=\"et_pb_slide_content\"><p>Auf Europareise! Hier berichten Autor:innen \u00fcber ihre Erfahrungen im Ausland, sowohl aus touristischer als auch studentischer Perspektive.<\/p><\/div>\n\t\t\t\t\t\t\t<div class=\"et_pb_button_wrapper\"><a class=\"et_pb_button et_pb_more_button\" href=\"https:\/\/blogs.uni-bremen.de\/europablog\/category\/unterwegs\/\">Zu den Texten<\/a><\/div>\n\t\t\t\t\t\t<\/div>\n\t\t\t\t\t<\/div>\n\t\t\t\t<\/div>\n\t\t\t\t\n\t\t\t\t\n\t\t\t\t\n\t\t\t<\/div>\n\t\t\t<div class=\"et_d4_element et_pb_slide et_pb_slide_2  et_pb_css_mix_blend_mode et_pb_bg_layout_dark et_pb_media_alignment_center\" data-slide-id=\"et_pb_slide_2\">\n\t\t\t\t\n\t\t\t\t\n\t\t\t\t<div class=\"et_pb_container clearfix\">\n\t\t\t\t\t<div class=\"et_pb_slider_container_inner\">\n\t\t\t\t\t\t\n\t\t\t\t\t\t<div class=\"et_pb_slide_description\">\n\t\t\t\t\t\t\t<h2 class=\"et_pb_slide_title\"><a href=\"https:\/\/blogs.uni-bremen.de\/europablog\/category\/debatte-europa\/\">Debatte Europa<\/a><\/h2><div class=\"et_pb_slide_content\"><p>Hier werden Autor:innen zu Kommentierenden politischer und kultureller Geschehnisse in Europa. Ein offener Diskurs steht dabei an erster Stelle!<\/p><\/div>\n\t\t\t\t\t\t\t<div class=\"et_pb_button_wrapper\"><a class=\"et_pb_button et_pb_more_button\" href=\"https:\/\/blogs.uni-bremen.de\/europablog\/category\/debatte-europa\/\">Zu den Texten<\/a><\/div>\n\t\t\t\t\t\t<\/div>\n\t\t\t\t\t<\/div>\n\t\t\t\t<\/div>\n\t\t\t\t\n\t\t\t\t\n\t\t\t\t\n\t\t\t<\/div>\n\t\t\t<div class=\"et_d4_element et_pb_slide et_pb_slide_3  et_pb_css_mix_blend_mode et_pb_bg_layout_dark et_pb_media_alignment_center\" data-slide-id=\"et_pb_slide_3\">\n\t\t\t\t\n\t\t\t\t\n\t\t\t\t<div class=\"et_pb_container clearfix\">\n\t\t\t\t\t<div class=\"et_pb_slider_container_inner\">\n\t\t\t\t\t\t\n\t\t\t\t\t\t<div class=\"et_pb_slide_description\">\n\t\t\t\t\t\t\t<h2 class=\"et_pb_slide_title\"><a href=\"https:\/\/blogs.uni-bremen.de\/europablog\/category\/allgemein\/studium\/\">Studium<\/a><\/h2><div class=\"et_pb_slide_content\"><p>Hier werden Erfahrungen aus dem Studium geteilt. Autor:innen bieten Orientierung rund um Studienaufbau und -inhalt, Praktika sowie Auslandsaufenthalte.<\/p><\/div>\n\t\t\t\t\t\t\t<div class=\"et_pb_button_wrapper\"><a class=\"et_pb_button et_pb_more_button\" href=\"https:\/\/blogs.uni-bremen.de\/europablog\/category\/allgemein\/studium\/\">Zu den Texten<\/a><\/div>\n\t\t\t\t\t\t<\/div>\n\t\t\t\t\t<\/div>\n\t\t\t\t<\/div>\n\t\t\t\t\n\t\t\t\t\n\t\t\t\t\n\t\t\t<\/div>\n\t\t\t<div class=\"et_d4_element et_pb_slide et_pb_slide_4  et_pb_css_mix_blend_mode et_pb_bg_layout_dark et_pb_media_alignment_center\" data-slide-id=\"et_pb_slide_4\">\n\t\t\t\t\n\t\t\t\t\n\t\t\t\t<div class=\"et_pb_container clearfix\">\n\t\t\t\t\t<div class=\"et_pb_slider_container_inner\">\n\t\t\t\t\t\t\n\t\t\t\t\t\t<div class=\"et_pb_slide_description\">\n\t\t\t\t\t\t\t<h2 class=\"et_pb_slide_title\"><a href=\"https:\/\/blogs.uni-bremen.de\/europablog\/category\/interviews\/\">Interviews<\/a><\/h2><div class=\"et_pb_slide_content\"><p>Im Dialog: Die Redaktion von EuropaBlog sucht das Gespr\u00e4ch mit Zeitzeug:innen und Expert:innen aus dem In- und Ausland.<\/p><\/div>\n\t\t\t\t\t\t\t<div class=\"et_pb_button_wrapper\"><a class=\"et_pb_button et_pb_more_button\" href=\"https:\/\/blogs.uni-bremen.de\/europablog\/category\/interviews\/\">Zu den Texten<\/a><\/div>\n\t\t\t\t\t\t<\/div>\n\t\t\t\t\t<\/div>\n\t\t\t\t<\/div>\n\t\t\t\t\n\t\t\t\t\n\t\t\t\t\n\t\t\t<\/div>\n\t\t\t<div class=\"et_d4_element et_pb_slide et_pb_slide_5  et_pb_css_mix_blend_mode et_pb_bg_layout_dark et_pb_media_alignment_center\" data-slide-id=\"et_pb_slide_5\">\n\t\t\t\t\n\t\t\t\t\n\t\t\t\t<div class=\"et_pb_container clearfix\">\n\t\t\t\t\t<div class=\"et_pb_slider_container_inner\">\n\t\t\t\t\t\t\n\t\t\t\t\t\t<div class=\"et_pb_slide_description\">\n\t\t\t\t\t\t\t<h2 class=\"et_pb_slide_title\"><a href=\"https:\/\/blogs.uni-bremen.de\/europablog\/category\/brainwriting\/\">Brainwriting<\/a><\/h2><div class=\"et_pb_slide_content\"><p>Die Redaktion hat es sich zur Tradition gemacht, jeden Freitag zu zwei verschiedenen Begriffen ein Brainstorming durchzuf\u00fchren.<\/p><\/div>\n\t\t\t\t\t\t\t<div class=\"et_pb_button_wrapper\"><a class=\"et_pb_button et_pb_more_button\" href=\"https:\/\/blogs.uni-bremen.de\/europablog\/category\/brainwriting\/\">Zu den Beitr\u00e4gen<\/a><\/div>\n\t\t\t\t\t\t<\/div>\n\t\t\t\t\t<\/div>\n\t\t\t\t<\/div>\n\t\t\t\t\n\t\t\t\t\n\t\t\t\t\n\t\t\t<\/div>\n\t\t\t\n\t\t\t\t<\/div>\n\t\t\t\t\n\t\t\t<\/div>\n\t\t\t\n\t\t\t\t\n\t\t\t\t\n\t\t\t<\/div><\/p>\n","protected":false},"excerpt":{"rendered":"","protected":false},"author":12782,"featured_media":0,"parent":0,"menu_order":0,"comment_status":"closed","ping_status":"closed","template":"","meta":{"_bbp_topic_count":0,"_bbp_reply_count":0,"_bbp_total_topic_count":0,"_bbp_total_reply_count":0,"_bbp_voice_count":0,"_bbp_anonymous_reply_count":0,"_bbp_topic_count_hidden":0,"_bbp_reply_count_hidden":0,"_bbp_forum_subforum_count":0,"_et_pb_use_builder":"on","_et_pb_old_content":"","_et_gb_content_width":"","footnotes":""},"class_list":["post-3687","page","type-page","status-publish","hentry"],"_links":{"self":[{"href":"https:\/\/blogs.uni-bremen.de\/europablog\/wp-json\/wp\/v2\/pages\/3687","targetHints":{"allow":["GET"]}}],"collection":[{"href":"https:\/\/blogs.uni-bremen.de\/europablog\/wp-json\/wp\/v2\/pages"}],"about":[{"href":"https:\/\/blogs.uni-bremen.de\/europablog\/wp-json\/wp\/v2\/types\/page"}],"author":[{"embeddable":true,"href":"https:\/\/blogs.uni-bremen.de\/europablog\/wp-json\/wp\/v2\/users\/12782"}],"replies":[{"embeddable":true,"href":"https:\/\/blogs.uni-bremen.de\/europablog\/wp-json\/wp\/v2\/comments?post=3687"}],"version-history":[{"count":8,"href":"https:\/\/blogs.uni-bremen.de\/europablog\/wp-json\/wp\/v2\/pages\/3687\/revisions"}],"predecessor-version":[{"id":8858,"href":"https:\/\/blogs.uni-bremen.de\/europablog\/wp-json\/wp\/v2\/pages\/3687\/revisions\/8858"}],"wp:attachment":[{"href":"https:\/\/blogs.uni-bremen.de\/europablog\/wp-json\/wp\/v2\/media?parent=3687"}],"curies":[{"name":"wp","href":"https:\/\/api.w.org\/{rel}","templated":true}]}}