{"id":3509,"date":"2016-04-25T16:03:47","date_gmt":"2016-04-25T14:03:47","guid":{"rendered":"https:\/\/blogs.uni-bremen.de\/eule\/?page_id=3509"},"modified":"2023-08-07T21:00:05","modified_gmt":"2023-08-07T19:00:05","slug":"datenschutz","status":"publish","type":"page","link":"https:\/\/blogs.uni-bremen.de\/eule\/datenschutz\/","title":{"rendered":"Datenschutz"},"content":{"rendered":"<p><strong>Datenschutzerkl\u00e4rung:<\/strong><\/p>\n<p>Die Nutzung unserer Seite ist ohne eine Angabe von personenbezogenen Daten m\u00f6glich. F\u00fcr die Nutzung einzelner Services unserer Seite k\u00f6nnen sich hierf\u00fcr abweichende Regelungen ergeben, die in diesem Falle nachstehend gesondert erl\u00e4utert werden. Ihre personenbezogenen Daten (z.B. Name, Anschrift, E-Mail, Telefonnummer, u.\u00e4.) werden von uns nur gem\u00e4\u00df den Bestimmungen des deutschen Datenschutzrechts verarbeitet. Daten sind dann personenbezogen, wenn sie eindeutig einer bestimmten nat\u00fcrlichen Person zugeordnet werden k\u00f6nnen. Die rechtlichen Grundlagen des Datenschutzes finden Sie im Bundesdatenschutzgesetz (BDSG) und dem Telemediengesetz (TMG). Nachstehende Regelungen informieren Sie insoweit \u00fcber die Art, den Umfang und Zweck der Erhebung, die Nutzung und die Verarbeitung von personenbezogenen Daten durch den Anbieter<\/p>\n<p><strong>Universit\u00e4t Bremen<br \/>\nDezernat 6 Studentische Angelegenheiten<br \/>\nChristina Vocke (Dezernatsleitung)<br \/>\nVerwaltungsgeb\u00e4ude\/Erdgeschoss<br \/>\nBibliothekstr. 1<br \/>\n28359 Bremen<\/strong><\/p>\n<p>Wir weisen darauf hin, dass die internetbasierte Daten\u00fcbertragung Sicherheitsl\u00fccken aufweist, ein l\u00fcckenloser Schutz vor Zugriffen durch Dritte somit unm\u00f6glich ist.<\/p>\n<p><strong>Cookies<\/strong><\/p>\n<p>Wir verwenden auf unserer Seite sog. Cookies zum Wiedererkennen mehrfacher Nutzung unseres Angebots, durch denselben Nutzer\/Internetanschlussinhaber. Cookies sind kleine Textdateien, die Ihr Internet-Browser auf Ihrem Rechner ablegt und speichert. Sie dienen dazu, unseren Internetauftritt und unsere Angebote zu optimieren. Es handelt sich dabei zumeist um sog. &#8222;Session-Cookies&#8220;, die nach dem Ende Ihres Besuches wieder gel\u00f6scht werden.<br \/>\nTeilweise geben diese Cookies jedoch Informationen ab, um Sie automatisch wieder zu erkennen. Diese Wiedererkennung erfolgt aufgrund der in den Cookies gespeicherten IP-Adresse. Die so erlangten Informationen dienen dazu, unsere Angebote zu optimieren und Ihnen einen leichteren Zugang auf unsere Seite zu erm\u00f6glichen.<br \/>\nSie k\u00f6nnen die Installation der Cookies durch eine entsprechende Einstellung Ihres Browsers verhindern; wir weisen Sie jedoch darauf hin, dass Sie in diesem Fall gegebenenfalls nicht s\u00e4mtliche Funktionen unserer Website vollumf\u00e4nglich nutzen k\u00f6nnen.<\/p>\n<p><strong>Serverdaten<\/strong><\/p>\n<p>Aus technischen Gr\u00fcnden werden u.a. folgende Daten, die Ihr Internet-Browser an uns bzw. an unseren Webspace-Provider \u00fcbermittelt, erfasst (sogenannte Serverlogfiles):<\/p>\n<p>&#8211; Browsertyp und -version<br \/>\n&#8211; verwendetes Betriebssystem<br \/>\n&#8211; Webseite, von der aus Sie uns besuchen (Referrer URL)<br \/>\n&#8211; Webseite, die Sie besuchen<br \/>\n&#8211; Datum und Uhrzeit Ihres Zugriffs<br \/>\n&#8211; Ihre Internet Protokoll (IP)-Adresse.<\/p>\n<p>Diese anonymen Daten werden getrennt von Ihren eventuell angegebenen personenbezogenen Daten gespeichert und lassen so keine R\u00fcckschl\u00fcsse auf eine bestimmte Person zu. Sie werden zu statistischen Zwecken ausgewertet, um unseren Internetauftritt und unsere Angebote optimieren zu k\u00f6nnen.<\/p>\n<p><strong>Kontaktm\u00f6glichkeit<\/strong><\/p>\n<p>Wir bieten Ihnen auf unserer Seite die M\u00f6glichkeit, mit uns per E-Mail und\/oder \u00fcber ein Kontaktformular in Verbindung zu treten. In diesem Fall werden die vom Nutzer gemachten Angaben zum Zwecke der Bearbeitung seiner Kontaktaufnahme gespeichert. Eine Weitergabe an Dritte erfolgt nicht. Ein Abgleich der so erhobenen Daten mit Daten, die m\u00f6glicherweise durch andere Komponenten unserer Seite erhoben werden, erfolgt ebenfalls nicht.<\/p>\n<p><strong>Kommentarm\u00f6glichkeit<\/strong><\/p>\n<p>Wir bieten Ihnen auf unserer Seite die M\u00f6glichkeit, Kommentare zu den einzelnen Beitr\u00e4gen zu hinterlassen. Hierbei wird die IP- Adresse des Verfassers\/Anschlussinhabers gespeichert. Diese Speicherung erfolgt zu unserer Sicherheit f\u00fcr den Fall, dass vom Verfasser durch seinen Kommentar hierbei in Rechte Dritter eingegriffen wird und\/oder widerrechtliche Inhalte abgesetzt werden. Somit besteht ein Eigeninteresse unsererseits an den gespeicherten Daten des Verfassers, zumal wir unter Umst\u00e4nden wegen derartigen Rechtsverletzungen belangt werden k\u00f6nnen. Eine Weitergabe an Dritte erfolgt nicht. Ein Abgleich der so erhobenen Daten mit Daten, die m\u00f6glicherweise durch andere Komponenten unserer Seite erhoben werden, erfolgt ebenfalls nicht.<\/p>\n<p><strong>Abonnement von Kommentaren<\/strong><\/p>\n<p>Wir bieten Ihnen auf unserer Seite die M\u00f6glichkeit, nachfolgende Kommentare zu einem Beitrag, zu dem Sie im Begriff sind, einen Kommentar zu verfassen, zu abonnieren. Wenn Sie sich f\u00fcr diese M\u00f6glichkeit entscheiden, erhalten Sie eine Best\u00e4tigungs-E-Mail, mit der \u00fcberpr\u00fcft wird, ob Sie auch tats\u00e4chlich der Inhaber der angegebenen E-Mail-Adresse sind. Die Entscheidung zum Abonnement von derartigen Nachfolgekommentaren kann jederzeit wieder abbestellt werden. Einzelheiten hierzu k\u00f6nnen Sie der Best\u00e4tigungsmail entnehmen. Eine Weitergabe der so erlangten Daten an Dritte erfolgt nicht. Ein Abgleich der so erhobenen Daten mit Daten, die m\u00f6glicherweise durch andere Komponenten unserer Seite erhoben werden, erfolgt ebenfalls nicht.<\/p>\n<p><strong>Einsatz von Google+-Empfehlungs-Komponenten<\/strong><\/p>\n<p>Wir setzen auf unserer Seite die \u201e+1\u201c-Schaltfl\u00e4che des Anbieters Google+ der Firma Google Inc., 1600 Amphitheatre Parkway, Mountain View, CA 94043 USA, nachfolgend \u201eGoogle\u201c, ein.<br \/>\nBei jedem einzelnen Abruf unserer Webseite, die mit einer solchen \u201e+1\u201c-Komponente ausgestattet ist, veranlasst diese Komponente, dass der von Ihnen verwendete Browser eine entsprechende Darstellung der Komponente von Google herunterl\u00e4dt. Durch diesen Vorgang wird Google dar\u00fcber in Kenntnis gesetzt, welche konkrete Seite unseres Internetauftrittes gerade besucht wird.<br \/>\nEntsprechend den Angaben von Google erfolgt eine weitergehende Auswertung Ihres Besuchs nicht f\u00fcr den Fall, dass Sie nicht in Ihrem Google-Konto eingeloggt sind.<\/p>\n<p>Wenn Sie unsere Seite aufrufen und w\u00e4hrenddessen bei Google eingeloggt sind, kann Google bei dem Best\u00e4tigen des \u201e+1&#8243;-Buttons Informationen \u00fcber Ihren Google-Account, die von Ihnen weiterempfohlene Webseite sowie Ihre IP-Adresse und andere browserbezogene Informationen erfassen.<\/p>\n<p>So kann Ihre \u201e+1\u201c-Empfehlung gespeichert und \u00f6ffentlich zug\u00e4nglich gemacht werden. Ihre somit abgegebene Google \u201e+1\u201c-Empfehlung kann dann als Hinweis zusammen mit Ihrem Accountnamen und gegebenenfalls mit Ihrem bei Google hinterlegten Foto in Google-Diensten, wie etwa in Suchergebnissen oder in Ihrem Google-Konto oder an sonstigen Stellen, wie z.B. auf Webseiten und Anzeigen im Internet, eingeblendet werden. Des Weiteren kann Google Ihren Besuch auf unserer Seite mit Ihren bei Google gespeicherten Daten verkn\u00fcpfen.\u00a0Google zeichnet diese Informationen auch auf, um die Google-Dienste weiter zu verbessern.<br \/>\nWollen Sie daher vorgenannte Erfassung durch Google bestm\u00f6glich verhindern, m\u00fcssen Sie sich vor dem Besuch unseres Internetauftrittes aus Ihrem Google-Konto abmelden.<\/p>\n<p>Die Datenschutzhinweise von Google zur \u201e+1\u201c-Schaltfl\u00e4che mit allen weiteren Informationen zur Erfassung, Weitergabe und Nutzung von Daten durch Google, zu Ihren diesbez\u00fcglichen Rechten sowie zu Ihren Profileinstellungsm\u00f6glichkeiten k\u00f6nnen Sie hier abrufen:\u00a0<a href=\"https:\/\/developers.google.com\/+\/web\/buttons-policy\">https:\/\/developers.google.com\/+\/web\/buttons-policy<\/a><\/p>\n<p><strong>Einsatz von facebook-Komponenten<\/strong><\/p>\n<p>Wir setzen auf unserer Seite Komponenten des Anbieters facebook.com ein. Facebook ist ein Service der facebook Inc., 1601 S. California Ave, Palo Alto, CA 94304, USA.<br \/>\nBei jedem einzelnen Abruf unserer Webseite, die mit einer solchen Komponente ausgestattet ist, veranlasst diese Komponente, dass der von Ihnen verwendete Browser eine entsprechende Darstellung der Komponente von facebook herunterl\u00e4dt. Durch diesen Vorgang wird facebook dar\u00fcber in Kenntnis gesetzt, welche konkrete Seite unserer Internetpr\u00e4senz gerade durch Sie besucht wird.<br \/>\nWenn Sie unsere Seite aufrufen und w\u00e4hrenddessen bei facebook eingeloggt sind, erkennt facebook durch die von der Komponente gesammelte Information, welche konkrete Seite Sie besuchen und ordnet diese Informationen Ihrem pers\u00f6nlichen Account auf facebook zu. Klicken Sie z.B. den \u00a0\u201eGef\u00e4llt mir\u201c-Button an oder geben Sie entsprechende Kommentare ab, werden diese Informationen an Ihr pers\u00f6nliches Benutzerkonto auf facebook \u00fcbermittelt und dort gespeichert. Dar\u00fcber hinaus wird die Information, dass Sie unsere Seite besucht haben, an facebook weiter gegeben. Dies geschieht unabh\u00e4ngig davon, ob Sie die Komponente anklicken oder nicht.<br \/>\nWenn Sie diese \u00dcbermittlung und Speicherung von Daten \u00fcber Sie und Ihr Verhalten auf unserer Webseite durch facebook unterbinden wollen, m\u00fcssen Sie sich bei facebook ausloggen und zwar bevor Sie unsere Seite besuchen. Die Datenschutzhinweise von facebook geben hierzu n\u00e4here Informationen, insbesondere zur Erhebung und Nutzung der Daten durch facebook, zu Ihren diesbez\u00fcglichen Rechten sowie zu den Einstellungsm\u00f6glichkeiten zum Schutz Ihrer Privatsph\u00e4re:\u00a0<a href=\"https:\/\/de-de.facebook.com\/about\/privacy\/\">https:\/\/de-de.facebook.com\/about\/privacy\/<\/a><br \/>\nZudem sind am Markt externe Tools erh\u00e4ltlich, mit denen Facebook-Social-Plugins mit Add-ons f\u00fcr alle g\u00e4ngigen Browser blockiert werden k\u00f6nnen\u00a0<a href=\"http:\/\/webgraph.com\/resources\/facebookblocker\/\">http:\/\/webgraph.com\/resources\/facebookblocker\/<\/a><br \/>\nEine \u00dcbersicht \u00fcber die Facebook-Plugins finden Sie unter\u00a0<a href=\"https:\/\/developers.facebook.com\/docs\/plugins\/\">https:\/\/developers.facebook.com\/docs\/plugins\/<\/a><\/p>\n<p><strong>Einsatz der Twitter-Empfehlungs-Komponenten<\/strong><\/p>\n<p>Wir setzen auf unserer Seite Komponenten des Anbieters Twitter ein. Twitter ist ein Service der Twitter Inc., 795 Folsom St., Suite 600, San Francisco, CA 94107, USA.<\/p>\n<p>Bei jedem einzelnen Abruf unserer Webseite, die mit einer solchen Komponente ausgestattet ist, veranlasst diese Komponente, dass der von Ihnen verwendete Browser eine entsprechende Darstellung der Komponente von Twitter herunterl\u00e4dt. Durch diesen Vorgang wird Twitter dar\u00fcber in Kenntnis gesetzt, welche konkrete Seite unserer Internetpr\u00e4senz gerade besucht wird.<br \/>\nWir haben weder Einfluss auf die Daten, die Twitter hierdurch erhebt, noch \u00fcber den Umfang dieser durch Twitter erhobenen Daten. Nach unserem Kenntnisstand wird von Twitter die URL der jeweiligen aufgerufenen Webseite sowie IP-Adresse des Nutzers erhoben, jedoch nicht f\u00fcr andere Zwecke, als die Darstellung der Twitter- Komponente, genutzt. Weitere Informationen hierzu finden sich in der Datenschutzerkl\u00e4rung von Twitter unter\u00a0<a href=\"http:\/\/twitter.com\/privacy\">http:\/\/twitter.com\/privacy<\/a>.<\/p>\n<p>Ihre Datenschutzeinstellungen k\u00f6nnen Sie in den Konto-Einstellungen unter\u00a0<a href=\"http:\/\/twitter.com\/account\/settings\">http:\/\/twitter.com\/account\/settings<\/a>\u00e4ndern.<\/p>\n<p><strong>Auskunft\/Widerruf\/L\u00f6schung<\/strong><\/p>\n<p>Sie k\u00f6nnen sich aufgrund des Bundesdatenschutzgesetzes bei Fragen zur Erhebung, Verarbeitung oder Nutzung Ihrer personenbezogenen Daten und deren Berichtigung, Sperrung, L\u00f6schung oder einem Widerruf einer erteilten Einwilligung unentgeltlich an uns wenden. Wir weisen darauf hin, dass Ihnen ein Recht auf Berichtigung falscher Daten oder L\u00f6schung personenbezogener Daten zusteht, sollte diesem Anspruch keine gesetzliche Aufbewahrungspflicht entgegenstehen.<\/p>\n<p><a href=\"https:\/\/www.ratgeberrecht.eu\/leistungen\/muster-datenschutzerklaerung.html\">Muster-Datenschutzerkl\u00e4rung<\/a>\u00a0der Anwaltskanzlei Wei\u00df &amp; Partner<\/p>\n","protected":false},"excerpt":{"rendered":"<p>Datenschutzerkl\u00e4rung: Die Nutzung unserer Seite ist ohne eine Angabe von personenbezogenen Daten m\u00f6glich. F\u00fcr die Nutzung einzelner Services unserer Seite k\u00f6nnen sich hierf\u00fcr abweichende Regelungen ergeben, die in diesem Falle nachstehend gesondert erl\u00e4utert werden. Ihre personenbezogenen Daten (z.B. Name, Anschrift, E-Mail, Telefonnummer, u.\u00e4.) werden von uns nur gem\u00e4\u00df den Bestimmungen des deutschen Datenschutzrechts verarbeitet. Daten [&hellip;]<\/p>\n","protected":false},"author":1716,"featured_media":0,"parent":0,"menu_order":0,"comment_status":"closed","ping_status":"closed","template":"","meta":{"_bbp_topic_count":0,"_bbp_reply_count":0,"_bbp_total_topic_count":0,"_bbp_total_reply_count":0,"_bbp_voice_count":0,"_bbp_anonymous_reply_count":0,"_bbp_topic_count_hidden":0,"_bbp_reply_count_hidden":0,"_bbp_forum_subforum_count":0,"footnotes":""},"class_list":["post-3509","page","type-page","status-publish","hentry"],"_links":{"self":[{"href":"https:\/\/blogs.uni-bremen.de\/eule\/wp-json\/wp\/v2\/pages\/3509","targetHints":{"allow":["GET"]}}],"collection":[{"href":"https:\/\/blogs.uni-bremen.de\/eule\/wp-json\/wp\/v2\/pages"}],"about":[{"href":"https:\/\/blogs.uni-bremen.de\/eule\/wp-json\/wp\/v2\/types\/page"}],"author":[{"embeddable":true,"href":"https:\/\/blogs.uni-bremen.de\/eule\/wp-json\/wp\/v2\/users\/1716"}],"replies":[{"embeddable":true,"href":"https:\/\/blogs.uni-bremen.de\/eule\/wp-json\/wp\/v2\/comments?post=3509"}],"version-history":[{"count":2,"href":"https:\/\/blogs.uni-bremen.de\/eule\/wp-json\/wp\/v2\/pages\/3509\/revisions"}],"predecessor-version":[{"id":10863,"href":"https:\/\/blogs.uni-bremen.de\/eule\/wp-json\/wp\/v2\/pages\/3509\/revisions\/10863"}],"wp:attachment":[{"href":"https:\/\/blogs.uni-bremen.de\/eule\/wp-json\/wp\/v2\/media?parent=3509"}],"curies":[{"name":"wp","href":"https:\/\/api.w.org\/{rel}","templated":true}]}}