{"id":815,"date":"2017-06-15T15:05:05","date_gmt":"2017-06-15T13:05:05","guid":{"rendered":"https:\/\/blogs.uni-bremen.de\/entzaubertestaedte\/?page_id=815"},"modified":"2018-04-23T09:02:30","modified_gmt":"2018-04-23T07:02:30","slug":"streifzuege","status":"publish","type":"page","link":"https:\/\/blogs.uni-bremen.de\/entzaubertestaedte\/streifzuege\/","title":{"rendered":"Streifz\u00fcge"},"content":{"rendered":"<p>An dieser Stelle entsteht eine Auswahl an weiterf\u00fchrenden Links zu \u00e4hnlichen Projekten und interessanten Forschungsvorhaben.<\/p>\n<p>&nbsp;<\/p>\n<p><strong><em>Terrain vague<\/em> &#8211; \u00c4sthetik und Poetik urbaner Zwischenr\u00e4ume in der franz\u00f6sischen Moderne<\/strong><\/p>\n<p>Das DFG-Projekt am Romanischen Seminar der Universit\u00e4t zu K\u00f6ln befasst sich mit <em>terrains vagues<\/em>, den verlassenen, verkommenen und oft vergessenen R\u00e4umen der Stadt. Mit vielf\u00e4ltigen Teilprojekten und spannenden Beleuchtungen der Facetten des <em>terrain vagues<\/em>, etwa mit Blick auf die Verquickung zur Heterotopie, zum <em>non-lieu<\/em> aber auch unter Einbeziehung von kultur- und stadtwissenschaftlichen Perspektiven, geht das Projekt der literarischen und filmischen Darstellung des urbanen Ph\u00e4nomens in der franz\u00f6sischen Moderne nach.<\/p>\n<p>Besonders gespannt sind wir auf das Erscheinen des Abschlusswerkes im Herbst: <em>Die Stadtbrache als &#8218;terrain vague&#8216;. Geschichte und Theorie eines unbestimmten Zwischenraums. <\/em><\/p>\n<p><a href=\"http:\/\/www.terrainvague.de\/\">Hier <\/a>werden Sie zur Homepage des Projektes weitergeleitet.<\/p>\n<p>&nbsp;<\/p>\n<p><strong><em>Experimentierfeld Dorf<\/em><\/strong><\/p>\n<p>In vier Teilprojekten \u201e<a href=\"http:\/\/www.dorfatlas.uni-halle.de\/index.php\/projekt\/rurbane-landschaften\">rurbane Landschaften<\/a>\u201c, \u201e<a href=\"http:\/\/www.dorfatlas.uni-halle.de\/index.php\/projekt\/neue-doerflichkeit\">neue D\u00f6rflichkeit<\/a>\u201c, \u201e<a href=\"http:\/\/www.dorfatlas.uni-halle.de\/index.php\/projekt\/sozialistische-doerfer\">sozialistische D\u00f6rfer<\/a>\u201c und \u201e<a href=\"http:\/\/www.dorfatlas.uni-halle.de\/index.php\/projekt\/postsozialistische-doerfer\">postsozialistische D\u00f6rfer<\/a>\u201c widmet sich das Projekt der Imagniation des D\u00f6rfischen, wie es durch Literatur und Film durch Dorf- und Landgeschichten entsteht. Das von der Volkswagenstiftung gef\u00f6rderte Projekt stellt hierbei die Frage, wie imagin\u00e4re Raumbilder und Raumordnungen den rein physikalischen Raum \u00fcberlagern, diesen lesbar machen und damit die Positionierung und das Verhalten des Menschen in und zu ihm bestimmen. Hierbei wird zudem dem Aspekt nachgegangen, wie diese Positionierungen kulturelle und individuelle Selbst- und Fremdbilder beeinflussen.<\/p>\n<p><a href=\"http:\/\/www.dorfatlas.uni-halle.de\/\">Hier <\/a>werden Sie zum Projekt weitergeleitet.<\/p>\n","protected":false},"excerpt":{"rendered":"<p>An dieser Stelle entsteht eine Auswahl an weiterf\u00fchrenden Links zu \u00e4hnlichen Projekten und interessanten Forschungsvorhaben. &nbsp; Terrain vague &#8211; \u00c4sthetik und Poetik urbaner Zwischenr\u00e4ume in der franz\u00f6sischen Moderne Das DFG-Projekt am Romanischen Seminar der Universit\u00e4t zu K\u00f6ln befasst sich mit &hellip; <a href=\"https:\/\/blogs.uni-bremen.de\/entzaubertestaedte\/streifzuege\/\">Weiterlesen <span class=\"meta-nav\">&rarr;<\/span><\/a><\/p>\n","protected":false},"author":7893,"featured_media":0,"parent":0,"menu_order":7,"comment_status":"closed","ping_status":"closed","template":"","meta":{"_bbp_topic_count":0,"_bbp_reply_count":0,"_bbp_total_topic_count":0,"_bbp_total_reply_count":0,"_bbp_voice_count":0,"_bbp_anonymous_reply_count":0,"_bbp_topic_count_hidden":0,"_bbp_reply_count_hidden":0,"_bbp_forum_subforum_count":0,"footnotes":""},"class_list":["post-815","page","type-page","status-publish","hentry"],"_links":{"self":[{"href":"https:\/\/blogs.uni-bremen.de\/entzaubertestaedte\/wp-json\/wp\/v2\/pages\/815","targetHints":{"allow":["GET"]}}],"collection":[{"href":"https:\/\/blogs.uni-bremen.de\/entzaubertestaedte\/wp-json\/wp\/v2\/pages"}],"about":[{"href":"https:\/\/blogs.uni-bremen.de\/entzaubertestaedte\/wp-json\/wp\/v2\/types\/page"}],"author":[{"embeddable":true,"href":"https:\/\/blogs.uni-bremen.de\/entzaubertestaedte\/wp-json\/wp\/v2\/users\/7893"}],"replies":[{"embeddable":true,"href":"https:\/\/blogs.uni-bremen.de\/entzaubertestaedte\/wp-json\/wp\/v2\/comments?post=815"}],"version-history":[{"count":1,"href":"https:\/\/blogs.uni-bremen.de\/entzaubertestaedte\/wp-json\/wp\/v2\/pages\/815\/revisions"}],"predecessor-version":[{"id":1043,"href":"https:\/\/blogs.uni-bremen.de\/entzaubertestaedte\/wp-json\/wp\/v2\/pages\/815\/revisions\/1043"}],"wp:attachment":[{"href":"https:\/\/blogs.uni-bremen.de\/entzaubertestaedte\/wp-json\/wp\/v2\/media?parent=815"}],"curies":[{"name":"wp","href":"https:\/\/api.w.org\/{rel}","templated":true}]}}