{"id":627,"date":"2017-02-14T13:17:53","date_gmt":"2017-02-14T12:17:53","guid":{"rendered":"https:\/\/blogs.uni-bremen.de\/entzaubertestaedte\/?page_id=627"},"modified":"2018-04-21T12:01:17","modified_gmt":"2018-04-21T10:01:17","slug":"projektidee","status":"publish","type":"page","link":"https:\/\/blogs.uni-bremen.de\/entzaubertestaedte\/projektidee\/","title":{"rendered":"Projektidee"},"content":{"rendered":"<p><img loading=\"lazy\" decoding=\"async\" class=\" wp-image-984 alignleft\" src=\"https:\/\/blogs.uni-bremen.de\/entzaubertestaedte\/files\/2018\/01\/Fokusfoto-Ausshnitt-Filter13_4-300x271.jpg\" alt=\"\" width=\"317\" height=\"287\" \/>Das Fokusprojekt \u201eEntzauberte St\u00e4dte\u201c besch\u00e4ftigt sich mit der aktuellen franz\u00f6sischsprachigen Literatur von Migrant_innen und Menschen ohne festen Wohnsitz, Fl\u00fcchtlingen und illegalen Einwanderer_innen und fragt nach den Bildern und Lebenspraxen, mit denen sie die urbanen R\u00e4ume der europ\u00e4ischen Gr\u00f6\u00dfst\u00e4dte wahrnehmen, erleben und in ihnen \u00fcberleben.<br \/>\nWie ver\u00e4ndern sich die Metropolen im Zuge der global anwachsenden Migration? Und was bedeutet ein urbaner Lebensraum in der Illegalit\u00e4t f\u00fcr die Erfahrung und die Theoretisierung von Migration? Das Forschungsprojekt m\u00f6chte einen Beitrag zu diesen hoch relevanten Fragen leisten und fragt nach der Konstruktion urbanen Lebens und den Entw\u00fcrfen von Stadtr\u00e4umen aus dem Blick \u201evon unten\u201c, aus dem Blickwinkel von Migrant_innen, Fl\u00fcchtlingen und Wohnsitzlosen. In der transkultu\u00adrellen Perspektive auf die Formen der literarisierten Metro\u00adpole werden die (\u00dcber)Lebensbedingungen der marginalisierten Protagonist_innen erfahrbar und ein ver\u00e4ndertes Stadtbild sichtbar.<\/p>\n<p>Ziel des Projektes ist es, migrations- und stadtsoziologische Ans\u00e4tze mit postkolonialen Theorien zu verbinden und textanalytisch mittels <em>close readings<\/em> die besonderen Topoi und Verfahren herauszuarbeiten, welche die \u201aEntzauberung der Metropole\u2019 in der franz\u00f6sischen Gegenwartsliteratur leisten. Durch drei Promotionsprojekte sowie der Vorhaben der Projektleiterinnen ist es m\u00f6glich konkrete Schwerpunkte zu setzen und dabei unterschiedliche Facetten der Thematik zu beleuchten.<\/p>\n<p><strong>Projektleiterinnen:<\/strong><br \/>\nProf. Dr. Gisela Febel<br \/>\nDr. Karen Struve (Projektleitung und Leitung der Nachwuchsgruppe)<\/p>\n<p><strong>Promovendinnen:<\/strong><br \/>\nElena T\u00fcting<br \/>\nKatja Harbrecht<br \/>\nAnna-Katharina Ries<\/p>\n<p>&nbsp;<\/p>\n<p><strong>Laufzeit<\/strong> des Projekts: 2016-2019<br \/>\n<strong>Gef\u00f6rdert von der Zentralen Forschungsf\u00f6rderung der Universit\u00e4t Bremen.<\/strong><\/p>\n","protected":false},"excerpt":{"rendered":"<p>Das Fokusprojekt \u201eEntzauberte St\u00e4dte\u201c besch\u00e4ftigt sich mit der aktuellen franz\u00f6sischsprachigen Literatur von Migrant_innen und Menschen ohne festen Wohnsitz, Fl\u00fcchtlingen und illegalen Einwanderer_innen und fragt nach den Bildern und Lebenspraxen, mit denen sie die urbanen R\u00e4ume der europ\u00e4ischen Gr\u00f6\u00dfst\u00e4dte wahrnehmen, erleben &hellip; <a href=\"https:\/\/blogs.uni-bremen.de\/entzaubertestaedte\/projektidee\/\">Weiterlesen <span class=\"meta-nav\">&rarr;<\/span><\/a><\/p>\n","protected":false},"author":7893,"featured_media":0,"parent":0,"menu_order":0,"comment_status":"closed","ping_status":"closed","template":"","meta":{"_bbp_topic_count":0,"_bbp_reply_count":0,"_bbp_total_topic_count":0,"_bbp_total_reply_count":0,"_bbp_voice_count":0,"_bbp_anonymous_reply_count":0,"_bbp_topic_count_hidden":0,"_bbp_reply_count_hidden":0,"_bbp_forum_subforum_count":0,"footnotes":""},"class_list":["post-627","page","type-page","status-publish","hentry"],"_links":{"self":[{"href":"https:\/\/blogs.uni-bremen.de\/entzaubertestaedte\/wp-json\/wp\/v2\/pages\/627","targetHints":{"allow":["GET"]}}],"collection":[{"href":"https:\/\/blogs.uni-bremen.de\/entzaubertestaedte\/wp-json\/wp\/v2\/pages"}],"about":[{"href":"https:\/\/blogs.uni-bremen.de\/entzaubertestaedte\/wp-json\/wp\/v2\/types\/page"}],"author":[{"embeddable":true,"href":"https:\/\/blogs.uni-bremen.de\/entzaubertestaedte\/wp-json\/wp\/v2\/users\/7893"}],"replies":[{"embeddable":true,"href":"https:\/\/blogs.uni-bremen.de\/entzaubertestaedte\/wp-json\/wp\/v2\/comments?post=627"}],"version-history":[{"count":1,"href":"https:\/\/blogs.uni-bremen.de\/entzaubertestaedte\/wp-json\/wp\/v2\/pages\/627\/revisions"}],"predecessor-version":[{"id":1026,"href":"https:\/\/blogs.uni-bremen.de\/entzaubertestaedte\/wp-json\/wp\/v2\/pages\/627\/revisions\/1026"}],"wp:attachment":[{"href":"https:\/\/blogs.uni-bremen.de\/entzaubertestaedte\/wp-json\/wp\/v2\/media?parent=627"}],"curies":[{"name":"wp","href":"https:\/\/api.w.org\/{rel}","templated":true}]}}