{"id":569,"date":"2017-02-09T13:23:03","date_gmt":"2017-02-09T12:23:03","guid":{"rendered":"https:\/\/blogs.uni-bremen.de\/entzaubertestaedte\/?page_id=569"},"modified":"2018-04-23T09:19:16","modified_gmt":"2018-04-23T07:19:16","slug":"korpus","status":"publish","type":"page","link":"https:\/\/blogs.uni-bremen.de\/entzaubertestaedte\/promotionsprojekt-3\/korpus\/","title":{"rendered":"Korpus"},"content":{"rendered":"<p>Das Projekt zielt darauf, Topoi, Muster und Funktionen des Wetters und des Raumes im franz\u00f6sischen Kriminalroman aufzusp\u00fcren und eine chronologische Entwicklung aufzuzeigen. Entsprechend ber\u00fccksichtigt der gew\u00e4hlte Korpus Romane von den Anf\u00e4ngen des Genres bis heute. Er umfasst dabei Werke von Eug\u00e8ne Sue und \u00c9mile Gaboriau bis hin zu Bernard Minier und Jean-Christophe Grang\u00e9.<img loading=\"lazy\" decoding=\"async\" class=\"wp-image-769 aligncenter\" src=\"https:\/\/blogs.uni-bremen.de\/entzaubertestaedte\/files\/2017\/02\/B\u00fccher-Katia-300x200.jpg\" alt=\"\" width=\"391\" height=\"265\" \/><\/p>\n","protected":false},"excerpt":{"rendered":"<p>Das Projekt zielt darauf, Topoi, Muster und Funktionen des Wetters und des Raumes im franz\u00f6sischen Kriminalroman aufzusp\u00fcren und eine chronologische Entwicklung aufzuzeigen. Entsprechend ber\u00fccksichtigt der gew\u00e4hlte Korpus Romane von den Anf\u00e4ngen des Genres bis heute. Er umfasst dabei Werke von &hellip; <a href=\"https:\/\/blogs.uni-bremen.de\/entzaubertestaedte\/promotionsprojekt-3\/korpus\/\">Weiterlesen <span class=\"meta-nav\">&rarr;<\/span><\/a><\/p>\n","protected":false},"author":7893,"featured_media":0,"parent":545,"menu_order":3,"comment_status":"closed","ping_status":"closed","template":"","meta":{"_bbp_topic_count":0,"_bbp_reply_count":0,"_bbp_total_topic_count":0,"_bbp_total_reply_count":0,"_bbp_voice_count":0,"_bbp_anonymous_reply_count":0,"_bbp_topic_count_hidden":0,"_bbp_reply_count_hidden":0,"_bbp_forum_subforum_count":0,"footnotes":""},"class_list":["post-569","page","type-page","status-publish","hentry"],"_links":{"self":[{"href":"https:\/\/blogs.uni-bremen.de\/entzaubertestaedte\/wp-json\/wp\/v2\/pages\/569","targetHints":{"allow":["GET"]}}],"collection":[{"href":"https:\/\/blogs.uni-bremen.de\/entzaubertestaedte\/wp-json\/wp\/v2\/pages"}],"about":[{"href":"https:\/\/blogs.uni-bremen.de\/entzaubertestaedte\/wp-json\/wp\/v2\/types\/page"}],"author":[{"embeddable":true,"href":"https:\/\/blogs.uni-bremen.de\/entzaubertestaedte\/wp-json\/wp\/v2\/users\/7893"}],"replies":[{"embeddable":true,"href":"https:\/\/blogs.uni-bremen.de\/entzaubertestaedte\/wp-json\/wp\/v2\/comments?post=569"}],"version-history":[{"count":1,"href":"https:\/\/blogs.uni-bremen.de\/entzaubertestaedte\/wp-json\/wp\/v2\/pages\/569\/revisions"}],"predecessor-version":[{"id":1055,"href":"https:\/\/blogs.uni-bremen.de\/entzaubertestaedte\/wp-json\/wp\/v2\/pages\/569\/revisions\/1055"}],"up":[{"embeddable":true,"href":"https:\/\/blogs.uni-bremen.de\/entzaubertestaedte\/wp-json\/wp\/v2\/pages\/545"}],"wp:attachment":[{"href":"https:\/\/blogs.uni-bremen.de\/entzaubertestaedte\/wp-json\/wp\/v2\/media?parent=569"}],"curies":[{"name":"wp","href":"https:\/\/api.w.org\/{rel}","templated":true}]}}