{"id":545,"date":"2017-02-09T13:11:45","date_gmt":"2017-02-09T12:11:45","guid":{"rendered":"https:\/\/blogs.uni-bremen.de\/entzaubertestaedte\/?page_id=545"},"modified":"2018-04-23T09:18:24","modified_gmt":"2018-04-23T07:18:24","slug":"promotionsprojekt-3","status":"publish","type":"page","link":"https:\/\/blogs.uni-bremen.de\/entzaubertestaedte\/promotionsprojekt-3\/","title":{"rendered":"Promotionsprojekt &#8222;Heiter bis t\u00f6dlich&#8220;"},"content":{"rendered":"<p>Das Promotionsprojekt &#8222;Heiter bis t\u00f6dlich&#8220; befasst sich mit der Konstruktion, Verwendung und Funktion meteorologischer Ph\u00e4nomene im franz\u00f6sischen Kriminalroman. Unter diesem Fokus wird der Interdependenz von Wetter und Genre des Kriminalromans von seinen Vorl\u00e4ufern und Anf\u00e4ngen im 19. Jahrhundert bis zu seiner heutigen aktuellen Form nachgesp\u00fcrt.<\/p>\n<p>Das Promotionsprojekt wird bearbeitet von Katia Harbrecht, M. A.<\/p>\n","protected":false},"excerpt":{"rendered":"<p>Das Promotionsprojekt &#8222;Heiter bis t\u00f6dlich&#8220; befasst sich mit der Konstruktion, Verwendung und Funktion meteorologischer Ph\u00e4nomene im franz\u00f6sischen Kriminalroman. Unter diesem Fokus wird der Interdependenz von Wetter und Genre des Kriminalromans von seinen Vorl\u00e4ufern und Anf\u00e4ngen im 19. Jahrhundert bis zu &hellip; <a href=\"https:\/\/blogs.uni-bremen.de\/entzaubertestaedte\/promotionsprojekt-3\/\">Weiterlesen <span class=\"meta-nav\">&rarr;<\/span><\/a><\/p>\n","protected":false},"author":7893,"featured_media":0,"parent":0,"menu_order":5,"comment_status":"closed","ping_status":"closed","template":"","meta":{"_bbp_topic_count":0,"_bbp_reply_count":0,"_bbp_total_topic_count":0,"_bbp_total_reply_count":0,"_bbp_voice_count":0,"_bbp_anonymous_reply_count":0,"_bbp_topic_count_hidden":0,"_bbp_reply_count_hidden":0,"_bbp_forum_subforum_count":0,"footnotes":""},"class_list":["post-545","page","type-page","status-publish","hentry"],"_links":{"self":[{"href":"https:\/\/blogs.uni-bremen.de\/entzaubertestaedte\/wp-json\/wp\/v2\/pages\/545","targetHints":{"allow":["GET"]}}],"collection":[{"href":"https:\/\/blogs.uni-bremen.de\/entzaubertestaedte\/wp-json\/wp\/v2\/pages"}],"about":[{"href":"https:\/\/blogs.uni-bremen.de\/entzaubertestaedte\/wp-json\/wp\/v2\/types\/page"}],"author":[{"embeddable":true,"href":"https:\/\/blogs.uni-bremen.de\/entzaubertestaedte\/wp-json\/wp\/v2\/users\/7893"}],"replies":[{"embeddable":true,"href":"https:\/\/blogs.uni-bremen.de\/entzaubertestaedte\/wp-json\/wp\/v2\/comments?post=545"}],"version-history":[{"count":0,"href":"https:\/\/blogs.uni-bremen.de\/entzaubertestaedte\/wp-json\/wp\/v2\/pages\/545\/revisions"}],"wp:attachment":[{"href":"https:\/\/blogs.uni-bremen.de\/entzaubertestaedte\/wp-json\/wp\/v2\/media?parent=545"}],"curies":[{"name":"wp","href":"https:\/\/api.w.org\/{rel}","templated":true}]}}