{"id":489,"date":"2017-02-09T12:49:53","date_gmt":"2017-02-09T11:49:53","guid":{"rendered":"https:\/\/blogs.uni-bremen.de\/entzaubertestaedte\/?page_id=489"},"modified":"2018-04-23T09:24:31","modified_gmt":"2018-04-23T07:24:31","slug":"promotionsprojekt-sans-domicile-fixe","status":"publish","type":"page","link":"https:\/\/blogs.uni-bremen.de\/entzaubertestaedte\/promotionsprojekt-1\/promotionsprojekt-sans-domicile-fixe\/","title":{"rendered":""},"content":{"rendered":"<div class=\"entry-content\">\n<p style=\"text-align: center\"><span style=\"font-size: 12pt\">Promotionsprojekt mit dem Arbeitstitel:<strong><br \/>\nIllegale Stadtnomad_innen: Urbane R\u00e4ume in der aktuellen\u00a0<em>litt\u00e9rature SDF\u00a0<\/em>Frankreichs<\/strong><\/span><\/p>\n<p style=\"text-align: justify\"><strong><img loading=\"lazy\" decoding=\"async\" class=\" wp-image-71 aligncenter\" src=\"https:\/\/blogs.uni-bremen.de\/entzaubertestaedte\/files\/2016\/10\/cropped-paris-187872-1-300x135.jpg\" alt=\"\" width=\"387\" height=\"181\" \/><\/strong><\/p>\n<p style=\"text-align: left\">Das Projekt besch\u00e4ftigt sich mit der Wahrnehmung und Konstruktion urbaner R\u00e4ume aus der Perspektive der heterogenen Gruppe der Menschen ohne festen Wohnsitz in der franz\u00f6sischen Literatur des 21. Jahrhunderts. Das Anliegen dieses Projektes ist es, sich mit der Figur des <em>sans domicile fixe<\/em> in verschiedenen Texten auseinanderzusetzen und somit die Perspektive der Marginalisierten auf die Stadt sichtbar zu machen. Die obdachlosen Figuren sind dazu gezwungen \u00f6ffentliche oder ungenutzte R\u00e4ume zu finden, die sie f\u00fcr sich umfunktionieren k\u00f6nnen, und das in einer Zeit, in der die Stadt zunehmend funktional gestaltet wird. In diesen festgelegten R\u00e4umen m\u00fcssen sie die Zwischenr\u00e4ume nutzen oder sich sogenannte Gegen-Orte schaffen. Durch diese Strategien werden innovative R\u00e4ume geschaffen und eine kritische Sicht auf die aktuelle Stadtgestaltung kann besonders pr\u00e4gnant vollzogen werden. Konkrete Fragen zur Erschlie\u00dfung dieses Themas lauten: Aus welcher Perspektive werden die urbanen R\u00e4ume in den Texten beschrieben? Mit welchen Strategien k\u00f6nnen sich die wohnsitzlosen Figuren im funktional festgelegten und \u00f6ffentlichen Stadtraum Lebensr\u00e4ume kreieren? Welchen Einfluss hat die permanente Bewegung zwischen einzelnen Aufenthaltsorten auf die Wahrnehmung der Stadt? Welche Wechselwirkungen gibt es zwischen der Identifikation der Protagonist_innen mit den von ihnen genutzten R\u00e4umen und der Wahrnehmung der Stadt? Ziel ist es, anhand dieser Fragen die Darstellung der urbanen R\u00e4ume in der untersuchten Literatur zu beschreiben und schlie\u00dflich neue Konzepte zu ihrer Erfassung zu entwickeln. Die bisher bestehenden Raumkonzepte der Literatur sollen hierzu durch transkulturelle und postkoloniale Theorien und soziologische Fragestellungen erweitert werden, sodass sie den Entwicklungen der aktuellen Literatur, die von den zunehmenden Migrations- und Fl\u00fcchtlingsbewegungen sowie durch die zunehmende Prekarisierung der Arbeitsverh\u00e4ltnisse gepr\u00e4gt ist, gerecht werden.<\/p>\n<\/div>\n","protected":false},"excerpt":{"rendered":"<p>Promotionsprojekt mit dem Arbeitstitel: Illegale Stadtnomad_innen: Urbane R\u00e4ume in der aktuellen\u00a0litt\u00e9rature SDF\u00a0Frankreichs Das Projekt besch\u00e4ftigt sich mit der Wahrnehmung und Konstruktion urbaner R\u00e4ume aus der Perspektive der heterogenen Gruppe der Menschen ohne festen Wohnsitz in der franz\u00f6sischen Literatur des 21. &hellip; <a href=\"https:\/\/blogs.uni-bremen.de\/entzaubertestaedte\/promotionsprojekt-1\/promotionsprojekt-sans-domicile-fixe\/\">Weiterlesen <span class=\"meta-nav\">&rarr;<\/span><\/a><\/p>\n","protected":false},"author":7893,"featured_media":0,"parent":495,"menu_order":2,"comment_status":"closed","ping_status":"closed","template":"","meta":{"_bbp_topic_count":0,"_bbp_reply_count":0,"_bbp_total_topic_count":0,"_bbp_total_reply_count":0,"_bbp_voice_count":0,"_bbp_anonymous_reply_count":0,"_bbp_topic_count_hidden":0,"_bbp_reply_count_hidden":0,"_bbp_forum_subforum_count":0,"footnotes":""},"class_list":["post-489","page","type-page","status-publish","hentry"],"_links":{"self":[{"href":"https:\/\/blogs.uni-bremen.de\/entzaubertestaedte\/wp-json\/wp\/v2\/pages\/489","targetHints":{"allow":["GET"]}}],"collection":[{"href":"https:\/\/blogs.uni-bremen.de\/entzaubertestaedte\/wp-json\/wp\/v2\/pages"}],"about":[{"href":"https:\/\/blogs.uni-bremen.de\/entzaubertestaedte\/wp-json\/wp\/v2\/types\/page"}],"author":[{"embeddable":true,"href":"https:\/\/blogs.uni-bremen.de\/entzaubertestaedte\/wp-json\/wp\/v2\/users\/7893"}],"replies":[{"embeddable":true,"href":"https:\/\/blogs.uni-bremen.de\/entzaubertestaedte\/wp-json\/wp\/v2\/comments?post=489"}],"version-history":[{"count":1,"href":"https:\/\/blogs.uni-bremen.de\/entzaubertestaedte\/wp-json\/wp\/v2\/pages\/489\/revisions"}],"predecessor-version":[{"id":1056,"href":"https:\/\/blogs.uni-bremen.de\/entzaubertestaedte\/wp-json\/wp\/v2\/pages\/489\/revisions\/1056"}],"up":[{"embeddable":true,"href":"https:\/\/blogs.uni-bremen.de\/entzaubertestaedte\/wp-json\/wp\/v2\/pages\/495"}],"wp:attachment":[{"href":"https:\/\/blogs.uni-bremen.de\/entzaubertestaedte\/wp-json\/wp\/v2\/media?parent=489"}],"curies":[{"name":"wp","href":"https:\/\/api.w.org\/{rel}","templated":true}]}}