{"id":1122,"date":"2018-12-14T15:32:44","date_gmt":"2018-12-14T14:32:44","guid":{"rendered":"https:\/\/blogs.uni-bremen.de\/entzaubertestaedte\/?page_id=1122"},"modified":"2020-07-22T10:24:38","modified_gmt":"2020-07-22T08:24:38","slug":"unser-tagungsband","status":"publish","type":"page","link":"https:\/\/blogs.uni-bremen.de\/entzaubertestaedte\/unser-tagungsband\/","title":{"rendered":"Unser Tagungsband"},"content":{"rendered":"<div><\/div>\n<div><\/div>\n<div><\/div>\n<div class=\"descriptionBoxes\">\n<div class=\"product--description\">\n<h1 class=\"product--title\" style=\"text-align: center\"><span style=\"font-size: 14pt\">Die un-sichtbare Stadt<\/span><\/h1>\n<div><img loading=\"lazy\" decoding=\"async\" class=\"size-medium wp-image-1141 alignleft\" src=\"https:\/\/blogs.uni-bremen.de\/entzaubertestaedte\/files\/2019\/03\/Unischtbare_Stadt-207x300.png\" alt=\"\" width=\"207\" height=\"300\" \/><\/div>\n<p class=\"box-list--text ts_untertitel\"><strong>Urbane Perspektiven, alternative R\u00e4ume und Randfiguren in Literatur und Film<\/strong><\/p>\n<div class=\"product--description flyer\">\n<p>Die un-sichtbare Stadt entsteht in Literatur und Film aus all jenen urbanen R\u00e4umen und Atmosph\u00e4ren, die auf den ersten Blick verborgen bleiben. Es sind die \u203aterrains vagues\u2039 in den Nischen der Stadt, die Lebensr\u00e4ume der Marginalisierten, die in illegalen Zeltcamps, besetzten H\u00e4usern, verlassenen Ruinen und in den <i>banlieues <\/i>leben. In diesen alternativen R\u00e4umen werden die Lebensgeschichten der zugleich sichtbaren und \u00fcbersehenen oder versteckten Bewohner*innen \u2013 <i>Sans-papiers<\/i>, <i>Sans domicile fixe<\/i>, jugendliche <i>r\u00f4deurs <\/i>und <i>zoneurs<\/i>, Ganoven und ihrer Verfolger \u2013 erz\u00e4hlt.<\/p>\n<p class=\"short\">Die Beitr\u00e4ge des Bandes bringen mittels kultur- und literaturwissenschaftlicher, stadt- und migrationssoziologischer Analysen diese urbanen R\u00e4ume und ihre jeweiligen Narrative zum Vorschein.<\/p>\n<p><a href=\"https:\/\/www.transcript-verlag.de\/detail\/index\/sArticle\/4454\/sCategory\/310000074\">Hier<\/a> kommen Sie zur Verlagsseite von transcript.<\/p>\n<\/div>\n<\/div>\n<\/div>\n","protected":false},"excerpt":{"rendered":"<p>Die un-sichtbare Stadt Urbane Perspektiven, alternative R\u00e4ume und Randfiguren in Literatur und Film Die un-sichtbare Stadt entsteht in Literatur und Film aus all jenen urbanen R\u00e4umen und Atmosph\u00e4ren, die auf den ersten Blick verborgen bleiben. Es sind die \u203aterrains vagues\u2039 &hellip; <a href=\"https:\/\/blogs.uni-bremen.de\/entzaubertestaedte\/unser-tagungsband\/\">Weiterlesen <span class=\"meta-nav\">&rarr;<\/span><\/a><\/p>\n","protected":false},"author":7893,"featured_media":0,"parent":0,"menu_order":0,"comment_status":"closed","ping_status":"closed","template":"","meta":{"_bbp_topic_count":0,"_bbp_reply_count":0,"_bbp_total_topic_count":0,"_bbp_total_reply_count":0,"_bbp_voice_count":0,"_bbp_anonymous_reply_count":0,"_bbp_topic_count_hidden":0,"_bbp_reply_count_hidden":0,"_bbp_forum_subforum_count":0,"footnotes":""},"class_list":["post-1122","page","type-page","status-publish","hentry"],"_links":{"self":[{"href":"https:\/\/blogs.uni-bremen.de\/entzaubertestaedte\/wp-json\/wp\/v2\/pages\/1122","targetHints":{"allow":["GET"]}}],"collection":[{"href":"https:\/\/blogs.uni-bremen.de\/entzaubertestaedte\/wp-json\/wp\/v2\/pages"}],"about":[{"href":"https:\/\/blogs.uni-bremen.de\/entzaubertestaedte\/wp-json\/wp\/v2\/types\/page"}],"author":[{"embeddable":true,"href":"https:\/\/blogs.uni-bremen.de\/entzaubertestaedte\/wp-json\/wp\/v2\/users\/7893"}],"replies":[{"embeddable":true,"href":"https:\/\/blogs.uni-bremen.de\/entzaubertestaedte\/wp-json\/wp\/v2\/comments?post=1122"}],"version-history":[{"count":7,"href":"https:\/\/blogs.uni-bremen.de\/entzaubertestaedte\/wp-json\/wp\/v2\/pages\/1122\/revisions"}],"predecessor-version":[{"id":1129,"href":"https:\/\/blogs.uni-bremen.de\/entzaubertestaedte\/wp-json\/wp\/v2\/pages\/1122\/revisions\/1129"}],"wp:attachment":[{"href":"https:\/\/blogs.uni-bremen.de\/entzaubertestaedte\/wp-json\/wp\/v2\/media?parent=1122"}],"curies":[{"name":"wp","href":"https:\/\/api.w.org\/{rel}","templated":true}]}}