{"id":23,"date":"2024-03-17T10:34:51","date_gmt":"2024-03-17T09:34:51","guid":{"rendered":"https:\/\/blogs.uni-bremen.de\/ehrstein\/?page_id=23"},"modified":"2024-04-01T01:02:31","modified_gmt":"2024-03-31T23:02:31","slug":"schlau-werkstatt","status":"publish","type":"page","link":"https:\/\/blogs.uni-bremen.de\/ehrstein\/schlau-werkstatt\/","title":{"rendered":"F\u00f6rderm\u00f6glichkeiten : SchlaU-Werkstatt"},"content":{"rendered":"<p>&nbsp;<\/p>\n<p><span style=\"font-size: 14pt\">Die SchlaU-Werkstatt wurde vom Schlau Tr\u00e4gerkreis Junge Fl\u00fcchtlinge e.V. in M\u00fcnchen und Michael Stenger gegr\u00fcndet. Er setzte sich daf\u00fcr ein, dass junge Gefl\u00fcchtete im Alter von 16 bis 21 Jahren ihr Recht auf Bildung wahrnehmen k\u00f6nnen und\u00a0 von der Erstalphabetisierung bis zum Schulabschluss begleiten werden.<\/span><\/p>\n<p><span style=\"font-size: 14pt\">Die Internetplattform SchlaU-Werkstatt beteiligt sich mithilfe der Onlinekurse an der Integration der Sch\u00fcler*innen und Erwachsenen. Diese wird als die Bem\u00fchung der Sch\u00fcler*innen, sich in die deutsche Gesellschaft integrieren, definiert. Das Ziel ist es, Deutschkenntnisse zu verbessern, aber auch kulturelle, mathematische und prim\u00e4re Kenntnisse im Bereich des Programmierens zu vermitteln.<\/span><\/p>\n<p><span style=\"font-size: 14pt\">Die Lernmaterialien, die erfasst werden, beinhalten haupts\u00e4chlich unterschiedliche Aufgaben f\u00fcr Sch\u00fcler*innen, damit sie ihr Lernverhalten, den Prozess des Lernens, den gemachten Fortschritt und die Ergebnisse sofort sehen und verstehen k\u00f6nnen.<\/span><\/p>\n<p><span style=\"font-size: 14pt\"><strong>Link<\/strong> : https:\/\/www.schlau-werkstatt.de\/<\/span><\/p>\n<p><span style=\"font-size: 14pt\">Die Anmeldung ist erf\u00f6rderlich<\/span><\/p>\n<p><img loading=\"lazy\" decoding=\"async\" class=\"size-medium wp-image-81 aligncenter\" src=\"https:\/\/blogs.uni-bremen.de\/ehrstein\/files\/Screenshot_2024-03-23-13-03-28-247-300x188.jpeg\" alt=\"\" width=\"300\" height=\"188\" srcset=\"https:\/\/blogs.uni-bremen.de\/ehrstein\/files\/Screenshot_2024-03-23-13-03-28-247-300x188.jpeg 300w, https:\/\/blogs.uni-bremen.de\/ehrstein\/files\/Screenshot_2024-03-23-13-03-28-247-1024x640.jpeg 1024w, https:\/\/blogs.uni-bremen.de\/ehrstein\/files\/Screenshot_2024-03-23-13-03-28-247-768x480.jpeg 768w, https:\/\/blogs.uni-bremen.de\/ehrstein\/files\/Screenshot_2024-03-23-13-03-28-247-1536x960.jpeg 1536w, https:\/\/blogs.uni-bremen.de\/ehrstein\/files\/Screenshot_2024-03-23-13-03-28-247-2048x1280.jpeg 2048w\" sizes=\"auto, (max-width: 300px) 100vw, 300px\" \/><\/p>\n<p><span style=\"font-size: 14pt\">Nach der Anmeldung stehen unterschiedliche Lernmaterialien, die kostenlos runter geladen werden k\u00f6nnen,\u00a0 in Niveau von A1 bis B2 .<\/span><\/p>\n<p>&nbsp;<\/p>\n<p><img loading=\"lazy\" decoding=\"async\" class=\"size-medium wp-image-84 aligncenter\" src=\"https:\/\/blogs.uni-bremen.de\/ehrstein\/files\/Screenshot_2024-03-21-09-23-23-469-300x188.jpeg\" alt=\"\" width=\"300\" height=\"188\" srcset=\"https:\/\/blogs.uni-bremen.de\/ehrstein\/files\/Screenshot_2024-03-21-09-23-23-469-300x188.jpeg 300w, https:\/\/blogs.uni-bremen.de\/ehrstein\/files\/Screenshot_2024-03-21-09-23-23-469-1024x640.jpeg 1024w, https:\/\/blogs.uni-bremen.de\/ehrstein\/files\/Screenshot_2024-03-21-09-23-23-469-768x480.jpeg 768w, https:\/\/blogs.uni-bremen.de\/ehrstein\/files\/Screenshot_2024-03-21-09-23-23-469-1536x960.jpeg 1536w, https:\/\/blogs.uni-bremen.de\/ehrstein\/files\/Screenshot_2024-03-21-09-23-23-469-2048x1280.jpeg 2048w\" sizes=\"auto, (max-width: 300px) 100vw, 300px\" \/><\/p>\n<p>&nbsp;<\/p>\n<p>&nbsp;<\/p>\n<p>&nbsp;<\/p>\n<p>&nbsp;<\/p>\n<p><span style=\"font-size: 14pt\">Die Aufgaben k\u00f6nnen direkt online ausgef\u00fcllt werden. Die Sch\u00fcler*innen m\u00fcsst nur das passende Niveau und Thema ausw\u00e4hlen.<\/span><\/p>\n<p>&nbsp;<\/p>\n<p><img loading=\"lazy\" decoding=\"async\" class=\"alignnone size-medium wp-image-89\" src=\"https:\/\/blogs.uni-bremen.de\/ehrstein\/files\/Screenshot_2024-03-25-15-32-51-866-300x188.jpeg\" alt=\"\" width=\"300\" height=\"188\" srcset=\"https:\/\/blogs.uni-bremen.de\/ehrstein\/files\/Screenshot_2024-03-25-15-32-51-866-300x188.jpeg 300w, https:\/\/blogs.uni-bremen.de\/ehrstein\/files\/Screenshot_2024-03-25-15-32-51-866-1024x640.jpeg 1024w, https:\/\/blogs.uni-bremen.de\/ehrstein\/files\/Screenshot_2024-03-25-15-32-51-866-768x480.jpeg 768w, https:\/\/blogs.uni-bremen.de\/ehrstein\/files\/Screenshot_2024-03-25-15-32-51-866-1536x960.jpeg 1536w, https:\/\/blogs.uni-bremen.de\/ehrstein\/files\/Screenshot_2024-03-25-15-32-51-866-2048x1280.jpeg 2048w\" sizes=\"auto, (max-width: 300px) 100vw, 300px\" \/> \u00a0\u00a0\u00a0\u00a0 <img loading=\"lazy\" decoding=\"async\" class=\"alignnone size-medium wp-image-86\" src=\"https:\/\/blogs.uni-bremen.de\/ehrstein\/files\/Screenshot_2024-03-25-15-34-55-369-300x188.jpeg\" alt=\"\" width=\"300\" height=\"188\" srcset=\"https:\/\/blogs.uni-bremen.de\/ehrstein\/files\/Screenshot_2024-03-25-15-34-55-369-300x188.jpeg 300w, https:\/\/blogs.uni-bremen.de\/ehrstein\/files\/Screenshot_2024-03-25-15-34-55-369-1024x640.jpeg 1024w, https:\/\/blogs.uni-bremen.de\/ehrstein\/files\/Screenshot_2024-03-25-15-34-55-369-768x480.jpeg 768w, https:\/\/blogs.uni-bremen.de\/ehrstein\/files\/Screenshot_2024-03-25-15-34-55-369-1536x960.jpeg 1536w, https:\/\/blogs.uni-bremen.de\/ehrstein\/files\/Screenshot_2024-03-25-15-34-55-369-2048x1280.jpeg 2048w\" sizes=\"auto, (max-width: 300px) 100vw, 300px\" \/><\/p>\n<p>&nbsp;<\/p>\n<p><img loading=\"lazy\" decoding=\"async\" class=\"alignnone size-medium wp-image-186\" src=\"https:\/\/blogs.uni-bremen.de\/ehrstein\/files\/Screenshot_2024-03-25-15-32-04-684-300x188.jpeg\" alt=\"\" width=\"300\" height=\"188\" srcset=\"https:\/\/blogs.uni-bremen.de\/ehrstein\/files\/Screenshot_2024-03-25-15-32-04-684-300x188.jpeg 300w, https:\/\/blogs.uni-bremen.de\/ehrstein\/files\/Screenshot_2024-03-25-15-32-04-684-1024x640.jpeg 1024w, https:\/\/blogs.uni-bremen.de\/ehrstein\/files\/Screenshot_2024-03-25-15-32-04-684-768x480.jpeg 768w, https:\/\/blogs.uni-bremen.de\/ehrstein\/files\/Screenshot_2024-03-25-15-32-04-684-1536x960.jpeg 1536w, https:\/\/blogs.uni-bremen.de\/ehrstein\/files\/Screenshot_2024-03-25-15-32-04-684-2048x1280.jpeg 2048w\" sizes=\"auto, (max-width: 300px) 100vw, 300px\" \/> \u00a0\u00a0\u00a0\u00a0 <img loading=\"lazy\" decoding=\"async\" class=\"alignnone size-medium wp-image-185\" src=\"https:\/\/blogs.uni-bremen.de\/ehrstein\/files\/Screenshot_2024-03-23-13-02-12-258-300x188.jpeg\" alt=\"\" width=\"300\" height=\"188\" srcset=\"https:\/\/blogs.uni-bremen.de\/ehrstein\/files\/Screenshot_2024-03-23-13-02-12-258-300x188.jpeg 300w, https:\/\/blogs.uni-bremen.de\/ehrstein\/files\/Screenshot_2024-03-23-13-02-12-258-1024x640.jpeg 1024w, https:\/\/blogs.uni-bremen.de\/ehrstein\/files\/Screenshot_2024-03-23-13-02-12-258-768x480.jpeg 768w, https:\/\/blogs.uni-bremen.de\/ehrstein\/files\/Screenshot_2024-03-23-13-02-12-258-1536x960.jpeg 1536w, https:\/\/blogs.uni-bremen.de\/ehrstein\/files\/Screenshot_2024-03-23-13-02-12-258-2048x1280.jpeg 2048w\" sizes=\"auto, (max-width: 300px) 100vw, 300px\" \/><\/p>\n<p><span style=\"font-size: 14pt\">Die L\u00f6sungen von den Aufgaben stehen auch\u00a0 am Ende der Materialien zur Verf\u00fcgung.<\/span><\/p>\n<p><span style=\"font-size: 14pt\">Die Lernmaterialien, die erfasst werden, beinhalten haupts\u00e4chlich unterschiedliche Aufgaben f\u00fcr Sch\u00fcler*innen, damit sie ihr Lernverhalten, den Prozess des Lernens, den gemachten Fortschritt und die Ergebnisse sofort sehen und verstehen k\u00f6nnen.<\/span><\/p>\n<p><span style=\"font-size: 14pt\">Um Lernprozesse erfolgreicher zu organisieren, k\u00f6nnen Lehrer*innen die Materialien runterladen und auf einem USB-Stick speichern. So k\u00f6nnen sie das gesamte Lernmaterial mit ins Klassenzimmer. Au\u00dferdem k\u00f6nnen die Lernmaterialien und \u00dcbungen online \u00fcber IPads ausgef\u00fcllt werden. Die Anzahl der richtigen L\u00f6sungen, erzielten Punkte oder bestandenen Tests sind unterschiedlich. Die \u00dcbungen k\u00f6nnen sich auf den Lernerfolg bzw. online beziehen.<\/span><\/p>\n<p>&nbsp;<\/p>\n","protected":false},"excerpt":{"rendered":"<p>&nbsp; Die SchlaU-Werkstatt wurde vom Schlau Tr\u00e4gerkreis Junge Fl\u00fcchtlinge e.V. in M\u00fcnchen und Michael Stenger gegr\u00fcndet. Er setzte sich daf\u00fcr ein, dass junge Gefl\u00fcchtete im Alter von 16 bis 21 Jahren ihr Recht auf Bildung wahrnehmen k\u00f6nnen und\u00a0 von der Erstalphabetisierung bis zum Schulabschluss begleiten werden. Die Internetplattform SchlaU-Werkstatt beteiligt sich mithilfe der Onlinekurse an [&hellip;]<\/p>\n","protected":false},"author":15330,"featured_media":0,"parent":0,"menu_order":3,"comment_status":"closed","ping_status":"closed","template":"","meta":{"_bbp_topic_count":0,"_bbp_reply_count":0,"_bbp_total_topic_count":0,"_bbp_total_reply_count":0,"_bbp_voice_count":0,"_bbp_anonymous_reply_count":0,"_bbp_topic_count_hidden":0,"_bbp_reply_count_hidden":0,"_bbp_forum_subforum_count":0,"footnotes":""},"class_list":["post-23","page","type-page","status-publish","hentry"],"_links":{"self":[{"href":"https:\/\/blogs.uni-bremen.de\/ehrstein\/wp-json\/wp\/v2\/pages\/23","targetHints":{"allow":["GET"]}}],"collection":[{"href":"https:\/\/blogs.uni-bremen.de\/ehrstein\/wp-json\/wp\/v2\/pages"}],"about":[{"href":"https:\/\/blogs.uni-bremen.de\/ehrstein\/wp-json\/wp\/v2\/types\/page"}],"author":[{"embeddable":true,"href":"https:\/\/blogs.uni-bremen.de\/ehrstein\/wp-json\/wp\/v2\/users\/15330"}],"replies":[{"embeddable":true,"href":"https:\/\/blogs.uni-bremen.de\/ehrstein\/wp-json\/wp\/v2\/comments?post=23"}],"version-history":[{"count":10,"href":"https:\/\/blogs.uni-bremen.de\/ehrstein\/wp-json\/wp\/v2\/pages\/23\/revisions"}],"predecessor-version":[{"id":208,"href":"https:\/\/blogs.uni-bremen.de\/ehrstein\/wp-json\/wp\/v2\/pages\/23\/revisions\/208"}],"wp:attachment":[{"href":"https:\/\/blogs.uni-bremen.de\/ehrstein\/wp-json\/wp\/v2\/media?parent=23"}],"curies":[{"name":"wp","href":"https:\/\/api.w.org\/{rel}","templated":true}]}}