{"id":20,"date":"2024-03-17T10:34:10","date_gmt":"2024-03-17T09:34:10","guid":{"rendered":"https:\/\/blogs.uni-bremen.de\/ehrstein\/?page_id=20"},"modified":"2024-04-01T01:14:26","modified_gmt":"2024-03-31T23:14:26","slug":"diskriminierung","status":"publish","type":"page","link":"https:\/\/blogs.uni-bremen.de\/ehrstein\/diskriminierung\/","title":{"rendered":"Diagnostik"},"content":{"rendered":"<p><span style=\"font-size: 24pt\"><strong>otu.lea und lea.Dashboard<\/strong><\/span><\/p>\n<p><span style=\"font-size: 14pt\">Die niedrigschwellige und f\u00f6rderdiagnostische Online-Testumgebung\u00a0<strong>otu.lea <\/strong>erm\u00f6glicht eine kostenfreie und anonyme Diagnostik der Alpha-Stufe in den Bereichen Lesen,Schreiben, Rechnen und Grammatik.<\/span><\/p>\n<p><span style=\"font-size: 14pt\">Mit der Onlinelernplattform <strong>otu.lea<\/strong> sollen verschiedene Ziele verfolgt werden, sowohl in Bezug auf Lehrer*innen als auch in Bezug auf Lernende:<\/span><\/p>\n<ul>\n<li><span style=\"font-size: 14pt\">Individueller Sprachniveau und Lernfortschritte von Lernenden im Bereich ihrer Deutschkenntnisse (Sch\u00fcler*innen oder Studierenden) beobachten und analysieren, wodurch Lehrende weiter in ihrer Arbeit unterst\u00fctzt werden k\u00f6nnen<\/span><\/li>\n<li><span style=\"font-size: 14pt\">Sch\u00fcler*innen sollen schnell Feedback erhalten, sowie erfolgreich auf sie individuell zugeschnittene Lernprozesse finden<\/span><\/li>\n<li><span style=\"font-size: 14pt\">Die Nutzung von \u00dcbungen auf <strong>otu.lea<\/strong>\u00a0 und <strong>lea.Dashboard<\/strong> hilft, damit der Diagnostik, der Prozess des Lernens, die Ergebnisse und Produktivit\u00e4t des Lernens beschleunigt werden.<\/span><\/li>\n<\/ul>\n<p>&nbsp;<\/p>\n<p><span style=\"font-size: 14pt\">F\u00fcr die Anmeldung wird ein pers\u00f6nlicher Code ben\u00f6tigt, falls ihr kein Code habt, klicken Sie auf &#8222;Nein&#8220;, und dann wird ein fertiger Code zur Verf\u00fcgung gestellt.<\/span><\/p>\n<p>&nbsp;<\/p>\n<p>&nbsp;<\/p>\n<p>&nbsp;<\/p>\n<p><img loading=\"lazy\" decoding=\"async\" class=\" wp-image-95 aligncenter\" src=\"https:\/\/blogs.uni-bremen.de\/ehrstein\/files\/Screenshot_2024-03-30-22-42-52-574-300x188.jpeg\" alt=\"\" width=\"456\" height=\"286\" srcset=\"https:\/\/blogs.uni-bremen.de\/ehrstein\/files\/Screenshot_2024-03-30-22-42-52-574-300x188.jpeg 300w, https:\/\/blogs.uni-bremen.de\/ehrstein\/files\/Screenshot_2024-03-30-22-42-52-574-1024x640.jpeg 1024w, https:\/\/blogs.uni-bremen.de\/ehrstein\/files\/Screenshot_2024-03-30-22-42-52-574-768x480.jpeg 768w, https:\/\/blogs.uni-bremen.de\/ehrstein\/files\/Screenshot_2024-03-30-22-42-52-574-1536x960.jpeg 1536w, https:\/\/blogs.uni-bremen.de\/ehrstein\/files\/Screenshot_2024-03-30-22-42-52-574-2048x1280.jpeg 2048w\" sizes=\"auto, (max-width: 456px) 100vw, 456px\" \/><\/p>\n<p>&nbsp;<\/p>\n<p><span style=\"font-size: 14pt\">Nach der Anmeldung k\u00f6nnen die Lernenden Aufgaben in den vier Bereichen Lesen, Schreiben, Sprachgef\u00fchl und Rechnen ausw\u00e4hlen. Hier gibst es 3 Niveaus : Einfach, Mittel und Schwer.<\/span><\/p>\n<p>&nbsp;<\/p>\n<p><img loading=\"lazy\" decoding=\"async\" class=\" wp-image-97 aligncenter\" src=\"https:\/\/blogs.uni-bremen.de\/ehrstein\/files\/Screenshot_2024-03-25-15-49-23-426-300x188.jpeg\" alt=\"\" width=\"445\" height=\"279\" srcset=\"https:\/\/blogs.uni-bremen.de\/ehrstein\/files\/Screenshot_2024-03-25-15-49-23-426-300x188.jpeg 300w, https:\/\/blogs.uni-bremen.de\/ehrstein\/files\/Screenshot_2024-03-25-15-49-23-426-1024x640.jpeg 1024w, https:\/\/blogs.uni-bremen.de\/ehrstein\/files\/Screenshot_2024-03-25-15-49-23-426-768x480.jpeg 768w, https:\/\/blogs.uni-bremen.de\/ehrstein\/files\/Screenshot_2024-03-25-15-49-23-426-1536x960.jpeg 1536w, https:\/\/blogs.uni-bremen.de\/ehrstein\/files\/Screenshot_2024-03-25-15-49-23-426-2048x1280.jpeg 2048w\" sizes=\"auto, (max-width: 445px) 100vw, 445px\" \/><\/p>\n<p>&nbsp;<\/p>\n<p><span style=\"font-size: 14pt\">Das <strong>lea.Dashboard<\/strong> ist eine digitale Auswertung , die in Einzelarbeit und Gruppenarbeit funktioniert, mit der Sie sich die Ergebnisse aus otu.lea darstellen lassen k\u00f6nnen.<\/span><\/p>\n<p><span style=\"font-size: 14pt\">Die Ergebnisse werden\u00a0 im<strong> lea.Dashboard<\/strong> f\u00fcr die Lehrkraft strukturiert und eindeutig erl\u00e4utert.<\/span><\/p>\n<p><img loading=\"lazy\" decoding=\"async\" class=\"size-medium wp-image-100 aligncenter\" src=\"https:\/\/blogs.uni-bremen.de\/ehrstein\/files\/Screenshot_2024-03-25-15-48-21-310-300x188.jpeg\" alt=\"\" width=\"300\" height=\"188\" srcset=\"https:\/\/blogs.uni-bremen.de\/ehrstein\/files\/Screenshot_2024-03-25-15-48-21-310-300x188.jpeg 300w, https:\/\/blogs.uni-bremen.de\/ehrstein\/files\/Screenshot_2024-03-25-15-48-21-310-1024x640.jpeg 1024w, https:\/\/blogs.uni-bremen.de\/ehrstein\/files\/Screenshot_2024-03-25-15-48-21-310-768x480.jpeg 768w, https:\/\/blogs.uni-bremen.de\/ehrstein\/files\/Screenshot_2024-03-25-15-48-21-310-1536x960.jpeg 1536w, https:\/\/blogs.uni-bremen.de\/ehrstein\/files\/Screenshot_2024-03-25-15-48-21-310-2048x1280.jpeg 2048w\" sizes=\"auto, (max-width: 300px) 100vw, 300px\" \/><\/p>\n<p><span style=\"font-size: 14pt\">Daraus k\u00f6nnen individuelle F\u00f6rderm\u00f6glichkeiten abgeleitet werden,z.B. Unterrichtsanpassung an das Lernverhalten von Lernenden, sowie angepasste Lehrstrategien (mit Audio- und Videofiles).<\/span><\/p>\n<p><img loading=\"lazy\" decoding=\"async\" class=\"size-medium wp-image-101 aligncenter\" src=\"https:\/\/blogs.uni-bremen.de\/ehrstein\/files\/Screenshot_2024-03-25-15-50-51-735-300x188.jpeg\" alt=\"\" width=\"300\" height=\"188\" srcset=\"https:\/\/blogs.uni-bremen.de\/ehrstein\/files\/Screenshot_2024-03-25-15-50-51-735-300x188.jpeg 300w, https:\/\/blogs.uni-bremen.de\/ehrstein\/files\/Screenshot_2024-03-25-15-50-51-735-1024x640.jpeg 1024w, https:\/\/blogs.uni-bremen.de\/ehrstein\/files\/Screenshot_2024-03-25-15-50-51-735-768x480.jpeg 768w, https:\/\/blogs.uni-bremen.de\/ehrstein\/files\/Screenshot_2024-03-25-15-50-51-735-1536x960.jpeg 1536w, https:\/\/blogs.uni-bremen.de\/ehrstein\/files\/Screenshot_2024-03-25-15-50-51-735-2048x1280.jpeg 2048w\" sizes=\"auto, (max-width: 300px) 100vw, 300px\" \/><\/p>\n<p><strong>otu.lea <\/strong>Link : https:\/\/otulea.lealernen.de\/willkommen<\/p>\n<p><b>lea.Dashboard <\/b>Link : https:\/\/dashboard.lealernen.de\/login<\/p>\n<p>&nbsp;<\/p>\n","protected":false},"excerpt":{"rendered":"<p>otu.lea und lea.Dashboard Die niedrigschwellige und f\u00f6rderdiagnostische Online-Testumgebung\u00a0otu.lea erm\u00f6glicht eine kostenfreie und anonyme Diagnostik der Alpha-Stufe in den Bereichen Lesen,Schreiben, Rechnen und Grammatik. Mit der Onlinelernplattform otu.lea sollen verschiedene Ziele verfolgt werden, sowohl in Bezug auf Lehrer*innen als auch in Bezug auf Lernende: Individueller Sprachniveau und Lernfortschritte von Lernenden im Bereich ihrer Deutschkenntnisse (Sch\u00fcler*innen oder [&hellip;]<\/p>\n","protected":false},"author":15330,"featured_media":0,"parent":0,"menu_order":2,"comment_status":"closed","ping_status":"closed","template":"","meta":{"_bbp_topic_count":0,"_bbp_reply_count":0,"_bbp_total_topic_count":0,"_bbp_total_reply_count":0,"_bbp_voice_count":0,"_bbp_anonymous_reply_count":0,"_bbp_topic_count_hidden":0,"_bbp_reply_count_hidden":0,"_bbp_forum_subforum_count":0,"footnotes":""},"class_list":["post-20","page","type-page","status-publish","hentry"],"_links":{"self":[{"href":"https:\/\/blogs.uni-bremen.de\/ehrstein\/wp-json\/wp\/v2\/pages\/20","targetHints":{"allow":["GET"]}}],"collection":[{"href":"https:\/\/blogs.uni-bremen.de\/ehrstein\/wp-json\/wp\/v2\/pages"}],"about":[{"href":"https:\/\/blogs.uni-bremen.de\/ehrstein\/wp-json\/wp\/v2\/types\/page"}],"author":[{"embeddable":true,"href":"https:\/\/blogs.uni-bremen.de\/ehrstein\/wp-json\/wp\/v2\/users\/15330"}],"replies":[{"embeddable":true,"href":"https:\/\/blogs.uni-bremen.de\/ehrstein\/wp-json\/wp\/v2\/comments?post=20"}],"version-history":[{"count":10,"href":"https:\/\/blogs.uni-bremen.de\/ehrstein\/wp-json\/wp\/v2\/pages\/20\/revisions"}],"predecessor-version":[{"id":212,"href":"https:\/\/blogs.uni-bremen.de\/ehrstein\/wp-json\/wp\/v2\/pages\/20\/revisions\/212"}],"wp:attachment":[{"href":"https:\/\/blogs.uni-bremen.de\/ehrstein\/wp-json\/wp\/v2\/media?parent=20"}],"curies":[{"name":"wp","href":"https:\/\/api.w.org\/{rel}","templated":true}]}}