{"id":15,"date":"2024-03-17T10:33:06","date_gmt":"2024-03-17T09:33:06","guid":{"rendered":"https:\/\/blogs.uni-bremen.de\/ehrstein\/?page_id=15"},"modified":"2024-04-01T01:24:53","modified_gmt":"2024-03-31T23:24:53","slug":"problemstellung","status":"publish","type":"page","link":"https:\/\/blogs.uni-bremen.de\/ehrstein\/problemstellung\/","title":{"rendered":"Problemstellung"},"content":{"rendered":"<p><img loading=\"lazy\" decoding=\"async\" class=\"size-medium wp-image-76 aligncenter\" src=\"https:\/\/blogs.uni-bremen.de\/ehrstein\/files\/Diskriminierung-300x300.png\" alt=\"\" width=\"300\" height=\"300\" srcset=\"https:\/\/blogs.uni-bremen.de\/ehrstein\/files\/Diskriminierung-300x300.png 300w, https:\/\/blogs.uni-bremen.de\/ehrstein\/files\/Diskriminierung-1024x1024.png 1024w, https:\/\/blogs.uni-bremen.de\/ehrstein\/files\/Diskriminierung-150x150.png 150w, https:\/\/blogs.uni-bremen.de\/ehrstein\/files\/Diskriminierung-768x768.png 768w, https:\/\/blogs.uni-bremen.de\/ehrstein\/files\/Diskriminierung-1536x1536.png 1536w, https:\/\/blogs.uni-bremen.de\/ehrstein\/files\/Diskriminierung-2048x2048.png 2048w\" sizes=\"auto, (max-width: 300px) 100vw, 300px\" \/><\/p>\n<p><span style=\"font-size: 14pt\">Von Zweitsprache und Zweitsprachenerwerb spricht man, wenn der Erwerb innerhalb der Zielkultur stattfindet, von Fremdspracheund Fremdsprachenerwerb, wenn der Erwerb im Kontext der Aus-Gangskultur geschieht.(Henrici\/Vollmer 2001, S.8).<\/span><\/p>\n<p><span style=\"font-size: 14pt\">Laut statistisches Bundesamt Von den rund 11,1 Millionen Sch\u00fclerinnen und Sch\u00fclern im Schuljahr 2022\/2023 haben 1,6 Millionen eine ausl\u00e4ndische Staatsb\u00fcrgerschaft. In den allgemeinbildenden Schulen stieg die Zahl der ausl\u00e4ndischen Sch\u00fclerinnen und Sch\u00fcler seit 2021 sogar um fast 22 Prozent.(Destatis 2023).<\/span><\/p>\n<p><span style=\"font-size: 14pt\">In der AKI-Forschungsbilanz wird die Sprache als \u201eInstrument der Integration und des Bildungserfolgs\u201c benannt (Esser 2006, S. 8). Sprache als Schl\u00fcssel zur Kommunikation und zum Verst\u00e4ndnis, aber auch als die M\u00f6glichkeit zur Teilnahme an Bildungsprozessen, stellt ein wichtiges Erfordernis f\u00fcr die Inanspruchnahme der verschiedenen Bildungschancen dar. Andererseits kann die Sprache sehr eng mit Diskriminierung verbunden sein, weil durch die Art und Weise zu sprechen (z. B. mit Akzent) auch als ein Zeichen der Fremdheit verstanden werden kann. In einigen F\u00e4llen kann dies negativen Folgen haben (vgl. ebd.). Durch Online plattformen k\u00f6nnen mehr Sicherheit und Privatsph\u00e4re gewonnen werden. Die Sch\u00fcler*innen k\u00f6nnen ohne Scham, f\u00fcr sich allein \u00fcben und mit Audiodateien an ihrer Aussprache und ihrem Akzent arbeiten.<\/span><\/p>\n<p><span style=\"font-size: 14pt\">Was soll f\u00fcr erfolgreiche Bildung im Bereich Deutsch als Zweitsprache mit Onlineplattformen gemacht werden, um Diskriminierung und Analphabetismus zu bek\u00e4mpfen:<\/span><\/p>\n<ul>\n<li><span style=\"font-size: 14pt\">\u00a0Die Lehrer*innen sollen eher eine individuelle Beurteilung f\u00fcr ihre Sch\u00fcler*innen geben.<\/span><\/li>\n<li><span style=\"font-size: 14pt\">\u00a0Bei der Auswahl von Lehrmaterialien sollten Lehrer*innen auf den sozialen Stand der Sch\u00fcler*innen achten.<\/span><\/li>\n<li><span style=\"font-size: 14pt\">\u00a0Die Lehrmaterialien sollten im Vorhinein gepr\u00fcft werden um m\u00f6glicherweise diskriminierende Elemente aus Unterrichtsmaterialien rechtzeitig zu l\u00f6schen .(Vgl.Kniffka\/Siebert-Ott 2023,S.28).<\/span><\/li>\n<\/ul>\n<div class=\"lyte-wrapper fourthree\" style=\"width:420px;max-width:100%;margin:5px;\"><div class=\"lyMe\" id=\"WYL_nURgTeFDGU0\"><div id=\"lyte_nURgTeFDGU0\" data-src=\"\/\/i.ytimg.com\/vi\/nURgTeFDGU0\/hqdefault.jpg\" class=\"pL\"><div class=\"tC\"><div class=\"tT\"><\/div><\/div><div class=\"play\"><\/div><div class=\"ctrl\"><div class=\"Lctrl\"><\/div><div class=\"Rctrl\"><\/div><\/div><\/div><noscript><a href=\"https:\/\/youtu.be\/nURgTeFDGU0\" rel=\"nofollow\"><img loading=\"lazy\" decoding=\"async\" src=\"https:\/\/i.ytimg.com\/vi\/nURgTeFDGU0\/0.jpg\" alt=\"YouTube-Video-Vorschaubild\" width=\"420\" height=\"295\" \/><br \/>Dieses Video auf YouTube ansehen<\/a><\/noscript><\/div><\/div><div class=\"lL\" style=\"max-width:100%;width:420px;margin:5px;\"><\/div><\/p>\n","protected":false},"excerpt":{"rendered":"<p>Von Zweitsprache und Zweitsprachenerwerb spricht man, wenn der Erwerb innerhalb der Zielkultur stattfindet, von Fremdspracheund Fremdsprachenerwerb, wenn der Erwerb im Kontext der Aus-Gangskultur geschieht.(Henrici\/Vollmer 2001, S.8). Laut statistisches Bundesamt Von den rund 11,1 Millionen Sch\u00fclerinnen und Sch\u00fclern im Schuljahr 2022\/2023 haben 1,6 Millionen eine ausl\u00e4ndische Staatsb\u00fcrgerschaft. In den allgemeinbildenden Schulen stieg die Zahl der ausl\u00e4ndischen [&hellip;]<\/p>\n","protected":false},"author":15330,"featured_media":0,"parent":0,"menu_order":1,"comment_status":"closed","ping_status":"closed","template":"","meta":{"_bbp_topic_count":0,"_bbp_reply_count":0,"_bbp_total_topic_count":0,"_bbp_total_reply_count":0,"_bbp_voice_count":0,"_bbp_anonymous_reply_count":0,"_bbp_topic_count_hidden":0,"_bbp_reply_count_hidden":0,"_bbp_forum_subforum_count":0,"footnotes":""},"class_list":["post-15","page","type-page","status-publish","hentry"],"_links":{"self":[{"href":"https:\/\/blogs.uni-bremen.de\/ehrstein\/wp-json\/wp\/v2\/pages\/15","targetHints":{"allow":["GET"]}}],"collection":[{"href":"https:\/\/blogs.uni-bremen.de\/ehrstein\/wp-json\/wp\/v2\/pages"}],"about":[{"href":"https:\/\/blogs.uni-bremen.de\/ehrstein\/wp-json\/wp\/v2\/types\/page"}],"author":[{"embeddable":true,"href":"https:\/\/blogs.uni-bremen.de\/ehrstein\/wp-json\/wp\/v2\/users\/15330"}],"replies":[{"embeddable":true,"href":"https:\/\/blogs.uni-bremen.de\/ehrstein\/wp-json\/wp\/v2\/comments?post=15"}],"version-history":[{"count":10,"href":"https:\/\/blogs.uni-bremen.de\/ehrstein\/wp-json\/wp\/v2\/pages\/15\/revisions"}],"predecessor-version":[{"id":214,"href":"https:\/\/blogs.uni-bremen.de\/ehrstein\/wp-json\/wp\/v2\/pages\/15\/revisions\/214"}],"wp:attachment":[{"href":"https:\/\/blogs.uni-bremen.de\/ehrstein\/wp-json\/wp\/v2\/media?parent=15"}],"curies":[{"name":"wp","href":"https:\/\/api.w.org\/{rel}","templated":true}]}}