{"id":2,"date":"2024-12-18T14:32:34","date_gmt":"2024-12-18T13:32:34","guid":{"rendered":"https:\/\/blogs.uni-bremen.de\/educache\/?page_id=2"},"modified":"2024-12-19T12:09:31","modified_gmt":"2024-12-19T11:09:31","slug":"beispiel-seite","status":"publish","type":"page","link":"https:\/\/blogs.uni-bremen.de\/educache\/beispiel-seite\/","title":{"rendered":"Es geht los!"},"content":{"rendered":"<p><i><span data-contrast=\"none\">Stelle dir vor, du entscheidest dich nach der Schule zu einer Ausbildung in einem Tischlereibetrieb. Zu Beginn f\u00fchlst du dich wohl und du verstehst dich gut mit deinen Arbeitskolleg*innen. In einer stressigen Woche mit einem wichtigen Auftrag verlangt deine Chefin von dir, die Mittagspause zu \u00fcberspringen \u2013 du h\u00e4ttest zu langsam gearbeitet und heute muss unbedingt ein Tagesziel erreicht werden, sonst w\u00fcrde der Auftrag nicht rechtzeitig fertig. Nach und nach h\u00e4ufen sich ihre Forderungen, gepaart mit dem Abverlangen von Wochenendarbeit und vielen \u00dcberstunden m\u00f6chtest du dir Hilfe suchen.<\/span><\/i><span data-ccp-props=\"{&quot;134233117&quot;:false,&quot;134233118&quot;:false,&quot;335551550&quot;:2,&quot;335551620&quot;:2,&quot;335557856&quot;:1118481,&quot;335559738&quot;:288,&quot;335559739&quot;:0}\">\u00a0<\/span><\/p>\n<p><b><span data-contrast=\"none\">Welche Institution in Bremen k\u00f6nnte dir dabei helfen, dich \u00fcber deine Rechte als Arbeitnehmer*in zu informieren und deiner Arbeitgeberin entgegenzutreten?<\/span><\/b><span data-ccp-props=\"{&quot;134233117&quot;:false,&quot;134233118&quot;:false,&quot;335551550&quot;:2,&quot;335551620&quot;:2,&quot;335557856&quot;:1118481,&quot;335559738&quot;:288,&quot;335559739&quot;:0}\">\u00a0<\/span><\/p>\n<p><span data-ccp-props=\"{}\">\u00a0<\/span><\/p>\n","protected":false},"excerpt":{"rendered":"<p>Stelle dir vor, du entscheidest dich nach der Schule zu einer Ausbildung in einem Tischlereibetrieb. Zu Beginn f\u00fchlst du dich wohl und du verstehst dich gut mit deinen Arbeitskolleg*innen. In einer stressigen Woche mit einem wichtigen Auftrag verlangt deine Chefin von dir, die Mittagspause zu \u00fcberspringen \u2013 du h\u00e4ttest zu langsam gearbeitet und heute muss [&hellip;]<\/p>\n","protected":false},"author":14331,"featured_media":0,"parent":0,"menu_order":0,"comment_status":"closed","ping_status":"open","template":"","meta":{"_bbp_topic_count":0,"_bbp_reply_count":0,"_bbp_total_topic_count":0,"_bbp_total_reply_count":0,"_bbp_voice_count":0,"_bbp_anonymous_reply_count":0,"_bbp_topic_count_hidden":0,"_bbp_reply_count_hidden":0,"_bbp_forum_subforum_count":0,"footnotes":""},"class_list":["post-2","page","type-page","status-publish","hentry"],"_links":{"self":[{"href":"https:\/\/blogs.uni-bremen.de\/educache\/wp-json\/wp\/v2\/pages\/2","targetHints":{"allow":["GET"]}}],"collection":[{"href":"https:\/\/blogs.uni-bremen.de\/educache\/wp-json\/wp\/v2\/pages"}],"about":[{"href":"https:\/\/blogs.uni-bremen.de\/educache\/wp-json\/wp\/v2\/types\/page"}],"author":[{"embeddable":true,"href":"https:\/\/blogs.uni-bremen.de\/educache\/wp-json\/wp\/v2\/users\/14331"}],"replies":[{"embeddable":true,"href":"https:\/\/blogs.uni-bremen.de\/educache\/wp-json\/wp\/v2\/comments?post=2"}],"version-history":[{"count":2,"href":"https:\/\/blogs.uni-bremen.de\/educache\/wp-json\/wp\/v2\/pages\/2\/revisions"}],"predecessor-version":[{"id":32,"href":"https:\/\/blogs.uni-bremen.de\/educache\/wp-json\/wp\/v2\/pages\/2\/revisions\/32"}],"wp:attachment":[{"href":"https:\/\/blogs.uni-bremen.de\/educache\/wp-json\/wp\/v2\/media?parent=2"}],"curies":[{"name":"wp","href":"https:\/\/api.w.org\/{rel}","templated":true}]}}