{"id":72,"date":"2011-11-14T16:27:10","date_gmt":"2011-11-14T14:27:10","guid":{"rendered":"http:\/\/blogs.uni-bremen.de\/draufhaber\/?page_id=72"},"modified":"2011-12-07T11:53:00","modified_gmt":"2011-12-07T09:53:00","slug":"pressemeldungen","status":"publish","type":"page","link":"https:\/\/blogs.uni-bremen.de\/draufhaber\/presse\/pressemeldungen\/","title":{"rendered":"Pressemeldungen"},"content":{"rendered":"<div>\n<h3><span style=\"text-decoration: underline\">Zum Projektstart<\/span><\/h3>\n<h3>Die Universit\u00e4t Bremen, das ifib und construktiv geben den Startschuss zur Entwicklung einer neuen Video-Communityplattform im Web 2.0<\/h3>\n<p>Serap Arslan ist begeistert \u2013 auf der Onlineplattform draufhaber.tv ist ihr selbst gedrehtes Video zu sehen, wie sie fachgerecht ein T-Shirt mit einem eigenen Muster bedruckt. Andere Benutzer haben Videokommentare geschrieben, in denen sie zeigen, wie sie mit Hilfe von Seraps Anleitung ein eigenes Siebdruck-Karussell nachgebaut haben. &#8222;Serap, tausend Dank f\u00fcr Deinen Checkerfilm. Ich hab jetzt auch damit angefangen, meine eigenen T-Shirts zu bedrucken. Alle fragen mich, woher ich die habe! Das macht voll Spa\u00df!&#8220; l\u00e4sst Malte, ein weiterer Benutzer, per Videobotschaft wissen.<\/p>\n<p>Diese Szene k\u00f6nnte in Zukunft wahr werden.<\/p>\n<p>Der Koordinator des f\u00fcr drei Jahre geplanten Projektes, Prof. Dr. Karsten D. Wolf vom Bremer Institut f\u00fcr Bildungsforschung (<a title=\"Medienp\u00e4dagogik\" href=\"http:\/\/www.fb12.uni-bremen.de\/de\/medienpaedagogik.html\" target=\"_blank\">www.fb12.uni-bremen.de<\/a>) erl\u00e4utert: \u201eAuf der Online-Plattform draufhaber.tv sollen zuk\u00fcnftig Jugendliche und junge Erwachsene ihre eigenen handwerklichen F\u00e4higkeiten und Fertigkeiten per Video dokumentieren und anderen erkl\u00e4ren.\u201c Die Universit\u00e4t Bremen (<a title=\"Universit\u00e4t Bremen\" href=\"http:\/\/www.uni-bremen.de\/\" target=\"_blank\">www.uni-bremen.de<\/a>) untersucht verschiedene Fragestellungen, z.B. was die Jugendlichen bei der Erstellung der Videos und durch deren Austausch lernen, ob sich sogenannte Lerngemeinschaften sowie Berufsbilder entwickeln oder ob es gegebenenfalls Probleme mit der gegenseitigen Kritik gibt. \u201eAu\u00dferdem werden sich die Jugendlichen mit diesen Videos bei Betrieben um einen Ausbildungsplatz bewerben k\u00f6nnen\u201c, erg\u00e4nzt Prof. Dr. Michael Gessler vom Institut f\u00fcr Technik und Bildung (<a title=\"Institut f\u00fcr Technik und Bildung\" href=\"http:\/\/itb.uni-bremen.de\/\" target=\"_blank\">www.itb.uni-bremen.de<\/a>).<\/p>\n<p>Das Projekt mit der Gesamtsumme von 1,6 Mio. \u20ac wird vom Bundesministerium f\u00fcr Bildung und Forschung gef\u00f6rdert. Beteiligt sind Forscherinnen und Forscher an der Universit\u00e4t Bremen, vom Institut f\u00fcr Informationsmanagement Bremen (<a title=\"Informationsmanagement Bremen\" href=\"http:\/\/www.ifib.de\/\" target=\"_blank\">www.ifib.de<\/a>) sowie Bremens Web 2.0 Vorzeigeagentur construktiv (<a title=\"http:\/\/www.construktiv.de\" href=\"http:\/\/www.construktiv.de\/\" target=\"_blank\">www.construktiv.de<\/a>), die u.a. erfolgreiche Dienste wie Mister Wong (<a title=\"http:\/\/www.mister-wong.de\" href=\"http:\/\/www.mister-wong.de\/\" target=\"_blank\">www.mister-wong.de<\/a>) betreiben. Deren Gesch\u00e4ftsf\u00fchrer Tobias Ihde weist auf die strategische Bedeutung des Projektes f\u00fcr seine Firma hin: &#8222;Video ist mittlerweile das zentrale Thema im Internet. Die Beteiligung an diesem Projekt sichert uns technische Kompetenz in diesem wichtigen Wachstumsmarkt.&#8220; Auch Prof. Dr. Andreas Breiter vom ifib ist sich sicher: &#8222;Dieses Projekt positioniert Bremen deutlich sichtbar auf der Web 2.0 Landkarte. Wir werden insbesondere daf\u00fcr sorgen, dass das draufhaber.tv Portal dabei strengen Anforderungen an den Datenschutz und das Urheberrecht entspricht. Gerade Jugendliche ver\u00f6ffentlichen heutzutage viele pers\u00f6nliche Daten auf Online-Plattformen, ohne sich \u00fcber die Konsequenzen bewusst zu sein.&#8220;<\/p>\n<p>F\u00fcr die Jugendlichen soll die Plattform neben einer Menge Spa\u00df vor allem die Chance auf einen Arbeitsplatz verbessern \u2013 trotzt schlechter Noten oder fehlendem Schulabschluss. Draufhaber.tv wird in der zweiten H\u00e4lfte des Jahres online gehen und verspricht eine echte Bereicherung f\u00fcr die Bremer Onlinelandschaft zu werden.<\/p>\n<\/div>\n","protected":false},"excerpt":{"rendered":"<p>Zum Projektstart Die Universit\u00e4t Bremen, das ifib und construktiv geben den Startschuss zur Entwicklung einer neuen Video-Communityplattform im Web 2.0 Serap Arslan ist begeistert \u2013 auf der Onlineplattform draufhaber.tv ist ihr selbst gedrehtes Video zu sehen, wie sie fachgerecht ein T-Shirt mit einem eigenen Muster bedruckt. Andere Benutzer haben Videokommentare geschrieben, in denen sie zeigen, [&hellip;]<\/p>\n","protected":false},"author":531,"featured_media":0,"parent":84,"menu_order":20,"comment_status":"closed","ping_status":"open","template":"","meta":{"_bbp_topic_count":0,"_bbp_reply_count":0,"_bbp_total_topic_count":0,"_bbp_total_reply_count":0,"_bbp_voice_count":0,"_bbp_anonymous_reply_count":0,"_bbp_topic_count_hidden":0,"_bbp_reply_count_hidden":0,"_bbp_forum_subforum_count":0,"footnotes":""},"class_list":["post-72","page","type-page","status-publish","hentry"],"_links":{"self":[{"href":"https:\/\/blogs.uni-bremen.de\/draufhaber\/wp-json\/wp\/v2\/pages\/72","targetHints":{"allow":["GET"]}}],"collection":[{"href":"https:\/\/blogs.uni-bremen.de\/draufhaber\/wp-json\/wp\/v2\/pages"}],"about":[{"href":"https:\/\/blogs.uni-bremen.de\/draufhaber\/wp-json\/wp\/v2\/types\/page"}],"author":[{"embeddable":true,"href":"https:\/\/blogs.uni-bremen.de\/draufhaber\/wp-json\/wp\/v2\/users\/531"}],"replies":[{"embeddable":true,"href":"https:\/\/blogs.uni-bremen.de\/draufhaber\/wp-json\/wp\/v2\/comments?post=72"}],"version-history":[{"count":1,"href":"https:\/\/blogs.uni-bremen.de\/draufhaber\/wp-json\/wp\/v2\/pages\/72\/revisions"}],"predecessor-version":[{"id":73,"href":"https:\/\/blogs.uni-bremen.de\/draufhaber\/wp-json\/wp\/v2\/pages\/72\/revisions\/73"}],"up":[{"embeddable":true,"href":"https:\/\/blogs.uni-bremen.de\/draufhaber\/wp-json\/wp\/v2\/pages\/84"}],"wp:attachment":[{"href":"https:\/\/blogs.uni-bremen.de\/draufhaber\/wp-json\/wp\/v2\/media?parent=72"}],"curies":[{"name":"wp","href":"https:\/\/api.w.org\/{rel}","templated":true}]}}