{"id":13,"date":"2014-05-13T16:00:06","date_gmt":"2014-05-13T14:00:06","guid":{"rendered":"http:\/\/blogs.uni-bremen.de\/digithaler\/?page_id=13"},"modified":"2014-05-15T01:33:57","modified_gmt":"2014-05-14T23:33:57","slug":"lernprojekt-bakkalaurea","status":"publish","type":"page","link":"https:\/\/blogs.uni-bremen.de\/digithaler\/lernprojekt-bakkalaurea\/","title":{"rendered":"Lernprojekt: Bakkalaurea"},"content":{"rendered":"<p>&#8230; oder neudeutsch: <em><strong>Bachelorette<\/strong><\/em> \ud83d\ude09<a href=\"http:\/\/blogs.uni-bremen.de\/digithaler\/files\/2014\/05\/Bachelor.png\" data-rel=\"lightbox-image-0\" data-rl_title=\"\" data-rl_caption=\"\" title=\"\"><img loading=\"lazy\" decoding=\"async\" class=\"alignnone size-medium wp-image-20\" src=\"http:\/\/blogs.uni-bremen.de\/digithaler\/files\/2014\/05\/Bachelor-288x300.png\" alt=\"Bachelor\" width=\"288\" height=\"300\" srcset=\"https:\/\/blogs.uni-bremen.de\/digithaler\/files\/2014\/05\/Bachelor-288x300.png 288w, https:\/\/blogs.uni-bremen.de\/digithaler\/files\/2014\/05\/Bachelor.png 493w\" sizes=\"auto, (max-width: 288px) 100vw, 288px\" \/><\/a><\/p>\n<p>Mein Ziel dieses Semester ist es, meine Bachelor abzuschlie\u00dfen. Dazu sind zum einen noch ein paar Veranstaltungen abzuschlie\u00dfen, zum anderen m\u00fcssen die erbrachten Leistungen auch rechtzeitig eingetragen werden &#8211; die Erz\u00e4hlungen vorheriger Jahrg\u00e4nge werden sich hoffentlich nicht <del>erneut<\/del> bewahrheiten &#8211; und nebenbei m\u00fcssen Veranstaltungen absolviert werden, die f\u00fcr dieses Semesterziel zwar nicht ben\u00f6tigt werden, aber dringend erforderlich sind, damit ich irgendwann auch einmal meinen Masterabschluss in H\u00e4nden halten kann \ud83d\ude42 <del>&#8211; hei\u00dft das dann eigentlich analog Masterette? o.O<\/del><\/p>\n<p>Fast h\u00e4tte ich es vergessen &#8230; eine Bachelorarbeit muss ja noch <del>mal eben nebenbei<\/del> geschrieben werden. Sicherlich der Bereich \u00fcber den ich hier in diesem Blog neben den organisatorischen Querenzen am meisten schreiben werde.<\/p>\n<p>Gro\u00dfe Schwierigkeiten sehe ich darin mein Semester und die Herangehensweise an die Bachelorarbeit zu strukturieren.<\/p>\n<p>Zeitnot ist hier wirklich etwas in das ich in diesem Zusammenhang auf keinen Fall kommen will. Auch das Verfassen einer eigenst\u00e4ndigen <del>l\u00e4ngeren<\/del> wissenschaftlichen Arbeit mit Literaturverweisen etc. ist f\u00fcr mich noch Neuland und ich hoffe hier ein paar n\u00fctzliche Tools zu finden, die mir <del>im Entstehungsprozess<\/del> helfen k\u00f6nnen.<\/p>\n","protected":false},"excerpt":{"rendered":"<p>&#8230; oder neudeutsch: Bachelorette \ud83d\ude09 Mein Ziel dieses Semester ist es, meine Bachelor abzuschlie\u00dfen. Dazu sind zum einen noch ein paar Veranstaltungen abzuschlie\u00dfen, zum anderen m\u00fcssen die erbrachten Leistungen auch rechtzeitig eingetragen werden &#8211; die Erz\u00e4hlungen vorheriger Jahrg\u00e4nge werden sich &hellip; <a href=\"https:\/\/blogs.uni-bremen.de\/digithaler\/lernprojekt-bakkalaurea\/\">Weiterlesen <span class=\"meta-nav\">&rarr;<\/span><\/a><\/p>\n","protected":false},"author":905,"featured_media":0,"parent":0,"menu_order":0,"comment_status":"open","ping_status":"open","template":"","meta":{"_bbp_topic_count":0,"_bbp_reply_count":0,"_bbp_total_topic_count":0,"_bbp_total_reply_count":0,"_bbp_voice_count":0,"_bbp_anonymous_reply_count":0,"_bbp_topic_count_hidden":0,"_bbp_reply_count_hidden":0,"_bbp_forum_subforum_count":0,"footnotes":""},"class_list":["post-13","page","type-page","status-publish","hentry"],"_links":{"self":[{"href":"https:\/\/blogs.uni-bremen.de\/digithaler\/wp-json\/wp\/v2\/pages\/13","targetHints":{"allow":["GET"]}}],"collection":[{"href":"https:\/\/blogs.uni-bremen.de\/digithaler\/wp-json\/wp\/v2\/pages"}],"about":[{"href":"https:\/\/blogs.uni-bremen.de\/digithaler\/wp-json\/wp\/v2\/types\/page"}],"author":[{"embeddable":true,"href":"https:\/\/blogs.uni-bremen.de\/digithaler\/wp-json\/wp\/v2\/users\/905"}],"replies":[{"embeddable":true,"href":"https:\/\/blogs.uni-bremen.de\/digithaler\/wp-json\/wp\/v2\/comments?post=13"}],"version-history":[{"count":0,"href":"https:\/\/blogs.uni-bremen.de\/digithaler\/wp-json\/wp\/v2\/pages\/13\/revisions"}],"wp:attachment":[{"href":"https:\/\/blogs.uni-bremen.de\/digithaler\/wp-json\/wp\/v2\/media?parent=13"}],"curies":[{"name":"wp","href":"https:\/\/api.w.org\/{rel}","templated":true}]}}