{"id":37,"date":"2021-01-18T16:19:34","date_gmt":"2021-01-18T15:19:34","guid":{"rendered":"https:\/\/blogs.uni-bremen.de\/digitales\/?page_id=37"},"modified":"2021-01-18T17:16:44","modified_gmt":"2021-01-18T16:16:44","slug":"blog","status":"publish","type":"page","link":"https:\/\/blogs.uni-bremen.de\/digitales\/blog\/","title":{"rendered":"Blog"},"content":{"rendered":"<p><div class=\"et_d4_element et_pb_section et_pb_section_0 et_pb_with_background  et_pb_css_mix_blend_mode et_section_regular et_block_section\" >\n\t\t\t\t\n\t\t\t\t\n\t\t\t\t\n\t\t\t\t\n\t\t\t\t\n\t\t\t\t\n\t\t\t\t<div class=\"et_d4_element et_pb_row et_pb_row_0  et_pb_css_mix_blend_mode et_block_row\">\n\t\t\t\t<div class=\"et_d4_element et_pb_column_4_4 et_pb_column et_pb_column_0  et_pb_css_mix_blend_mode et-last-child et_block_column\">\n\t\t\t\t\n\t\t\t\t\n\t\t\t\t\n\t\t\t\t\n\t\t\t\t<div class=\"et_pb_module et_d4_element et_pb_text et_pb_text_0  et_pb_text_align_left et_pb_bg_layout_light\">\n\t\t\t\t\n\t\t\t\t\n\t\t\t\t\n\t\t\t\t\n\t\t\t\t<div class=\"et_pb_text_inner\"><h1>Der Blog<\/h1>\n<h2>Spannende und aktuelle Beitr\u00e4ge zum Thema Digitalisierung<\/h2><\/div>\n\t\t\t<\/div>\n\t\t\t<\/div>\n\t\t\t\t\n\t\t\t\t\n\t\t\t\t\n\t\t\t\t\n\t\t\t<\/div>\n\t\t\t\t\n\t\t\t\t\n\t\t\t<\/div><div class=\"et_d4_element et_pb_section et_pb_section_1  et_pb_css_mix_blend_mode et_section_specialty et_block_section\" >\n\t\t\t\t\n\t\t\t\t\n\t\t\t\t\n\t\t\t\t\n\t\t\t\t\n\t\t\t\t<div class=\"et_pb_row et_block_row et_d4_element\">\n\t\t\t\t<div class=\"et_d4_element et_pb_column_3_4 et_pb_column et_pb_column_1   et_pb_specialty_column  et_pb_css_mix_blend_mode et_block_column\">\n\t\t\t\t\n\t\t\t\t\n\t\t\t\t\n\t\t\t\t\n\t\t\t\t<div class=\"et_d4_element et_pb_row_inner et_pb_row_inner_0  et_pb_css_mix_blend_mode et_block_row\">\n\t\t\t\t<div class=\"et_pb_column et_pb_column_4_4 et_d4_element et_pb_column_inner et_pb_column_inner_0  et_pb_css_mix_blend_mode et-last-child et_block_column\">\n\t\t\t\t\n\t\t\t\t\n\t\t\t\t\n\t\t\t\t\n\t\t\t\t<div class=\"et_pb_module et_d4_element et_pb_blog_0  et_pb_css_mix_blend_mode et_pb_posts et_pb_bg_layout_light \">\n\t\t\t\t\n\t\t\t\t\n\t\t\t\t\n\t\t\t\t\n\t\t\t\t<div class=\"et_pb_ajax_pagination_container\">\n\t\t\t\t\t\n\t\t\t<article id=\"post-858\" class=\"et_pb_post clearfix et_pb_no_thumb et_pb_blog_item_0_0 post-858 post type-post status-publish format-standard hentry tag-interview tag-lehrredaktion tag-podcast tag-seminar tag-stud-ip tag-unibits tag-veranstaltung tag-weser-kurier\">\n\n\t\t\t\t\n\t\t\t\t\t\t\t\t\t\t\t\t\t\t<h2 class=\"entry-title\">\n\t\t\t\t\t\t\t\t\t\t\t\t\t<a href=\"https:\/\/blogs.uni-bremen.de\/digitales\/2022\/06\/29\/aktuelles-von-unibits-lehrredaktions-seminar-und-interview-im-weser-kurier\/\">Aktuelles von UniBits &#8211; Lehrredaktions-Seminar und Interview im Weser-Kurier<\/a>\n\t\t\t\t\t\t\t\t\t\t\t<\/h2>\n\t\t\t\t\n\t\t\t\t\t<p class=\"post-meta\">von <span class=\"author vcard\"><a href=\"https:\/\/blogs.uni-bremen.de\/digitales\/author\/cmundt\/\" title=\"Beitr\u00e4ge von Christian Mundt\" rel=\"author\">Christian Mundt<\/a><\/span> | <span class=\"published\">Juni 29, 2022<\/span> | <\/p><div class=\"post-content\"><div class=\"post-content-inner\"><p>Viel passiert im Moment hinter den Kulissen von UniBits. Seit Beginn des Jahres sind wir flei\u00dfig dabei, den Podcast im Rahmen eines Seminars in das Lehrangebot der Universit\u00e4t Bremen einzugliedern. Langfristig soll dieser Teil der Veranstaltung \"Podcast -...<\/p>\n<\/div><\/div>\t\t\t\n\t\t\t<\/article>\n\t\t\t\t\n\t\t\t<article id=\"post-794\" class=\"et_pb_post clearfix et_pb_no_thumb et_pb_blog_item_0_1 post-794 post type-post status-publish format-standard hentry category-allgemein tag-digitalchangemaker tag-digitalisierung tag-event tag-hfd tag-hochschulforum-digitalisierung tag-podcast tag-studiwoche tag-unibits tag-vernetzung tag-zukunfts-ag\">\n\n\t\t\t\t\n\t\t\t\t\t\t\t\t\t\t\t\t\t\t<h2 class=\"entry-title\">\n\t\t\t\t\t\t\t\t\t\t\t\t\t<a href=\"https:\/\/blogs.uni-bremen.de\/digitales\/2021\/11\/22\/save-the-date-unibits-podcast-meets-digitalchangemaker\/\">Save the Date: UniBits-Podcast meets DigitalChangeMaker<\/a>\n\t\t\t\t\t\t\t\t\t\t\t<\/h2>\n\t\t\t\t\n\t\t\t\t\t<p class=\"post-meta\">von <span class=\"author vcard\"><a href=\"https:\/\/blogs.uni-bremen.de\/digitales\/author\/cmundt\/\" title=\"Beitr\u00e4ge von Christian Mundt\" rel=\"author\">Christian Mundt<\/a><\/span> | <span class=\"published\">Nov. 22, 2021<\/span> | <a href=\"https:\/\/blogs.uni-bremen.de\/digitales\/category\/allgemein\/\" rel=\"tag\">Allgemein<\/a><\/p><div class=\"post-content\"><div class=\"post-content-inner\"><p>Du hast kritische Meinungen und spannende Ideen, wie die Hochschulen der Zukunft aussehen sollten? Du willst etwas bewirken und gemeinsam mit einer studentischen Community aus ganz Deutschland die digitale Transformation an Hochschulen aktiv mitgestalten? Dann bist du...<\/p>\n<\/div><\/div>\t\t\t\n\t\t\t<\/article>\n\t\t\t\t\n\t\t\t<article id=\"post-744\" class=\"et_pb_post clearfix et_pb_no_thumb et_pb_blog_item_0_2 post-744 post type-post status-publish format-standard hentry tag-podcast\">\n\n\t\t\t\t\n\t\t\t\t\t\t\t\t\t\t\t\t\t\t<h2 class=\"entry-title\">\n\t\t\t\t\t\t\t\t\t\t\t\t\t<a href=\"https:\/\/blogs.uni-bremen.de\/digitales\/2021\/11\/10\/ich-komme-einmal-im-monat\/\">Ich komme einmal im Monat.<\/a>\n\t\t\t\t\t\t\t\t\t\t\t<\/h2>\n\t\t\t\t\n\t\t\t\t\t<p class=\"post-meta\">von <span class=\"author vcard\"><a href=\"https:\/\/blogs.uni-bremen.de\/digitales\/author\/cmundt\/\" title=\"Beitr\u00e4ge von Christian Mundt\" rel=\"author\">Christian Mundt<\/a><\/span> | <span class=\"published\">Nov. 10, 2021<\/span> | <\/p><div class=\"post-content\"><div class=\"post-content-inner\"><p>Nachdem wir im August mit euch nach einpr\u00e4gsamen Spr\u00fcchen f\u00fcr unseren Podcast gesucht haben, ist es nun endlich soweit: Frisch aus dem Druck sind unsere Sticker und Plakate da! Habt ihr uns schon irgendwo in Bremen entdeckt? Dann schickt uns unbedingt ein Bild davon....<\/p>\n<\/div><\/div>\t\t\t\n\t\t\t<\/article>\n\t\t\t\t\n\t\t\t<article id=\"post-722\" class=\"et_pb_post clearfix et_pb_no_thumb et_pb_blog_item_0_3 post-722 post type-post status-publish format-standard hentry tag-podcast\">\n\n\t\t\t\t\n\t\t\t\t\t\t\t\t\t\t\t\t\t\t<h2 class=\"entry-title\">\n\t\t\t\t\t\t\t\t\t\t\t\t\t<a href=\"https:\/\/blogs.uni-bremen.de\/digitales\/2021\/11\/08\/mental-health-matters-folge-3-ist-online\/\">Mental Health Matters &#8211; UniBits Folge 3 ist online!<\/a>\n\t\t\t\t\t\t\t\t\t\t\t<\/h2>\n\t\t\t\t\n\t\t\t\t\t<p class=\"post-meta\">von <span class=\"author vcard\"><a href=\"https:\/\/blogs.uni-bremen.de\/digitales\/author\/cmundt\/\" title=\"Beitr\u00e4ge von Christian Mundt\" rel=\"author\">Christian Mundt<\/a><\/span> | <span class=\"published\">Nov. 8, 2021<\/span> | <\/p><div class=\"post-content\"><div class=\"post-content-inner\"><p>Die Covid-19-Pandemie dauert nun schon fast zwei Jahre an und stellt eine Herausforderung f\u00fcr ganz verschiedene Gruppen und Bereiche des Lebens dar. So auch f\u00fcr Studierende und Lehrende an Hochschulen und Universit\u00e4ten, die in der \u00f6ffentlichen Debatte allerdings oft...<\/p>\n<\/div><\/div>\t\t\t\n\t\t\t<\/article>\n\t\t\t\t\n\t\t\t<article id=\"post-551\" class=\"et_pb_post clearfix et_pb_no_thumb et_pb_blog_item_0_4 post-551 post type-post status-publish format-standard hentry category-allgemein\">\n\n\t\t\t\t\n\t\t\t\t\t\t\t\t\t\t\t\t\t\t<h2 class=\"entry-title\">\n\t\t\t\t\t\t\t\t\t\t\t\t\t<a href=\"https:\/\/blogs.uni-bremen.de\/digitales\/2021\/04\/29\/ueber-stugen-unter-stugen\/\">\u00dcber Stugen: Unter Stugen<\/a>\n\t\t\t\t\t\t\t\t\t\t\t<\/h2>\n\t\t\t\t\n\t\t\t\t\t<p class=\"post-meta\">von <span class=\"author vcard\"><a href=\"https:\/\/blogs.uni-bremen.de\/digitales\/author\/gruenhag\/\" title=\"Beitr\u00e4ge von Rebecca\" rel=\"author\">Rebecca<\/a><\/span> | <span class=\"published\">Apr. 29, 2021<\/span> | <a href=\"https:\/\/blogs.uni-bremen.de\/digitales\/category\/allgemein\/\" rel=\"tag\">Allgemein<\/a><\/p><div class=\"post-content\"><div class=\"post-content-inner\"><p>Mittlerweile durften wir schon einige Stugen besuchen und konnten wertvolle Einblicke in die vergangenen, digitalen Semester bekommen. Wir sind dabei auf viele spannende Projekte und Ideen zur Vernetzung gesto\u00dfen, die wir Euch nat\u00fcrlich nicht vorenthalten wollen....<\/p>\n<\/div><\/div>\t\t\t\n\t\t\t<\/article>\n\t\t\t\t\n\t\t\t<article id=\"post-536\" class=\"et_pb_post clearfix et_pb_no_thumb et_pb_blog_item_0_5 post-536 post type-post status-publish format-standard hentry tag-podcast\">\n\n\t\t\t\t\n\t\t\t\t\t\t\t\t\t\t\t\t\t\t<h2 class=\"entry-title\">\n\t\t\t\t\t\t\t\t\t\t\t\t\t<a href=\"https:\/\/blogs.uni-bremen.de\/digitales\/2021\/04\/23\/unibits-bit-by-bit-zum-podcast\/\">UniBits \u2013 bit by bit zum Podcast<\/a>\n\t\t\t\t\t\t\t\t\t\t\t<\/h2>\n\t\t\t\t\n\t\t\t\t\t<p class=\"post-meta\">von <span class=\"author vcard\"><a href=\"https:\/\/blogs.uni-bremen.de\/digitales\/author\/hanschmi\/\" title=\"Beitr\u00e4ge von Hannah Schmidt\" rel=\"author\">Hannah Schmidt<\/a><\/span> | <span class=\"published\">Apr. 23, 2021<\/span> | <\/p><div class=\"post-content\"><div class=\"post-content-inner\"><p>Vom KI-Roboter bis zur Pr\u00fcfung online \u2013 spannende digitale Geschichten aus der Uni gibt es viele. Wir erz\u00e4hlen sie (mit)\u00a0euch! UniBits wird von Studierenden der Universit\u00e4t Bremen im Sinne einer offenen Redaktion produziert und erscheint monatlich auf allen g\u00e4ngigen...<\/p>\n<\/div><\/div>\t\t\t\n\t\t\t<\/article>\n\t\t\t\t\n\t\t\t<article id=\"post-410\" class=\"et_pb_post clearfix et_pb_no_thumb et_pb_blog_item_0_6 post-410 post type-post status-publish format-standard hentry category-allgemein\">\n\n\t\t\t\t\n\t\t\t\t\t\t\t\t\t\t\t\t\t\t<h2 class=\"entry-title\">\n\t\t\t\t\t\t\t\t\t\t\t\t\t<a href=\"https:\/\/blogs.uni-bremen.de\/digitales\/2020\/12\/09\/zwischen-zwei-welten-vr-workshop-zu-mozilla-hubs-ein-erfahrungsbericht\/\">Zwischen zwei Welten &#8211; VR-Workshop zu \u201eMozilla Hubs\u201c: Ein Erfahrungsbericht<\/a>\n\t\t\t\t\t\t\t\t\t\t\t<\/h2>\n\t\t\t\t\n\t\t\t\t\t<p class=\"post-meta\">von <span class=\"author vcard\"><a href=\"https:\/\/blogs.uni-bremen.de\/digitales\/author\/cmundt\/\" title=\"Beitr\u00e4ge von Christian Mundt\" rel=\"author\">Christian Mundt<\/a><\/span> | <span class=\"published\">Dez. 9, 2020<\/span> | <a href=\"https:\/\/blogs.uni-bremen.de\/digitales\/category\/allgemein\/\" rel=\"tag\">Allgemein<\/a><\/p><div class=\"post-content\"><div class=\"post-content-inner\"><p>\u201cKann ich dir weiterhelfen?\u201d - Vor mir steht einer der Organisatoren und bietet mir seine Hilfe an. Ich bin gerade dem Veranstaltungsraum beigetreten und komplett \u00fcberfordert. Als meine Reaktion ausbleibt, wiederholt der Mann sein Angebot. Hektisch suche ich nach...<\/p>\n<\/div><\/div>\t\t\t\n\t\t\t<\/article>\n\t\t\t\t<div><div class=\"pagination clearfix\">\n\t<div class=\"alignleft\"><\/div>\n\t<div class=\"alignright\"><\/div>\n<\/div><\/div><\/div>\n\t\t\t\t<\/div>\n\t\t\t\t \n\t\t\t<\/div>\n\t\t\t\t\n\t\t\t\t\n\t\t\t\t\n\t\t\t\t\n\t\t\t<\/div>\n\t\t\t<\/div><div class=\"et_d4_element et_pb_column_1_4 et_pb_column et_pb_column_2    et_pb_css_mix_blend_mode et_block_column\">\n\t\t\t\t\n\t\t\t\t\n\t\t\t\t\n\t\t\t\t\n\t\t\t\t<div class=\"et_pb_module et_d4_element et_pb_sidebar_0 et_pb_widget_area clearfix et_pb_widget_area_left et_pb_bg_layout_light\">\n\t\t\t\t\n\t\t\t\t\n\t\t\t\t\n\t\t\t\t\n\t\t\t\t<div id=\"search-2\" class=\"et_pb_widget widget_search\"><form role=\"search\" method=\"get\" id=\"searchform\" class=\"searchform\" action=\"https:\/\/blogs.uni-bremen.de\/digitales\/\">\n\t\t\t\t<div>\n\t\t\t\t\t<label class=\"screen-reader-text\" for=\"s\">Suche nach:<\/label>\n\t\t\t\t\t<input type=\"text\" value=\"\" name=\"s\" id=\"s\" \/>\n\t\t\t\t\t<input type=\"submit\" id=\"searchsubmit\" value=\"Suchen\" \/>\n\t\t\t\t<\/div>\n\t\t\t<\/form><\/div>\n\t\t<div id=\"recent-posts-2\" class=\"et_pb_widget widget_recent_entries\">\n\t\t<h4 class=\"widgettitle\">Neueste Beitr\u00e4ge<\/h4>\n\t\t<ul>\n\t\t\t\t\t\t\t\t\t\t\t<li>\n\t\t\t\t\t<a href=\"https:\/\/blogs.uni-bremen.de\/digitales\/2022\/06\/29\/aktuelles-von-unibits-lehrredaktions-seminar-und-interview-im-weser-kurier\/\">Aktuelles von UniBits &#8211; Lehrredaktions-Seminar und Interview im Weser-Kurier<\/a>\n\t\t\t\t\t\t\t\t\t<\/li>\n\t\t\t\t\t\t\t\t\t\t\t<li>\n\t\t\t\t\t<a href=\"https:\/\/blogs.uni-bremen.de\/digitales\/2021\/11\/22\/save-the-date-unibits-podcast-meets-digitalchangemaker\/\">Save the Date: UniBits-Podcast meets DigitalChangeMaker<\/a>\n\t\t\t\t\t\t\t\t\t<\/li>\n\t\t\t\t\t\t\t\t\t\t\t<li>\n\t\t\t\t\t<a href=\"https:\/\/blogs.uni-bremen.de\/digitales\/2021\/11\/10\/ich-komme-einmal-im-monat\/\">Ich komme einmal im Monat.<\/a>\n\t\t\t\t\t\t\t\t\t<\/li>\n\t\t\t\t\t\t\t\t\t\t\t<li>\n\t\t\t\t\t<a href=\"https:\/\/blogs.uni-bremen.de\/digitales\/2021\/11\/08\/mental-health-matters-folge-3-ist-online\/\">Mental Health Matters &#8211; UniBits Folge 3 ist online!<\/a>\n\t\t\t\t\t\t\t\t\t<\/li>\n\t\t\t\t\t\t\t\t\t\t\t<li>\n\t\t\t\t\t<a href=\"https:\/\/blogs.uni-bremen.de\/digitales\/2021\/04\/29\/ueber-stugen-unter-stugen\/\">\u00dcber Stugen: Unter Stugen<\/a>\n\t\t\t\t\t\t\t\t\t<\/li>\n\t\t\t\t\t<\/ul>\n\n\t\t<\/div><div id=\"recent-comments-2\" class=\"et_pb_widget widget_recent_comments\"><h4 class=\"widgettitle\">Neueste Kommentare<\/h4><ul id=\"recentcomments\"><\/ul><\/div>\n\t\t\t<\/div>\n\t\t\t<\/div>\n\t\t\t\t<\/div>\n\t\t\t\t\n\t\t\t<\/div><div class=\"et_d4_element et_pb_section et_pb_section_2 et_pb_with_background  et_pb_css_mix_blend_mode et_section_regular et_block_section\" >\n\t\t\t\t\n\t\t\t\t\n\t\t\t\t\n\t\t\t\t\n\t\t\t\t\n\t\t\t\t\n\t\t\t\t<div class=\"et_d4_element et_pb_row et_pb_row_1  et_pb_css_mix_blend_mode et_block_row\">\n\t\t\t\t<div class=\"et_d4_element et_pb_column_1_2 et_pb_column et_pb_column_3  et_pb_css_mix_blend_mode et_block_column\">\n\t\t\t\t\n\t\t\t\t\n\t\t\t\t\n\t\t\t\t\n\t\t\t\t<div class=\"et_pb_module et_d4_element et_pb_blurb et_pb_blurb_0  et_pb_text_align_left  et_pb_blurb_position_left et_block_module et_pb_bg_layout_light\">\n\t\t\t\t\n\t\t\t\t\n\t\t\t\t\n\t\t\t\t\n\t\t\t\t<div class=\"et_pb_blurb_content\">\n\t\t\t\t\t<div class=\"et_pb_main_blurb_image et_pb_css_mix_blend_mode\"><span class=\"et_pb_image_wrap\"><span class=\"et-waypoint et_pb_animation_top et_pb_animation_top_tablet et_pb_animation_top_phone et-pb-icon\">&#x39;<\/span><\/span><\/div>\n\t\t\t\t\t<div class=\"et_pb_blurb_container\">\n\t\t\t\t\t\t<h1 class=\"et_pb_module_header\"><span>Beteilige dich am Blog!<\/span><\/h1>\n\t\t\t\t\t\t<div class=\"et_pb_blurb_description\"><p>Du hast selbst eine Geschichte \u00fcber digitale Lehre zu erz\u00e4hlen? Oder du m\u00f6chtest von deinen Erfahrungen mit der Digitalisierung an der Universit\u00e4t berichten? Dann schreibe uns gerne eine Nachricht. Wir freuen uns \u00fcber deine Berichte und Anregungen!<\/p><\/div>\n\t\t\t\t\t<\/div>\n\t\t\t\t<\/div>\n\t\t\t<\/div>\n\t\t\t<\/div><div class=\"et_d4_element et_pb_column_1_2 et_pb_column et_pb_column_4  et_pb_css_mix_blend_mode et-last-child et_block_column\">\n\t\t\t\t\n\t\t\t\t\n\t\t\t\t\n\t\t\t\t\n\t\t\t\t\n\t\t\t<div id=\"et_pb_contact_form_0\" class=\"et_pb_module et_d4_element et_pb_contact_form_0 et_pb_contact_form_container clearfix et_block_module\" data-form_unique_num=\"0\" data-form_unique_id=\"\">\n\t\t\t\t\n\t\t\t\t\n\t\t\t\t\n\t\t\t\t\n\t\t\t\t\n\t\t\t\t<div class=\"et-pb-contact-message\"><\/div>\n\t\t\t\t\n\t\t\t\t<div class=\"et_pb_contact\">\n\t\t\t\t\t<form class=\"et_pb_contact_form clearfix\" method=\"post\" action=\"https:\/\/blogs.uni-bremen.de\/digitales\/wp-json\/wp\/v2\/pages\/37\">\n\t\t\t\t\t\t<p class=\"et_d4_element et_pb_contact_field et_pb_contact_field_0 et_pb_contact_field_half\" data-id=\"name\" data-type=\"input\">\n\t\t\t\t\n\t\t\t\t\n\t\t\t\t\n\t\t\t\t\n\t\t\t\t<label for=\"et_pb_contact_name_0\" class=\"et_pb_contact_form_label\">Name<\/label>\n\t\t\t\t<input type=\"text\" id=\"et_pb_contact_name_0\" class=\"input\" value=\"\" name=\"et_pb_contact_name_0\" data-required_mark=\"not_required\" data-field_type=\"input\" data-original_id=\"name\" placeholder=\"Name\">\n\t\t\t<\/p><p class=\"et_d4_element et_pb_contact_field et_pb_contact_field_1 et_pb_contact_field_half et_pb_contact_field_last\" data-id=\"email\" data-type=\"email\">\n\t\t\t\t\n\t\t\t\t\n\t\t\t\t\n\t\t\t\t\n\t\t\t\t<label for=\"et_pb_contact_email_0\" class=\"et_pb_contact_form_label\">E-Mail-Adresse<\/label>\n\t\t\t\t<input type=\"text\" id=\"et_pb_contact_email_0\" class=\"input\" value=\"\" name=\"et_pb_contact_email_0\" data-required_mark=\"required\" data-field_type=\"email\" data-original_id=\"email\" placeholder=\"E-Mail-Adresse\">\n\t\t\t<\/p><p class=\"et_d4_element et_pb_contact_field et_pb_contact_field_2 et_pb_contact_field_last\" data-id=\"message\" data-type=\"text\">\n\t\t\t\t\n\t\t\t\t\n\t\t\t\t\n\t\t\t\t\n\t\t\t\t<label for=\"et_pb_contact_message_0\" class=\"et_pb_contact_form_label\">Nachricht<\/label>\n\t\t\t\t<textarea name=\"et_pb_contact_message_0\" id=\"et_pb_contact_message_0\" class=\"et_pb_contact_message input\" data-required_mark=\"required\" data-field_type=\"text\" data-original_id=\"message\" placeholder=\"Nachricht\"><\/textarea>\n\t\t\t<\/p>\n\t\t\t\t\t\t<input type=\"hidden\" value=\"et_contact_proccess\" name=\"et_pb_contactform_submit_0\"\/>\n\t\t\t\t\t\t<div class=\"et_contact_bottom_container\">\n\t\t\t\t\t\t\t\n\t\t\t<div class=\"et_pb_contact_right et_pb_contact_field\">\n\t\t\t\t<p class=\"clearfix\">\n\t\t\t\t\t<span class=\"et_pb_contact_captcha_question\">1 + 4<\/span> = <input type=\"text\" size=\"2\" class=\"input et_pb_contact_captcha\" data-first_digit=\"1\" data-second_digit=\"4\" value=\"\" name=\"et_pb_contact_captcha_0\" data-required_mark=\"required\" autocomplete=\"off\">\n\t\t\t\t<\/p>\n\t\t\t<\/div>\n\t\t\t\t\t\t\t<button type=\"submit\" name=\"et_builder_submit_button\" class=\"et_pb_contact_submit et_pb_button\">Absenden<\/button>\n\t\t\t\t\t\t<\/div>\n\t\t\t\t\t\t<input type=\"hidden\" id=\"_wpnonce-et-pb-contact-form-submitted-0\" name=\"_wpnonce-et-pb-contact-form-submitted-0\" value=\"109d930629\" \/><input type=\"hidden\" name=\"_wp_http_referer\" value=\"\/digitales\/wp-json\/wp\/v2\/pages\/37\" \/>\n\t\t\t\t\t<\/form>\n\t\t\t\t<\/div>\n\t\t\t<\/div>\n\t\t\t\n\t\t\t<\/div>\n\t\t\t\t\n\t\t\t\t\n\t\t\t\t\n\t\t\t\t\n\t\t\t<\/div>\n\t\t\t\t\n\t\t\t\t\n\t\t\t<\/div><\/p>\n","protected":false},"excerpt":{"rendered":"","protected":false},"author":12475,"featured_media":0,"parent":0,"menu_order":2,"comment_status":"closed","ping_status":"closed","template":"","meta":{"_bbp_topic_count":0,"_bbp_reply_count":0,"_bbp_total_topic_count":0,"_bbp_total_reply_count":0,"_bbp_voice_count":0,"_bbp_anonymous_reply_count":0,"_bbp_topic_count_hidden":0,"_bbp_reply_count_hidden":0,"_bbp_forum_subforum_count":0,"_et_pb_use_builder":"on","_et_pb_old_content":"","_et_gb_content_width":"","footnotes":""},"class_list":["post-37","page","type-page","status-publish","hentry"],"_links":{"self":[{"href":"https:\/\/blogs.uni-bremen.de\/digitales\/wp-json\/wp\/v2\/pages\/37","targetHints":{"allow":["GET"]}}],"collection":[{"href":"https:\/\/blogs.uni-bremen.de\/digitales\/wp-json\/wp\/v2\/pages"}],"about":[{"href":"https:\/\/blogs.uni-bremen.de\/digitales\/wp-json\/wp\/v2\/types\/page"}],"author":[{"embeddable":true,"href":"https:\/\/blogs.uni-bremen.de\/digitales\/wp-json\/wp\/v2\/users\/12475"}],"replies":[{"embeddable":true,"href":"https:\/\/blogs.uni-bremen.de\/digitales\/wp-json\/wp\/v2\/comments?post=37"}],"version-history":[{"count":10,"href":"https:\/\/blogs.uni-bremen.de\/digitales\/wp-json\/wp\/v2\/pages\/37\/revisions"}],"predecessor-version":[{"id":425,"href":"https:\/\/blogs.uni-bremen.de\/digitales\/wp-json\/wp\/v2\/pages\/37\/revisions\/425"}],"wp:attachment":[{"href":"https:\/\/blogs.uni-bremen.de\/digitales\/wp-json\/wp\/v2\/media?parent=37"}],"curies":[{"name":"wp","href":"https:\/\/api.w.org\/{rel}","templated":true}]}}