{"id":23,"date":"2020-09-08T11:14:17","date_gmt":"2020-09-08T09:14:17","guid":{"rendered":"https:\/\/blogs.uni-bremen.de\/digitaldiaspora\/?page_id=23"},"modified":"2024-03-05T16:19:03","modified_gmt":"2024-03-05T15:19:03","slug":"publications","status":"publish","type":"page","link":"https:\/\/blogs.uni-bremen.de\/digitaldiaspora\/publications\/","title":{"rendered":"Our Publications"},"content":{"rendered":"<p><span style=\"color: #000080\"><strong>Publications of our Lab:<\/strong><\/span><\/p>\n<p style=\"text-align: justify\"><span style=\"font-family: book antiqua, palatino, serif;font-size: 12pt\">Adenekan, Shola, Julia Borst and Linda Maeding, eds. <strong><em>Textures of Diaspora and (Post-)Digitality \u2013 A Cultural Studies Approach<\/em><\/strong>. <a href=\"https:\/\/www.intellectbooks.com\/journal-of-global-diaspora-media\" target=\"_blank\" rel=\"noopener\">Special Issue, <em>Global Diaspora &amp; Media<\/em>, <em>3<\/em>(1)<\/a>.<\/span><\/p>\n<p><span style=\"font-family: 'book antiqua', palatino, serif\">Borst, Julia and Linda Maeding<strong>. \u201eDiaspora und (Post-)Digitalit\u00e4t (Tagungsbericht).<\/strong>\u201c <a href=\"https:\/\/www.univie.ac.at\/QVR-Romanistik\/wp-content\/uploads\/2021\/02\/QVR-56-Cover-1.pdf\"><em>Quo Vadis Romania?<\/em> 56<\/a>, 2021, pp. 146-151.<\/span><\/p>\n<p>&nbsp;<\/p>\n<p><span style=\"color: #000080\"><strong>Publications of our Lab Members (selection):<\/strong><\/span><\/p>\n<p><span style=\"font-family: 'book antiqua', palatino, serif\">ADENEKAN, Shola. <a href=\"https:\/\/boydellandbrewer.com\/9781847012388\/african-literature-in-the-digital-age\/\"><em><strong>African Literature in the Digital Age: Class and Sexual Politics in New Writing from Nigeria and Kenya<\/strong><\/em><\/a>. Suffolk: Boydell &amp; Brewer, 2021.<\/span><\/p>\n<p><span style=\"font-family: 'book antiqua', palatino, serif\">ADENEKAN, Shola\/COBHAM SANDER, Rhonda\/BOSCH SANTANA, Stephanie\/OPOKU-AGYEMANG, Kwabena, eds. <a href=\"https:\/\/www.postcolonial.org\/index.php\/pct\/issue\/view\/78\/showToc\"><em><strong>Digital Africas<\/strong><\/em><\/a>. Special Goes Issue, <em>Postcolonial Text<\/em>, vol. 15, no. 3&amp;4, 2020.\u00a0<\/span><\/p>\n<p style=\"text-align: justify\"><span style=\"font-family: book antiqua, palatino, serif;font-size: 12pt\">BORST Julia\/NEU-WENDEL, Stephanie. <a href=\"https:\/\/www.nomos-elibrary.de\/10.5771\/9783487423555-205\/decolonized-bodies-aesthetic-activism-in-afrofeminist-blogs-from-france-spain-and-italy?page=1\">\u201c<strong>Decolonized Bodies: Aesthetic Activism in Afrofeminist Blogs from France, Spain and Italy.<\/strong>\u201d<\/a>\u00a0<em>Women\u2019s perspectives on (post)migration: between literature, arts and activism \u2013 between Africa and Europe<\/em>, edited by Julia Borst, Stephanie Neu-Wendel and Juliane Tauchnitz. Hildesheim: Olms, 2023, pp. 205-252.<\/span><\/p>\n<p><span style=\"font-family: 'book antiqua', palatino, serif\">BORST, Julia. <strong>\u201eImagining Afrodescendance and the African Diaspora in Spain: Re-\/De-Centering Belonging in Literature, Photography, and Film.\u201c<\/strong> <em>Research in African Literatures<\/em> 52:2, 2021, pp. 168-197.<\/span><\/p>\n<p><span style=\"font-family: book antiqua, palatino, serif;font-size: 12pt\">BORST, Julia. \u201c<strong>Voices from the Black Diaspora in Spain. On Transcultural Spaces and Afro-Spanish Identities in Poetry.<\/strong>\u201d <em>Locating African European Studies<\/em>. Edited by Felipe Espinoza Garrido et al. New York &amp; London: Routledge, 2020. pp. 189-208.<\/span><\/p>\n<p><span style=\"font-family: book antiqua, palatino, serif;font-size: 12pt\">BORST, Julia. <\/span><span style=\"font-family: book antiqua, palatino, serif;font-size: 12pt\"><a href=\"https:\/\/doi.org\/10.17159\/2309-9070\/tvl.v.56i1.6277\"><strong>\u201e(Im)mobilities and Migration in the Work of C\u00e9sar Mba Abogo and Donato Ndongo-Bidyogo.\u201c<\/strong> <\/a><em>Tydskrif vir Letterkunde<\/em> 56:1, 2019, pp.\u00a0113-126, <a href=\"https:\/\/doi.org\/10.17159\/2309-9070\/tvl.v.56i1.6277\">doi.org\/10.17159\/2309-9070\/tvl.v.56i1.6277<\/a>. <\/span><\/p>\n<p><span style=\"font-family: book antiqua, palatino, serif;font-size: 12pt\">BORST, Julia\/GALLO GONZ\u00c1LEZ, Danae. \u201c<strong>Narrative Constructions of Online Imagined Afro-diasporic Communities in Spain and Portugal.<\/strong>\u201d <em>Open Cultural Studies<\/em>. vol. 3, n\u00b0 1, 2019. pp. 286-307. <a href=\"https:\/\/www.degruyter.com\/view\/journals\/culture\/3\/1\/article-p286.xml?tab_body=abstract\">&lt;https:\/\/doi.org\/10.1515\/culture-2019-0026&gt;<\/a><\/span><\/p>\n<p><span style=\"font-family: 'book antiqua', palatino, serif\">BORST, Julia\/FUCHS, Rebecca\/URIOSTE-BUSCHMANN, Martina, eds. <strong><em>Crossing Thresholds. Gender and Decoloniality in Caribbean Knowledge.<\/em><\/strong>\u00a0Special Issue, <a href=\"https:\/\/web.archive.org\/web\/20190311223605\/https:\/\/www.brunel.ac.uk\/creative-writing\/research\/entertext\/issues\"><em>EnterText:\u00a0An Interdisciplinary Humanities E-Journal<\/em><\/a>\u00a012, 2018.<\/span><\/p>\n<p><span style=\"font-family: 'book antiqua', palatino, serif\">BORST, Julia\/TAUCHNITZ, \u00a0Juliane, eds.\u00a0<em><strong><a href=\"https:\/\/web.archive.org\/web\/20190311223605\/https:\/\/www.jstor.org\/stable\/10.2979\/reseafrilite.48.issue-3\">Migratory Movements and Diasporic Positionings in Contemporary Hispano- and Catalano-African Literatures.<\/a> <\/strong><\/em>Special Issue,\u00a0<em>Research in African Literatures<\/em>\u00a028:3, 2017.<\/span><\/p>\n<p><span style=\"font-family: 'book antiqua', palatino, serif\"><span style=\"font-family: book antiqua, palatino, serif;font-size: 12pt\">BORST Julia.\u00a0<\/span><strong><em>Gewalt und Trauma im haitianischen Gegenwartsroman. Die Post-Duvalier-\u00c4ra in der Literatur<\/em>.<\/strong> Edition lendemains 39. T\u00fcbingen: Narr.<\/span><\/p>\n<p><span style=\"font-family: 'book antiqua', palatino, serif\"><span style=\"font-family: book antiqua, palatino, serif;font-size: 12pt\">BORST Julia.\u00a0<\/span><\/span><strong><span style=\"font-family: 'book antiqua', palatino, serif\">\u201eRethinking the Haitian Other\u00a0<em>in Relation as prochain<\/em>. A Reading of \u00c9douard Glissant and Lyonel Trouillot.\u201c<\/span><\/strong><span style=\"font-family: 'book antiqua', palatino, serif\"><em>Journal of Haitian Studies<\/em>\u00a019:1, 2013, pp. 139-162.<\/span><\/p>\n<p style=\"text-align: justify\"><span style=\"font-family: book antiqua, palatino, serif\">HARBRECHT, Katia\/STRUVE, Karen\/T\u00dcTING, Elena\/FEBEL, Gisela , eds.\u00a0<strong><em>Die un-sichtbare Stadt. Urbane Perspektiven, alternative R\u00e4ume und Randfiguren in Literatur und Film.<\/em><\/strong> Bielefeld: Transcript, 2020.<\/span><\/p>\n<p style=\"text-align: justify\"><span style=\"font-family: book antiqua, palatino, serif\">FEBEL, Gisela\/UECKMANN, Natascha, eds.\u00a0<strong><em>Pluraler Humanismus. N\u00e9gritude und N\u00e9grismo weitergedacht.<\/em><\/strong> Wiesbaden: Springer VS, 2018.<\/span><\/p>\n<p style=\"text-align: justify\"><span style=\"font-family: book antiqua, palatino, serif\">FEBEL, Gisela\/UECKMANN, Natascha, eds.\u00a0<strong><em>M\u00e9moires transm\u00e9diales. Geschichte und Ged\u00e4chtnis in der Karibik und ihrer Diaspora<\/em>.<\/strong> Berlin: Frank &amp; Timme, 2017.<\/span><\/p>\n<p style=\"padding-left: 40px\"><span style=\"font-family: book antiqua, palatino, serif\">Darin u.a.: FEBEL, Gisela. <strong>&#8220;Catastrophe naturelle et histoire coloniale \u2013 l\u2019imaginaire d\u2019un double traumatisme dans la litt\u00e9rature fran\u00e7aise des Cara\u00efbes.&#8221;<\/strong> <em>L&#8217;\u00e9tude d&#8217;un cas: Daniel Maximin: L&#8217;invention des d\u00e9sirades,<\/em> 2000. 109-124.<\/span><\/p>\n<p style=\"text-align: justify\"><span style=\"font-family: book antiqua, palatino, serif\">FEBEL, Gisela. <strong>&#8220;Theorie. Rezeption und Ausfaltung. 9. Romanistik, 9.1 Franz\u00f6sische Romanistik, 9.2 Hispanistik und Lateinamerikanistik, 9.4 Italianistik.\u201c<\/strong> <em>Handbuch Postkolonialismus und Literatur.<\/em> Eds. Dirk G\u00f6ttsche, Axel Dunker and Gabriele D\u00fcrbeck. Stuttgart: Metzler, 2017. 64-74.<\/span><\/p>\n<p style=\"text-align: justify\"><span style=\"font-family: book antiqua, palatino, serif\">FEBEL, Gisela. <strong>&#8220;Poesie und Denken &#8211; Lyrische Form, kreolisierte Erinnerung und Erkenntnis bei \u00c9douard Glissant.\u201c<\/strong> <em>Kreolisierung Revisited<\/em>. Eds. Gesine M\u00fcller, Natascha Ueckmann. Bielefeld: Transcript, S., 2013. 163-180.<\/span><\/p>\n<p style=\"text-align: justify\"><span style=\"font-family: book antiqua, palatino, serif\">FEBEL, Gisela. <strong>&#8220;Livres pour enfants et protagonistes jeunes dans l\u2019\u0153uvre de Marie NDiaye.&#8221;<\/strong> <em>Une femme puissante. L\u2019\u0153uvre de Marie NDiaye<\/em>. Eds. Daniel Bengsch and Cornelia Ruhe. Amster\u00addam\/New York: Rodopi, S., 2013. 217-232.<\/span><\/p>\n<p style=\"text-align: justify\"><span style=\"font-family: book antiqua, palatino, serif\">FEBEL, Gisela. <strong>&#8220;Postkoloniale Literaturwissenschaft. Methodenpluralismus zwischen Rewriting, Writing back und hybridisierenden und kontrapunktischen Lekt\u00fcren.&#8221; <\/strong><em>Schl\u00fcsselwerke der Postcolonial Studies.<\/em> Eds. Julia Reuter and Alexandra Karentzos<em>.<\/em> Wiesbaden: Verlag f\u00fcr Sozialwissenschaften, 2012. 227-247.<\/span><\/p>\n<p style=\"text-align: justify\"><span style=\"font-family: book antiqua, palatino, serif\">FEBEL, Gisela\/STRUVE, Karen\/UECKMANN, Natascha, eds. <strong><em>Ecritures transculturelles. Verflechtungen von kultureller Differenz und Geschlechterdifferenz im franz\u00f6sischsprachigen Gegenwartsroman<\/em>.<\/strong> T\u00fcbingen: Narr, 2007. (Edition Lendemains).<\/span><\/p>\n<p><span style=\"font-family: book antiqua, palatino, serif\">FEBEL, Gisela. <strong>Das Diverse und das Unberechenbare. \u00dcber die Thesen Eduard Glissants zu transkulturellen Prozessen und die Rolle der Literatur.<\/strong><em> Inter- und transkulturelle Studien: theo\u00adretische Grundlagen und interdisziplin\u00e4re Praxis.<\/em> Ed. Heinz Antor. Heidelberg: Winter, S., 2006. 63-80.<\/span><\/p>\n<p style=\"text-align: justify\"><span style=\"font-family: book antiqua, palatino, serif\">FEBEL, Gisela\/BAUER-FUNKE, Cerstin, eds. <em><strong>Menschenkonstruktionen. K\u00fcnstliche Menschen in Literatur, Film, Theater und Kunst des 19. und 20. Jahrhunderts<\/strong>.<\/em> G\u00f6ttingen: Wallstein, 2004. (Querelles Bd. 9).<\/span><\/p>\n<p><span style=\"font-family: book antiqua, palatino, serif\">MAEDING, Linda. <strong>&#8220;The Digital Archive of Diaspora: Blogging (Post) Migration.&#8221; <\/strong><a href=\"https:\/\/transit.berkeley.edu\/2022\/the-digital-archive-of-diaspora-maeding-transit\/\" target=\"jx0IF4WBGqoQ9fF_PVHHw8P\" rel=\"noopener noreferrer\"><i>TRANSIT<\/i> 13.2<\/a> (2022): 2.<\/span><\/p>\n<p style=\"text-align: justify\"><span style=\"font-family: book antiqua, palatino, serif;font-size: 12pt\">MAEDING, Linda. \u201c<strong>Lo que podr\u00eda haber sido. Utop\u00eda y di\u00e1spora en Max Aub y Alfred D\u00f6blin<\/strong>\u201c. <em>Utop\u00edas y ucron\u00edas. Una aproximaci\u00f3n hist\u00f3rico-conceptual<\/em>. Eds. Juan de Dios Bares, Faustino Oncina Coves. Barcelona: Edicions Bellaterra, 2020, pp. 251-71.\u00a0<\/span><\/p>\n<p style=\"text-align: justify\"><span style=\"font-family: book antiqua, palatino, serif;font-size: 12pt\">MAEDING, Linda. \u201c<strong>The Crisis of \u2018Community\u2019. Revisions of a Concept in German-Jewish Thought after 1933<\/strong>\u201d. <em>Oxford German Studies<\/em>, 49.1 (2020), pp. 72-85. &lt;<a href=\"https:\/\/www.tandfonline.com\/doi\/full\/10.1080\/00787191.2020.1735721\">https:\/\/doi.org\/10.1080\/00787191.2020.1735721<\/a>&gt;<\/span><\/p>\n","protected":false},"excerpt":{"rendered":"<p>Publications of our Lab: Adenekan, Shola, Julia Borst and Linda Maeding, eds. Textures of Diaspora and (Post-)Digitality \u2013 A Cultural Studies Approach. Special Issue, Global Diaspora &amp; Media, 3(1). Borst, Julia and Linda Maeding. \u201eDiaspora und (Post-)Digitalit\u00e4t (Tagungsbericht).\u201c Quo Vadis Romania? 56, 2021, pp. 146-151. &nbsp; Publications of our Lab Members (selection): ADENEKAN, Shola. African &hellip; <\/p>\n<p class=\"link-more\"><a href=\"https:\/\/blogs.uni-bremen.de\/digitaldiaspora\/publications\/\" class=\"more-link\">Continue reading<span class=\"screen-reader-text\"> &#8220;Our Publications&#8221;<\/span><\/a><\/p>\n","protected":false},"author":12459,"featured_media":0,"parent":0,"menu_order":0,"comment_status":"closed","ping_status":"closed","template":"","meta":{"_bbp_topic_count":0,"_bbp_reply_count":0,"_bbp_total_topic_count":0,"_bbp_total_reply_count":0,"_bbp_voice_count":0,"_bbp_anonymous_reply_count":0,"_bbp_topic_count_hidden":0,"_bbp_reply_count_hidden":0,"_bbp_forum_subforum_count":0,"footnotes":""},"class_list":["post-23","page","type-page","status-publish","hentry"],"_links":{"self":[{"href":"https:\/\/blogs.uni-bremen.de\/digitaldiaspora\/wp-json\/wp\/v2\/pages\/23","targetHints":{"allow":["GET"]}}],"collection":[{"href":"https:\/\/blogs.uni-bremen.de\/digitaldiaspora\/wp-json\/wp\/v2\/pages"}],"about":[{"href":"https:\/\/blogs.uni-bremen.de\/digitaldiaspora\/wp-json\/wp\/v2\/types\/page"}],"author":[{"embeddable":true,"href":"https:\/\/blogs.uni-bremen.de\/digitaldiaspora\/wp-json\/wp\/v2\/users\/12459"}],"replies":[{"embeddable":true,"href":"https:\/\/blogs.uni-bremen.de\/digitaldiaspora\/wp-json\/wp\/v2\/comments?post=23"}],"version-history":[{"count":10,"href":"https:\/\/blogs.uni-bremen.de\/digitaldiaspora\/wp-json\/wp\/v2\/pages\/23\/revisions"}],"predecessor-version":[{"id":292,"href":"https:\/\/blogs.uni-bremen.de\/digitaldiaspora\/wp-json\/wp\/v2\/pages\/23\/revisions\/292"}],"wp:attachment":[{"href":"https:\/\/blogs.uni-bremen.de\/digitaldiaspora\/wp-json\/wp\/v2\/media?parent=23"}],"curies":[{"name":"wp","href":"https:\/\/api.w.org\/{rel}","templated":true}]}}