{"id":705,"date":"2021-10-06T10:55:06","date_gmt":"2021-10-06T08:55:06","guid":{"rendered":"https:\/\/blogs.uni-bremen.de\/dgfe2022\/?page_id=705"},"modified":"2023-01-12T10:24:41","modified_gmt":"2023-01-12T09:24:41","slug":"programmstruktur-fur-screenreader","status":"publish","type":"page","link":"https:\/\/blogs.uni-bremen.de\/dgfe2022\/programmstruktur-fur-screenreader\/","title":{"rendered":"Programmstruktur (Screenreader)"},"content":{"rendered":"<h1><strong><span style=\"font-size: 12pt\">Sonntag, 13. M\u00e4rz 2022<br \/>\n<\/span><\/strong><\/h1>\n<p>14 bis 17 Uhr: Pre-Conference (4 Fishbowl-Diskussionen)<br \/>\nab 17:30 Uhr: Kulturprogramm<\/p>\n<h1><strong><span style=\"font-size: 12pt\">Montag, 14. M\u00e4rz 2022<\/span><\/strong><\/h1>\n<p>9 bis 11 Uhr: Feierliche Er\u00f6ffnung mit Keynote von Sara Ahmed<br \/>\n11:30 bis 13 Uhr: Postersession (12 Cluster mit je 8 Postern)<br \/>\n14 bis 16:30 Uhr: Symposien 1 (31 Veranstaltungen)<br \/>\n17 bis 18 Uhr: Informationsveranstaltungen von BMBF, DFG, UNESCO und FIB<br \/>\n17 bis 18 Uhr: Kulturprogramm<br \/>\n18 bis 19:30 Uhr: Sektions-\/Kommissionssitzungen<br \/>\nab 20 Uhr: GEW-Abend<\/p>\n<h1><strong><span style=\"font-size: 12pt\">Dienstag, 15. M\u00e4rz 2022<\/span><\/strong><\/h1>\n<p>9 bis 11:30 Uhr: Symposien 2 (32 Veranstaltungen)<br \/>\n12 bis 13 Uhr: Parallelvortr\u00e4ge (5 Vortr\u00e4ge)<br \/>\n14 bis 16 Uhr: Arbeitsgruppen 1 (38 Veranstaltungen)<br \/>\n16:30 bis 19:30 Uhr: DGfE-Mitgliederversammlung<br \/>\nab 20 Uhr: Gesellschaftsabend<\/p>\n<h1><strong><span style=\"font-size: 12pt\">Mittwoch, 16. M\u00e4rz 2022<\/span><\/strong><\/h1>\n<p>9 bis 9:30 Uhr: Musikprogramm<br \/>\n9:30 bis 11:30 Uhr: Forschungsforen (41 Veranstaltungen)<br \/>\n12 bis 13 Uhr: Parallelvortr\u00e4ge (5 Vortr\u00e4ge)<br \/>\n14 bis 16 Uhr: Arbeitsgruppen 2 (36 Veranstaltungen)<br \/>\n16:15 bis 16:45 Uhr: Verabschiedung<\/p>\n<p>Das vollst\u00e4ndige Kongressprogramm war bis Ende des Jahres 2022 in ConfTool zu finden.<\/p>\n<p>&nbsp;<\/p>\n","protected":false},"excerpt":{"rendered":"<p>Sonntag, 13. M\u00e4rz 2022 14 bis 17 Uhr: Pre-Conference (4 Fishbowl-Diskussionen) ab 17:30 Uhr: Kulturprogramm Montag, 14. M\u00e4rz 2022 9 bis 11 Uhr: Feierliche Er\u00f6ffnung mit Keynote von Sara Ahmed 11:30 bis 13 Uhr: Postersession (12 Cluster mit je 8 Postern) 14 bis 16:30 Uhr: Symposien 1 (31 Veranstaltungen) 17 bis 18 Uhr: Informationsveranstaltungen von [&hellip;]<\/p>\n","protected":false},"author":12879,"featured_media":0,"parent":0,"menu_order":0,"comment_status":"closed","ping_status":"closed","template":"","meta":{"_bbp_topic_count":0,"_bbp_reply_count":0,"_bbp_total_topic_count":0,"_bbp_total_reply_count":0,"_bbp_voice_count":0,"_bbp_anonymous_reply_count":0,"_bbp_topic_count_hidden":0,"_bbp_reply_count_hidden":0,"_bbp_forum_subforum_count":0,"footnotes":""},"class_list":["post-705","page","type-page","status-publish","hentry"],"_links":{"self":[{"href":"https:\/\/blogs.uni-bremen.de\/dgfe2022\/wp-json\/wp\/v2\/pages\/705","targetHints":{"allow":["GET"]}}],"collection":[{"href":"https:\/\/blogs.uni-bremen.de\/dgfe2022\/wp-json\/wp\/v2\/pages"}],"about":[{"href":"https:\/\/blogs.uni-bremen.de\/dgfe2022\/wp-json\/wp\/v2\/types\/page"}],"author":[{"embeddable":true,"href":"https:\/\/blogs.uni-bremen.de\/dgfe2022\/wp-json\/wp\/v2\/users\/12879"}],"replies":[{"embeddable":true,"href":"https:\/\/blogs.uni-bremen.de\/dgfe2022\/wp-json\/wp\/v2\/comments?post=705"}],"version-history":[{"count":9,"href":"https:\/\/blogs.uni-bremen.de\/dgfe2022\/wp-json\/wp\/v2\/pages\/705\/revisions"}],"predecessor-version":[{"id":1073,"href":"https:\/\/blogs.uni-bremen.de\/dgfe2022\/wp-json\/wp\/v2\/pages\/705\/revisions\/1073"}],"wp:attachment":[{"href":"https:\/\/blogs.uni-bremen.de\/dgfe2022\/wp-json\/wp\/v2\/media?parent=705"}],"curies":[{"name":"wp","href":"https:\/\/api.w.org\/{rel}","templated":true}]}}