{"id":37,"date":"2021-02-03T11:35:01","date_gmt":"2021-02-03T10:35:01","guid":{"rendered":"https:\/\/blogs.uni-bremen.de\/dgfe2022\/?page_id=37"},"modified":"2022-09-14T11:28:21","modified_gmt":"2022-09-14T09:28:21","slug":"impressum","status":"publish","type":"page","link":"https:\/\/blogs.uni-bremen.de\/dgfe2022\/impressum\/","title":{"rendered":"Impressum und Datenschutzerkl\u00e4rung"},"content":{"rendered":"<div id=\"u30492-11\" class=\"clearfix grpelem\" data-muse-uid=\"U30492\" data-muse-type=\"txt_frame\" data-ibe-flags=\"txtStyleSrc\" data-sizepolicy=\"fixed\" data-pintopage=\"page_fluidx\">\n<h5 class=\"Flie-text-Desktop\"><span id=\"u30492\">Haftungsausschluss<\/span><\/h5>\n<p class=\"Flie-text-Desktop\">Die Nachrichten auf dieser Internetseite wurden mit der nach den Umst\u00e4nden gebotenen Sorgfalt auf Inhalt, Herkunft und Wahrheit gepr\u00fcft. Es wird keine Gew\u00e4hr f\u00fcr die Vollst\u00e4ndigkeit, Richtigkeit oder Aktualit\u00e4t sowie die jederzeitige Verf\u00fcgbarkeit der bereitgestellten Informationen \u00fcbernommen. Eine Haftung f\u00fcr Sch\u00e4den, die aus der Nutzung oder Nichtnutzung der auf dieser Internetseite angebotenen Informationen oder das Aufrufen oder Herunterladen von Daten oder die Installation oder Nutzung von heruntergeladener Software entstehen, wird \u2013 soweit gesetzlich zul\u00e4ssig \u2013 ausgeschlossen.<\/p>\n<h5 class=\"Flie-text-Desktop\"><span id=\"u30492-5\">Haftung f\u00fcr Inhalte<\/span><\/h5>\n<p class=\"Flie-text-Desktop\">Als Diensteanbieter sind wir gem\u00e4\u00df \u00a7 7 Abs.1 TMG f\u00fcr eigene Inhalte auf diesen Seiten nach den allgemeinen Gesetzen verantwortlich. Nach \u00a7\u00a7 8 bis 10 TMG sind wir als Diensteanbieter jedoch nicht verpflichtet, \u00fcbermittelte oder gespeicherte fremde Informationen zu \u00fcberwachen oder nach Umst\u00e4nden zu forschen, die auf eine rechtswidrige T\u00e4tigkeit hinweisen. Verpflichtungen zur Entfernung oder Sperrung der Nutzung von Informationen nach den allgemeinen Gesetzen bleiben hiervon unber\u00fchrt. Eine diesbez\u00fcgliche Haftung ist jedoch erst ab dem Zeitpunkt der Kenntnis einer konkreten Rechtsverletzung m\u00f6glich. Bei Bekanntwerden von entsprechenden Rechtsverletzungen werden wir diese Inhalte umgehend entfernen.<\/p>\n<h5 class=\"Flie-text-Desktop\">Haftung f\u00fcr Links<\/h5>\n<p class=\"Flie-text-Desktop\">Diese Internetseite enth\u00e4lt Links zu Webseiten Dritter, auf deren Inhalt die Universit\u00e4t Bremen keinen Einfluss hat. Durch diese Links wird lediglich der Zugang zur Nutzung fremder Inhalte nach \u00a7 8 Telemediengesetz erm\u00f6glicht. Deshalb k\u00f6nnen wir f\u00fcr diese fremden Inhalte auch keine Gew\u00e4hr \u00fcbernehmen. F\u00fcr die Inhalte der verlinkten Seiten ist stets der jeweilige Anbieter oder Betreiber der Seiten verantwortlich. Die verlinkten Seiten wurden zum Zeitpunkt der Verlinkung auf m\u00f6gliche Rechtsverst\u00f6\u00dfe \u00fcberpr\u00fcft. Rechtswidrige Inhalte waren zum Zeitpunkt der Verlinkung nicht erkennbar. Eine permanente inhaltliche Kontrolle der verlinkten Seiten ist jedoch ohne konkrete Anhaltspunkte einer Rechtsverletzung nicht zumutbar. Bei Bekanntwerden von Rechtsverletzungen werden wir derartige Links umgehend entfernen.<\/p>\n<h5 class=\"Flie-text-Desktop\"><span id=\"u30504\">Urheberrecht<\/span><\/h5>\n<p class=\"Flie-text-Desktop\">Die durch die Seitenbetreiber erstellten Inhalte und Werke auf diesen Seiten unterliegen dem deutschen Urheberrecht. Die Vervielf\u00e4ltigung, Bearbeitung, Verbreitung und jede Art der Verwertung au\u00dferhalb der Grenzen des Urheberrechtes bed\u00fcrfen der schriftlichen Zustimmung der*s jeweiligen Autor*in bzw. Ersteller*in. Downloads und Kopien dieser Seite sind nur f\u00fcr den privaten, nicht kommerziellen Gebrauch gestattet. Soweit die Inhalte auf dieser Seite nicht vom Betreiber erstellt wurden, werden die Urheberrechte Dritter beachtet. Insbesondere werden Inhalte Dritter als solche gekennzeichnet. Sollten Sie trotzdem auf eine Urheberrechtsverletzung aufmerksam werden, bitten wir um einen entsprechenden Hinweis. Bei Bekanntwerden von Rechtsverletzungen werden wir derartige Inhalte umgehend entfernen.<\/p>\n<h5 class=\"Flie-text-Desktop\"><span id=\"u30504-5\">Urheberrechtshinweis<\/span><\/h5>\n<p class=\"Flie-text-Desktop\">Bitte beachten Sie, dass alle Texte, Bilder und Grafiken sowie ihre Arrangements \u2013 soweit nicht anders ersichtlich \u2013 von dem Kongressteam an der Universit\u00e4t Bremen selbst oder im Auftrag erstellt wurden und dem Schutz des Urheberrechts unterliegen. Sie d\u00fcrfen damit beispielsweise weder kopiert noch ver\u00e4ndert noch auf anderen Web-Sites verwendet werden. Der Nutzung der allgemein zug\u00e4nglichen Texte durch Dritte stimmen wir hiermit \u2013 auch auszugsweise \u2013 nur unter der Bedingung zu, dass die Universit\u00e4t Bremen als Urheber genannt wird. Die Nutzung der anderen Inhalte, wie beispielsweise der Bilder und Grafiken, ist nicht gestattet. Sollten Sie jedoch Interesse an einem Nutzungsrecht haben, wenden Sie sich bitte an unten genannte Adresse.<\/p>\n<h5>Anbieter<\/h5>\n<p>Anbieter dieser Internet-Seiten ist im Rechtssinn die Universit\u00e4t Bremen, vertreten durch die Rektorin<\/p>\n<p>Universit\u00e4t Bremen<br \/>\nBibliothekstra\u00dfe 1<br \/>\n28359 Bremen<\/p>\n<p>Telefon +49 421 218-1<br \/>\nInternet: <a href=\"https:\/\/www.uni-bremen.de\">www.uni-bremen.de<\/a><\/p>\n<p>Die Universit\u00e4t Bremen ist eine K\u00f6rperschaft des \u00d6ffentlichen Rechts. Sie wird durch die Rektorin Prof. Dr. Jutta G\u00fcnther gesetzlich vertreten.<\/p>\n<p>Zust\u00e4ndige Aufsichtsbeh\u00f6rde ist die Senatorin f\u00fcr Bildung und Wissenschaft, Rembertiring 8 \u2013 12, 28195 Bremen.<br \/>\nUmsatzsteuer-Identifikationsnummer gem\u00e4\u00df \u00a7 27 a UStG Umsatzsteuer-Nr.: DE 811 245 070<\/p>\n<h5>Datenschutz<\/h5>\n<p>Es gelten die <a href=\"https:\/\/www.uni-bremen.de\/datenschutzerklaerung\" target=\"_blank\" rel=\"noopener\">Datenschutzbestimmungen der Universit\u00e4t Bremen<\/a>.<\/p>\n<\/div>\n","protected":false},"excerpt":{"rendered":"<p>Haftungsausschluss Die Nachrichten auf dieser Internetseite wurden mit der nach den Umst\u00e4nden gebotenen Sorgfalt auf Inhalt, Herkunft und Wahrheit gepr\u00fcft. Es wird keine Gew\u00e4hr f\u00fcr die Vollst\u00e4ndigkeit, Richtigkeit oder Aktualit\u00e4t sowie die jederzeitige Verf\u00fcgbarkeit der bereitgestellten Informationen \u00fcbernommen. Eine Haftung f\u00fcr Sch\u00e4den, die aus der Nutzung oder Nichtnutzung der auf dieser Internetseite angebotenen Informationen oder [&hellip;]<\/p>\n","protected":false},"author":31,"featured_media":0,"parent":0,"menu_order":0,"comment_status":"closed","ping_status":"closed","template":"","meta":{"_bbp_topic_count":0,"_bbp_reply_count":0,"_bbp_total_topic_count":0,"_bbp_total_reply_count":0,"_bbp_voice_count":0,"_bbp_anonymous_reply_count":0,"_bbp_topic_count_hidden":0,"_bbp_reply_count_hidden":0,"_bbp_forum_subforum_count":0,"footnotes":""},"class_list":["post-37","page","type-page","status-publish","hentry"],"_links":{"self":[{"href":"https:\/\/blogs.uni-bremen.de\/dgfe2022\/wp-json\/wp\/v2\/pages\/37","targetHints":{"allow":["GET"]}}],"collection":[{"href":"https:\/\/blogs.uni-bremen.de\/dgfe2022\/wp-json\/wp\/v2\/pages"}],"about":[{"href":"https:\/\/blogs.uni-bremen.de\/dgfe2022\/wp-json\/wp\/v2\/types\/page"}],"author":[{"embeddable":true,"href":"https:\/\/blogs.uni-bremen.de\/dgfe2022\/wp-json\/wp\/v2\/users\/31"}],"replies":[{"embeddable":true,"href":"https:\/\/blogs.uni-bremen.de\/dgfe2022\/wp-json\/wp\/v2\/comments?post=37"}],"version-history":[{"count":10,"href":"https:\/\/blogs.uni-bremen.de\/dgfe2022\/wp-json\/wp\/v2\/pages\/37\/revisions"}],"predecessor-version":[{"id":1065,"href":"https:\/\/blogs.uni-bremen.de\/dgfe2022\/wp-json\/wp\/v2\/pages\/37\/revisions\/1065"}],"wp:attachment":[{"href":"https:\/\/blogs.uni-bremen.de\/dgfe2022\/wp-json\/wp\/v2\/media?parent=37"}],"curies":[{"name":"wp","href":"https:\/\/api.w.org\/{rel}","templated":true}]}}