{"id":13,"date":"2021-01-25T19:23:07","date_gmt":"2021-01-25T18:23:07","guid":{"rendered":"https:\/\/blogs.uni-bremen.de\/dgfe2022\/?page_id=13"},"modified":"2023-01-12T10:22:11","modified_gmt":"2023-01-12T09:22:11","slug":"startseite","status":"publish","type":"page","link":"https:\/\/blogs.uni-bremen.de\/dgfe2022\/","title":{"rendered":"ENT | GRENZ | UNGEN"},"content":{"rendered":"<p><img loading=\"lazy\" decoding=\"async\" class=\"alignnone wp-image-438 size-full\" src=\"https:\/\/blogs.uni-bremen.de\/dgfe2022\/files\/banner_dgfe_bremen.jpg\" alt=\"\" width=\"1025\" height=\"335\" srcset=\"https:\/\/blogs.uni-bremen.de\/dgfe2022\/files\/banner_dgfe_bremen.jpg 1025w, https:\/\/blogs.uni-bremen.de\/dgfe2022\/files\/banner_dgfe_bremen-980x320.jpg 980w, https:\/\/blogs.uni-bremen.de\/dgfe2022\/files\/banner_dgfe_bremen-480x157.jpg 480w\" sizes=\"(min-width: 0px) and (max-width: 480px) 480px, (min-width: 481px) and (max-width: 980px) 980px, (min-width: 981px) 1025px, 100vw\" \/><\/p>\n<p>[Information in <a href=\"https:\/\/blogs.uni-bremen.de\/dgfe2022\/information-in-english\/\">English<\/a>\/ Informationen auf <a href=\"https:\/\/blogs.uni-bremen.de\/dgfe2022\/information-in-english\/\">Englisch<\/a>]<\/p>\n<p>Vielen Dank an alle, die zum Erfolg des digitalen DGfE-Kongresses in Bremen beigetragen haben!<\/p>\n<p>Mitschnitte der zehn Parallelvortr\u00e4ge des DGfE-Kongresses finden Sie\u00a0 auf dieser Website unter &#8222;<a href=\"https:\/\/blogs.uni-bremen.de\/dgfe2022\/vortrage\/\">Vortr\u00e4ge<\/a>&#8222;.<\/p>\n<p>Ausgew\u00e4hlte und eigens f\u00fcr unseren Kongress produzierte Kulturbeitr\u00e4ge finden Sie auf dieser Website unter &#8222;<a href=\"https:\/\/blogs.uni-bremen.de\/dgfe2022\/kulturprogramm\/\">Kulturprogramm<\/a>&#8222;.<\/p>\n<p>Hier finden Sie die <a href=\"https:\/\/blogs.uni-bremen.de\/dgfe2022\/call-for-papers-postersession\/\">Gewinner*innen der Posterpreise<\/a>.<\/p>\n<p>Die Kongressplattform der <a href=\"https:\/\/www.mcc-events.de\/\" target=\"_blank\" rel=\"noopener\">Firma mcc<\/a> war bis Mitte Mai freigeschaltet. Hier gab es die M\u00f6glichkeit, auf verschiedene Angebote zuzugreifen, wie beispielsweise unser umfangreiches Kulturprogramm, die St\u00e4nde der Verlagsausstellung, eine Pinnwand, die Poster der Postersession, das Sketchnote-Protokoll der Pre-Conference und die Aufzeichnungen der Parallelvortr\u00e4ge. Der Login erfolgte mit den Zugangsdaten von ConfTool.<\/p>\n<p>Seit 8. Oktober 2021 ist die <a href=\"https:\/\/blogs.uni-bremen.de\/dgfe2022\/anmeldung-teilnahmegebuehren\/\">Anmeldung<\/a> f\u00fcr den Kongress m\u00f6glich. Die Sp\u00e4tbucherphase l\u00e4uft seit Anfang Februar 2022.<br \/>\nDas <a href=\"https:\/\/www.conftool.org\/dgfe2022\/sessions.php\" target=\"_blank\" rel=\"noopener\">Kongress-Programm<\/a> ist auf der Seite von ConfTool ver\u00f6ffentlicht.<\/p>\n<p>Die Phase der Beitragseinreichungen ist abgeschlossen. Die Ergebnisse der Begutachtung eingereichter <a href=\"https:\/\/blogs.uni-bremen.de\/dgfe2022\/call-for-paper\/\">Symposien, Arbeitsgruppen und Forschungsforen<\/a> sowie der <a href=\"https:\/\/blogs.uni-bremen.de\/dgfe2022\/call-for-papers-postersession\/\">Poster<\/a> wurden den Einreichenden mitgeteilt.<br \/>\nBis zum 1. September 2021 konnten Vorschl\u00e4ge f\u00fcr den\u00a0<a href=\"https:\/\/www.dgfe.de\/fileadmin\/OrdnerRedakteure\/Kongresse\/DGfE-F%C3%B6rderpreis_Ausschreibung_2022.pdf\" target=\"_blank\" rel=\"noopener\">F\u00f6rderpreis f\u00fcr ausgezeichnete Arbeiten junger Erziehungswissenschaftlerinnen und Erziehungswissenschaftler<\/a>\u00a0gemacht werden.<\/p>\n<p>Aufgrund der unvermindert fortbestehenden Planungsunsicherheit f\u00fcr Gro\u00dfveranstaltungen hat das lokale Organisationskomitee f\u00fcr den DGfE-Kongress 2022 in Bremen in Abstimmung mit dem DGfE-Vorstand im April 2020 beschlossen, den DGfE-Kongress 2022 <strong>digital<\/strong> abzuhalten.<br \/>\nGrund f\u00fcr diese Entscheidung sind aktuell anstehende Festlegungen insbesondere bez\u00fcglich der Raum- und Technikausstattung, die nicht ohne Ausfallrisiken getroffen werden k\u00f6nnten. Die Umstellung der Planung auf ein digitales Kongressformat ist unter den gegebenen Umst\u00e4nden die einzige M\u00f6glichkeit, die Vorbereitung f\u00fcr den Kongress unabh\u00e4ngig von dem weiteren Pandemiegeschehen zu treffen.<br \/>\nNach der aktuellen Planung ist eine vollst\u00e4ndige Re-Finanzierung des Kongresses \u2013 wie bei den bisherigen Kongressen auch \u2013 aus den Teilnahmegeb\u00fchren vorgesehen. Entsprechend wird auch bei der Teilnahme am rein digitalen Angebot ein (gestaffelter) Tagungsbeitrag erhoben.<\/p>\n","protected":false},"excerpt":{"rendered":"<p>[Information in English\/ Informationen auf Englisch] Vielen Dank an alle, die zum Erfolg des digitalen DGfE-Kongresses in Bremen beigetragen haben! Mitschnitte der zehn Parallelvortr\u00e4ge des DGfE-Kongresses finden Sie\u00a0 auf dieser Website unter &#8222;Vortr\u00e4ge&#8222;. Ausgew\u00e4hlte und eigens f\u00fcr unseren Kongress produzierte Kulturbeitr\u00e4ge finden Sie auf dieser Website unter &#8222;Kulturprogramm&#8222;. Hier finden Sie die Gewinner*innen der Posterpreise. [&hellip;]<\/p>\n","protected":false},"author":31,"featured_media":0,"parent":0,"menu_order":0,"comment_status":"closed","ping_status":"closed","template":"","meta":{"_bbp_topic_count":0,"_bbp_reply_count":0,"_bbp_total_topic_count":0,"_bbp_total_reply_count":0,"_bbp_voice_count":0,"_bbp_anonymous_reply_count":0,"_bbp_topic_count_hidden":0,"_bbp_reply_count_hidden":0,"_bbp_forum_subforum_count":0,"footnotes":""},"class_list":["post-13","page","type-page","status-publish","hentry"],"_links":{"self":[{"href":"https:\/\/blogs.uni-bremen.de\/dgfe2022\/wp-json\/wp\/v2\/pages\/13","targetHints":{"allow":["GET"]}}],"collection":[{"href":"https:\/\/blogs.uni-bremen.de\/dgfe2022\/wp-json\/wp\/v2\/pages"}],"about":[{"href":"https:\/\/blogs.uni-bremen.de\/dgfe2022\/wp-json\/wp\/v2\/types\/page"}],"author":[{"embeddable":true,"href":"https:\/\/blogs.uni-bremen.de\/dgfe2022\/wp-json\/wp\/v2\/users\/31"}],"replies":[{"embeddable":true,"href":"https:\/\/blogs.uni-bremen.de\/dgfe2022\/wp-json\/wp\/v2\/comments?post=13"}],"version-history":[{"count":12,"href":"https:\/\/blogs.uni-bremen.de\/dgfe2022\/wp-json\/wp\/v2\/pages\/13\/revisions"}],"predecessor-version":[{"id":1070,"href":"https:\/\/blogs.uni-bremen.de\/dgfe2022\/wp-json\/wp\/v2\/pages\/13\/revisions\/1070"}],"wp:attachment":[{"href":"https:\/\/blogs.uni-bremen.de\/dgfe2022\/wp-json\/wp\/v2\/media?parent=13"}],"curies":[{"name":"wp","href":"https:\/\/api.w.org\/{rel}","templated":true}]}}