{"id":2,"date":"2020-05-25T16:50:34","date_gmt":"2020-05-25T14:50:34","guid":{"rendered":"https:\/\/blogs.uni-bremen.de\/deutschlandstipendiaten\/?page_id=2"},"modified":"2024-03-28T22:55:41","modified_gmt":"2024-03-28T21:55:41","slug":"beispiel-seite","status":"publish","type":"page","link":"https:\/\/blogs.uni-bremen.de\/deutschlandstipendiaten\/","title":{"rendered":"Startseite"},"content":{"rendered":"<p><span style=\"font-size: 14pt;font-family: georgia, palatino, serif\"><strong>Warum dieser Blog?<\/strong><\/span><\/p>\n<div id=\"attachment_325\" style=\"width: 1034px\" class=\"wp-caption alignnone\"><img loading=\"lazy\" decoding=\"async\" aria-describedby=\"caption-attachment-325\" class=\"wp-image-325 size-large\" src=\"https:\/\/blogs.uni-bremen.de\/deutschlandstipendiaten\/files\/Vergabefeier-2024-2-1024x683.jpg\" alt=\"Die Stipendiat:innen des Deutschlandstipendiums der Uni Bremen pr\u00e4sentieren jubelnd ihre Urkunden.\" width=\"1024\" height=\"683\" srcset=\"https:\/\/blogs.uni-bremen.de\/deutschlandstipendiaten\/files\/Vergabefeier-2024-2-980x653.jpg 980w, https:\/\/blogs.uni-bremen.de\/deutschlandstipendiaten\/files\/Vergabefeier-2024-2-480x320.jpg 480w\" sizes=\"(min-width: 0px) and (max-width: 480px) 480px, (min-width: 481px) and (max-width: 980px) 980px, (min-width: 981px) 1024px, 100vw\" \/><p id=\"caption-attachment-325\" class=\"wp-caption-text\">Vergabefeier des Deutschlandstipendiums in der Kunsthalle Bremen 2024<\/p><\/div>\n<p><span style=\"font-family: georgia, palatino, serif\">Wir &#8211; die Deutschlandstipendiatinnen und Deutschlandstipendiaten der Uni Bremen &#8211; haben diesen Blog ins Leben gerufen, um eine Kommunikationsplattform f\u00fcr die Stipendiat*innen und Stipendiengeber*innen zu schaffen. Die Idee dazu entstand w\u00e4hrend der Corona-Pandemie. Urspr\u00fcnglich war (wie auch in den vorigen Jahren) ein Bergfest geplant, auf dem wir uns vorstellen wollten und den Kontakt zwischen Stipendiaten und Stipendiengeber*innen herstellen und f\u00f6rdern wollten. Diese Veranstaltung fiel in den letzten zwei Jahren leider der Corona-Pandemie und den damit verbundenen Kontaktbeschr\u00e4nkungen zum Opfer. Also suchten wir nach einer alternativen M\u00f6glichkeit uns vorzustellen und auf diesem Weg Kontakt zu unseren Stipendiengeber*innen herzustellen.<\/span><\/p>\n<p><span style=\"font-family: georgia, palatino, serif\">Wir werden dazu <a href=\"https:\/\/blogs.uni-bremen.de\/deutschlandstipendiaten\/beitraege\/\">hier<\/a> regelm\u00e4\u00dfig Beitr\u00e4ge ver\u00f6ffentlichen, in denen sich einzelne Stipendiatinnen und Stipendiaten vorstellen. Viele Stipendiat*innen sind neben dem Studium ehrenamtlich engagiert. In der Kategorie &#8222;Unsere Ehren\u00e4mter&#8220; stellen einige ihre Ehren\u00e4mter vor. Die Stipendien w\u00e4ren ohne die F\u00f6rderer nicht m\u00f6glich.\u00a0 In der Kategorie &#8222;Die F\u00f6rderer stellen sich vor&#8220; haben Sie die M\u00f6glichkeit die Unternehmen und Einzelpersonen, die hinter der F\u00f6rderung stehen, kennenzulernen. Wir laden Sie herzlich ein die Beitr\u00e4ge regelm\u00e4\u00dfig zu lesen und zu kommentieren.<\/span><\/p>\n<p><span style=\"font-family: georgia, palatino, serif\">Bei Fragen, Anregungen und sonstigem Feedback zu diesem Blog stehen wir Ihnen <a href=\"https:\/\/blogs.uni-bremen.de\/impressum\/\">hier<\/a> gerne zur Verf\u00fcgung.<\/span><\/p>\n","protected":false},"excerpt":{"rendered":"<p>Warum dieser Blog? Wir &#8211; die Deutschlandstipendiatinnen und Deutschlandstipendiaten der Uni Bremen &#8211; haben diesen Blog ins Leben gerufen, um eine Kommunikationsplattform f\u00fcr die Stipendiat*innen und Stipendiengeber*innen zu schaffen. Die Idee dazu entstand w\u00e4hrend der Corona-Pandemie. Urspr\u00fcnglich war (wie auch in den vorigen Jahren) ein Bergfest geplant, auf dem wir uns vorstellen wollten und den [&hellip;]<\/p>\n","protected":false},"author":5747,"featured_media":325,"parent":0,"menu_order":0,"comment_status":"closed","ping_status":"open","template":"","meta":{"_bbp_topic_count":0,"_bbp_reply_count":0,"_bbp_total_topic_count":0,"_bbp_total_reply_count":0,"_bbp_voice_count":0,"_bbp_anonymous_reply_count":0,"_bbp_topic_count_hidden":0,"_bbp_reply_count_hidden":0,"_bbp_forum_subforum_count":0,"footnotes":""},"class_list":["post-2","page","type-page","status-publish","has-post-thumbnail","hentry"],"yoast_head":"<!-- This site is optimized with the Yoast SEO plugin v27.3 - https:\/\/yoast.com\/product\/yoast-seo-wordpress\/ -->\n<title>Startseite - Deutschlandstipendiat*innen<\/title>\n<meta name=\"description\" content=\"In diesem Blog pr\u00e4sentieren Deutschlandstipendiatinnen und Stipendiaten der Uni Bremen ihre Erfahrungen mit dem Deutschlandstipendium.\" class=\"yoast-seo-meta-tag\" \/>\n<meta name=\"robots\" content=\"index, follow, max-snippet:-1, max-image-preview:large, max-video-preview:-1\" \/>\n<link rel=\"canonical\" href=\"https:\/\/blogs.uni-bremen.de\/deutschlandstipendiaten\/\" class=\"yoast-seo-meta-tag\" \/>\n<meta property=\"og:locale\" content=\"de_DE\" class=\"yoast-seo-meta-tag\" \/>\n<meta property=\"og:type\" content=\"article\" class=\"yoast-seo-meta-tag\" \/>\n<meta property=\"og:title\" content=\"Startseite - Deutschlandstipendiat*innen\" class=\"yoast-seo-meta-tag\" \/>\n<meta property=\"og:description\" content=\"In diesem Blog pr\u00e4sentieren Deutschlandstipendiatinnen und Stipendiaten der Uni Bremen ihre Erfahrungen mit dem Deutschlandstipendium.\" class=\"yoast-seo-meta-tag\" \/>\n<meta property=\"og:url\" content=\"https:\/\/blogs.uni-bremen.de\/deutschlandstipendiaten\/\" class=\"yoast-seo-meta-tag\" \/>\n<meta property=\"og:site_name\" content=\"Deutschlandstipendiat*innen\" class=\"yoast-seo-meta-tag\" \/>\n<meta property=\"article:modified_time\" content=\"2024-03-28T21:55:41+00:00\" class=\"yoast-seo-meta-tag\" \/>\n<meta property=\"og:image\" content=\"https:\/\/blogs.uni-bremen.de\/deutschlandstipendiaten\/files\/Vergabefeier-2024-2-scaled.jpg\" class=\"yoast-seo-meta-tag\" \/>\n\t<meta property=\"og:image:width\" content=\"2560\" class=\"yoast-seo-meta-tag\" \/>\n\t<meta property=\"og:image:height\" content=\"1707\" class=\"yoast-seo-meta-tag\" \/>\n\t<meta property=\"og:image:type\" content=\"image\/jpeg\" class=\"yoast-seo-meta-tag\" \/>\n<meta name=\"twitter:card\" content=\"summary_large_image\" class=\"yoast-seo-meta-tag\" \/>\n<meta name=\"twitter:label1\" content=\"Gesch\u00e4tzte Lesezeit\" class=\"yoast-seo-meta-tag\" \/>\n\t<meta name=\"twitter:data1\" content=\"2\u00a0Minuten\" class=\"yoast-seo-meta-tag\" \/>\n<script type=\"application\/ld+json\" class=\"yoast-schema-graph\">{\"@context\":\"https:\\\/\\\/schema.org\",\"@graph\":[{\"@type\":\"WebPage\",\"@id\":\"https:\\\/\\\/blogs.uni-bremen.de\\\/deutschlandstipendiaten\\\/\",\"url\":\"https:\\\/\\\/blogs.uni-bremen.de\\\/deutschlandstipendiaten\\\/\",\"name\":\"Startseite - Deutschlandstipendiat*innen\",\"isPartOf\":{\"@id\":\"https:\\\/\\\/blogs.uni-bremen.de\\\/deutschlandstipendiaten\\\/#website\"},\"primaryImageOfPage\":{\"@id\":\"https:\\\/\\\/blogs.uni-bremen.de\\\/deutschlandstipendiaten\\\/#primaryimage\"},\"image\":{\"@id\":\"https:\\\/\\\/blogs.uni-bremen.de\\\/deutschlandstipendiaten\\\/#primaryimage\"},\"thumbnailUrl\":\"https:\\\/\\\/blogs.uni-bremen.de\\\/deutschlandstipendiaten\\\/files\\\/Vergabefeier-2024-2-scaled.jpg\",\"datePublished\":\"2020-05-25T14:50:34+00:00\",\"dateModified\":\"2024-03-28T21:55:41+00:00\",\"description\":\"In diesem Blog pr\u00e4sentieren Deutschlandstipendiatinnen und Stipendiaten der Uni Bremen ihre Erfahrungen mit dem Deutschlandstipendium.\",\"breadcrumb\":{\"@id\":\"https:\\\/\\\/blogs.uni-bremen.de\\\/deutschlandstipendiaten\\\/#breadcrumb\"},\"inLanguage\":\"de\",\"potentialAction\":[{\"@type\":\"ReadAction\",\"target\":[\"https:\\\/\\\/blogs.uni-bremen.de\\\/deutschlandstipendiaten\\\/\"]}]},{\"@type\":\"ImageObject\",\"inLanguage\":\"de\",\"@id\":\"https:\\\/\\\/blogs.uni-bremen.de\\\/deutschlandstipendiaten\\\/#primaryimage\",\"url\":\"https:\\\/\\\/blogs.uni-bremen.de\\\/deutschlandstipendiaten\\\/files\\\/Vergabefeier-2024-2-scaled.jpg\",\"contentUrl\":\"https:\\\/\\\/blogs.uni-bremen.de\\\/deutschlandstipendiaten\\\/files\\\/Vergabefeier-2024-2-scaled.jpg\",\"width\":2560,\"height\":1707,\"caption\":\"Vergabefeier des Deutschlandstipendiums in der Kunsthalle Bremen 2024\"},{\"@type\":\"BreadcrumbList\",\"@id\":\"https:\\\/\\\/blogs.uni-bremen.de\\\/deutschlandstipendiaten\\\/#breadcrumb\",\"itemListElement\":[{\"@type\":\"ListItem\",\"position\":1,\"name\":\"Startseite\",\"item\":\"https:\\\/\\\/blogs.uni-bremen.de\\\/deutschlandstipendiaten\\\/\"},{\"@type\":\"ListItem\",\"position\":2,\"name\":\"Startseite\"}]},{\"@type\":\"WebSite\",\"@id\":\"https:\\\/\\\/blogs.uni-bremen.de\\\/deutschlandstipendiaten\\\/#website\",\"url\":\"https:\\\/\\\/blogs.uni-bremen.de\\\/deutschlandstipendiaten\\\/\",\"name\":\"Blog der Deutschlandstipendiat*innen\",\"description\":\"der Universit\u00e4t Bremen\",\"publisher\":{\"@id\":\"https:\\\/\\\/blogs.uni-bremen.de\\\/deutschlandstipendiaten\\\/#organization\"},\"potentialAction\":[{\"@type\":\"SearchAction\",\"target\":{\"@type\":\"EntryPoint\",\"urlTemplate\":\"https:\\\/\\\/blogs.uni-bremen.de\\\/deutschlandstipendiaten\\\/?s={search_term_string}\"},\"query-input\":{\"@type\":\"PropertyValueSpecification\",\"valueRequired\":true,\"valueName\":\"search_term_string\"}}],\"inLanguage\":\"de\"},{\"@type\":\"Organization\",\"@id\":\"https:\\\/\\\/blogs.uni-bremen.de\\\/deutschlandstipendiaten\\\/#organization\",\"name\":\"Deutschlandstipendiat*innen\",\"url\":\"https:\\\/\\\/blogs.uni-bremen.de\\\/deutschlandstipendiaten\\\/\",\"logo\":{\"@type\":\"ImageObject\",\"inLanguage\":\"de\",\"@id\":\"https:\\\/\\\/blogs.uni-bremen.de\\\/deutschlandstipendiaten\\\/#\\\/schema\\\/logo\\\/image\\\/\",\"url\":\"https:\\\/\\\/blogs.uni-bremen.de\\\/deutschlandstipendiaten\\\/files\\\/cropped-Logo-1.png\",\"contentUrl\":\"https:\\\/\\\/blogs.uni-bremen.de\\\/deutschlandstipendiaten\\\/files\\\/cropped-Logo-1.png\",\"width\":512,\"height\":512,\"caption\":\"Deutschlandstipendiat*innen\"},\"image\":{\"@id\":\"https:\\\/\\\/blogs.uni-bremen.de\\\/deutschlandstipendiaten\\\/#\\\/schema\\\/logo\\\/image\\\/\"},\"sameAs\":[\"https:\\\/\\\/www.instagram.com\\\/uni_bremen_dstip\",\"https:\\\/\\\/www.linkedin.com\\\/in\\\/uni-bremen-dstip\\\/\"]}]}<\/script>\n<!-- \/ Yoast SEO plugin. -->","yoast_head_json":{"title":"Startseite - Deutschlandstipendiat*innen","description":"In diesem Blog pr\u00e4sentieren Deutschlandstipendiatinnen und Stipendiaten der Uni Bremen ihre Erfahrungen mit dem Deutschlandstipendium.","robots":{"index":"index","follow":"follow","max-snippet":"max-snippet:-1","max-image-preview":"max-image-preview:large","max-video-preview":"max-video-preview:-1"},"canonical":"https:\/\/blogs.uni-bremen.de\/deutschlandstipendiaten\/","og_locale":"de_DE","og_type":"article","og_title":"Startseite - Deutschlandstipendiat*innen","og_description":"In diesem Blog pr\u00e4sentieren Deutschlandstipendiatinnen und Stipendiaten der Uni Bremen ihre Erfahrungen mit dem Deutschlandstipendium.","og_url":"https:\/\/blogs.uni-bremen.de\/deutschlandstipendiaten\/","og_site_name":"Deutschlandstipendiat*innen","article_modified_time":"2024-03-28T21:55:41+00:00","og_image":[{"width":2560,"height":1707,"url":"https:\/\/blogs.uni-bremen.de\/deutschlandstipendiaten\/files\/Vergabefeier-2024-2-scaled.jpg","type":"image\/jpeg"}],"twitter_card":"summary_large_image","twitter_misc":{"Gesch\u00e4tzte Lesezeit":"2\u00a0Minuten"},"schema":{"@context":"https:\/\/schema.org","@graph":[{"@type":"WebPage","@id":"https:\/\/blogs.uni-bremen.de\/deutschlandstipendiaten\/","url":"https:\/\/blogs.uni-bremen.de\/deutschlandstipendiaten\/","name":"Startseite - Deutschlandstipendiat*innen","isPartOf":{"@id":"https:\/\/blogs.uni-bremen.de\/deutschlandstipendiaten\/#website"},"primaryImageOfPage":{"@id":"https:\/\/blogs.uni-bremen.de\/deutschlandstipendiaten\/#primaryimage"},"image":{"@id":"https:\/\/blogs.uni-bremen.de\/deutschlandstipendiaten\/#primaryimage"},"thumbnailUrl":"https:\/\/blogs.uni-bremen.de\/deutschlandstipendiaten\/files\/Vergabefeier-2024-2-scaled.jpg","datePublished":"2020-05-25T14:50:34+00:00","dateModified":"2024-03-28T21:55:41+00:00","description":"In diesem Blog pr\u00e4sentieren Deutschlandstipendiatinnen und Stipendiaten der Uni Bremen ihre Erfahrungen mit dem Deutschlandstipendium.","breadcrumb":{"@id":"https:\/\/blogs.uni-bremen.de\/deutschlandstipendiaten\/#breadcrumb"},"inLanguage":"de","potentialAction":[{"@type":"ReadAction","target":["https:\/\/blogs.uni-bremen.de\/deutschlandstipendiaten\/"]}]},{"@type":"ImageObject","inLanguage":"de","@id":"https:\/\/blogs.uni-bremen.de\/deutschlandstipendiaten\/#primaryimage","url":"https:\/\/blogs.uni-bremen.de\/deutschlandstipendiaten\/files\/Vergabefeier-2024-2-scaled.jpg","contentUrl":"https:\/\/blogs.uni-bremen.de\/deutschlandstipendiaten\/files\/Vergabefeier-2024-2-scaled.jpg","width":2560,"height":1707,"caption":"Vergabefeier des Deutschlandstipendiums in der Kunsthalle Bremen 2024"},{"@type":"BreadcrumbList","@id":"https:\/\/blogs.uni-bremen.de\/deutschlandstipendiaten\/#breadcrumb","itemListElement":[{"@type":"ListItem","position":1,"name":"Startseite","item":"https:\/\/blogs.uni-bremen.de\/deutschlandstipendiaten\/"},{"@type":"ListItem","position":2,"name":"Startseite"}]},{"@type":"WebSite","@id":"https:\/\/blogs.uni-bremen.de\/deutschlandstipendiaten\/#website","url":"https:\/\/blogs.uni-bremen.de\/deutschlandstipendiaten\/","name":"Blog der Deutschlandstipendiat*innen","description":"der Universit\u00e4t Bremen","publisher":{"@id":"https:\/\/blogs.uni-bremen.de\/deutschlandstipendiaten\/#organization"},"potentialAction":[{"@type":"SearchAction","target":{"@type":"EntryPoint","urlTemplate":"https:\/\/blogs.uni-bremen.de\/deutschlandstipendiaten\/?s={search_term_string}"},"query-input":{"@type":"PropertyValueSpecification","valueRequired":true,"valueName":"search_term_string"}}],"inLanguage":"de"},{"@type":"Organization","@id":"https:\/\/blogs.uni-bremen.de\/deutschlandstipendiaten\/#organization","name":"Deutschlandstipendiat*innen","url":"https:\/\/blogs.uni-bremen.de\/deutschlandstipendiaten\/","logo":{"@type":"ImageObject","inLanguage":"de","@id":"https:\/\/blogs.uni-bremen.de\/deutschlandstipendiaten\/#\/schema\/logo\/image\/","url":"https:\/\/blogs.uni-bremen.de\/deutschlandstipendiaten\/files\/cropped-Logo-1.png","contentUrl":"https:\/\/blogs.uni-bremen.de\/deutschlandstipendiaten\/files\/cropped-Logo-1.png","width":512,"height":512,"caption":"Deutschlandstipendiat*innen"},"image":{"@id":"https:\/\/blogs.uni-bremen.de\/deutschlandstipendiaten\/#\/schema\/logo\/image\/"},"sameAs":["https:\/\/www.instagram.com\/uni_bremen_dstip","https:\/\/www.linkedin.com\/in\/uni-bremen-dstip\/"]}]}},"_links":{"self":[{"href":"https:\/\/blogs.uni-bremen.de\/deutschlandstipendiaten\/wp-json\/wp\/v2\/pages\/2","targetHints":{"allow":["GET"]}}],"collection":[{"href":"https:\/\/blogs.uni-bremen.de\/deutschlandstipendiaten\/wp-json\/wp\/v2\/pages"}],"about":[{"href":"https:\/\/blogs.uni-bremen.de\/deutschlandstipendiaten\/wp-json\/wp\/v2\/types\/page"}],"author":[{"embeddable":true,"href":"https:\/\/blogs.uni-bremen.de\/deutschlandstipendiaten\/wp-json\/wp\/v2\/users\/5747"}],"replies":[{"embeddable":true,"href":"https:\/\/blogs.uni-bremen.de\/deutschlandstipendiaten\/wp-json\/wp\/v2\/comments?post=2"}],"version-history":[{"count":11,"href":"https:\/\/blogs.uni-bremen.de\/deutschlandstipendiaten\/wp-json\/wp\/v2\/pages\/2\/revisions"}],"predecessor-version":[{"id":328,"href":"https:\/\/blogs.uni-bremen.de\/deutschlandstipendiaten\/wp-json\/wp\/v2\/pages\/2\/revisions\/328"}],"wp:featuredmedia":[{"embeddable":true,"href":"https:\/\/blogs.uni-bremen.de\/deutschlandstipendiaten\/wp-json\/wp\/v2\/media\/325"}],"wp:attachment":[{"href":"https:\/\/blogs.uni-bremen.de\/deutschlandstipendiaten\/wp-json\/wp\/v2\/media?parent=2"}],"curies":[{"name":"wp","href":"https:\/\/api.w.org\/{rel}","templated":true}]}}