{"id":63,"date":"2022-01-23T11:28:10","date_gmt":"2022-01-23T10:28:10","guid":{"rendered":"https:\/\/blogs.uni-bremen.de\/compassaro\/?page_id=63"},"modified":"2022-01-29T16:25:34","modified_gmt":"2022-01-29T15:25:34","slug":"leistungen","status":"publish","type":"page","link":"https:\/\/blogs.uni-bremen.de\/compassaro\/leistungen\/","title":{"rendered":"Leistungen"},"content":{"rendered":"<h1>Leistungen &#8211; das bieten wir Ihnen an:<\/h1>\n<h2><span style=\"font-weight: 400\">Website-Design<\/span><\/h2>\n<p><span style=\"font-weight: 400\">Unser Team hilft Ihnen genau das richtige Design f\u00fcr Ihre Zwecke zu erstellen. Ihr Brand-Image wird somit optimal vermittelt. W\u00e4hrend des gesamten Prozesses steht unser Team immer f\u00fcr Anregungen bereit. Nach der Erstellung wird Ihre Website weiterhin von uns betreut. Wir unterst\u00fctzen Sie bei der Einbindung neuer Inhalte und achten darauf, dass Alles aktuell bleibt.\u00a0<\/span><\/p>\n<h2><img loading=\"lazy\" decoding=\"async\" class=\"aligncenter wp-image-122\" src=\"https:\/\/blogs.uni-bremen.de\/compassaro\/files\/website_skizze-300x200.jpg\" alt=\"Skizzen f\u00fcr ein Website-Design in schwarz-wei\u00df\" width=\"867\" height=\"578\" srcset=\"https:\/\/blogs.uni-bremen.de\/compassaro\/files\/website_skizze-300x200.jpg 300w, https:\/\/blogs.uni-bremen.de\/compassaro\/files\/website_skizze-1024x683.jpg 1024w, https:\/\/blogs.uni-bremen.de\/compassaro\/files\/website_skizze-768x512.jpg 768w, https:\/\/blogs.uni-bremen.de\/compassaro\/files\/website_skizze-1536x1024.jpg 1536w, https:\/\/blogs.uni-bremen.de\/compassaro\/files\/website_skizze-2048x1365.jpg 2048w\" sizes=\"auto, (max-width: 867px) 100vw, 867px\" \/><\/h2>\n<p>&nbsp;<\/p>\n<h2><span style=\"font-weight: 400\">Social Media Kan\u00e4le<\/span><\/h2>\n<p><span style=\"font-weight: 400\">Wir helfen Ihnen dabei Ihren Auftritt auf allen relevanten Social-Media-Plattformen zu erstellen. Dabei arbeiten wir eng mit diversen Influencer:innen zusammen, die Ihre Reichweite steigern. Ein einheitliches Design wird passend f\u00fcr Ihre Organisation von unserem Team gestaltet.<\/span><\/p>\n<p><img loading=\"lazy\" decoding=\"async\" class=\"aligncenter wp-image-124\" src=\"https:\/\/blogs.uni-bremen.de\/compassaro\/files\/instagram_feed-300x225.jpg\" alt=\"Beispiel Design eines Instagram Feed's\" width=\"867\" height=\"650\" srcset=\"https:\/\/blogs.uni-bremen.de\/compassaro\/files\/instagram_feed-300x225.jpg 300w, https:\/\/blogs.uni-bremen.de\/compassaro\/files\/instagram_feed-1024x768.jpg 1024w, https:\/\/blogs.uni-bremen.de\/compassaro\/files\/instagram_feed-768x576.jpg 768w, https:\/\/blogs.uni-bremen.de\/compassaro\/files\/instagram_feed-1536x1152.jpg 1536w, https:\/\/blogs.uni-bremen.de\/compassaro\/files\/instagram_feed-2048x1536.jpg 2048w\" sizes=\"auto, (max-width: 867px) 100vw, 867px\" \/><\/p>\n<p>&nbsp;<\/p>\n<h2><span style=\"font-weight: 400\">Werbung<\/span><\/h2>\n<p><span style=\"font-weight: 400\">Neben der Erstellung von Designs f\u00fcr Ihre Anzeigen \u00fcbernehmen wir gleichzeitig deren Verbreitung in Form von professionellen Werbekampagnen &#8211; egal ob digital oder print. Nat\u00fcrlich analysieren wir t\u00e4glich den Erfolg der Kampagnen und nehmen jegliche \u00c4nderungen nach Ihren W\u00fcnschen vor.<\/span><\/p>\n<h2><img loading=\"lazy\" decoding=\"async\" class=\"aligncenter wp-image-126\" src=\"https:\/\/blogs.uni-bremen.de\/compassaro\/files\/handy_analytics-300x200.jpg\" alt=\"Analytics von Werbung auf Handy abgebildet\" width=\"867\" height=\"578\" srcset=\"https:\/\/blogs.uni-bremen.de\/compassaro\/files\/handy_analytics-300x200.jpg 300w, https:\/\/blogs.uni-bremen.de\/compassaro\/files\/handy_analytics-1024x683.jpg 1024w, https:\/\/blogs.uni-bremen.de\/compassaro\/files\/handy_analytics-768x512.jpg 768w, https:\/\/blogs.uni-bremen.de\/compassaro\/files\/handy_analytics-1536x1024.jpg 1536w, https:\/\/blogs.uni-bremen.de\/compassaro\/files\/handy_analytics-2048x1365.jpg 2048w\" sizes=\"auto, (max-width: 867px) 100vw, 867px\" \/><\/h2>\n<p>&nbsp;<\/p>\n<h2><span style=\"font-weight: 400\">Weitergeben von Wissen<\/span><\/h2>\n<p><span style=\"font-weight: 400\">Um auch langfristig den Erfolg ihrer Kampagnen zu sichern sorgen wir daf\u00fcr, dass Sie auch selbstst\u00e4ndig an Ihrer Online-Pr\u00e4senz arbeiten k\u00f6nnen. Daf\u00fcr schulen wir Sie in alle Bereichen und geben unser professionelles Wissen an Sie weiter.<\/span><\/p>\n<p><img loading=\"lazy\" decoding=\"async\" class=\"aligncenter wp-image-127\" src=\"https:\/\/blogs.uni-bremen.de\/compassaro\/files\/schulung-300x200.jpg\" alt=\"Schulung einer Agentur f\u00fcr Online Auftritt. Mann erkl\u00e4rt vor einem Bildschirm an ein Team\" width=\"867\" height=\"578\" srcset=\"https:\/\/blogs.uni-bremen.de\/compassaro\/files\/schulung-300x200.jpg 300w, https:\/\/blogs.uni-bremen.de\/compassaro\/files\/schulung-1024x683.jpg 1024w, https:\/\/blogs.uni-bremen.de\/compassaro\/files\/schulung-768x512.jpg 768w, https:\/\/blogs.uni-bremen.de\/compassaro\/files\/schulung-1536x1024.jpg 1536w, https:\/\/blogs.uni-bremen.de\/compassaro\/files\/schulung-2048x1365.jpg 2048w\" sizes=\"auto, (max-width: 867px) 100vw, 867px\" \/><\/p>\n<h2><span style=\"font-weight: 400\">Kontakt aufnehmen<\/span><\/h2>\n<form method=\"post\" id=\"cntctfrm_contact_form\" class=\"cntctfrm_contact_form cntctfrm_one_column cntctfrm_ltr cntctfrm_width_default\" action=\"\/compassaro\/wp-json\/wp\/v2\/pages\/63#cntctfrm_contact_form\" enctype=\"multipart\/form-data\"><div id=\"cntctfrm_first_column\" class=\"cntctfrm_column\"><div class=\"cntctfrm_field_wrap cntctfrm_field_name_wrap\"namecontact><div class=\"cntctfrm_label cntctfrm_label_name\">\n\t\t\t\t\t\t\t\t\t<label for=\"cntctfrm_contact_name\">Name: <span class=\"required\">*<\/span><\/label><\/div><div class=\"cntctfrm_input cntctfrm_input_name\">\n\t\t\t\t\t\t\t\t\t<input namecontact class=\"text\" type=\"text\" size=\"40\" pattern=\"^([\\p{L}\\p{M}]{2,}(\\s)*(\\p{L}+\\p{M}*-*){1,})|([\\p{L}\\p{M}]{3,})\" title=\"Bitte nur Buchstaben mit mindestens 3 Zeichen eingeben, W\u00f6rter durch Leerzeichen getrennt\" value=\"\" name=\"cntctfrm_contact_name\" id=\"cntctfrm_contact_name\" \/><\/div><\/div><div class=\"cntctfrm_field_wrap cntctfrm_field_email_wrap\"email><div class=\"cntctfrm_label cntctfrm_label_email\">\n\t\t\t\t\t\t\t\t\t<label for=\"cntctfrm_contact_email\">E-Mail Adresse:: <span class=\"required\">*<\/span><\/label>\n\t\t\t\t\t\t\t\t<\/div><div class=\"cntctfrm_input cntctfrm_input_email\">\n\t\t\t\t\t\t\t\t\t<input email class=\"text\" type=\"email\" size=\"40\" value=\"\" name=\"cntctfrm_contact_email\" id=\"cntctfrm_contact_email\" \/><\/div><\/div><div class=\"cntctfrm_field_wrap cntctfrm_field_subject_wrap\"subject><div class=\"cntctfrm_label cntctfrm_label_subject\">\n\t\t\t\t\t\t\t\t\t<label for=\"cntctfrm_contact_subject\">Betreff: <span class=\"required\">*<\/span><\/label>\n\t\t\t\t\t\t\t\t<\/div><div class=\"cntctfrm_input cntctfrm_input_subject\">\n\t\t\t\t\t\t\t\t<input subject pattern=\"^\\p{L}{1,}([\\p{L}\\s]){2,}\" title=\"Please enter only letters at least 3 characters, words seperated by spaces\" class=\"text\" type=\"text\" size=\"40\" value=\"\" name=\"cntctfrm_contact_subject\" id=\"cntctfrm_contact_subject\" \/><\/div><\/div><div class=\"cntctfrm_field_wrap cntctfrm_field_message_wrap\"message><div class=\"cntctfrm_label cntctfrm_label_message\">\n\t\t\t\t\t\t\t\t<label for=\"cntctfrm_contact_message\">Inhalt: <span class=\"required\">*<\/span><\/label>\n\t\t\t\t\t\t\t<\/div><div class=\"cntctfrm_input cntctfrm_input_message\">\n\t\t\t\t\t\t\t\t<textarea message rows=\"5\" cols=\"30\"name=\"cntctfrm_contact_message\" id=\"cntctfrm_contact_message\"><\/textarea><\/div><\/div><\/div><div class=\"clear\"><\/div><div class=\"cntctfrm_submit_wrap\"><div id=\"cntctfrm_submit_first_column\" class=\"cntctfrm_column\"><div class=\"cntctfrm_input cntctfrm_input_submit\"><input type=\"hidden\" value=\"send\" name=\"cntctfrm_contact_action\">\n\t\t\t\t\t\t\t<input type=\"hidden\" value=\"default\" name=\"cntctfrm_language\">\n\t\t\t\t\t\t\t<input type=\"hidden\" value=\"1\" name=\"cntctfrm_form_submited\">\n\t\t\t\t\t\t\t<input type=\"hidden\" value=\"cntctfrm_options\" name=\"cntctfrm_options_name\">\n\t\t\t\t\t\t\t<input type=\"submit\" value=\"Senden\" class=\"cntctfrm_contact_submit\" id=\"1\" \/>\n\t\t\t\t\t\t<\/div><\/div><div id=\"cntctfrm_submit_second_column\" class=\"cntctfrm_column\"><\/div><div class=\"clear\"><\/div>\n\t\t\t<\/div>\n\t\t\t<\/form>\n","protected":false},"excerpt":{"rendered":"<p>Leistungen &#8211; das bieten wir Ihnen an: Website-Design Unser Team hilft Ihnen genau das richtige Design f\u00fcr Ihre Zwecke zu erstellen. Ihr Brand-Image wird somit optimal vermittelt. W\u00e4hrend des gesamten Prozesses steht unser Team immer f\u00fcr Anregungen bereit. Nach der Erstellung wird Ihre Website weiterhin von uns betreut. Wir unterst\u00fctzen Sie bei der Einbindung neuer &hellip;<\/p>\n","protected":false},"author":13736,"featured_media":0,"parent":0,"menu_order":0,"comment_status":"closed","ping_status":"closed","template":"","meta":{"_bbp_topic_count":0,"_bbp_reply_count":0,"_bbp_total_topic_count":0,"_bbp_total_reply_count":0,"_bbp_voice_count":0,"_bbp_anonymous_reply_count":0,"_bbp_topic_count_hidden":0,"_bbp_reply_count_hidden":0,"_bbp_forum_subforum_count":0,"footnotes":""},"class_list":["post-63","page","type-page","status-publish","hentry"],"yoast_head":"<!-- This site is optimized with the Yoast SEO plugin v27.3 - https:\/\/yoast.com\/product\/yoast-seo-wordpress\/ -->\n<title>Leistungen - compassaro<\/title>\n<meta name=\"robots\" content=\"index, follow, max-snippet:-1, max-image-preview:large, max-video-preview:-1\" \/>\n<link rel=\"canonical\" href=\"https:\/\/blogs.uni-bremen.de\/compassaro\/leistungen\/\" class=\"yoast-seo-meta-tag\" \/>\n<meta property=\"og:locale\" content=\"de_DE\" class=\"yoast-seo-meta-tag\" \/>\n<meta property=\"og:type\" content=\"article\" class=\"yoast-seo-meta-tag\" \/>\n<meta property=\"og:title\" content=\"Leistungen - compassaro\" class=\"yoast-seo-meta-tag\" \/>\n<meta property=\"og:description\" content=\"Leistungen &#8211; das bieten wir Ihnen an: Website-Design Unser Team hilft Ihnen genau das richtige Design f\u00fcr Ihre Zwecke zu erstellen. Ihr Brand-Image wird somit optimal vermittelt. W\u00e4hrend des gesamten Prozesses steht unser Team immer f\u00fcr Anregungen bereit. Nach der Erstellung wird Ihre Website weiterhin von uns betreut. Wir unterst\u00fctzen Sie bei der Einbindung neuer &hellip;\" class=\"yoast-seo-meta-tag\" \/>\n<meta property=\"og:url\" content=\"https:\/\/blogs.uni-bremen.de\/compassaro\/leistungen\/\" class=\"yoast-seo-meta-tag\" \/>\n<meta property=\"og:site_name\" content=\"compassaro\" class=\"yoast-seo-meta-tag\" \/>\n<meta property=\"article:modified_time\" content=\"2022-01-29T15:25:34+00:00\" class=\"yoast-seo-meta-tag\" \/>\n<meta property=\"og:image\" content=\"https:\/\/blogs.uni-bremen.de\/compassaro\/files\/website_skizze-300x200.jpg\" class=\"yoast-seo-meta-tag\" \/>\n<meta name=\"twitter:card\" content=\"summary_large_image\" class=\"yoast-seo-meta-tag\" \/>\n<meta name=\"twitter:label1\" content=\"Gesch\u00e4tzte Lesezeit\" class=\"yoast-seo-meta-tag\" \/>\n\t<meta name=\"twitter:data1\" content=\"2\u00a0Minuten\" class=\"yoast-seo-meta-tag\" \/>\n<script type=\"application\/ld+json\" class=\"yoast-schema-graph\">{\"@context\":\"https:\\\/\\\/schema.org\",\"@graph\":[{\"@type\":\"WebPage\",\"@id\":\"https:\\\/\\\/blogs.uni-bremen.de\\\/compassaro\\\/leistungen\\\/\",\"url\":\"https:\\\/\\\/blogs.uni-bremen.de\\\/compassaro\\\/leistungen\\\/\",\"name\":\"Leistungen - compassaro\",\"isPartOf\":{\"@id\":\"https:\\\/\\\/blogs.uni-bremen.de\\\/compassaro\\\/#website\"},\"primaryImageOfPage\":{\"@id\":\"https:\\\/\\\/blogs.uni-bremen.de\\\/compassaro\\\/leistungen\\\/#primaryimage\"},\"image\":{\"@id\":\"https:\\\/\\\/blogs.uni-bremen.de\\\/compassaro\\\/leistungen\\\/#primaryimage\"},\"thumbnailUrl\":\"https:\\\/\\\/blogs.uni-bremen.de\\\/compassaro\\\/files\\\/website_skizze-300x200.jpg\",\"datePublished\":\"2022-01-23T10:28:10+00:00\",\"dateModified\":\"2022-01-29T15:25:34+00:00\",\"breadcrumb\":{\"@id\":\"https:\\\/\\\/blogs.uni-bremen.de\\\/compassaro\\\/leistungen\\\/#breadcrumb\"},\"inLanguage\":\"de\",\"potentialAction\":[{\"@type\":\"ReadAction\",\"target\":[\"https:\\\/\\\/blogs.uni-bremen.de\\\/compassaro\\\/leistungen\\\/\"]}]},{\"@type\":\"ImageObject\",\"inLanguage\":\"de\",\"@id\":\"https:\\\/\\\/blogs.uni-bremen.de\\\/compassaro\\\/leistungen\\\/#primaryimage\",\"url\":\"https:\\\/\\\/blogs.uni-bremen.de\\\/compassaro\\\/files\\\/website_skizze-300x200.jpg\",\"contentUrl\":\"https:\\\/\\\/blogs.uni-bremen.de\\\/compassaro\\\/files\\\/website_skizze-300x200.jpg\"},{\"@type\":\"BreadcrumbList\",\"@id\":\"https:\\\/\\\/blogs.uni-bremen.de\\\/compassaro\\\/leistungen\\\/#breadcrumb\",\"itemListElement\":[{\"@type\":\"ListItem\",\"position\":1,\"name\":\"Startseite\",\"item\":\"https:\\\/\\\/blogs.uni-bremen.de\\\/compassaro\\\/\"},{\"@type\":\"ListItem\",\"position\":2,\"name\":\"Leistungen\"}]},{\"@type\":\"WebSite\",\"@id\":\"https:\\\/\\\/blogs.uni-bremen.de\\\/compassaro\\\/#website\",\"url\":\"https:\\\/\\\/blogs.uni-bremen.de\\\/compassaro\\\/\",\"name\":\"compassaro\",\"description\":\"\",\"potentialAction\":[{\"@type\":\"SearchAction\",\"target\":{\"@type\":\"EntryPoint\",\"urlTemplate\":\"https:\\\/\\\/blogs.uni-bremen.de\\\/compassaro\\\/?s={search_term_string}\"},\"query-input\":{\"@type\":\"PropertyValueSpecification\",\"valueRequired\":true,\"valueName\":\"search_term_string\"}}],\"inLanguage\":\"de\"}]}<\/script>\n<!-- \/ Yoast SEO plugin. -->","yoast_head_json":{"title":"Leistungen - compassaro","robots":{"index":"index","follow":"follow","max-snippet":"max-snippet:-1","max-image-preview":"max-image-preview:large","max-video-preview":"max-video-preview:-1"},"canonical":"https:\/\/blogs.uni-bremen.de\/compassaro\/leistungen\/","og_locale":"de_DE","og_type":"article","og_title":"Leistungen - compassaro","og_description":"Leistungen &#8211; das bieten wir Ihnen an: Website-Design Unser Team hilft Ihnen genau das richtige Design f\u00fcr Ihre Zwecke zu erstellen. Ihr Brand-Image wird somit optimal vermittelt. W\u00e4hrend des gesamten Prozesses steht unser Team immer f\u00fcr Anregungen bereit. Nach der Erstellung wird Ihre Website weiterhin von uns betreut. Wir unterst\u00fctzen Sie bei der Einbindung neuer &hellip;","og_url":"https:\/\/blogs.uni-bremen.de\/compassaro\/leistungen\/","og_site_name":"compassaro","article_modified_time":"2022-01-29T15:25:34+00:00","og_image":[{"url":"https:\/\/blogs.uni-bremen.de\/compassaro\/files\/website_skizze-300x200.jpg","type":"","width":"","height":""}],"twitter_card":"summary_large_image","twitter_misc":{"Gesch\u00e4tzte Lesezeit":"2\u00a0Minuten"},"schema":{"@context":"https:\/\/schema.org","@graph":[{"@type":"WebPage","@id":"https:\/\/blogs.uni-bremen.de\/compassaro\/leistungen\/","url":"https:\/\/blogs.uni-bremen.de\/compassaro\/leistungen\/","name":"Leistungen - compassaro","isPartOf":{"@id":"https:\/\/blogs.uni-bremen.de\/compassaro\/#website"},"primaryImageOfPage":{"@id":"https:\/\/blogs.uni-bremen.de\/compassaro\/leistungen\/#primaryimage"},"image":{"@id":"https:\/\/blogs.uni-bremen.de\/compassaro\/leistungen\/#primaryimage"},"thumbnailUrl":"https:\/\/blogs.uni-bremen.de\/compassaro\/files\/website_skizze-300x200.jpg","datePublished":"2022-01-23T10:28:10+00:00","dateModified":"2022-01-29T15:25:34+00:00","breadcrumb":{"@id":"https:\/\/blogs.uni-bremen.de\/compassaro\/leistungen\/#breadcrumb"},"inLanguage":"de","potentialAction":[{"@type":"ReadAction","target":["https:\/\/blogs.uni-bremen.de\/compassaro\/leistungen\/"]}]},{"@type":"ImageObject","inLanguage":"de","@id":"https:\/\/blogs.uni-bremen.de\/compassaro\/leistungen\/#primaryimage","url":"https:\/\/blogs.uni-bremen.de\/compassaro\/files\/website_skizze-300x200.jpg","contentUrl":"https:\/\/blogs.uni-bremen.de\/compassaro\/files\/website_skizze-300x200.jpg"},{"@type":"BreadcrumbList","@id":"https:\/\/blogs.uni-bremen.de\/compassaro\/leistungen\/#breadcrumb","itemListElement":[{"@type":"ListItem","position":1,"name":"Startseite","item":"https:\/\/blogs.uni-bremen.de\/compassaro\/"},{"@type":"ListItem","position":2,"name":"Leistungen"}]},{"@type":"WebSite","@id":"https:\/\/blogs.uni-bremen.de\/compassaro\/#website","url":"https:\/\/blogs.uni-bremen.de\/compassaro\/","name":"compassaro","description":"","potentialAction":[{"@type":"SearchAction","target":{"@type":"EntryPoint","urlTemplate":"https:\/\/blogs.uni-bremen.de\/compassaro\/?s={search_term_string}"},"query-input":{"@type":"PropertyValueSpecification","valueRequired":true,"valueName":"search_term_string"}}],"inLanguage":"de"}]}},"_links":{"self":[{"href":"https:\/\/blogs.uni-bremen.de\/compassaro\/wp-json\/wp\/v2\/pages\/63","targetHints":{"allow":["GET"]}}],"collection":[{"href":"https:\/\/blogs.uni-bremen.de\/compassaro\/wp-json\/wp\/v2\/pages"}],"about":[{"href":"https:\/\/blogs.uni-bremen.de\/compassaro\/wp-json\/wp\/v2\/types\/page"}],"author":[{"embeddable":true,"href":"https:\/\/blogs.uni-bremen.de\/compassaro\/wp-json\/wp\/v2\/users\/13736"}],"replies":[{"embeddable":true,"href":"https:\/\/blogs.uni-bremen.de\/compassaro\/wp-json\/wp\/v2\/comments?post=63"}],"version-history":[{"count":10,"href":"https:\/\/blogs.uni-bremen.de\/compassaro\/wp-json\/wp\/v2\/pages\/63\/revisions"}],"predecessor-version":[{"id":132,"href":"https:\/\/blogs.uni-bremen.de\/compassaro\/wp-json\/wp\/v2\/pages\/63\/revisions\/132"}],"wp:attachment":[{"href":"https:\/\/blogs.uni-bremen.de\/compassaro\/wp-json\/wp\/v2\/media?parent=63"}],"curies":[{"name":"wp","href":"https:\/\/api.w.org\/{rel}","templated":true}]}}