{"id":1366,"date":"2022-04-06T15:21:49","date_gmt":"2022-04-06T13:21:49","guid":{"rendered":"https:\/\/blogs.uni-bremen.de\/caroprojekt\/?page_id=1366"},"modified":"2025-08-15T14:50:52","modified_gmt":"2025-08-15T12:50:52","slug":"fachtagung-2022","status":"publish","type":"page","link":"https:\/\/blogs.uni-bremen.de\/caroprojekt\/fachtagung-2022\/","title":{"rendered":"Fachtagung 2022"},"content":{"rendered":"<h5><span style=\"font-size: 24pt\"><strong>Fachtagung: \u201eDas Beste aus zwei Welten \u2013 mit der CARO-App Pr\u00e4senzunterricht mit digitalen Formaten verbinden\u201c<\/strong><\/span><\/h5>\n<p class=\"p2\" style=\"text-align: justify\"><strong>Liebe Interessierte, <\/strong><\/p>\n<p>in den letzten Jahren konnten viele Pflegebildungseinrichtungen Fortschritte in der technischen und infrastrukturellen Ausstattung erzielen und stehen jetzt vor der Herausforderung, das digital unterst\u00fctzte Lernen f\u00fcr den Pr\u00e4senzunterricht weiterzuentwickeln. Als ein geeignetes Instrument daf\u00fcr bietet sich die CARO-App an, eine digitale Lernumgebung, die in zwei BMBF- und ESF-gef\u00f6rderten Projekten an der Universit\u00e4t Bremen in Zusammenarbeit zwischen Pflegedidaktik und Medienp\u00e4dagogik entwickelt wurde.<\/p>\n<p>Im Rahmen der CARO-Fachtagung vom 20.-21.September 2022 k\u00f6nnen die Teilnehmenden die Potenziale der CARO-App anhand von Vortr\u00e4gen erschlie\u00dfen und in praktisch orientierten Workshops erfahren. Je nachdem, ob Sie CARO bereits kennen oder nicht, k\u00f6nnen Sie an einem Workshop f\u00fcr Einsteiger:innen oder Fortgeschrittene teilnehmen oder sich \u00fcber die institutionelle Implementation der CARO-App in Pflegebildungseinrichtungen informieren. Auch wenn Sie CARO schon kennen, lohnt sich die Teilnahme, denn die App wurde in den letzten drei Jahren weiterentwickelt. Beispielsweise k\u00f6nnen jetzt eigene Unterrichte angelegt werden und es gibt eine Reihe von neuen Tools (z. B. ein Gruppentool, ein digitales asynchrones Format der kollegialen Reflexion und ein Tool f\u00fcr die Begleitung von Praxisaufgaben).<\/p>\n<p>Am zweiten Tag wird der Fokus st\u00e4rker auf die theoretischen Hintergr\u00fcnde der App gelegt. U.a. wird Prof. Dr. Isa Jahnke, eine der f\u00fchrenden Mediendidaktikerinnen Deutschlands, einen Vortrag halten und es wird eine interaktive digitale Talkrunde von Wissenschaftler:innen (Berufsp\u00e4dagog:innen, Mediendidaktiker:innen, Pflegedidaktiker:innen) zu den Anforderungen an digitalisierte Lehr-\/Lernangebote in der beruflichen Aus-, Fort- und Weiterbildung geben. Nachmittags findet ein spannendes Angebot f\u00fcr all diejenigen statt, die an der CARO-Software interessiert sind.<\/p>\n<p>Aufgrund der wieder ansteigenden Corona-Infektionszahlen und der damit verbundenen Unw\u00e4gbarkeiten haben wir uns jetzt entschieden, die Tagung Online durchzuf\u00fchren. Die Tagung ist nun kostenfrei.<\/p>\n<p><a href=\"https:\/\/docs.google.com\/forms\/d\/e\/1FAIpQLSejKW9dIuaKhWyrdrOxNbA-Po2lTIGSTidgUhkgbIdCqB94-Q\/viewform\" target=\"_blank\" rel=\"noopener\">Hier<\/a> oder mit dem unten abgebildeten QR-Code k\u00f6nnen Sie sich f\u00fcr die Veranstaltung anmelden. Sie erhalten dann eine Anmeldebest\u00e4tigung. Die Teilnahmelinks und ggf. weitere Informationen versenden wir dann im September.<\/p>\n<p><a href=\"https:\/\/docs.google.com\/forms\/d\/e\/1FAIpQLSejKW9dIuaKhWyrdrOxNbA-Po2lTIGSTidgUhkgbIdCqB94-Q\/viewform\" target=\"_blank\" rel=\"noopener\"><img loading=\"lazy\" decoding=\"async\" class=\"alignnone wp-image-1410\" src=\"https:\/\/blogs.uni-bremen.de\/caroprojekt\/files\/QRCARO.png\" alt=\"\" width=\"253\" height=\"253\" \/><\/a><\/p>\n<p>Wir freuen uns auf Sie!<\/p>\n<p class=\"p2\" style=\"text-align: justify\"><b>Prof. Dr. Ingrid Darmann-Finck <\/b><b>und Prof. Dr. Karsten D. Wolf<\/b><\/p>\n<p><a href=\"https:\/\/blogs.uni-bremen.de\/caroprojekt\/files\/Programm-FT.-Stand-27.07.22.pdf\" target=\"_blank\" rel=\"noopener\">Hier k\u00f6nnen Sie das aktuelle Programm als PDF herunterladen.<\/a><\/p>\n<h5>Programm<\/h5>\n<h6><strong>20.09.2022<\/strong><\/h6>\n<table>\n<tbody>\n<tr>\n<td width=\"69\">09.30-10.00<\/td>\n<td width=\"274\"><strong>Begr\u00fc\u00dfung, Vorstellung und Einf\u00fchrung in die Online-Fachtagung<\/strong><\/p>\n<p><em>Prof. Dr. Ingrid Darmann-Finck <\/em><\/p>\n<p><em>&amp; Prof. Dr. Karsten D. Wolf<\/em><\/td>\n<\/tr>\n<tr>\n<td width=\"69\">10.00-10.30<\/td>\n<td width=\"274\"><strong>Vortrag \u201eAktivierendes Lernen mit der digitalen CARO-Lernumgebung in der pflegerischen Aus- und Weiterbildung\u201c<\/strong><\/p>\n<p>Mit der CARO-App kann Pflegeunterricht unter Nutzung von zahlreichen digitalen Werkzeugen \u2013 und ggf. pflegedidaktisch fundierten Vorlagen \u2013 konzipiert, durchgef\u00fchrt und im Lehrendenkollegium geteilt werden. Der Vortrag gibt einen ersten \u00dcberblick \u00fcber die CARO-App.<\/p>\n<p><em>Prof. Dr. Ingrid Darmann-Finck <\/em><\/p>\n<p><em>&amp; Prof. Dr. Karsten D. Wolf<\/em><\/td>\n<\/tr>\n<tr>\n<td width=\"69\">10.30-12.00<\/td>\n<td width=\"274\"><strong>Workshop \u201eCARO f\u00fcr Einsteiger\u201c<\/strong><\/p>\n<p>Im Mittelpunkt des Workshops steht die Interaktion im Unterrichtsgeschehen: aus der Lernendenperspektive k\u00f6nnen Teilnehmende die CARO-Lernumgebung kennenlernen und sich aktiv in einem Unterrichtskonzept zum Thema \u201eGesundheits-Apps\u201c einbringen und ausprobieren<\/p>\n<p><em>Jella Fuchs &amp; Prof. Dr. Claudia Schepers<\/em><\/td>\n<\/tr>\n<tr>\n<td width=\"69\">12.00-12.30<\/td>\n<td width=\"274\"><strong>Guided Tour: Was CARO f\u00fcr Lehrende bereith\u00e4lt<\/strong><\/p>\n<p>Die CARO-App stellt verschiedene multimediale Materialien, Tools f\u00fcr die Umsetzung von komplexen Unterrichtsmethoden, Unterrichtskonzepte und hilfreiche Tutorials bereit, die in diesem Zeitslot vorgestellt werden.<\/p>\n<p><em>Valeska Stephanow, Jella Fuchs <\/em><\/p>\n<p><em>&amp; Imke Meyer<\/em><\/td>\n<\/tr>\n<tr>\n<td width=\"69\">12.30-13.30<\/td>\n<td width=\"274\"><strong>Interaktive Mittagspause<\/strong><\/p>\n<p>In der Mittagspause wird es die M\u00f6glichkeit geben, sich mit anderen Tagungsteilnehmenden auszutauschen und in Kontakt zu kommen.<\/td>\n<\/tr>\n<tr>\n<td width=\"69\">13.30-15.30<\/td>\n<td width=\"274\"><strong>Workshop \u201eCARO f\u00fcr Fortgeschrittene\u201c<\/strong><\/p>\n<p>Ein Blick \u00fcber die Schulter der Lehrperson verdeutlicht die Potenziale der CARO-Lernumgebung: Teilnehmende sind eingeladen, ein Unterrichtskonzept mit verschiedenen Aufgaben und Materialien mitzugestalten und durchzuf\u00fchren<\/p>\n<p><em>Imke Meyer &amp; Valeska Stephanow<\/em><\/td>\n<\/tr>\n<tr>\n<td width=\"69\">15.30-15.45<\/p>\n<p>&nbsp;<\/td>\n<td width=\"274\"><strong>Pause<\/strong><\/td>\n<\/tr>\n<tr>\n<td width=\"69\">15.45-17.15<\/td>\n<td width=\"274\"><strong>Vortrag und Erfahrungsbericht der Bremer Heimstiftung <\/strong>\u201e<strong>CARO auf Institutionsebene\u201c<\/strong><\/p>\n<p>Das Thema Implementation wird aus zwei Blickwinkeln beleuchtet: in einem Vortrag werden zun\u00e4chst theoretische Bez\u00fcge der Implementation skizziert. Anschlie\u00dfend berichten Lehrende \u00fcber ihre Erfahrungen in der praktischen Umsetzung in einer Pflegebildungseinrichtung.<\/p>\n<p><em>Prof. Dr. Ingrid Darmann-Finck <\/em><\/p>\n<p><em>&amp; Anja Voigt, Larissa Fenker (Bremer Heimstiftung)<\/em><\/td>\n<\/tr>\n<\/tbody>\n<\/table>\n<h6><strong>21.09.2022<\/strong><\/h6>\n<table>\n<tbody>\n<tr>\n<td width=\"104\">09.00-09.15<\/td>\n<td width=\"500\"><strong>Begr\u00fc\u00dfung und Einf\u00fchrung in den zweiten Tagungstag<\/strong><\/p>\n<p><em>Prof. Dr. Ingrid Darmann-Finck <\/em><\/p>\n<p><em>&amp; Prof. Dr. Karsten D. Wolf<\/em><\/td>\n<\/tr>\n<tr>\n<td width=\"104\">09.15-10.00<\/td>\n<td width=\"500\"><strong>Vortrag \u201eMedien- und fachdidaktische Konzeption der digitalen CARO-Lernumgebung zur Unterst\u00fctzung aktiven Lernens in der beruflichen Aus- und Weiterbildung\u201c<\/strong><\/p>\n<p>Die Lernumgebung basiert auf einer engen Verschr\u00e4nkung von Pflege- und Mediendidaktik, um die f\u00fcr die berufliche Pflegebildung relevanten Kompetenzen aufbauen zu k\u00f6nnen. In diesem Vortrag sollen st\u00e4rker als am Tag zuvor die theoretischen Grundlagen der Konzeption der CARO-Lernumgebung fokussiert werden.<\/p>\n<p><em>Prof. Dr. Ingrid Darmann-Finck<\/em><\/p>\n<p><em>\u00a0&amp; Prof. Dr. Karsten D. Wolf<\/em><\/td>\n<\/tr>\n<tr>\n<td width=\"104\"><strong>10.00-11.00<\/strong><\/td>\n<td width=\"500\"><strong>Vortrag \u201eLearning Experience Design and Research \u2013 Aktuelle Trends f\u00fcr die (Weiter-) Entwicklung digitaler Lehr-Lern-Umgebungen\u201c <\/strong><\/p>\n<p><strong>Der Vortrag wird Antworten auf die folgenden Fragen geben: Design und Forschung zu digitalen Lernumgebungen \u2013 effektiv, effizient und ansprechend? Wie kann man <em>enjoyable learning experiences<\/em> in digitalen Lernumgebungen gestalten?<\/strong><\/p>\n<p><em><a href=\"https:\/\/blogs.uni-bremen.de\/caroprojekt\/files\/Abstract.pdf\"><strong>Abstract \u00f6ffnen<\/strong><\/a><\/em><\/p>\n<p><em>Prof. Dr. Isa Jahnke (TU N\u00fcrnberg)<\/em><em>\u00a0<\/em><\/td>\n<\/tr>\n<tr>\n<td width=\"104\">11.00-12.00<\/td>\n<td width=\"500\"><strong>Interaktive Talkrunde zum Thema \u201eDigital unterst\u00fctzte Aus- und Weiterbildung\u201c <\/strong><\/p>\n<p>Die Talkrunde diskutiert zu Fragestellungen, wie \u201eWelche neuen Anforderungen stellt die berufliche Aus- und Weiterbildung an digitale Lehr-Lern-Umgebungen?\u201c, \u201eWelche Potenziale bieten sie?\u201c Statt einer Moderation gibt es einen Pool an Fragen, welcher vom Publikum erg\u00e4nzt wird. Wir freuen uns auf rege Beteiligung seitens des Publikums.<\/p>\n<p><em>Prof. Dr. Isa Jahnke, Prof. Dr. Ingrid Darmann-Finck, Prof. Dr. Karsten D. Wolf und Prof. Dr. Michael Gessler sowie den Teilnehmer:innen<\/em><\/td>\n<\/tr>\n<tr>\n<td width=\"104\">&nbsp;<\/p>\n<p>12.00-12.15<\/td>\n<td width=\"500\"><strong>\u00a0<\/strong><\/p>\n<p><strong>Verabschiedung durch das Projektteam<\/strong><\/td>\n<\/tr>\n<tr>\n<td width=\"104\"><\/td>\n<td width=\"500\"><strong>\u00a0<\/strong><\/p>\n<p><strong>NACHMITTAGSVERANSTALTUNG HYBRID: ONLINE UND IM BETA-RAUM BREMEN-NEUSTADT<\/strong><\/p>\n<p><strong>\u00a0<\/strong><\/td>\n<\/tr>\n<tr>\n<td width=\"104\">14.00-16.00<\/td>\n<td width=\"500\"><strong>CARO Open Source \u2013\u00a0Classroom Interaction Environment: Softwarearchitektur, Tech Stack &amp; Guided Tour durch das GitHub Repository<\/strong><\/p>\n<p>Die CARO-Lernumgebung wird als Open Source zur freien Nutzung und Weiterentwicklung bereitgestellt. In dieser Einf\u00fchrung stellen wir die Softwarearchitektur und den Tech Stack (Node.js, Meteor, MongoDB etc.) vor. Abschlie\u00dfend gibt es eine Guided Tour durch das offene GitHub Software-Repository.<\/p>\n<p><em>Jan K\u00fcster &amp; <\/em><em>Prof. Dr. <\/em><em>Karsten D. Wolf<\/em><\/td>\n<\/tr>\n<tr>\n<td width=\"104\">16.00-Open End<\/td>\n<td width=\"500\"><strong>Open Source Hack-a-sprint \u2013\u00a0 z.B. Audience Response Interaktion mit JavaScript entwickeln f\u00fcr die CARO Beamer App<\/strong><\/p>\n<p>(1)\u00a0\u00a0\u00a0 Kurze Einf\u00fchrung Docker-Umgebung<\/p>\n<p>(2)\u00a0\u00a0\u00a0 Software Walkthrough Beispielprojekt<\/p>\n<p>(3)\u00a0\u00a0\u00a0 Ideen Brainstorming<\/p>\n<p>(4)\u00a0\u00a0\u00a0 Coding Start<\/p>\n<p>(5)\u00a0\u00a0\u00a0 Zwischenpr\u00e4sentation um 18.00 Uhr<\/p>\n<p>(6)\u00a0\u00a0\u00a0 Pizza<\/p>\n<p>(7)\u00a0\u00a0\u00a0 Abschlusspr\u00e4sentation Demo or Die um 22.00 Uhr<\/p>\n<p>(8)\u00a0\u00a0\u00a0 After-Work-Party<\/p>\n<p><em>Jan K\u00fcster &amp; <\/em><em>Prof. Dr. <\/em><em>Karsten D. Wolf<\/em><\/td>\n<\/tr>\n<\/tbody>\n<\/table>\n<p class=\"p1\">\n","protected":false},"excerpt":{"rendered":"<p>Fachtagung: \u201eDas Beste aus zwei Welten \u2013 mit der CARO-App Pr\u00e4senzunterricht mit digitalen Formaten verbinden\u201c Liebe Interessierte, in den letzten Jahren konnten viele Pflegebildungseinrichtungen Fortschritte in der technischen und infrastrukturellen Ausstattung erzielen und stehen jetzt vor der Herausforderung, &hellip; <\/p>\n<div class=\"more-link-wrapper\"><a href=\"https:\/\/blogs.uni-bremen.de\/caroprojekt\/fachtagung-2022\/\" class=\"more-link\">Continue reading<span class=\"screen-reader-text\"> &#8222;Fachtagung 2022&#8220;<\/span><\/a><\/div>\n","protected":false},"author":9482,"featured_media":1387,"parent":0,"menu_order":0,"comment_status":"closed","ping_status":"closed","template":"","meta":{"_bbp_topic_count":0,"_bbp_reply_count":0,"_bbp_total_topic_count":0,"_bbp_total_reply_count":0,"_bbp_voice_count":0,"_bbp_anonymous_reply_count":0,"_bbp_topic_count_hidden":0,"_bbp_reply_count_hidden":0,"_bbp_forum_subforum_count":0,"footnotes":""},"class_list":["post-1366","page","type-page","status-publish","has-post-thumbnail","hentry"],"_links":{"self":[{"href":"https:\/\/blogs.uni-bremen.de\/caroprojekt\/wp-json\/wp\/v2\/pages\/1366","targetHints":{"allow":["GET"]}}],"collection":[{"href":"https:\/\/blogs.uni-bremen.de\/caroprojekt\/wp-json\/wp\/v2\/pages"}],"about":[{"href":"https:\/\/blogs.uni-bremen.de\/caroprojekt\/wp-json\/wp\/v2\/types\/page"}],"author":[{"embeddable":true,"href":"https:\/\/blogs.uni-bremen.de\/caroprojekt\/wp-json\/wp\/v2\/users\/9482"}],"replies":[{"embeddable":true,"href":"https:\/\/blogs.uni-bremen.de\/caroprojekt\/wp-json\/wp\/v2\/comments?post=1366"}],"version-history":[{"count":11,"href":"https:\/\/blogs.uni-bremen.de\/caroprojekt\/wp-json\/wp\/v2\/pages\/1366\/revisions"}],"predecessor-version":[{"id":1483,"href":"https:\/\/blogs.uni-bremen.de\/caroprojekt\/wp-json\/wp\/v2\/pages\/1366\/revisions\/1483"}],"wp:featuredmedia":[{"embeddable":true,"href":"https:\/\/blogs.uni-bremen.de\/caroprojekt\/wp-json\/wp\/v2\/media\/1387"}],"wp:attachment":[{"href":"https:\/\/blogs.uni-bremen.de\/caroprojekt\/wp-json\/wp\/v2\/media?parent=1366"}],"curies":[{"name":"wp","href":"https:\/\/api.w.org\/{rel}","templated":true}]}}