{"id":15,"date":"2021-03-01T08:17:11","date_gmt":"2021-03-01T07:17:11","guid":{"rendered":"https:\/\/blogs.uni-bremen.de\/caroclis\/?page_id=15"},"modified":"2022-11-16T14:14:09","modified_gmt":"2022-11-16T13:14:09","slug":"dokumentation","status":"publish","type":"page","link":"https:\/\/blogs.uni-bremen.de\/caroclis\/dokumentation\/","title":{"rendered":"Support"},"content":{"rendered":"<p><div class=\"et_d4_element et_pb_section et_pb_section_0  et_pb_css_mix_blend_mode et_section_regular et_block_section\" >\n\t\t\t\t\n\t\t\t\t\n\t\t\t\t\n\t\t\t\t\n\t\t\t\t\n\t\t\t\t\n\t\t\t\t<div class=\"et_d4_element et_pb_row et_pb_row_0  et_pb_css_mix_blend_mode et_block_row\">\n\t\t\t\t<div class=\"et_d4_element et_pb_column_4_4 et_pb_column et_pb_column_0  et_pb_css_mix_blend_mode et-last-child et_block_column\">\n\t\t\t\t\n\t\t\t\t\n\t\t\t\t\n\t\t\t\t\n\t\t\t\t<div class=\"et_pb_module et_d4_element et_pb_text et_pb_text_0  et_pb_text_align_left et_pb_bg_layout_light\">\n\t\t\t\t\n\t\t\t\t\n\t\t\t\t\n\t\t\t\t\n\t\t\t\t<div class=\"et_pb_text_inner\"><h2><strong>Sie ben\u00f6tigen Unterst\u00fctzung?<\/strong><\/h2>\n<h2><strong><\/strong><\/h2>\n<p>Hier finden Sie alles Wissenswerte rund um die Nutzung von CARO! Wir bieten f\u00fcr jeden\/jede Nutzer*in das passenden Support Angebot: Online Schulungen, Videotutorials sowie ein ausf\u00fchrliches Handbuch. Und falls Sie weitere Fragen oder Anmerkungen haben, k\u00f6nnen Sie uns gerne per e-Mail kontaktieren.<\/p><\/div>\n\t\t\t<\/div>\n\t\t\t<\/div>\n\t\t\t\t\n\t\t\t\t\n\t\t\t\t\n\t\t\t\t\n\t\t\t<\/div><div class=\"et_d4_element et_pb_row et_pb_row_1  et_pb_css_mix_blend_mode et_block_row\">\n\t\t\t\t<div class=\"et_d4_element et_pb_column_1_3 et_pb_column et_pb_column_1  et_pb_css_mix_blend_mode et_block_column\">\n\t\t\t\t\n\t\t\t\t\n\t\t\t\t\n\t\t\t\t\n\t\t\t\t<div class=\"et_pb_module et_d4_element et_pb_blurb et_pb_blurb_0  et_pb_text_align_left  et_pb_blurb_position_top et_block_module et_pb_bg_layout_light\">\n\t\t\t\t\n\t\t\t\t\n\t\t\t\t\n\t\t\t\t\n\t\t\t\t<div class=\"et_pb_blurb_content\">\n\t\t\t\t\t<div class=\"et_pb_main_blurb_image et_pb_css_mix_blend_mode\"><span class=\"et_pb_image_wrap et_pb_only_image_mode_wrap\"><img decoding=\"async\" src=\"https:\/\/blogs.uni-bremen.de\/caroclis\/files\/buch_Zeichenfla\u0308che-1-Kopie.png\" alt=\"\" class=\"et-waypoint et_pb_animation_top et_pb_animation_top_tablet et_pb_animation_top_phone\" \/><\/span><\/div>\n\t\t\t\t\t<div class=\"et_pb_blurb_container\">\n\t\t\t\t\t\t<h4 class=\"et_pb_module_header\"><span>Videotutorials<\/span><\/h4>\n\t\t\t\t\t\t<div class=\"et_pb_blurb_description\"><p>Wir stellen Ihnen eine Reihe an Videotutorials als Unterst\u00fctzung f\u00fcr die Benutzung der CARO-Anwendung zur Verf\u00fcgung. Dabei k\u00f6nnen Sie zwischen Videos, welche Ihnen die ersten Schritte der Unterrichtsplanung erl\u00e4utern, bis hin zu komplexeren Tipps und Tricks mit CARO w\u00e4hlen.<\/p><\/div>\n\t\t\t\t\t<\/div>\n\t\t\t\t<\/div>\n\t\t\t<\/div><div class=\"et_pb_button_module_wrapper et_pb_button_0_wrapper  et_pb_module \">\n\t\t\t\t<a class=\"et_pb_button et_d4_element et_pb_button_0 et_pb_bg_layout_light et_block_module\" href=\"#video-tutorials\">Mehr<\/a>\n\t\t\t<\/div>\n\t\t\t<\/div><div class=\"et_d4_element et_pb_column_1_3 et_pb_column et_pb_column_2  et_pb_css_mix_blend_mode et_block_column\">\n\t\t\t\t\n\t\t\t\t\n\t\t\t\t\n\t\t\t\t\n\t\t\t\t<div class=\"et_pb_module et_d4_element et_pb_blurb et_pb_blurb_1  et_pb_text_align_left  et_pb_blurb_position_top et_block_module et_pb_bg_layout_light\">\n\t\t\t\t\n\t\t\t\t\n\t\t\t\t\n\t\t\t\t\n\t\t\t\t<div class=\"et_pb_blurb_content\">\n\t\t\t\t\t<div class=\"et_pb_main_blurb_image et_pb_css_mix_blend_mode\"><span class=\"et_pb_image_wrap et_pb_only_image_mode_wrap\"><img decoding=\"async\" src=\"https:\/\/blogs.uni-bremen.de\/caroclis\/files\/buch_Zeichenfla\u0308che-1.png\" alt=\"\" class=\"et-waypoint et_pb_animation_top et_pb_animation_top_tablet et_pb_animation_top_phone\" \/><\/span><\/div>\n\t\t\t\t\t<div class=\"et_pb_blurb_container\">\n\t\t\t\t\t\t<h4 class=\"et_pb_module_header\"><span>Das CARO-Handbuch<\/span><\/h4>\n\t\t\t\t\t\t<div class=\"et_pb_blurb_description\"><p>Das CARO-Handbuch liefert Ihnen eine ausf\u00fchrliche Erkl\u00e4uterung der CARO-Anwendung von A bis Z. Hier werden alle M\u00f6glichkeiten der Unterrichtsplanung und Durchf\u00fchrung anschaulich mit Hilfe von Screenshots aus der Anwendung beschrieben.\u00a0<\/p><\/div>\n\t\t\t\t\t<\/div>\n\t\t\t\t<\/div>\n\t\t\t<\/div><div class=\"et_pb_button_module_wrapper et_pb_button_1_wrapper  et_pb_module \">\n\t\t\t\t<a class=\"et_pb_button et_d4_element et_pb_button_1 et_pb_bg_layout_light et_block_module\" href=\"#hanbuch\">Mehr<\/a>\n\t\t\t<\/div>\n\t\t\t<\/div><div class=\"et_d4_element et_pb_column_1_3 et_pb_column et_pb_column_3  et_pb_css_mix_blend_mode et-last-child et_block_column\">\n\t\t\t\t\n\t\t\t\t\n\t\t\t\t\n\t\t\t\t\n\t\t\t\t<div class=\"et_pb_module et_d4_element et_pb_blurb et_pb_blurb_2  et_pb_text_align_left  et_pb_blurb_position_top et_block_module et_pb_bg_layout_light\">\n\t\t\t\t\n\t\t\t\t\n\t\t\t\t\n\t\t\t\t\n\t\t\t\t<div class=\"et_pb_blurb_content\">\n\t\t\t\t\t<div class=\"et_pb_main_blurb_image et_pb_css_mix_blend_mode\"><span class=\"et_pb_image_wrap et_pb_only_image_mode_wrap\"><img decoding=\"async\" src=\"https:\/\/blogs.uni-bremen.de\/caroclis\/files\/buch_Zeichenfla\u0308che-1-Kopie-3.png\" alt=\"\" class=\"et-waypoint et_pb_animation_top et_pb_animation_top_tablet et_pb_animation_top_phone\" \/><\/span><\/div>\n\t\t\t\t\t<div class=\"et_pb_blurb_container\">\n\t\t\t\t\t\t<h4 class=\"et_pb_module_header\"><span>Online Schulungen<\/span><\/h4>\n\t\t\t\t\t\t<div class=\"et_pb_blurb_description\"><p><span>Sie wollen im pers\u00f6nlichen Kontakt mit den Entwickeln von CARO lernen, wie Sie Ihren eigenen Unterricht entwickeln und durchf\u00fchren k\u00f6nnen?<\/span><br \/><span>Wir bieten ab sofort online Schulungen f\u00fcr interessierte Lehrkr\u00e4fte an. Zur Teilnahme sind keine Vorkenntnisse n\u00f6tig.\u00a0<\/span><\/p><\/div>\n\t\t\t\t\t<\/div>\n\t\t\t\t<\/div>\n\t\t\t<\/div><div class=\"et_pb_button_module_wrapper et_pb_button_2_wrapper  et_pb_module \">\n\t\t\t\t<a class=\"et_pb_button et_d4_element et_pb_button_2 et_pb_bg_layout_light et_block_module\" href=\"#schulungen\">Mehr<\/a>\n\t\t\t<\/div>\n\t\t\t<\/div>\n\t\t\t\t\n\t\t\t\t\n\t\t\t\t\n\t\t\t\t\n\t\t\t<\/div>\n\t\t\t\t\n\t\t\t\t\n\t\t\t<\/div><div class=\"et_d4_element et_pb_section et_pb_section_1  et_pb_css_mix_blend_mode et_section_regular et_block_section\" >\n\t\t\t\t\n\t\t\t\t\n\t\t\t\t\n\t\t\t\t\n\t\t\t\t\n\t\t\t\t\n\t\t\t\t<div id=\"video-tutorials\" class=\"et_d4_element et_pb_row et_pb_row_2  et_pb_css_mix_blend_mode et_block_row\">\n\t\t\t\t<div class=\"et_d4_element et_pb_column_4_4 et_pb_column et_pb_column_4  et_pb_css_mix_blend_mode et-last-child et_block_column\">\n\t\t\t\t\n\t\t\t\t\n\t\t\t\t\n\t\t\t\t\n\t\t\t\t<div class=\"et_pb_module et_d4_element et_pb_video_slider et_pb_video_slider_0\">\n\t\t\t\t\n\t\t\t\t\n\t\t\t\t\n\t\t\t\t\n\t\t\t\t<div class=\"et_pb_slider et_pb_preload et_pb_slider_carousel et_pb_slider_no_pagination et_pb_controls_\">\n\t\t\t\t\t<div class=\"et_pb_slides\">\n\t\t\t\t\t\t<div class=\"et_d4_element et_pb_video_slider_item_0 et_pb_slide et_pb_bg_layout_dark\" data-image=\"\/\/i.vimeocdn.com\/video\/1510346232-efee3fc335013caa3f61cabf5d4de0074b4ea15dd729c529f1efbc12f9475486-d_960?region=us\">\n\t\t\t\t<div class=\"et_pb_video_wrap\"><div class=\"et_pb_video_box\"><iframe loading=\"lazy\" title=\"01 Einstieg.mp4\" src=\"https:\/\/player.vimeo.com\/video\/751224606?dnt=1&amp;app_id=122963\" width=\"1080\" height=\"608\" frameborder=\"0\" allow=\"autoplay; fullscreen; picture-in-picture; clipboard-write; encrypted-media; web-share\" referrerpolicy=\"strict-origin-when-cross-origin\"><\/iframe><\/div><div style=\"background-image:url(\/\/i.vimeocdn.com\/video\/1510346232-efee3fc335013caa3f61cabf5d4de0074b4ea15dd729c529f1efbc12f9475486-d_960?region=us)\" class=\"et_pb_video_overlay et_multi_view_hidden\"><div class=\"et_pb_video_overlay_hover\"><a href=\"#\" class=\"et_pb_video_play\"><\/a><\/div><\/div><\/div>\n\t\t\t<\/div>\n\t\t\t<div class=\"et_d4_element et_pb_video_slider_item_1 et_pb_slide et_pb_bg_layout_dark\" data-image=\"\/\/i.vimeocdn.com\/video\/1510344488-d01704408eba7e86b540ba6f7d860a5f7de29309358cbe1986d0f85a7dbe79f8-d_960?region=us\">\n\t\t\t\t<div class=\"et_pb_video_wrap\"><div class=\"et_pb_video_box\"><iframe loading=\"lazy\" title=\"02 Eigene LLS\" src=\"https:\/\/player.vimeo.com\/video\/751224695?dnt=1&amp;app_id=122963\" width=\"1080\" height=\"608\" frameborder=\"0\" allow=\"autoplay; fullscreen; picture-in-picture; clipboard-write; encrypted-media; web-share\" referrerpolicy=\"strict-origin-when-cross-origin\"><\/iframe><\/div><div style=\"background-image:url(\/\/i.vimeocdn.com\/video\/1510344488-d01704408eba7e86b540ba6f7d860a5f7de29309358cbe1986d0f85a7dbe79f8-d_960?region=us)\" class=\"et_pb_video_overlay et_multi_view_hidden\"><div class=\"et_pb_video_overlay_hover\"><a href=\"#\" class=\"et_pb_video_play\"><\/a><\/div><\/div><\/div>\n\t\t\t<\/div>\n\t\t\t<div class=\"et_d4_element et_pb_video_slider_item_2 et_pb_slide et_pb_bg_layout_dark\" data-image=\"\/\/i.vimeocdn.com\/video\/1510344855-799b42fa3ffbdbce0c026a293e2e68b86b6ba64a6148210254d5f0f02327884f-d_960?region=us\">\n\t\t\t\t<div class=\"et_pb_video_wrap\"><div class=\"et_pb_video_box\"><iframe loading=\"lazy\" title=\"03 Unterricht durchf\u00fchren\" src=\"https:\/\/player.vimeo.com\/video\/751224799?dnt=1&amp;app_id=122963\" width=\"1080\" height=\"608\" frameborder=\"0\" allow=\"autoplay; fullscreen; picture-in-picture; clipboard-write; encrypted-media; web-share\" referrerpolicy=\"strict-origin-when-cross-origin\"><\/iframe><\/div><div style=\"background-image:url(\/\/i.vimeocdn.com\/video\/1510344855-799b42fa3ffbdbce0c026a293e2e68b86b6ba64a6148210254d5f0f02327884f-d_960?region=us)\" class=\"et_pb_video_overlay et_multi_view_hidden\"><div class=\"et_pb_video_overlay_hover\"><a href=\"#\" class=\"et_pb_video_play\"><\/a><\/div><\/div><\/div>\n\t\t\t<\/div>\n\t\t\t<div class=\"et_d4_element et_pb_video_slider_item_3 et_pb_slide et_pb_bg_layout_dark\" data-image=\"\/\/i.vimeocdn.com\/video\/1510339389-b4af337adf5fe1169d1b6ce0f24c68b66e7aea2cfe0afdea31388002c4547e86-d_960?region=us\">\n\t\t\t\t<div class=\"et_pb_video_wrap\"><div class=\"et_pb_video_box\"><iframe loading=\"lazy\" title=\"04 Curriculum Bereich\" src=\"https:\/\/player.vimeo.com\/video\/751224890?dnt=1&amp;app_id=122963\" width=\"1080\" height=\"608\" frameborder=\"0\" allow=\"autoplay; fullscreen; picture-in-picture; clipboard-write; encrypted-media; web-share\" referrerpolicy=\"strict-origin-when-cross-origin\"><\/iframe><\/div><div style=\"background-image:url(\/\/i.vimeocdn.com\/video\/1510339389-b4af337adf5fe1169d1b6ce0f24c68b66e7aea2cfe0afdea31388002c4547e86-d_960?region=us)\" class=\"et_pb_video_overlay et_multi_view_hidden\"><div class=\"et_pb_video_overlay_hover\"><a href=\"#\" class=\"et_pb_video_play\"><\/a><\/div><\/div><\/div>\n\t\t\t<\/div>\n\t\t\t<div class=\"et_d4_element et_pb_video_slider_item_4 et_pb_slide et_pb_bg_layout_dark\" data-image=\"\/\/i.vimeocdn.com\/video\/1510344222-73ba3881307c4c7998e7630e9dae94b739239eae13ab9d96c2a4f073c8bc3fe3-d_960?region=us\">\n\t\t\t\t<div class=\"et_pb_video_wrap\"><div class=\"et_pb_video_box\"><iframe loading=\"lazy\" title=\"05 CARO Begriffe 1x1\" src=\"https:\/\/player.vimeo.com\/video\/751224954?dnt=1&amp;app_id=122963\" width=\"1080\" height=\"608\" frameborder=\"0\" allow=\"autoplay; fullscreen; picture-in-picture; clipboard-write; encrypted-media; web-share\" referrerpolicy=\"strict-origin-when-cross-origin\"><\/iframe><\/div><div style=\"background-image:url(\/\/i.vimeocdn.com\/video\/1510344222-73ba3881307c4c7998e7630e9dae94b739239eae13ab9d96c2a4f073c8bc3fe3-d_960?region=us)\" class=\"et_pb_video_overlay et_multi_view_hidden\"><div class=\"et_pb_video_overlay_hover\"><a href=\"#\" class=\"et_pb_video_play\"><\/a><\/div><\/div><\/div>\n\t\t\t<\/div>\n\t\t\t\n\t\t\t\t\t<\/div>\n\t\t\t\t<\/div>\n\t\t\t<\/div>\n\t\t\t\n\t\t\t<\/div>\n\t\t\t\t\n\t\t\t\t\n\t\t\t\t\n\t\t\t\t\n\t\t\t<\/div><div class=\"et_d4_element et_pb_row et_pb_row_3  et_pb_css_mix_blend_mode et_block_row\">\n\t\t\t\t<div class=\"et_d4_element et_pb_column_4_4 et_pb_column et_pb_column_5  et_pb_css_mix_blend_mode et-last-child et_block_column et_pb_column_empty\">\n\t\t\t\t\n\t\t\t\t\n\t\t\t\t\n\t\t\t\t\n\t\t\t\t\n\t\t\t<\/div>\n\t\t\t\t\n\t\t\t\t\n\t\t\t\t\n\t\t\t\t\n\t\t\t<\/div>\n\t\t\t\t\n\t\t\t\t\n\t\t\t<\/div><div class=\"et_d4_element et_pb_section et_pb_section_2  et_pb_css_mix_blend_mode et_section_regular et_block_section\" >\n\t\t\t\t\n\t\t\t\t\n\t\t\t\t\n\t\t\t\t\n\t\t\t\t\n\t\t\t\t\n\t\t\t\t<div class=\"et_d4_element et_pb_row et_pb_row_4  et_pb_css_mix_blend_mode et_block_row\">\n\t\t\t\t<div class=\"et_d4_element et_pb_column_2_5 et_pb_column et_pb_column_6  et_pb_css_mix_blend_mode et_block_column\">\n\t\t\t\t\n\t\t\t\t\n\t\t\t\t\n\t\t\t\t\n\t\t\t\t<div id=\"hanbuch\" class=\"et_pb_module et_d4_element et_pb_text et_pb_text_1  et_pb_text_align_left et_pb_bg_layout_light\">\n\t\t\t\t\n\t\t\t\t\n\t\t\t\t\n\t\t\t\t\n\t\t\t\t<div class=\"et_pb_text_inner\"><h2>Das CARO-Handbuch<\/h2>\n<p>Klicken Sie einfach auf das Bild und Sie k\u00f6nnen sich das Handbuch ansehen und herunterladen.<\/p>\n<p>&nbsp;<\/p>\n<p>Gerne senden wir Ihnen das CARO-Handbuch auch als Printversion kostenlos zu. Schreiben Sie uns daf\u00fcr einfach eine e-Mail mit ihren Kontaktdaten an folgende Adresse: <a href=\"&#109;&#97;&#x69;l&#116;&#x6f;&#x3a;c&#97;&#x72;&#x6f;c&#97;&#x72;&#x65;&#64;&#117;&#x6e;&#x69;-&#98;&#x72;&#x65;m&#101;&#x6e;&#46;&#100;&#101;\">&#99;&#x61;&#x72;o&#99;&#x61;&#x72;e&#64;&#x75;n&#105;&#x2d;&#x62;r&#101;&#x6d;e&#110;&#x2e;&#x64;e<\/a>\u00a0.<\/p><\/div>\n\t\t\t<\/div>\n\t\t\t<\/div><div class=\"et_d4_element et_pb_column_3_5 et_pb_column et_pb_column_7  et_pb_css_mix_blend_mode et-last-child et_block_column\">\n\t\t\t\t\n\t\t\t\t\n\t\t\t\t\n\t\t\t\t\n\t\t\t\t<div class=\"et_pb_module et_d4_element et_pb_image et_pb_image_0\">\n\t\t\t\t\n\t\t\t\t\n\t\t\t\t\n\t\t\t\t\n\t\t\t\t<a href=\"https:\/\/blogs.uni-bremen.de\/caroprojekt\/files\/CARO_Handbuch_Interaktiv-1.pdf\" target=\"_blank\"><span class=\"et_pb_image_wrap \"><img loading=\"lazy\" decoding=\"async\" width=\"1073\" height=\"650\" src=\"https:\/\/blogs.uni-bremen.de\/caroclis\/files\/Bildschirmfoto-2021-03-02-um-19.53.21-e1614711274742.png\" alt=\"\" title=\"Bildschirmfoto 2021-03-02 um 19.53.21\" srcset=\"https:\/\/blogs.uni-bremen.de\/caroclis\/files\/Bildschirmfoto-2021-03-02-um-19.53.21-e1614711274742.png 1073w, https:\/\/blogs.uni-bremen.de\/caroclis\/files\/Bildschirmfoto-2021-03-02-um-19.53.21-e1614711274742-980x551.png 980w, https:\/\/blogs.uni-bremen.de\/caroclis\/files\/Bildschirmfoto-2021-03-02-um-19.53.21-e1614711274742-480x270.png 480w\" sizes=\"(min-width: 0px) and (max-width: 480px) 480px, (min-width: 481px) and (max-width: 980px) 980px, (min-width: 981px) 1073px, 100vw\" class=\"wp-image-208\" \/><\/span><\/a>\n\t\t\t<\/div>\n\t\t\t<\/div>\n\t\t\t\t\n\t\t\t\t\n\t\t\t\t\n\t\t\t\t\n\t\t\t<\/div>\n\t\t\t\t\n\t\t\t\t\n\t\t\t<\/div><div class=\"et_d4_element et_pb_section et_pb_section_3  et_pb_css_mix_blend_mode et_section_regular et_block_section\" >\n\t\t\t\t\n\t\t\t\t\n\t\t\t\t\n\t\t\t\t\n\t\t\t\t\n\t\t\t\t\n\t\t\t\t<div id=\"schulungen\" class=\"et_d4_element et_pb_row et_pb_row_5  et_pb_css_mix_blend_mode et_block_row\">\n\t\t\t\t<div class=\"et_d4_element et_pb_column_4_4 et_pb_column et_pb_column_8  et_pb_css_mix_blend_mode et-last-child et_block_column\">\n\t\t\t\t\n\t\t\t\t\n\t\t\t\t\n\t\t\t\t\n\t\t\t\t<div class=\"et_pb_module et_d4_element et_pb_text et_pb_text_2  et_pb_text_align_left et_pb_bg_layout_light\">\n\t\t\t\t\n\t\t\t\t\n\t\t\t\t\n\t\t\t\t\n\t\t\t\t<div class=\"et_pb_text_inner\"><h2><span>Online Schulungen<\/span><\/h2>\n<p><span>Sie wollen lernen, wie Sie Ihren eigenen Unterricht mit CARO entwickeln und durchf\u00fchren k\u00f6nnen?<\/span><br \/><span>Wir bieten ab sofort online Schulungen f\u00fcr interessierte Lehrkr\u00e4fte an. <\/span><span>Hierf\u00fcr werden wir an zwei Terminen zun\u00e4chst die Grundlagen f\u00fcr die Unterrichtsplanung und -durchf\u00fchrung erarbeiten und anschlie\u00dfend genug Raum anbieten, um erste Erfahrungen zu reflektieren und offene Fragen zu kl\u00e4ren. Die Schulung besteht aus zwei Terminen. Wir bitten Sie, wenn m\u00f6glich, sich f\u00fcr beide Termine anzumelden. Die Teilnahme am ersten Termin ist Voraussetzung f\u00fcr den zweiten Termin.\u00a0<\/span><\/p>\n<p><span>Die erste Schulung findet am<\/span><\/p>\n<p><strong>15. April 2021 von 13:00 Uhr - 15:00 Uhr<br \/>und 22. April 2021 von 13:00 Uhr - 15:00 Uhr<\/strong><\/p>\n<p><span>via Zoom statt.\u00a0<\/span><span style=\"font-size: 14px;background-color: #ffffff\">Wir freuen uns \u00fcber Ihre Anmeldung bis zum 29. M\u00e4rz 2021 \u00fcber <\/span><a target=\"_blank\" class=\"c-link\" data-stringify-link=\"&#109;a&#x69;l&#x74;&#111;&#x3a;&#67;&#x61;&#114;o&#x63;a&#x72;&#101;&#x40;&#117;&#x6e;&#105;&#x2d;&#98;r&#x65;m&#x65;&#110;&#x2e;&#100;&#x65;\" data-sk=\"tooltip_parent\" href=\"&#x6d;a&#x69;&#108;t&#x6f;&#58;&#x43;&#97;r&#x6f;&#99;&#x61;&#114;e&#x40;&#117;&#x6e;&#x69;-&#x62;&#114;e&#x6d;&#101;&#x6e;&#46;d&#x65;\" rel=\"noopener noreferrer\" style=\"font-size: 14px;background-color: #ffffff\">&#x63;&#x61;&#x72;&#x6f;&#x63;&#x61;&#x72;&#x65;&#x40;&#x75;&#x6e;&#105;&#45;&#98;&#114;&#101;&#109;&#101;n&#46;de<\/a><span style=\"font-size: 14px;background-color: #ffffff\"> !<\/span><span><\/span><\/p>\n<p>Ein weiterer Termin mit dem Titel <strong>\"Kurzeinf\u00fchrung in die Lehrenden- und Lernendenanwendung\"<\/strong> wird am Montag, den <strong>3. Mai 2021 von 16:00 Uhr - 18:00 Uhr<\/strong> stattfinden. Die Veranstaltung wird am Mittwoch, den <strong>5. Mai von 12:00 Uhr - 12:00 Uhr<\/strong> wiederholt.\u00a0<span style=\"font-size: 14px;background-color: #ffffff\">Wir freuen uns \u00fcber Ihre Anmeldung bis zum 28. April 2021 \u00fcber <\/span><a target=\"_blank\" class=\"c-link\" data-stringify-link=\"&#x6d;&#97;&#x69;&#x6c;&#116;&#x6f;&#58;C&#x61;&#114;o&#x63;&#97;r&#x65;&#64;u&#x6e;&#105;&#x2d;&#x62;&#114;&#x65;&#x6d;&#101;&#x6e;&#46;d&#x65;\" data-sk=\"tooltip_parent\" href=\"&#109;&#x61;&#105;&#x6c;t&#x6f;:&#67;&#x61;&#114;&#x6f;c&#x61;r&#101;&#x40;&#117;&#x6e;i&#x2d;b&#114;&#x65;&#109;&#x65;n&#x2e;d&#101;\" rel=\"noopener noreferrer\" style=\"font-size: 14px;background-color: #ffffff\">&#99;&#x61;&#114;&#x6f;c&#x61;r&#101;&#x40;&#117;&#x6e;i&#x2d;b&#114;&#x65;&#109;&#x65;n&#x2e;d&#101;<\/a><span style=\"font-size: 14px;background-color: #ffffff\"> !<\/span><span style=\"font-size: 14px\">\u00a0<\/span><\/p>\n<p><span><\/span><\/p>\n<p>&nbsp;<\/p><\/div>\n\t\t\t<\/div>\n\t\t\t<\/div>\n\t\t\t\t\n\t\t\t\t\n\t\t\t\t\n\t\t\t\t\n\t\t\t<\/div>\n\t\t\t\t\n\t\t\t\t\n\t\t\t<\/div><\/p>\n","protected":false},"excerpt":{"rendered":"","protected":false},"author":10261,"featured_media":0,"parent":0,"menu_order":0,"comment_status":"closed","ping_status":"closed","template":"","meta":{"_bbp_topic_count":0,"_bbp_reply_count":0,"_bbp_total_topic_count":0,"_bbp_total_reply_count":0,"_bbp_voice_count":0,"_bbp_anonymous_reply_count":0,"_bbp_topic_count_hidden":0,"_bbp_reply_count_hidden":0,"_bbp_forum_subforum_count":0,"_et_pb_use_builder":"on","_et_pb_old_content":"","_et_gb_content_width":"","footnotes":""},"class_list":["post-15","page","type-page","status-publish","hentry"],"_links":{"self":[{"href":"https:\/\/blogs.uni-bremen.de\/caroclis\/wp-json\/wp\/v2\/pages\/15","targetHints":{"allow":["GET"]}}],"collection":[{"href":"https:\/\/blogs.uni-bremen.de\/caroclis\/wp-json\/wp\/v2\/pages"}],"about":[{"href":"https:\/\/blogs.uni-bremen.de\/caroclis\/wp-json\/wp\/v2\/types\/page"}],"author":[{"embeddable":true,"href":"https:\/\/blogs.uni-bremen.de\/caroclis\/wp-json\/wp\/v2\/users\/10261"}],"replies":[{"embeddable":true,"href":"https:\/\/blogs.uni-bremen.de\/caroclis\/wp-json\/wp\/v2\/comments?post=15"}],"version-history":[{"count":10,"href":"https:\/\/blogs.uni-bremen.de\/caroclis\/wp-json\/wp\/v2\/pages\/15\/revisions"}],"predecessor-version":[{"id":555,"href":"https:\/\/blogs.uni-bremen.de\/caroclis\/wp-json\/wp\/v2\/pages\/15\/revisions\/555"}],"wp:attachment":[{"href":"https:\/\/blogs.uni-bremen.de\/caroclis\/wp-json\/wp\/v2\/media?parent=15"}],"curies":[{"name":"wp","href":"https:\/\/api.w.org\/{rel}","templated":true}]}}