{"id":4488,"date":"2025-12-08T18:14:46","date_gmt":"2025-12-08T17:14:46","guid":{"rendered":"https:\/\/blogs.uni-bremen.de\/careercamp\/?page_id=4488"},"modified":"2026-03-31T20:52:17","modified_gmt":"2026-03-31T18:52:17","slug":"galerie-2","status":"publish","type":"page","link":"https:\/\/blogs.uni-bremen.de\/careercamp\/galerie-2\/","title":{"rendered":"Galerie"},"content":{"rendered":"<p>[et_pb_section fb_built=&#8220;1&#8243; _builder_version=&#8220;4.27.5&#8243; _module_preset=&#8220;default&#8220; box_shadow_style=&#8220;preset5&#8243; box_shadow_color=&#8220;RGBA(255,255,255,0)&#8220; global_colors_info=&#8220;{}&#8220;][et_pb_row _builder_version=&#8220;4.27.5&#8243; _module_preset=&#8220;default&#8220; background_color=&#8220;#00326d&#8220; box_shadow_style=&#8220;preset5&#8243; box_shadow_color=&#8220;rgba(0,15,0,0.02)&#8220; global_colors_info=&#8220;{}&#8220;][et_pb_column type=&#8220;4_4&#8243; _builder_version=&#8220;4.27.5&#8243; _module_preset=&#8220;default&#8220; global_colors_info=&#8220;{}&#8220;][et_pb_text _builder_version=&#8220;4.27.5&#8243; _module_preset=&#8220;default&#8220; custom_padding=&#8220;|||17px|false|false&#8220; global_colors_info=&#8220;{}&#8220;]<\/p>\n<p><span style=\"font-size: 36pt;color: #cdd427\">Galerie<span style=\"font-size: xx-large\"> \u2013 Career Camp Universit\u00e4t Bremen<\/span><\/span><\/p>\n<p>[\/et_pb_text][et_pb_text _builder_version=&#8220;4.27.5&#8243; _module_preset=&#8220;default&#8220; custom_padding=&#8220;||0px|20px|false|false&#8220; inline_fonts=&#8220;Open Sans&#8220; global_colors_info=&#8220;{}&#8220;]<\/p>\n<p data-start=\"157\" data-end=\"371\"><span style=\"color: #ffffff\">I<span style=\"font-family: 'Open Sans';font-weight: normal\">n dieser Galerie sind Eindr\u00fccke aus vergangenen Career-Camp-Veranstaltungen zusammengestellt.<\/span><\/span><br data-start=\"251\" data-end=\"254\" \/><span style=\"font-family: 'Open Sans';font-weight: normal;color: #ffffff\">Die Bilder zeigen Workshops, Unternehmens-Sessions, Austauschformate sowie Einblicke in unterschiedliche Berufsfelder.<\/span><\/p>\n<p data-start=\"373\" data-end=\"455\"><span style=\"font-family: 'Open Sans';font-weight: normal;color: #ffffff\">Durch Anklicken der Bilder k\u00f6nnen diese in vergr\u00f6\u00dferter Ansicht betrachtet werden.<\/span><\/p>\n<p>[\/et_pb_text][et_pb_text _builder_version=&#8220;4.27.5&#8243; _module_preset=&#8220;default&#8220; custom_padding=&#8220;|||17px|false|false&#8220; global_colors_info=&#8220;{}&#8220;]<\/p>\n<p><span style=\"font-size: 36pt;color: #cdd427\"><span style=\"font-size: xx-large\">Career Camp 2026 &#8211; Fotos<\/span><\/span><\/p>\n<p>[\/et_pb_text][et_pb_gallery gallery_ids=&#8220;5402,5438,5520,5519,5518,5517,5516,5515,5509,5511,5513,5514,5508,5506,5505,5504,5503,5498,5499,5501,5502,5496,5494,5493,5492,5491,5485,5486,5488,5489,5490,5484,5483,5482,5480,5475,5477,5474,5473,5470,5471,5472,5468,5467,5464,5466,5460,5459,5458,5457,5455,5449,5443,5444,5446,5441,5442,5448,5440,5431,5436,5435,5425,5426,5421,5422,5423,5424,5413,5416,5417,5410,5407,5401,5403,5405,5406,5399,5400,5392,5390,5388,5387,5386,5383,5377,5378,5380,5381,5372,5369,5367&#8243; fullwidth=&#8220;on&#8220; _builder_version=&#8220;4.27.5&#8243; _module_preset=&#8220;default&#8220; global_colors_info=&#8220;{}&#8220;][\/et_pb_gallery][et_pb_text _builder_version=&#8220;4.27.5&#8243; _module_preset=&#8220;default&#8220; custom_padding=&#8220;|||17px|false|false&#8220; global_colors_info=&#8220;{}&#8220;]<\/p>\n<p><span style=\"font-size: 36pt;color: #cdd427\"><span style=\"font-size: xx-large\">Career Camp 2026 &#8211; Videos<\/span><\/span><\/p>\n<p>[\/et_pb_text][et_pb_video_slider _builder_version=&#8220;4.27.5&#8243; _module_preset=&#8220;default&#8220; hover_enabled=&#8220;0&#8243; global_colors_info=&#8220;{}&#8220; width=&#8220;41%&#8220; module_alignment=&#8220;center&#8220; max_width=&#8220;64%&#8220; sticky_enabled=&#8220;0&#8243;][et_pb_video_slider_item src_webm=&#8220;https:\/\/blogs.uni-bremen.de\/careercamp\/files\/260314_Career-Camp_Reel-2.mp4&#8243; _builder_version=&#8220;4.27.5&#8243; _module_preset=&#8220;default&#8220; hover_enabled=&#8220;0&#8243; global_colors_info=&#8220;{}&#8220; show_image_overlay=&#8220;off&#8220; src=&#8220;https:\/\/youtube.com\/shorts\/9M4qVsqS8gI?si=Bv54AKP2hEIw-xXd&#8220; sticky_enabled=&#8220;0&#8243;][\/et_pb_video_slider_item][et_pb_video_slider_item src_webm=&#8220;https:\/\/blogs.uni-bremen.de\/careercamp\/files\/260314_Career-Camp_Reel-2.mp4&#8243; _builder_version=&#8220;4.27.5&#8243; _module_preset=&#8220;default&#8220; hover_enabled=&#8220;0&#8243; global_colors_info=&#8220;{}&#8220; show_image_overlay=&#8220;off&#8220; src=&#8220;https:\/\/youtube.com\/shorts\/DtYCT5jv6aE?si=1SRiG4V0yqFMQxSp&#8220; sticky_enabled=&#8220;0&#8243;][\/et_pb_video_slider_item][\/et_pb_video_slider][et_pb_text _builder_version=&#8220;4.27.5&#8243; _module_preset=&#8220;default&#8220; custom_padding=&#8220;|||17px|false|false&#8220; global_colors_info=&#8220;{}&#8220;]<\/p>\n<p><span style=\"font-size: 36pt;color: #cdd427\"><span style=\"font-size: xx-large\"><span>Career Camp \u2013 Fotos vergangener Jahre<\/span><\/span><\/span><\/p>\n<p>[\/et_pb_text][et_pb_gallery gallery_ids=&#8220;4433,4460,4466,4463,4474,4476,4475,4461,4462,4464,4465,4450,4458,4459,4457,4456,4477,4455,4440,4454,4447,4478,4448,4449,4451,4452,4446,4445,4444,4439,4438,4432,4434,4435,4436,4437,4431,4430,4429,4428,4427,4426&#8243; fullwidth=&#8220;on&#8220; _builder_version=&#8220;4.27.5&#8243; _module_preset=&#8220;default&#8220; global_colors_info=&#8220;{}&#8220;][\/et_pb_gallery][et_pb_text _builder_version=&#8220;4.27.5&#8243; _module_preset=&#8220;default&#8220; custom_padding=&#8220;|||17px|false|false&#8220; global_colors_info=&#8220;{}&#8220;]<\/p>\n<p><span style=\"font-size: 36pt;color: #cdd427\"><span style=\"font-size: xx-large\"><span>Career Camp \u2013 Videos vergangener Jahre<\/span><\/span><\/span><\/p>\n<p>[\/et_pb_text][et_pb_video_slider _builder_version=&#8220;4.27.5&#8243; _module_preset=&#8220;default&#8220; global_colors_info=&#8220;{}&#8220;][et_pb_video_slider_item admin_title=&#8220;2025&#8243; src=&#8220;https:\/\/www.youtube.com\/watch?v=eIXNwUzwftI&amp;t=6s&#8220; _builder_version=&#8220;4.27.5&#8243; _module_preset=&#8220;default&#8220; global_colors_info=&#8220;{}&#8220; show_image_overlay=&#8220;off&#8220;][\/et_pb_video_slider_item][et_pb_video_slider_item admin_title=&#8220;2024&#8243; src=&#8220;https:\/\/www.youtube.com\/watch?v=LzgKOwgCYYM&#8220; _builder_version=&#8220;4.27.5&#8243; _module_preset=&#8220;default&#8220; global_colors_info=&#8220;{}&#8220; show_image_overlay=&#8220;off&#8220;][\/et_pb_video_slider_item][et_pb_video_slider_item admin_title=&#8220;2023&#8243; src=&#8220;https:\/\/www.youtube.com\/watch?v=nQAa6-IPP2M&#8220; _builder_version=&#8220;4.27.5&#8243; _module_preset=&#8220;default&#8220; global_colors_info=&#8220;{}&#8220; show_image_overlay=&#8220;off&#8220;][\/et_pb_video_slider_item][\/et_pb_video_slider][\/et_pb_column][\/et_pb_row][\/et_pb_section]<\/p>\n","protected":false},"excerpt":{"rendered":"<p>Galerie \u2013 Career&#8230;<\/p>\n","protected":false},"author":13759,"featured_media":0,"parent":0,"menu_order":0,"comment_status":"closed","ping_status":"closed","template":"","meta":{"_bbp_topic_count":0,"_bbp_reply_count":0,"_bbp_total_topic_count":0,"_bbp_total_reply_count":0,"_bbp_voice_count":0,"_bbp_anonymous_reply_count":0,"_bbp_topic_count_hidden":0,"_bbp_reply_count_hidden":0,"_bbp_forum_subforum_count":0,"_et_pb_use_builder":"on","_et_pb_old_content":"[rl_gallery id=\"4484\"]","_et_gb_content_width":"","site-sidebar-layout":"default","site-content-layout":"","ast-site-content-layout":"default","site-content-style":"default","site-sidebar-style":"default","ast-global-header-display":"","ast-banner-title-visibility":"","ast-main-header-display":"","ast-hfb-above-header-display":"","ast-hfb-below-header-display":"","ast-hfb-mobile-header-display":"","site-post-title":"","ast-breadcrumbs-content":"","ast-featured-img":"","footer-sml-layout":"","ast-disable-related-posts":"","theme-transparent-header-meta":"","adv-header-id-meta":"","stick-header-meta":"","header-above-stick-meta":"","header-main-stick-meta":"","header-below-stick-meta":"","astra-migrate-meta-layouts":"default","ast-page-background-enabled":"default","ast-page-background-meta":{"desktop":{"background-color":"var(--ast-global-color-5)","background-image":"","background-repeat":"repeat","background-position":"center center","background-size":"auto","background-attachment":"scroll","background-type":"","background-media":"","overlay-type":"","overlay-color":"","overlay-opacity":"","overlay-gradient":""},"tablet":{"background-color":"","background-image":"","background-repeat":"repeat","background-position":"center center","background-size":"auto","background-attachment":"scroll","background-type":"","background-media":"","overlay-type":"","overlay-color":"","overlay-opacity":"","overlay-gradient":""},"mobile":{"background-color":"","background-image":"","background-repeat":"repeat","background-position":"center center","background-size":"auto","background-attachment":"scroll","background-type":"","background-media":"","overlay-type":"","overlay-color":"","overlay-opacity":"","overlay-gradient":""}},"ast-content-background-meta":{"desktop":{"background-color":"var(--ast-global-color-4)","background-image":"","background-repeat":"repeat","background-position":"center center","background-size":"auto","background-attachment":"scroll","background-type":"","background-media":"","overlay-type":"","overlay-color":"","overlay-opacity":"","overlay-gradient":""},"tablet":{"background-color":"var(--ast-global-color-4)","background-image":"","background-repeat":"repeat","background-position":"center center","background-size":"auto","background-attachment":"scroll","background-type":"","background-media":"","overlay-type":"","overlay-color":"","overlay-opacity":"","overlay-gradient":""},"mobile":{"background-color":"var(--ast-global-color-4)","background-image":"","background-repeat":"repeat","background-position":"center center","background-size":"auto","background-attachment":"scroll","background-type":"","background-media":"","overlay-type":"","overlay-color":"","overlay-opacity":"","overlay-gradient":""}},"footnotes":""},"class_list":["post-4488","page","type-page","status-publish","hentry"],"yoast_head":"<!-- This site is optimized with the Yoast SEO plugin v27.3 - https:\/\/yoast.com\/product\/yoast-seo-wordpress\/ -->\n<title>Galerie -<\/title>\n<meta name=\"robots\" content=\"index, follow, max-snippet:-1, max-image-preview:large, max-video-preview:-1\" \/>\n<link rel=\"canonical\" href=\"https:\/\/blogs.uni-bremen.de\/careercamp\/galerie-2\/\" class=\"yoast-seo-meta-tag\" \/>\n<meta property=\"og:locale\" content=\"de_DE\" class=\"yoast-seo-meta-tag\" \/>\n<meta property=\"og:type\" content=\"article\" class=\"yoast-seo-meta-tag\" \/>\n<meta property=\"og:title\" content=\"Galerie -\" class=\"yoast-seo-meta-tag\" \/>\n<meta property=\"og:description\" content=\"Galerie \u2013 Career...\" class=\"yoast-seo-meta-tag\" \/>\n<meta property=\"og:url\" content=\"https:\/\/blogs.uni-bremen.de\/careercamp\/galerie-2\/\" class=\"yoast-seo-meta-tag\" \/>\n<meta property=\"article:modified_time\" content=\"2026-03-31T18:52:17+00:00\" class=\"yoast-seo-meta-tag\" \/>\n<meta name=\"twitter:card\" content=\"summary_large_image\" class=\"yoast-seo-meta-tag\" \/>\n<meta name=\"twitter:label1\" content=\"Gesch\u00e4tzte Lesezeit\" class=\"yoast-seo-meta-tag\" \/>\n\t<meta name=\"twitter:data1\" content=\"9\u00a0Minuten\" class=\"yoast-seo-meta-tag\" \/>\n<script type=\"application\/ld+json\" class=\"yoast-schema-graph\">{\"@context\":\"https:\\\/\\\/schema.org\",\"@graph\":[{\"@type\":\"WebPage\",\"@id\":\"https:\\\/\\\/blogs.uni-bremen.de\\\/careercamp\\\/galerie-2\\\/\",\"url\":\"https:\\\/\\\/blogs.uni-bremen.de\\\/careercamp\\\/galerie-2\\\/\",\"name\":\"Galerie -\",\"isPartOf\":{\"@id\":\"https:\\\/\\\/blogs.uni-bremen.de\\\/careercamp\\\/#website\"},\"datePublished\":\"2025-12-08T17:14:46+00:00\",\"dateModified\":\"2026-03-31T18:52:17+00:00\",\"breadcrumb\":{\"@id\":\"https:\\\/\\\/blogs.uni-bremen.de\\\/careercamp\\\/galerie-2\\\/#breadcrumb\"},\"inLanguage\":\"de\",\"potentialAction\":[{\"@type\":\"ReadAction\",\"target\":[\"https:\\\/\\\/blogs.uni-bremen.de\\\/careercamp\\\/galerie-2\\\/\"]}]},{\"@type\":\"BreadcrumbList\",\"@id\":\"https:\\\/\\\/blogs.uni-bremen.de\\\/careercamp\\\/galerie-2\\\/#breadcrumb\",\"itemListElement\":[{\"@type\":\"ListItem\",\"position\":1,\"name\":\"Startseite\",\"item\":\"https:\\\/\\\/blogs.uni-bremen.de\\\/careercamp\\\/\"},{\"@type\":\"ListItem\",\"position\":2,\"name\":\"Galerie\"}]},{\"@type\":\"WebSite\",\"@id\":\"https:\\\/\\\/blogs.uni-bremen.de\\\/careercamp\\\/#website\",\"url\":\"https:\\\/\\\/blogs.uni-bremen.de\\\/careercamp\\\/\",\"name\":\"\",\"description\":\"Universit\u00e4t Bremen - Fachbereich Wirtschaftswissenschaft\",\"potentialAction\":[{\"@type\":\"SearchAction\",\"target\":{\"@type\":\"EntryPoint\",\"urlTemplate\":\"https:\\\/\\\/blogs.uni-bremen.de\\\/careercamp\\\/?s={search_term_string}\"},\"query-input\":{\"@type\":\"PropertyValueSpecification\",\"valueRequired\":true,\"valueName\":\"search_term_string\"}}],\"inLanguage\":\"de\"}]}<\/script>\n<!-- \/ Yoast SEO plugin. -->","yoast_head_json":{"title":"Galerie -","robots":{"index":"index","follow":"follow","max-snippet":"max-snippet:-1","max-image-preview":"max-image-preview:large","max-video-preview":"max-video-preview:-1"},"canonical":"https:\/\/blogs.uni-bremen.de\/careercamp\/galerie-2\/","og_locale":"de_DE","og_type":"article","og_title":"Galerie -","og_description":"Galerie \u2013 Career...","og_url":"https:\/\/blogs.uni-bremen.de\/careercamp\/galerie-2\/","article_modified_time":"2026-03-31T18:52:17+00:00","twitter_card":"summary_large_image","twitter_misc":{"Gesch\u00e4tzte Lesezeit":"9\u00a0Minuten"},"schema":{"@context":"https:\/\/schema.org","@graph":[{"@type":"WebPage","@id":"https:\/\/blogs.uni-bremen.de\/careercamp\/galerie-2\/","url":"https:\/\/blogs.uni-bremen.de\/careercamp\/galerie-2\/","name":"Galerie -","isPartOf":{"@id":"https:\/\/blogs.uni-bremen.de\/careercamp\/#website"},"datePublished":"2025-12-08T17:14:46+00:00","dateModified":"2026-03-31T18:52:17+00:00","breadcrumb":{"@id":"https:\/\/blogs.uni-bremen.de\/careercamp\/galerie-2\/#breadcrumb"},"inLanguage":"de","potentialAction":[{"@type":"ReadAction","target":["https:\/\/blogs.uni-bremen.de\/careercamp\/galerie-2\/"]}]},{"@type":"BreadcrumbList","@id":"https:\/\/blogs.uni-bremen.de\/careercamp\/galerie-2\/#breadcrumb","itemListElement":[{"@type":"ListItem","position":1,"name":"Startseite","item":"https:\/\/blogs.uni-bremen.de\/careercamp\/"},{"@type":"ListItem","position":2,"name":"Galerie"}]},{"@type":"WebSite","@id":"https:\/\/blogs.uni-bremen.de\/careercamp\/#website","url":"https:\/\/blogs.uni-bremen.de\/careercamp\/","name":"","description":"Universit\u00e4t Bremen - Fachbereich Wirtschaftswissenschaft","potentialAction":[{"@type":"SearchAction","target":{"@type":"EntryPoint","urlTemplate":"https:\/\/blogs.uni-bremen.de\/careercamp\/?s={search_term_string}"},"query-input":{"@type":"PropertyValueSpecification","valueRequired":true,"valueName":"search_term_string"}}],"inLanguage":"de"}]}},"_links":{"self":[{"href":"https:\/\/blogs.uni-bremen.de\/careercamp\/wp-json\/wp\/v2\/pages\/4488","targetHints":{"allow":["GET"]}}],"collection":[{"href":"https:\/\/blogs.uni-bremen.de\/careercamp\/wp-json\/wp\/v2\/pages"}],"about":[{"href":"https:\/\/blogs.uni-bremen.de\/careercamp\/wp-json\/wp\/v2\/types\/page"}],"author":[{"embeddable":true,"href":"https:\/\/blogs.uni-bremen.de\/careercamp\/wp-json\/wp\/v2\/users\/13759"}],"replies":[{"embeddable":true,"href":"https:\/\/blogs.uni-bremen.de\/careercamp\/wp-json\/wp\/v2\/comments?post=4488"}],"version-history":[{"count":14,"href":"https:\/\/blogs.uni-bremen.de\/careercamp\/wp-json\/wp\/v2\/pages\/4488\/revisions"}],"predecessor-version":[{"id":5541,"href":"https:\/\/blogs.uni-bremen.de\/careercamp\/wp-json\/wp\/v2\/pages\/4488\/revisions\/5541"}],"wp:attachment":[{"href":"https:\/\/blogs.uni-bremen.de\/careercamp\/wp-json\/wp\/v2\/media?parent=4488"}],"curies":[{"name":"wp","href":"https:\/\/api.w.org\/{rel}","templated":true}]}}