{"id":76,"date":"2020-03-23T13:53:36","date_gmt":"2020-03-23T12:53:36","guid":{"rendered":"https:\/\/blogs.uni-bremen.de\/camus4solidarity\/?page_id=76"},"modified":"2020-04-23T19:47:04","modified_gmt":"2020-04-23T17:47:04","slug":"das-projekt","status":"publish","type":"page","link":"https:\/\/blogs.uni-bremen.de\/camus4solidarity\/das-projekt\/","title":{"rendered":"Das Projekt"},"content":{"rendered":"<p style=\"text-align: center\">Wir freuen uns sehr, dass das von Lehrenden und Studierenden an den Instituten f\u00fcr Philosophie, Ethnologie\/Kulturwissenschaft, Romanistik und Politikwissenschaft entwickelte und mit Kolleginnen und Kollegen verschiedener Fachbereiche sowie WOC Worlds of Contradiction erarbeitete Projekt<br class=\"\" \/><br class=\"\" \/><strong class=\"\">Solidarit\u00e4t neu befragen: <\/strong><br \/>\n<strong class=\"\">Die Universit\u00e4t Bremen liest<\/strong> <strong class=\"\">Albert Camus&#8216; <em class=\"\">Die Pest<\/em> (1947)<\/strong><br class=\"\" \/><em class=\"\"><strong class=\"\">Ein philosophischer Roman \u00fcber Solidarit\u00e4t in schwierigen Zeiten<\/strong><\/em><br class=\"\" \/><br class=\"\" \/>im Rahmen desProgramms &#8222;Eine Uni &#8211; Ein Buch&#8220; mit 10 000 \u20ac gef\u00f6rdert wird!<\/p>\n<p>Unter <a href=\"https:\/\/www.stifterverband.org\/eine-uni-ein-buch\">https:\/\/www.stifterverband.org\/eine-uni-ein-buch<\/a> finden sich die Ausschreibung sowie die Pressemitteilung des Stifterverbands, <a href=\"https:\/\/www.uni-bremen.de\/universitaet\/hochschulkommunikation-und-marketing\/aktuelle-meldungen\/detailansicht\/universitaet-bremen-gewinnt-erneut-im-wettbewerb-eine-uni-ein-buch\">hier<\/a> findet sich die Pressemitteilung der Universit\u00e4t Bremen, <a href=\"https:\/\/blogs.uni-bremen.de\/camus4solidarity\/das-projekt\/die-bewerbung\/\">hier<\/a> die Bewerbung.<\/p>\n<p>Das Preisgeld des Stifterverbandes erm\u00f6glicht es der Universit\u00e4t Bremen in den kommenden Monaten aus der Perspektive unterschiedlicher Disziplinen ein breites Programm f\u00fcr alle Angeh\u00f6rige der Universit\u00e4t und die interessierte Bremer \u00d6ffentlichkeit zu realisieren, um Albert Camus\u2019 Roman und damit zusammenh\u00e4ngende Fragen aktuell zu beleuchten.<\/p>\n<p>&nbsp;<\/p>\n<p>In seinem 1947 ver\u00f6ffentlichten Roman <em>Die Pest<\/em>, der bis heute als ein Klassiker der Weltliteratur gilt, beschreibt Camus, wie eine kleine, gew\u00f6hnliche Stadt von der Pestseuche heimgesucht wird. Unterschiedliche Protagonisten leben und reflektieren Solidarit\u00e4t, Freundschaft und Revolte gegen das \u00dcbel. So werden M\u00f6glichkeiten der N\u00e4chstenliebe und Zivilcourage gegen physische und moralische Zerst\u00f6rung gesetzt, literarisch illustriert und reflektiert. Dabei begegnen wir an keiner Stelle einem erhobenen Zeigefinger, sondern vielmehr einer Einladung, respektvoll, realistisch und konkret M\u00f6glichkeiten und Wege menschlichen Umgangs mit \u00dcbeln zu suchen.<\/p>\n<p>Im Rahmen der Auseinandersetzung mit Camus\u2018 Roman wird es an der Universit\u00e4t Bremen sowie in der Bremer \u00d6ffentlichkeit darum gehen, aus verschiedenen Blickwinkeln und aus der Perspektive unterschiedlicher Disziplinen Zusammenh\u00e4nge zwischen dem Werk und aktuellen Fragen rund um Solidarit\u00e4t und andere Themen, die Camus uns in diesem Werk anbietet, zu beleuchten. In Podiumsdiskussionen, Lehrveranstaltungen, Fachvortr\u00e4gen, Workshops, einer Ausstellung und in weiteren Formaten wird das Werk in seinem Facettenreichtum diskutiert. Manches wird aus einer fachspezifischen Perspektive heraus bearbeitet und zur Diskussion gestellt, andere Fragen zu aktuellen Forschungen und Feldern von Solidarit\u00e4t werden interdisziplin\u00e4r diskutiert.<\/p>\n<p>Dieser Blog bietet Hinweise auf Veranstaltungen, Videovortr\u00e4ge, virtuelle Workshops, Textbeitr\u00e4ge und vieles weitere mehr.<\/p>\n","protected":false},"excerpt":{"rendered":"<p>Wir freuen uns sehr, dass das von Lehrenden und Studierenden an den Instituten f\u00fcr Philosophie, Ethnologie\/Kulturwissenschaft, Romanistik und Politikwissenschaft entwickelte und mit Kolleginnen und Kollegen verschiedener Fachbereiche sowie WOC Worlds of Contradiction erarbeitete ProjektSolidarit\u00e4t neu befragen: Die Universit\u00e4t Bremen liest Albert Camus&#8216; Die Pest (1947)Ein philosophischer Roman \u00fcber Solidarit\u00e4t in schwierigen Zeitenim Rahmen desProgramms &#8222;Eine [&hellip;]<\/p>\n","protected":false},"author":11639,"featured_media":0,"parent":0,"menu_order":0,"comment_status":"closed","ping_status":"closed","template":"","meta":{"_bbp_topic_count":0,"_bbp_reply_count":0,"_bbp_total_topic_count":0,"_bbp_total_reply_count":0,"_bbp_voice_count":0,"_bbp_anonymous_reply_count":0,"_bbp_topic_count_hidden":0,"_bbp_reply_count_hidden":0,"_bbp_forum_subforum_count":0,"footnotes":""},"class_list":["post-76","page","type-page","status-publish","hentry","post-preview"],"_links":{"self":[{"href":"https:\/\/blogs.uni-bremen.de\/camus4solidarity\/wp-json\/wp\/v2\/pages\/76","targetHints":{"allow":["GET"]}}],"collection":[{"href":"https:\/\/blogs.uni-bremen.de\/camus4solidarity\/wp-json\/wp\/v2\/pages"}],"about":[{"href":"https:\/\/blogs.uni-bremen.de\/camus4solidarity\/wp-json\/wp\/v2\/types\/page"}],"author":[{"embeddable":true,"href":"https:\/\/blogs.uni-bremen.de\/camus4solidarity\/wp-json\/wp\/v2\/users\/11639"}],"replies":[{"embeddable":true,"href":"https:\/\/blogs.uni-bremen.de\/camus4solidarity\/wp-json\/wp\/v2\/comments?post=76"}],"version-history":[{"count":8,"href":"https:\/\/blogs.uni-bremen.de\/camus4solidarity\/wp-json\/wp\/v2\/pages\/76\/revisions"}],"predecessor-version":[{"id":296,"href":"https:\/\/blogs.uni-bremen.de\/camus4solidarity\/wp-json\/wp\/v2\/pages\/76\/revisions\/296"}],"wp:attachment":[{"href":"https:\/\/blogs.uni-bremen.de\/camus4solidarity\/wp-json\/wp\/v2\/media?parent=76"}],"curies":[{"name":"wp","href":"https:\/\/api.w.org\/{rel}","templated":true}]}}