{"id":589,"date":"2021-01-25T16:34:20","date_gmt":"2021-01-25T15:34:20","guid":{"rendered":"https:\/\/blogs.uni-bremen.de\/camus4solidarity\/?page_id=589"},"modified":"2021-03-11T15:51:47","modified_gmt":"2021-03-11T14:51:47","slug":"zusammen-denken","status":"publish","type":"page","link":"https:\/\/blogs.uni-bremen.de\/camus4solidarity\/zusammen-denken\/","title":{"rendered":"zusammen denken"},"content":{"rendered":"<p>Was l\u00e4sst sich aus dem Werk <em>Die Pest<\/em> und einer gemeinsamen Besch\u00e4ftigung damit lernen? Welche \u00dcberlegungen und Ideen Camus&#8216; sind besonders interessant, strittig, bereichernd, diskussionsw\u00fcrdig, vielleicht auch heute besonders relevant? Wie lie\u00dfen sich sein Denken und sein Werk so aufbereiten, dass uns eine breite und substantielle Auseinandersetzung damit m\u00f6glich ist?<\/p>\n<p>In dem Seminar &#8222;Vorhang auf und B\u00fchne frei: Eine Aufbereitung des Werks Albert Camus&#8216; f\u00fcr die \u00d6ffentlichkeit&#8220; (Institut f\u00fcr Philosophie, Masterstudiengang &#8222;Angewandte Philosophie&#8220;) von Svantje Guinebert haben sich Studierende Gedanken \u00fcber diese und weitere Fragen gemacht. Daraus entstanden ist das Projekt<\/p>\n<p>&nbsp;<\/p>\n<p style=\"text-align: center\"><strong><em>zusammen <\/em>denken<\/strong><\/p>\n<p style=\"text-align: center\"><strong>#camus4solidarity<\/strong><\/p>\n<p>&nbsp;<\/p>\n<p style=\"text-align: right\"><a href=\"https:\/\/blogs.uni-bremen.de\/camus4solidarity\/files\/Projektbeschreibung_zusammen-denken_Maerz-2021.pdf\">Ausf\u00fchrlichere Projektbeschreibung (pdf)<\/a><\/p>\n<p>Der Name ist Programm: Wir wollen<\/p>\n<p>&#8230; einfach <em>zusammen<\/em> <em>denken<\/em>: das ist das, was wir in dem Seminar tun und wozu wir gerne auch andere einladen m\u00f6chten.<\/p>\n<p>&#8230; \u00fcber den Begriff \u201e<em>zusammen<\/em>\u201c nachdenken: Was kann \u201ezusammen\u201c \u00fcberhaupt bedeuten, gerade in einer Zeit, in der gesellschaftliche Gruppen (\u00f6konomisch und ideell) immer weiter auseinanderdriften und in der aufgrund der so verschiedenen Lebenswelten aber auch der aktuellen Pandemie ein altbekanntes, klassisches <em>Zusammen<\/em> nicht mehr m\u00f6glich ist?<\/p>\n<p>&#8230; dadurch, dass wir zusammen denken, ein neues <em>Zusammen<\/em> entstehen lassen. Descartes schrieb \u201eIch denke, also bin ich\u201c; Camus f\u00fcgte dem ein \u201eIch revoltiere, also sind wir\u201c hinzu. Wir denken zusammen &#8211; also gibt es ein Wir? Inwieweit kann durch eine Auseinandersetzung mit grundlegenden Fragen des Miteinanders, durch ein zusammen Denken ein &#8222;Wir&#8220; entstehen? Kann ein kritisches und waches, ungek\u00fcnsteltes und menschenfreundliches, an Grundfragen des Zusammenlebens interessiertes Denken dazu beitragen, neue Perspektiven auf ein m\u00f6gliches gesellschaftliches <em>Wir<\/em> zu er\u00f6ffnen?<\/p>\n<p>&nbsp;<\/p>\n<p>Wir freuen uns \u00fcber eure und Ihre Ideen, Gedanken und \u00dcberlegungen auf der projekteigenen <a href=\"https:\/\/www.instagram.com\/zusammen.denken\/\">Instagram<\/a>-Seite!<\/p>\n<p>&nbsp;<\/p>\n<table style=\"width: 100%;border-collapse: collapse;background-color: #95edd1\">\n<tbody>\n<tr>\n<td style=\"width: 100%\">\n<p style=\"text-align: center\"><strong>Save the date!<\/strong><\/p>\n<p style=\"text-align: center\"><strong>Freitag, 16. April 2021, 17 &#8211; 20 Uhr: <em>zusammen<\/em> denken<\/strong><\/p>\n<p style=\"text-align: center\">Wir wollen uns mit euch und Ihnen \u00fcber Ihre, unsere und Camus&#8216; Gedanken und Ideen zu Solidarit\u00e4t austauschen.<\/p>\n<p style=\"text-align: center\">Anmeldung zur Teilnahme via Zoom bis zum 12.4.2021 an e&#117;&#x65;&#x62;&#x32;0&#50;&#x31;&#x40;&#x75;n&#105;&#x2d;&#x62;&#x72;e&#109;&#x65;&#x6e;&#x2e;d&#101;!<\/p>\n<\/td>\n<\/tr>\n<\/tbody>\n<\/table>\n<div class=\"rl-gallery-container rl-loading\" id=\"rl-gallery-container-1\" data-gallery_id=\"619\"> <div class=\"rl-gallery rl-basicgrid-gallery \" id=\"rl-gallery-1\" data-gallery_no=\"1\"> <div class=\"rl-gallery-item\"><a href=\"https:\/\/blogs.uni-bremen.de\/camus4solidarity\/files\/Stein-14-Zusammenstellung.jpg\" title=\"\" data-rl_title=\"\" class=\"rl-gallery-link\" data-rl_caption=\"\" data-rel=\"lightbox-gallery-1\"><img loading=\"lazy\" decoding=\"async\" src=\"https:\/\/blogs.uni-bremen.de\/camus4solidarity\/files\/Stein-14-Zusammenstellung-300x225.jpg\" width=\"300\" height=\"225\" alt=\"\" \/><\/a><\/div><div class=\"rl-gallery-item\"><a href=\"https:\/\/blogs.uni-bremen.de\/camus4solidarity\/files\/Die-Plakate-sind-da.jpg\" title=\"\" data-rl_title=\"\" class=\"rl-gallery-link\" data-rl_caption=\"\" data-rel=\"lightbox-gallery-1\"><img loading=\"lazy\" decoding=\"async\" src=\"https:\/\/blogs.uni-bremen.de\/camus4solidarity\/files\/Die-Plakate-sind-da-225x300.jpg\" width=\"225\" height=\"300\" alt=\"\" \/><\/a><\/div><div class=\"rl-gallery-item\"><a href=\"https:\/\/blogs.uni-bremen.de\/camus4solidarity\/files\/Plakat-Welche-Werte-brauchen-wir.jpg\" title=\"\" data-rl_title=\"\" class=\"rl-gallery-link\" data-rl_caption=\"\" data-rel=\"lightbox-gallery-1\"><img loading=\"lazy\" decoding=\"async\" src=\"https:\/\/blogs.uni-bremen.de\/camus4solidarity\/files\/Plakat-Welche-Werte-brauchen-wir-225x300.jpg\" width=\"225\" height=\"300\" alt=\"\" \/><\/a><\/div><div class=\"rl-gallery-item\"><a href=\"https:\/\/blogs.uni-bremen.de\/camus4solidarity\/files\/Stein-16-Gaestehaus.jpg\" title=\"\" data-rl_title=\"\" class=\"rl-gallery-link\" data-rl_caption=\"\" data-rel=\"lightbox-gallery-1\"><img loading=\"lazy\" decoding=\"async\" src=\"https:\/\/blogs.uni-bremen.de\/camus4solidarity\/files\/Stein-16-Gaestehaus-225x300.jpg\" width=\"225\" height=\"300\" alt=\"\" \/><\/a><\/div><div class=\"rl-gallery-item\"><a href=\"https:\/\/blogs.uni-bremen.de\/camus4solidarity\/files\/Screenshot_2021-03-08-\ud835\ude3b\ud835\ude36\ud835\ude34\ud835\ude22\ud835\ude2e\ud835\ude2e\ud835\ude26\ud835\ude2f-denken-zusammen-denken.png\" title=\"\" data-rl_title=\"\" class=\"rl-gallery-link\" data-rl_caption=\"\" data-rel=\"lightbox-gallery-1\"><img loading=\"lazy\" decoding=\"async\" src=\"https:\/\/blogs.uni-bremen.de\/camus4solidarity\/files\/Screenshot_2021-03-08-\ud835\ude3b\ud835\ude36\ud835\ude34\ud835\ude22\ud835\ude2e\ud835\ude2e\ud835\ude26\ud835\ude2f-denken-zusammen-denken-155x300.png\" width=\"155\" height=\"300\" alt=\"\" \/><\/a><\/div><div class=\"rl-gallery-item\"><a href=\"https:\/\/blogs.uni-bremen.de\/camus4solidarity\/files\/Stein-10-Musik.jpg\" title=\"\" data-rl_title=\"\" class=\"rl-gallery-link\" data-rl_caption=\"\" data-rel=\"lightbox-gallery-1\"><img loading=\"lazy\" decoding=\"async\" src=\"https:\/\/blogs.uni-bremen.de\/camus4solidarity\/files\/Stein-10-Musik-225x300.jpg\" width=\"225\" height=\"300\" alt=\"\" \/><\/a><\/div><div class=\"rl-gallery-item\"><a href=\"https:\/\/blogs.uni-bremen.de\/camus4solidarity\/files\/Stein-5-Camus.jpg\" title=\"\" data-rl_title=\"\" class=\"rl-gallery-link\" data-rl_caption=\"\" data-rel=\"lightbox-gallery-1\"><img loading=\"lazy\" decoding=\"async\" src=\"https:\/\/blogs.uni-bremen.de\/camus4solidarity\/files\/Stein-5-Camus-225x300.jpg\" width=\"225\" height=\"300\" alt=\"\" \/><\/a><\/div><div class=\"rl-gallery-item\"><a href=\"https:\/\/blogs.uni-bremen.de\/camus4solidarity\/files\/Stein-12-Lektuere.jpg\" title=\"\" data-rl_title=\"\" class=\"rl-gallery-link\" data-rl_caption=\"\" data-rel=\"lightbox-gallery-1\"><img loading=\"lazy\" decoding=\"async\" src=\"https:\/\/blogs.uni-bremen.de\/camus4solidarity\/files\/Stein-12-Lektuere-225x300.jpg\" width=\"225\" height=\"300\" alt=\"\" \/><\/a><\/div> <\/div> <\/div>\n","protected":false},"excerpt":{"rendered":"<p>Was l\u00e4sst sich aus dem Werk Die Pest und einer gemeinsamen Besch\u00e4ftigung damit lernen? Welche \u00dcberlegungen und Ideen Camus&#8216; sind besonders interessant, strittig, bereichernd, diskussionsw\u00fcrdig, vielleicht auch heute besonders relevant? Wie lie\u00dfen sich sein Denken und sein Werk so aufbereiten, dass uns eine breite und substantielle Auseinandersetzung damit m\u00f6glich ist? In dem Seminar &#8222;Vorhang auf [&hellip;]<\/p>\n","protected":false},"author":11639,"featured_media":0,"parent":0,"menu_order":0,"comment_status":"closed","ping_status":"closed","template":"","meta":{"_bbp_topic_count":0,"_bbp_reply_count":0,"_bbp_total_topic_count":0,"_bbp_total_reply_count":0,"_bbp_voice_count":0,"_bbp_anonymous_reply_count":0,"_bbp_topic_count_hidden":0,"_bbp_reply_count_hidden":0,"_bbp_forum_subforum_count":0,"footnotes":""},"class_list":["post-589","page","type-page","status-publish","hentry","post-preview"],"_links":{"self":[{"href":"https:\/\/blogs.uni-bremen.de\/camus4solidarity\/wp-json\/wp\/v2\/pages\/589","targetHints":{"allow":["GET"]}}],"collection":[{"href":"https:\/\/blogs.uni-bremen.de\/camus4solidarity\/wp-json\/wp\/v2\/pages"}],"about":[{"href":"https:\/\/blogs.uni-bremen.de\/camus4solidarity\/wp-json\/wp\/v2\/types\/page"}],"author":[{"embeddable":true,"href":"https:\/\/blogs.uni-bremen.de\/camus4solidarity\/wp-json\/wp\/v2\/users\/11639"}],"replies":[{"embeddable":true,"href":"https:\/\/blogs.uni-bremen.de\/camus4solidarity\/wp-json\/wp\/v2\/comments?post=589"}],"version-history":[{"count":10,"href":"https:\/\/blogs.uni-bremen.de\/camus4solidarity\/wp-json\/wp\/v2\/pages\/589\/revisions"}],"predecessor-version":[{"id":628,"href":"https:\/\/blogs.uni-bremen.de\/camus4solidarity\/wp-json\/wp\/v2\/pages\/589\/revisions\/628"}],"wp:attachment":[{"href":"https:\/\/blogs.uni-bremen.de\/camus4solidarity\/wp-json\/wp\/v2\/media?parent=589"}],"curies":[{"name":"wp","href":"https:\/\/api.w.org\/{rel}","templated":true}]}}