{"id":39,"date":"2020-03-18T17:03:11","date_gmt":"2020-03-18T16:03:11","guid":{"rendered":"https:\/\/blogs.uni-bremen.de\/camus4solidarity\/?page_id=39"},"modified":"2020-10-05T15:56:52","modified_gmt":"2020-10-05T13:56:52","slug":"camus-die-pest","status":"publish","type":"page","link":"https:\/\/blogs.uni-bremen.de\/camus4solidarity\/camus-die-pest\/","title":{"rendered":"Das Buch"},"content":{"rendered":"<p><strong>Warum <em>Die Pest<\/em> lesen?<\/strong><\/p>\n<p style=\"text-align: right\">[<a href=\"https:\/\/blogs.uni-bremen.de\/camus4solidarity\/files\/Uebersetzung-2-Das-Buch-Le-livre.pdf\">En Fran\u00e7ais\u00a0 <\/a>\/ <a href=\"https:\/\/blogs.uni-bremen.de\/camus4solidarity\/files\/Why-read-the-Plague.pdf\">In English<\/a>]<\/p>\n<p style=\"text-align: right\"><span style=\"font-size: 10pt\">von Svantje Guinebert<\/span><\/p>\n<p>In seinem Roman <em>Die Pest<\/em> stellt sich Camus die Frage, was <strong>Solidarit\u00e4t, Freundschaft und Menschenliebe<\/strong> bedeuten k\u00f6nnen in einer Zeit, in der die Menschen mit einem gro\u00dfen \u00dcbel umgehen m\u00fcssen. Wie kann es uns gelingen, beispielsweise angesichts von Ungerechtigkeit und schleichender Verschlimmerung gesellschaftlicher oder klimatischer Zust\u00e4nde realistisch und klar zu sehen \u2013 und dabei hoffnungsvoll, tatkr\u00e4ftig und solidarisch zu sein? Welche M\u00f6glichkeiten und Wege gibt es, menschlich zu bleiben angesichts von \u00dcbeln und sich sowohl gegen die Katastrophe selbst als auch gegen eine damit oftmals einhergehende Verrohung zu wehren? Welches sind Katastrophen oder \u00dcbel unserer Zeit, die wir versucht sein k\u00f6nnten unter den Begriff der \u201ePest\u201c zu fassen?<\/p>\n<p>Albert Camus beschreibt in dem 1947 ver\u00f6ffentlichten Roman, durch den er augenblicklich ber\u00fchmt wurde und der bis heute als ein <strong>Klassiker der Weltliteratur <\/strong>gilt, wie eine kleine, gew\u00f6hnliche Stadt von der Pestseuche heimgesucht wird. Unterschiedliche Protagonisten leben und reflektieren Solidarit\u00e4t, Freundschaft und Revolte gegen das \u00dcbel. So werden <strong>M\u00f6glichkeiten der N\u00e4chstenliebe und Zivilcourage <\/strong>gegen physische und moralische Zerst\u00f6rung gesetzt, literarisch illustriert und reflektiert.<\/p>\n<p>Im Jahr 1957 erhielt Albert Camus den <strong>Literaturnobelpreis<\/strong>. Das Nobelpreiskomitee begr\u00fcndete seine Auszeichnung damit, dass Camus mit scharfsichtigem Ernst menschliche Gewissensprobleme seiner Zeit beleuchte. Er reflektiere m\u00f6gliche Konsequenzen einer nihilistischen Haltung und stelle gegen Amoralismus und Flucht in Ideologien den pers\u00f6nlichen Einsatz gegen Menschenverachtung und Resignation. Dabei begegnen wir an keiner Stelle einem erhobenen Zeigefinger, sondern vielmehr einer Einladung, respektvoll, realistisch und konkret M\u00f6glichkeiten und Wege menschlichen Umgangs mit \u00dcbeln zu suchen. Der Roman <em>Die Pest <\/em>wurde in der unmittelbaren Nachkriegszeit fertiggestellt. Camus verarbeitet darin Geschehnisse des Zweiten Weltkriegs, Faschismus und Totalitarismus, pers\u00f6nliche Erfahrungen der Belagerung; doch <strong>die Pest kann f\u00fcr Vieles stehen<\/strong>. Das Werk kann in den Kontext verschiedener Zeiten versetzt werden, es kann Erkl\u00e4rungen f\u00fcr Vergangenes liefern, Handlungswege f\u00fcr die Gegenwart bieten oder uns f\u00fcr die Zukunft einen Leitfaden f\u00fcr den Umgang miteinander in schwierigen Zeiten sein. Angesichts der politischen und gesellschaftlichen Probleme der Gegenwart hat Camus&#8216; Werk neue Aktualit\u00e4t und Bedeutung gewonnen. Vor dem Hintergrund heutiger Debatten und Geschehnisse, Arten der Auseinandersetzungen und Herausforderungen gesellschaftlicher, klimatischer und globaler Herausforderungen kann <em>Die Pest<\/em> von Albert Camus als ber\u00fchrendes und mitrei\u00dfendes Instrument dienen, um gemeinsam neu zu denken, ob, unter welchen Bedingungen und auf welche Weise heute Solidarit\u00e4t erforscht, gelehrt und gelernt werden kann. Camus\u2018 Werk hat das Potential, dabei zugleich herauszufordern und zu ermutigen:<\/p>\n<p>\u00ab<strong>Welch ein Stil! Welche Pr\u00e4zision und Eleganz, Sparsamkeit und vision\u00e4re Plastizit\u00e4t! Dass es auch in unserem Jahrhundert noch m\u00f6glich ist, Wahrheit und Sch\u00f6nheit, Ma\u00df und Vision, Eleganz und Unbestechlichkeit zu vereinigen, schenkt uns Vertrauen zum Gewesenen, tr\u00f6stet uns in der Dunkelheit des Tages und l\u00e4sst uns hoffen f\u00fcr morgen<\/strong>.\u00bb (Walter Jens)<\/p>\n","protected":false},"excerpt":{"rendered":"<p>Warum Die Pest lesen? [En Fran\u00e7ais\u00a0 \/ In English] von Svantje Guinebert In seinem Roman Die Pest stellt sich Camus die Frage, was Solidarit\u00e4t, Freundschaft und Menschenliebe bedeuten k\u00f6nnen in einer Zeit, in der die Menschen mit einem gro\u00dfen \u00dcbel umgehen m\u00fcssen. Wie kann es uns gelingen, beispielsweise angesichts von Ungerechtigkeit und schleichender Verschlimmerung gesellschaftlicher [&hellip;]<\/p>\n","protected":false},"author":11639,"featured_media":0,"parent":0,"menu_order":7,"comment_status":"closed","ping_status":"closed","template":"","meta":{"_bbp_topic_count":0,"_bbp_reply_count":0,"_bbp_total_topic_count":0,"_bbp_total_reply_count":0,"_bbp_voice_count":0,"_bbp_anonymous_reply_count":0,"_bbp_topic_count_hidden":0,"_bbp_reply_count_hidden":0,"_bbp_forum_subforum_count":0,"footnotes":""},"class_list":["post-39","page","type-page","status-publish","hentry","post-preview"],"_links":{"self":[{"href":"https:\/\/blogs.uni-bremen.de\/camus4solidarity\/wp-json\/wp\/v2\/pages\/39","targetHints":{"allow":["GET"]}}],"collection":[{"href":"https:\/\/blogs.uni-bremen.de\/camus4solidarity\/wp-json\/wp\/v2\/pages"}],"about":[{"href":"https:\/\/blogs.uni-bremen.de\/camus4solidarity\/wp-json\/wp\/v2\/types\/page"}],"author":[{"embeddable":true,"href":"https:\/\/blogs.uni-bremen.de\/camus4solidarity\/wp-json\/wp\/v2\/users\/11639"}],"replies":[{"embeddable":true,"href":"https:\/\/blogs.uni-bremen.de\/camus4solidarity\/wp-json\/wp\/v2\/comments?post=39"}],"version-history":[{"count":10,"href":"https:\/\/blogs.uni-bremen.de\/camus4solidarity\/wp-json\/wp\/v2\/pages\/39\/revisions"}],"predecessor-version":[{"id":521,"href":"https:\/\/blogs.uni-bremen.de\/camus4solidarity\/wp-json\/wp\/v2\/pages\/39\/revisions\/521"}],"wp:attachment":[{"href":"https:\/\/blogs.uni-bremen.de\/camus4solidarity\/wp-json\/wp\/v2\/media?parent=39"}],"curies":[{"name":"wp","href":"https:\/\/api.w.org\/{rel}","templated":true}]}}