{"id":170,"date":"2020-03-26T17:16:19","date_gmt":"2020-03-26T16:16:19","guid":{"rendered":"https:\/\/blogs.uni-bremen.de\/camus4solidarity\/?page_id=170"},"modified":"2020-03-26T17:16:19","modified_gmt":"2020-03-26T16:16:19","slug":"rechtshinweise","status":"publish","type":"page","link":"https:\/\/blogs.uni-bremen.de\/camus4solidarity\/rechtshinweise\/","title":{"rendered":"Rechtshinweise"},"content":{"rendered":"<p><strong>Urheberrecht:<\/strong><\/p>\n<p>*Urheberrechtshinweis nach dem Copyright 2018*<\/p>\n<p>Alle Inhalte dieser Seite, insbesondere Texte, Fotografien und Grafiken, sind urheberrechtlich gesch\u00fctzt. Das Urheberrecht liegt, soweit nicht anders gekennzeichnet, bei den Betreibern des Blogs sowie den angegebenden Mitwirkenden. Das Verlinken, Verbreiten\/Vervielf\u00e4ltigen oder Ver\u00e4ndern einzelner Grafiken, Texte, Designs und sonstige, wird ohne ausdr\u00fcckliche Genehmigung und ohne die Angaben der Quellen strengstens untersagt! <\/p>\n<p>Das Downloaden und Kopieren von Inhalten (das Umfasst vor allem Grafiken und Texte) dieser Seite ist lediglich f\u00fcr den privaten, nicht kommerziellen Gebrauch und nur unter Angabe der Quellen gestattet. Insofern Inhalte dieser Seite nicht vom Betreiber (siehe unten) erstellt wurden, wurden nicht nur die Urheberrechte Dritter beachtet sondern deren Inhalte auch gekennzeichnet. Auch die ver\u00f6ffentlichten Inhalte unter der \u201eCreative Commons-Lizenz\u201c sind als solche gekennzeichnet, d\u00fcrfen entsprechend unter den angegeben Lizenzbedingungen weiterverwendet werden oder sind zur Ver\u00f6ffentlichung von Mitwirkenden genehmigt worden. Sollten Sie dennoch eine Urheberrechtsverletzung erkennen, so bitten wir Sie uns dieses schnellstm\u00f6glich mitzuteilen, damit wir den entsprechenden Inhalt umgehend entfernen und rechtlich dagegen vorgehen k\u00f6nnen.<\/p>\n<p>Wer gegen das Urheberrecht verst\u00f6\u00dft (z.B. Bilder oder Texte (o.\u00c4.) unerlaubt verbreitet oder ver\u00e4ndert), mach sich gem. \u00a7\u00a7106 ff UrhG strafbar und wird zudem kostenpflichtig abgemahnt und muss Schadensersatz leisten (\u00a797UrhG). Die rechtlichen Grundlagen des Datenschutzes finden sich im Bundesdatenschutzgesetz (BDSG) und dem Telemediagesetzt (TMG) wieder.<\/p>\n<p><strong>Datenschutz:<\/strong><br \/>\nDie Nutzung unserers Blogs ist in der Regel ohne Angabe personenbezogener Daten m\u00f6glich. Soweit auf unseren Seiten personenbezogene Daten (beispielsweise Name, Anschrift oder eMail-Adressen) erhoben werden, erfolgt dies, soweit m\u00f6glich, stets auf freiwilliger Basis. Diese Daten werden ohne Ihre ausdr\u00fcckliche Zustimmung nicht an Dritte weitergegeben. Wir weisen darauf hin, dass die Daten\u00fcbertragung im Internet (z.B. bei der Kommunikation per E-Mail) Sicherheitsl\u00fccken aufweisen kann. Ein l\u00fcckenloser Schutz der Daten vor dem Zugriff durch Dritte ist nicht m\u00f6glich. Der Nutzung von im Rahmen der Impressumspflicht ver\u00f6ffentlichten Kontaktdaten durch Dritte zur \u00dcbersendung von nicht ausdr\u00fccklich angeforderter Werbung und Informationsmaterial wird  hiermit ausdr\u00fccklich widersprochen. Als Betreiber des Blogs behalte wir uns vor, ausdr\u00fccklich rechtliche Schritte im Falle der unverlangten Zusendung von unverlangten Zusendung von Werbeinformationen, etwa durch Spam-Mails, vor.<br \/>\n<strong><br \/>\nHaftung:<\/strong><br \/>\nF\u00fcr die Richtigkeit, Vollst\u00e4ndigkeit und Aktualit\u00e4t der Inhalte kann keine Gew\u00e4hr \u00fcbernommen werden. Als Webseiten-Betreiber sind wir gem\u00e4\u00df \u00a7 7 Abs.1 TMG f\u00fcr eigene Inhalte auf dieser Seite nach den allgemeinen Gesetzen verantwortlich, jedoch ist der Betreiber laut \u00a7\u00a7 8 bis 10 TMG nicht verpflichtet, \u00fcbermittelte oder gespeicherte fremde Informationen zu \u00fcberwachen oder nach Umst\u00e4nden zu forschen, die auf eine rechtswidrige T\u00e4tigkeit hinweisen. Verpflichtungen zur Entfernung oder Sperrung der Nutzung von Information nach den allgemeinen Gesetzen bleiben hiervon unber\u00fchrt. Eine diesbez\u00fcgliche Haftung ist jedoch erst ab dem Zeitpunkt der Kenntnis einer konkreten Rechtsverletzung m\u00f6glich. Bei Bekanntwerden von entsprechenden Rechtsverletzungen werden diese Inhalte umgehend entfernen.<\/p>\n<p>Unser Blog kann auch Links zu externen Webseiten Dritter enthalten, auf deren Inhalte der Betreiber keinen Einfluss hat. Deshalb  wird auf fremde Inhalte keine Gew\u00e4hr \u00fcbernommen. F\u00fcr die Inhalte der verlinkten Seiten ist stets der jeweilige Anbieter oder Betreiber der Seite verantwortlich. Die verlinkten Seiten wurden zum Zeitpunkt der Verlinkung auf m\u00f6gliche Rechtsverst\u00f6\u00dfe \u00fcberpr\u00fcft und es waren zum Zeitpunkt der Verlinkung keine rechtswidrigen Inhalte erkennbar. Eine permanente inhaltliche Kontrolle der verlinkten Seiten ist jedoch ohne konkrete Anhaltspunkte einer Rechtsverletzung nicht zumutbar. Bei Bekanntwerden von Rechtsverletzungen werden derartige Links und deren Inhalte umgehend entfernt.<\/p>\n","protected":false},"excerpt":{"rendered":"<p>Urheberrecht: *Urheberrechtshinweis nach dem Copyright 2018* Alle Inhalte dieser Seite, insbesondere Texte, Fotografien und Grafiken, sind urheberrechtlich gesch\u00fctzt. Das Urheberrecht liegt, soweit nicht anders gekennzeichnet, bei den Betreibern des Blogs sowie den angegebenden Mitwirkenden. Das Verlinken, Verbreiten\/Vervielf\u00e4ltigen oder Ver\u00e4ndern einzelner Grafiken, Texte, Designs und sonstige, wird ohne ausdr\u00fcckliche Genehmigung und ohne die Angaben der Quellen [&hellip;]<\/p>\n","protected":false},"author":11649,"featured_media":0,"parent":0,"menu_order":100,"comment_status":"closed","ping_status":"closed","template":"","meta":{"_bbp_topic_count":0,"_bbp_reply_count":0,"_bbp_total_topic_count":0,"_bbp_total_reply_count":0,"_bbp_voice_count":0,"_bbp_anonymous_reply_count":0,"_bbp_topic_count_hidden":0,"_bbp_reply_count_hidden":0,"_bbp_forum_subforum_count":0,"footnotes":""},"class_list":["post-170","page","type-page","status-publish","hentry","post-preview"],"_links":{"self":[{"href":"https:\/\/blogs.uni-bremen.de\/camus4solidarity\/wp-json\/wp\/v2\/pages\/170","targetHints":{"allow":["GET"]}}],"collection":[{"href":"https:\/\/blogs.uni-bremen.de\/camus4solidarity\/wp-json\/wp\/v2\/pages"}],"about":[{"href":"https:\/\/blogs.uni-bremen.de\/camus4solidarity\/wp-json\/wp\/v2\/types\/page"}],"author":[{"embeddable":true,"href":"https:\/\/blogs.uni-bremen.de\/camus4solidarity\/wp-json\/wp\/v2\/users\/11649"}],"replies":[{"embeddable":true,"href":"https:\/\/blogs.uni-bremen.de\/camus4solidarity\/wp-json\/wp\/v2\/comments?post=170"}],"version-history":[{"count":1,"href":"https:\/\/blogs.uni-bremen.de\/camus4solidarity\/wp-json\/wp\/v2\/pages\/170\/revisions"}],"predecessor-version":[{"id":171,"href":"https:\/\/blogs.uni-bremen.de\/camus4solidarity\/wp-json\/wp\/v2\/pages\/170\/revisions\/171"}],"wp:attachment":[{"href":"https:\/\/blogs.uni-bremen.de\/camus4solidarity\/wp-json\/wp\/v2\/media?parent=170"}],"curies":[{"name":"wp","href":"https:\/\/api.w.org\/{rel}","templated":true}]}}