{"id":25,"date":"2020-05-12T17:50:32","date_gmt":"2020-05-12T15:50:32","guid":{"rendered":"https:\/\/blogs.uni-bremen.de\/campusgoesbiodiverse\/?page_id=25"},"modified":"2022-01-17T20:24:44","modified_gmt":"2022-01-17T19:24:44","slug":"home","status":"publish","type":"page","link":"https:\/\/blogs.uni-bremen.de\/campusgoesbiodiverse\/","title":{"rendered":"Campus Goes Biodiverse"},"content":{"rendered":"<p style=\"text-align: justify\"><span style=\"font-family: helvetica, arial, sans-serif;font-size: 14pt;color: #000000\">Im Sommer 2019 wurde von der studentischen Initiative &#8222;<a style=\"color: #000000\" href=\"https:\/\/blogs.uni-bremen.de\/nubnaturschutz\/\">Naturschutzgruppe an der Uni Bremen<\/a>&#8220; (NUB) das Projekt &#8222;Campus Goes Biodiverse&#8220; f\u00fcr ein alternatives Gr\u00fcnfl\u00e4chenmanagement an der Universit\u00e4t Bremen ins Leben gerufen.<\/span><\/p>\n<p style=\"text-align: justify\"><span style=\"font-family: helvetica, arial, sans-serif;font-size: 14pt;color: #000000\">Gemeinsam mit <a style=\"color: #000000\" href=\"https:\/\/www.uni-bremen.de\/popecol\">Prof. Dr. Marko Rohlfs<\/a>, <a style=\"color: #000000\" href=\"https:\/\/www.uni-bremen.de\/vegetation\">Prof. Dr. Martin Diekmann<\/a> (Dozenten der \u00d6kologie an der Universit\u00e4t Bremen) und <a style=\"color: #000000\" href=\"https:\/\/www.uni-bremen.de\/umweltmanagement\">Dr. Doris S\u00f6vegjarto-Wigbers<\/a> (Umweltbeauftragte der Universit\u00e4t Bremen) wurde ein Konzept ausgearbeitet und mit dem Dezernat 4 der Universit\u00e4t (Technischer Betrieb und Bauangelegenheiten) abgestimmt.<\/span><\/p>\n<p style=\"text-align: justify\"><span style=\"font-family: helvetica, arial, sans-serif;font-size: 14pt;color: #000000\">Hier informieren wir Sie \u00fcber den <a style=\"color: #000000\" href=\"https:\/\/blogs.uni-bremen.de\/campusgoesbiodiverse\/hintergrund\/\">Hintergrund<\/a> und die <a style=\"color: #000000\" href=\"https:\/\/blogs.uni-bremen.de\/campusgoesbiodiverse\/aktuelles\/\">Entwicklung<\/a> des Projekts. 2020 haben wir ein <a style=\"color: #000000\" href=\"https:\/\/blogs.uni-bremen.de\/campusgoesbiodiverse\/projektvideo\/\">Video<\/a> erstellt, in dem wir das Projekt vorstellen und es wurden bereits mehrere <a style=\"color: #000000\" href=\"https:\/\/blogs.uni-bremen.de\/campusgoesbiodiverse\/bachelorarbeiten-zum-projekt\/\">Bachelorarbeiten<\/a> erstellt.<br \/>\n<\/span><\/p>\n<p><span style=\"font-family: helvetica, arial, sans-serif;font-size: 14pt;color: #000000\">Wir sind eine bunte Gruppe aus Studierenden und Mitarbeitenden der Universit\u00e4t Bremen und bringen gemeinsam das Projekt voran. Wir freuen uns immer \u00fcber engagierte Menschen, egal ob von der Uni oder extern, die sich f\u00fcr Biodiversit\u00e4t einsetzen wollen, schreibt uns einfach eine Nachricht!<\/span><\/p>\n<p><span style=\"font-family: helvetica, arial, sans-serif;font-size: 14pt;color: #000000\"><img loading=\"lazy\" decoding=\"async\" class=\"alignnone wp-image-417 size-large\" src=\"https:\/\/blogs.uni-bremen.de\/campusgoesbiodiverse\/files\/IMG_2987-min-1024x683.jpg\" alt=\"\" width=\"760\" height=\"507\" srcset=\"https:\/\/blogs.uni-bremen.de\/campusgoesbiodiverse\/files\/IMG_2987-min-1024x683.jpg 1024w, https:\/\/blogs.uni-bremen.de\/campusgoesbiodiverse\/files\/IMG_2987-min-300x200.jpg 300w, https:\/\/blogs.uni-bremen.de\/campusgoesbiodiverse\/files\/IMG_2987-min-768x512.jpg 768w, https:\/\/blogs.uni-bremen.de\/campusgoesbiodiverse\/files\/IMG_2987-min-1536x1024.jpg 1536w, https:\/\/blogs.uni-bremen.de\/campusgoesbiodiverse\/files\/IMG_2987-min-2048x1365.jpg 2048w, https:\/\/blogs.uni-bremen.de\/campusgoesbiodiverse\/files\/IMG_2987-min-1800x1200.jpg 1800w, https:\/\/blogs.uni-bremen.de\/campusgoesbiodiverse\/files\/IMG_2987-min-1200x800.jpg 1200w\" sizes=\"auto, (max-width: 760px) 100vw, 760px\" \/><\/span><\/p>\n<p><span style=\"font-family: helvetica, arial, sans-serif;font-size: 14pt;color: #000000\">Gruppenbild 2021 (Foto: Stefano Pinto)<\/span><\/p>\n<p><span style=\"font-family: helvetica, arial, sans-serif;font-size: 14pt;color: #000000\">Von ganz rechts gegen den Uhrzeigersinn:<\/span><\/p>\n<p><span style=\"font-family: helvetica, arial, sans-serif;font-size: 14pt;color: #000000\">Prof. Dr. Marko Rohlfs, Professor f\u00fcr Populations- und Evolutions\u00f6kologie <\/span><span style=\"font-family: helvetica, arial, sans-serif;font-size: 14pt\">(<\/span><span style=\"font-family: helvetica, arial, sans-serif;font-size: 14pt\"><a href=\"https:\/\/www.uni-bremen.de\/en\/chemecol\/living-lab\" target=\"_blank\" rel=\"noopener\">zur Webseite<\/a>)<\/span><br \/>\n<span style=\"font-family: helvetica, arial, sans-serif;font-size: 14pt\"><span style=\"color: #000000\">Dr. Marlis Reich (mit Kindern), Dozentin f\u00fcr Molekulare \u00d6kologie (<\/span><a href=\"https:\/\/www.uni-bremen.de\/molecol\" target=\"_blank\" rel=\"noopener\">zur Webseite<\/a><span style=\"color: #000000\">)<\/span><\/span><br \/>\n<span style=\"font-family: helvetica, arial, sans-serif;font-size: 14pt;color: #000000\">Bernhard Russell, studiert Biologie<\/span><br \/>\n<span style=\"font-family: helvetica, arial, sans-serif;font-size: 14pt\"><span style=\"color: #000000\">Dr. Doris S\u00f6vegjarto-Wigbers, Umweltbeauftragte der Universit\u00e4t Bremen<\/span> <span style=\"color: #000000\">(<\/span><a href=\"https:\/\/www.uni-bremen.de\/umweltmanagement\" target=\"_blank\" rel=\"noopener\">zur Webseite<\/a><span style=\"color: #000000\">)<\/span><\/span><br \/>\n<span style=\"font-family: helvetica, arial, sans-serif;font-size: 14pt\"><span style=\"color: #000000\">Prof. Dr. Martin Diekmann, Professor f\u00fcr Vegetations\u00f6kologie &amp; Naturschutzbiologie<\/span> <span style=\"color: #000000\">(<\/span><a href=\"https:\/\/www.uni-bremen.de\/vegetation\" target=\"_blank\" rel=\"noopener\">zur Webseite<\/a><span style=\"color: #000000\">)<\/span><\/span><br \/>\n<span style=\"font-family: helvetica, arial, sans-serif;font-size: 14pt;color: #000000\">Prof. Dr. Juliane Filser, Professorin f\u00fcr Allgemeine und theoretische \u00d6kologie (<\/span><span style=\"font-family: helvetica, arial, sans-serif;font-size: 14pt\"><a href=\"https:\/\/www.uni-bremen.de\/uft-oekologie\" target=\"_blank\" rel=\"noopener\">zur Webseite<\/a><\/span><span style=\"font-family: helvetica, arial, sans-serif;font-size: 14pt;color: #000000\">)<\/span><br \/>\n<span style=\"font-family: helvetica, arial, sans-serif;font-size: 14pt;color: #000000\">Murielle Muesfeldt, studiert Biologie<\/span><br \/>\n<span style=\"font-family: helvetica, arial, sans-serif;font-size: 14pt;color: #000000\">Antonia Otte, studiert Biochemie und molekulare Biowissenschaften<\/span><br \/>\n<span style=\"font-family: helvetica, arial, sans-serif;font-size: 14pt;color: #000000\">Lorena Kalvelage, studiert \u00d6kologie<\/span><br \/>\n<span style=\"font-family: helvetica, arial, sans-serif;font-size: 14pt;color: #000000\">Stefan Gasow, promoviert am ZARM<\/span><br \/>\n<span style=\"font-family: helvetica, arial, sans-serif;font-size: 14pt;color: #000000\">Moritz Rocho, studiert Biologie und Mathe auf Lehramt<\/span><\/p>\n<p><span style=\"font-family: helvetica, arial, sans-serif;font-size: 14pt;color: #000000\">Es fehlten:<br \/>\n<\/span><span style=\"font-family: helvetica, arial, sans-serif;font-size: 14pt;color: #000000\">Hannah Callenius, studiert molekulare Pflanzenwissenschaften<br \/>\nDiren Senger, wissenschaftliche Mitarbeiterin in der kognitiven Neuroinformatik (<\/span><span style=\"font-family: helvetica, arial, sans-serif;font-size: 14pt\"><a href=\"http:\/\/www.cognitive-neuroinformatics.com\/de\/\" target=\"_blank\" rel=\"noopener\">zur Webseite<\/a><span style=\"color: #000000\">)<\/span><br \/>\n<span style=\"color: #000000\">Thorsten Klu\u00df, wissenschaftlicher Mitarbeiter in der kognitiven Neuroinformatik (<\/span><a href=\"http:\/\/www.cognitive-neuroinformatics.com\/de\/\">zur Webseite<\/a><\/span><span style=\"font-family: helvetica, arial, sans-serif;font-size: 14pt;color: #000000\">)<br \/>\n<\/span><\/p>\n<p>&nbsp;<\/p>\n","protected":false},"excerpt":{"rendered":"<p>Im Sommer 2019 wurde von der studentischen Initiative &#8222;Naturschutzgruppe an der Uni Bremen&#8220; (NUB) das Projekt &#8222;Campus Goes Biodiverse&#8220; f\u00fcr ein alternatives Gr\u00fcnfl\u00e4chenmanagement an der Universit\u00e4t Bremen ins Leben gerufen. Gemeinsam mit Prof. Dr. Marko Rohlfs, Prof. Dr. &hellip; <\/p>\n<div class=\"more-link-wrapper\"><a href=\"https:\/\/blogs.uni-bremen.de\/campusgoesbiodiverse\/\" class=\"more-link\">Continue reading<span class=\"screen-reader-text\"> &#8222;Campus Goes Biodiverse&#8220;<\/span><\/a><\/div>\n","protected":false},"author":11633,"featured_media":0,"parent":0,"menu_order":0,"comment_status":"closed","ping_status":"closed","template":"","meta":{"_bbp_topic_count":0,"_bbp_reply_count":0,"_bbp_total_topic_count":0,"_bbp_total_reply_count":0,"_bbp_voice_count":0,"_bbp_anonymous_reply_count":0,"_bbp_topic_count_hidden":0,"_bbp_reply_count_hidden":0,"_bbp_forum_subforum_count":0,"footnotes":""},"class_list":["post-25","page","type-page","status-publish","hentry"],"_links":{"self":[{"href":"https:\/\/blogs.uni-bremen.de\/campusgoesbiodiverse\/wp-json\/wp\/v2\/pages\/25","targetHints":{"allow":["GET"]}}],"collection":[{"href":"https:\/\/blogs.uni-bremen.de\/campusgoesbiodiverse\/wp-json\/wp\/v2\/pages"}],"about":[{"href":"https:\/\/blogs.uni-bremen.de\/campusgoesbiodiverse\/wp-json\/wp\/v2\/types\/page"}],"author":[{"embeddable":true,"href":"https:\/\/blogs.uni-bremen.de\/campusgoesbiodiverse\/wp-json\/wp\/v2\/users\/11633"}],"replies":[{"embeddable":true,"href":"https:\/\/blogs.uni-bremen.de\/campusgoesbiodiverse\/wp-json\/wp\/v2\/comments?post=25"}],"version-history":[{"count":11,"href":"https:\/\/blogs.uni-bremen.de\/campusgoesbiodiverse\/wp-json\/wp\/v2\/pages\/25\/revisions"}],"predecessor-version":[{"id":451,"href":"https:\/\/blogs.uni-bremen.de\/campusgoesbiodiverse\/wp-json\/wp\/v2\/pages\/25\/revisions\/451"}],"wp:attachment":[{"href":"https:\/\/blogs.uni-bremen.de\/campusgoesbiodiverse\/wp-json\/wp\/v2\/media?parent=25"}],"curies":[{"name":"wp","href":"https:\/\/api.w.org\/{rel}","templated":true}]}}