{"id":31,"date":"2015-12-02T13:45:36","date_gmt":"2015-12-02T12:45:36","guid":{"rendered":"https:\/\/blogs.uni-bremen.de\/cale\/?page_id=31"},"modified":"2018-04-21T18:51:42","modified_gmt":"2018-04-21T16:51:42","slug":"partners","status":"publish","type":"page","link":"https:\/\/blogs.uni-bremen.de\/cale\/partners\/","title":{"rendered":"Partners"},"content":{"rendered":"<p>The following researchers are recognized project partners in the compilation of the CALE and have submitted texts to the corpus:<\/p>\n<ul>\n<li><strong><a href=\"http:\/\/ydyo.firat.edu.tr\/tr\/node\/157\" target=\"blank\">Dr. Aysel SAHIN KIZIL<\/a><\/strong>, Firat University\/Turkey (Turkish EFL learners)<\/li>\n<li><strong><a href=\"http:\/\/aves.cu.edu.tr\/akilimci\/\" target=\"blank\">Dr. Abdurrahman KILIMCI<\/a><\/strong>, Cukurova University\/Turkey (Turkish EFL learners)<\/li>\n<li><strong><a href=\"http:\/\/aves.cu.edu.tr\/cemcan\/\" target=\"blank\">Dr. Cem CAN<\/a><\/strong>, Cukurova University\/Turkey (Turkish EFL learners)<\/li>\n<li><strong>Dr. Lina Bikelien\u00e9<\/strong>, <a href=\"http:\/\/www.vu.lt\/en\/scientific-report-2012\/faculties-and-institutes\/institute-of-foreign-languages\" target=\"_blank\" rel=\"noopener\">Institute of Foreign Languages<\/a>, Vilnius University\/Lithuania (Lithuanian, Polish and Russian EFL learners)<\/li>\n<li><a href=\"https:\/\/campus.aau.at\/org\/visitenkarte?atoken=1599347737\" target=\"_blank\" rel=\"noopener\"><strong>Prof. Dr. Alexander Onysko<\/strong><\/a>, University of Klagenfurt\/Austria (German EFL learners)<\/li>\n<li><a href=\"https:\/\/www.researchgate.net\/profile\/Seval_Koemuercue\" target=\"_blank\" rel=\"noopener\"><strong>Seval \u00d6zen<\/strong><\/a> (n\u00e9e K\u00f6m\u00fcrc\u00fc), Albert-Ludwigs-Universit\u00e4t Freiburg\/Germany (German EFL learners)<\/li>\n<li><strong>Dr. Long Chen<\/strong>, Jinan University, Guangzhou\/China (Chinese EFL learners)<\/li>\n<\/ul>\n","protected":false},"excerpt":{"rendered":"<p>The following researchers are recognized project partners in the compilation of the CALE and have submitted texts to the corpus: Dr. Aysel SAHIN KIZIL, Firat University\/Turkey (Turkish EFL learners) Dr. Abdurrahman KILIMCI, Cukurova University\/Turkey (Turkish EFL learners) Dr. Cem CAN, &hellip; <a href=\"https:\/\/blogs.uni-bremen.de\/cale\/partners\/\">Continue reading <span class=\"meta-nav\">&rarr;<\/span><\/a><\/p>\n","protected":false},"author":5245,"featured_media":0,"parent":0,"menu_order":4,"comment_status":"closed","ping_status":"closed","template":"","meta":{"_bbp_topic_count":0,"_bbp_reply_count":0,"_bbp_total_topic_count":0,"_bbp_total_reply_count":0,"_bbp_voice_count":0,"_bbp_anonymous_reply_count":0,"_bbp_topic_count_hidden":0,"_bbp_reply_count_hidden":0,"_bbp_forum_subforum_count":0,"footnotes":""},"class_list":["post-31","page","type-page","status-publish","hentry"],"_links":{"self":[{"href":"https:\/\/blogs.uni-bremen.de\/cale\/wp-json\/wp\/v2\/pages\/31","targetHints":{"allow":["GET"]}}],"collection":[{"href":"https:\/\/blogs.uni-bremen.de\/cale\/wp-json\/wp\/v2\/pages"}],"about":[{"href":"https:\/\/blogs.uni-bremen.de\/cale\/wp-json\/wp\/v2\/types\/page"}],"author":[{"embeddable":true,"href":"https:\/\/blogs.uni-bremen.de\/cale\/wp-json\/wp\/v2\/users\/5245"}],"replies":[{"embeddable":true,"href":"https:\/\/blogs.uni-bremen.de\/cale\/wp-json\/wp\/v2\/comments?post=31"}],"version-history":[{"count":2,"href":"https:\/\/blogs.uni-bremen.de\/cale\/wp-json\/wp\/v2\/pages\/31\/revisions"}],"predecessor-version":[{"id":517,"href":"https:\/\/blogs.uni-bremen.de\/cale\/wp-json\/wp\/v2\/pages\/31\/revisions\/517"}],"wp:attachment":[{"href":"https:\/\/blogs.uni-bremen.de\/cale\/wp-json\/wp\/v2\/media?parent=31"}],"curies":[{"name":"wp","href":"https:\/\/api.w.org\/{rel}","templated":true}]}}