{"id":968,"date":"2021-06-07T16:58:22","date_gmt":"2021-06-07T14:58:22","guid":{"rendered":"https:\/\/blogs.uni-bremen.de\/bremermodell\/?page_id=968"},"modified":"2021-06-10T11:27:03","modified_gmt":"2021-06-10T09:27:03","slug":"jens-scheer","status":"publish","type":"page","link":"https:\/\/blogs.uni-bremen.de\/bremermodell\/arenen-der-kaempfe\/berufsverbote\/jens-scheer\/","title":{"rendered":"Jens Scheer"},"content":{"rendered":"<div class=\"et_d4_element et_pb_section et_pb_section_0 et_pb_with_background  et_pb_css_mix_blend_mode et_section_regular et_block_section\" >\n\t\t\t\t\n\t\t\t\t\n\t\t\t\t\n\t\t\t\t\n\t\t\t\t\n\t\t\t\t\n\t\t\t\t<div class=\"et_d4_element et_pb_row et_pb_row_0  et_pb_css_mix_blend_mode et_block_row\">\n\t\t\t\t<div class=\"et_d4_element et_pb_column_4_4 et_pb_column et_pb_column_0  et_pb_css_mix_blend_mode et-last-child et_block_column\">\n\t\t\t\t\n\t\t\t\t\n\t\t\t\t\n\t\t\t\t\n\t\t\t\t<div class=\"et_pb_module et_d4_element et_pb_post_title et_pb_post_title_0 et_pb_bg_layout_light  et_pb_text_align_center\"   >\n\t\t\t\t\n\t\t\t\t\n\t\t\t\t\n\t\t\t\t\n\t\t\t\t\n\t\t\t\t<div class=\"et_pb_title_container\">\n\t\t\t\t\t<h1 class=\"entry-title\"><\/h1>\n\t\t\t\t<\/div>\n\t\t\t\t\n\t\t\t<\/div>\n\t\t\t<\/div>\n\t\t\t\t\n\t\t\t\t\n\t\t\t\t\n\t\t\t\t\n\t\t\t<\/div><div class=\"et_d4_element et_pb_row et_pb_row_1  et_pb_css_mix_blend_mode et_block_row\">\n\t\t\t\t<div class=\"et_d4_element et_pb_column_2_5 et_pb_column et_pb_column_1  et_pb_css_mix_blend_mode et_block_column\">\n\t\t\t\t\n\t\t\t\t\n\t\t\t\t\n\t\t\t\t\n\t\t\t\t<div class=\"et_pb_module et_d4_element et_pb_blurb et_pb_blurb_0  et_pb_text_align_left  et_pb_blurb_position_left et_block_module et_pb_bg_layout_dark\">\n\t\t\t\t\n\t\t\t\t\n\t\t\t\t\n\t\t\t\t\n\t\t\t\t<div class=\"et_pb_blurb_content\">\n\t\t\t\t\t\n\t\t\t\t\t<div class=\"et_pb_blurb_container\">\n\t\t\t\t\t\t\n\t\t\t\t\t\t<div class=\"et_pb_blurb_description\"><p><span style=\"font-weight: 400\">Jens Scheer (*30.05.1935-\u202018.07.1994) war Professor f\u00fcr Atomphysik an der Universit\u00e4t Bremen. Nach seinem Studium in Hamburg und Heidelberg habilitierte Scheer in Berlin, wodurch er die Lehrberechtigung in Bremen erhielt. Er zog 1971 nach Bremen und beteiligte sich schon in ihren Anfangsjahren am Aufbau der Universit\u00e4t. Au\u00dferdem engagierte sich Scheer in der Anti-Atomkraft-Bewegung, war viele Jahre Mitglied des\u00a0 \"Sozialistischen Deutschen Studentenbundes\" (SDS) und war Teil der \"Roten Zelle Physik\", die 1971 in den Kommunistischen Studentenverband (KSV) aufging.\u00a0<\/span><\/p><\/div>\n\t\t\t\t\t<\/div>\n\t\t\t\t<\/div>\n\t\t\t<\/div>\n\t\t\t<\/div><div class=\"et_d4_element et_pb_column_3_5 et_pb_column et_pb_column_2  et_pb_css_mix_blend_mode et-last-child et_block_column\">\n\t\t\t\t\n\t\t\t\t\n\t\t\t\t\n\t\t\t\t\n\t\t\t\t<div class=\"et_pb_module et_d4_element et_pb_blurb et_pb_blurb_1  et_pb_text_align_left  et_pb_blurb_position_left et_block_module et_pb_bg_layout_light\">\n\t\t\t\t\n\t\t\t\t\n\t\t\t\t\n\t\t\t\t\n\t\t\t\t<div class=\"et_pb_blurb_content\">\n\t\t\t\t\t\n\t\t\t\t\t<div class=\"et_pb_blurb_container\">\n\t\t\t\t\t\t<h4 class=\"et_pb_module_header\"><span>Berufsverbot<\/span><\/h4>\n\t\t\t\t\t\t<div class=\"et_pb_blurb_description\"><p style=\"text-align: justify\">\n<p style=\"text-align: justify\"><span style=\"font-weight: 400\">Das Berufsverbot f\u00fcr Jens Scheer ist einer der bekanntesten F\u00e4lle an der Universit\u00e4t. Scheer war jahrelang vom Radikalenerlass betroffen: Bereits am 23.10.1973 wurde das erste Disziplinarverfahren gegen ihn veranlasst. Ihm wurde vorgeworfen, sich an der St\u00f6rung einer Veranstaltung des RCDS (Ring Christlich-Demokratischer Studenten) durch Studierende beteiligt zu haben (Gr\u00e4fing 2012: 105)<\/span><span style=\"font-weight: 400\">.<\/span><span style=\"font-weight: 400\"> In den kommenden Jahren folgten weitere Ermittlungsverfahren. Dabei wurde ihm etwa vorgeworfen, f\u00fcr die KPD einzutreten (30.09.1974) und in Gr\u00f6pelingen plakatiert zu haben (21.05.1973). Diese Vorw\u00fcrfe, so hie\u00df es, seien nicht mit seiner Beamtenpflicht vereinbar. (Gr\u00e4fing 2012:105).<\/span><\/p>\n<p style=\"text-align: justify\"><span style=\"font-weight: 400\">Exemplarisch zeige ich die Reaktionen verschiedener Hochschulgruppen der Universit\u00e4t Bremen aus dem Jahr 1975, die sich sowohl mit Jens Scheer solidarisierten, als auch Kritik an ihm und seinen Aktionen aus\u00fcbten.<\/span><\/p><\/div>\n\t\t\t\t\t<\/div>\n\t\t\t\t<\/div>\n\t\t\t<\/div>\n\t\t\t<\/div>\n\t\t\t\t\n\t\t\t\t\n\t\t\t\t\n\t\t\t\t\n\t\t\t<\/div><div class=\"et_d4_element et_pb_row et_pb_row_2  et_pb_css_mix_blend_mode et_block_row\">\n\t\t\t\t<div class=\"et_d4_element et_pb_column_3_5 et_pb_column et_pb_column_3  et_pb_css_mix_blend_mode et_block_column\">\n\t\t\t\t\n\t\t\t\t\n\t\t\t\t\n\t\t\t\t\n\t\t\t\t<div class=\"et_pb_module et_d4_element et_pb_image et_pb_image_0\">\n\t\t\t\t\n\t\t\t\t\n\t\t\t\t\n\t\t\t\t\n\t\t\t\t<span class=\"et_pb_image_wrap \"><img loading=\"lazy\" decoding=\"async\" width=\"400\" height=\"284\" src=\"https:\/\/blogs.uni-bremen.de\/bremermodell\/files\/flugblatt1.png\" alt=\"\" title=\"Bild: Archiv der Universit\u00e4t Bremen\" srcset=\"https:\/\/blogs.uni-bremen.de\/bremermodell\/files\/flugblatt1.png 400w, https:\/\/blogs.uni-bremen.de\/bremermodell\/files\/flugblatt1-300x213.png 300w\" sizes=\"(max-width: 400px) 100vw, 400px\" class=\"wp-image-1904\" \/><\/span>\n\t\t\t<\/div>\n\t\t\t<\/div><div class=\"et_d4_element et_pb_column_2_5 et_pb_column et_pb_column_4  et_pb_css_mix_blend_mode et-last-child et_block_column\">\n\t\t\t\t\n\t\t\t\t\n\t\t\t\t\n\t\t\t\t\n\t\t\t\t<div class=\"et_pb_module et_d4_element et_pb_blurb et_pb_blurb_2  et_pb_text_align_left  et_pb_blurb_position_left et_block_module et_pb_bg_layout_light\">\n\t\t\t\t\n\t\t\t\t\n\t\t\t\t\n\t\t\t\t\n\t\t\t\t<div class=\"et_pb_blurb_content\">\n\t\t\t\t\t\n\t\t\t\t\t<div class=\"et_pb_blurb_container\">\n\t\t\t\t\t\t<h4 class=\"et_pb_module_header\"><span>KSV: Kommunistischer Studentenverband<\/span><\/h4>\n\t\t\t\t\t\t<div class=\"et_pb_blurb_description\"><p style=\"text-align: justify\"><span style=\"font-weight: 400\">\u201eWeg mit der Suspendierung des kommunistischen Kernphysikers Prof. Scheer \u2013 solche Wissenschaftler braucht das Volk!\u201c<\/span><\/p>\n<p style=\"text-align: justify\"><span style=\"font-weight: 400\">Die KSV solidarisierte sich mit Scheer und warf dem MSB Spartakus und der KPD vor, dass sie eine \u201cVerleumdungskampagne\u201d gegen Jens Scheer organisiert haben. Denn sie wollten Professor Scheer nicht mehr an der Universit\u00e4t haben. Der KSV betonte jedoch, dass besonders die Klima- und Anti-Atomkraft-Bewegungen Jens Scheer br\u00e4uchten. Sie sagten auch, dass Jens Scheer viel internationale Unterst\u00fctzung wie von<\/span><span style=\"font-weight: 400\"> \u201cPeople against the Atom\u201d, \u201eStiftung \u00fcber Kernenergie und Strahlengefahr\u201c, Nobelpreistr\u00e4ger Alfven und viele weitere Gruppen und Personen bekomme. Es ging dem KSV nicht nur um Scheer, sondern um alle kommunistischen Arbeiter*innen die auf Grund ihrer politischen Einstellung vom Verfassungsschutz beobachtet und suspendiert wurden.<\/span><\/p><\/div>\n\t\t\t\t\t<\/div>\n\t\t\t\t<\/div>\n\t\t\t<\/div>\n\t\t\t<\/div>\n\t\t\t\t\n\t\t\t\t\n\t\t\t\t\n\t\t\t\t\n\t\t\t<\/div><div class=\"et_d4_element et_pb_row et_pb_row_3  et_pb_css_mix_blend_mode et_block_row\">\n\t\t\t\t<div class=\"et_d4_element et_pb_column_1_2 et_pb_column et_pb_column_5  et_pb_css_mix_blend_mode et_block_column\">\n\t\t\t\t\n\t\t\t\t\n\t\t\t\t\n\t\t\t\t\n\t\t\t\t<div class=\"et_pb_module et_d4_element et_pb_blurb et_pb_blurb_3  et_pb_text_align_left  et_pb_blurb_position_left et_block_module et_pb_bg_layout_light\">\n\t\t\t\t\n\t\t\t\t\n\t\t\t\t\n\t\t\t\t\n\t\t\t\t<div class=\"et_pb_blurb_content\">\n\t\t\t\t\t\n\t\t\t\t\t<div class=\"et_pb_blurb_container\">\n\t\t\t\t\t\t<h4 class=\"et_pb_module_header\"><span>KSB: Kommunistischer Studentenbund<\/span><\/h4>\n\t\t\t\t\t\t<div class=\"et_pb_blurb_description\"><p style=\"text-align: justify\"><span style=\"font-weight: 400\">\u201ekeine Entlassung von Jens Scheer! Senat hat Suspendierung Scheers beschlossen\u201c<\/span><\/p>\n<p style=\"text-align: justify\"><span style=\"font-weight: 400\">Die KSB solidarisierte sich mit Jens Scheer, trotzt \u201cschwerwiegenden\u201d politischen Differenzen. Doch dem KSB war klar, dass der Senat mit den Ma\u00dfnahmen gegen Scheer wie auch M\u00fctzelburg das gleiche Ziel verfolgte: \u201cDie Kritik und der Aufruf zum Widerstand gegen die staatliche Schikane soll von den Hochschulen verbannt werden\u201c. Sie forderten einen endg\u00fcltigen Schluss des Radikalenerlasses.<\/span><\/p>\n<p style=\"text-align: justify\"><\/div>\n\t\t\t\t\t<\/div>\n\t\t\t\t<\/div>\n\t\t\t<\/div>\n\t\t\t<\/div><div class=\"et_d4_element et_pb_column_1_2 et_pb_column et_pb_column_6  et_pb_css_mix_blend_mode et-last-child et_block_column\">\n\t\t\t\t\n\t\t\t\t\n\t\t\t\t\n\t\t\t\t\n\t\t\t\t<div class=\"et_pb_module et_d4_element et_pb_image et_pb_image_1\">\n\t\t\t\t\n\t\t\t\t\n\t\t\t\t\n\t\t\t\t\n\t\t\t\t<span class=\"et_pb_image_wrap \"><img loading=\"lazy\" decoding=\"async\" width=\"2025\" height=\"1480\" src=\"https:\/\/blogs.uni-bremen.de\/bremermodell\/files\/KSB-Bild-1.png\" alt=\"\" title=\"KSB Bild 1\" srcset=\"https:\/\/blogs.uni-bremen.de\/bremermodell\/files\/KSB-Bild-1.png 2025w, https:\/\/blogs.uni-bremen.de\/bremermodell\/files\/KSB-Bild-1-1280x936.png 1280w, https:\/\/blogs.uni-bremen.de\/bremermodell\/files\/KSB-Bild-1-980x716.png 980w, https:\/\/blogs.uni-bremen.de\/bremermodell\/files\/KSB-Bild-1-480x351.png 480w\" sizes=\"(min-width: 0px) and (max-width: 480px) 480px, (min-width: 481px) and (max-width: 980px) 980px, (min-width: 981px) and (max-width: 1280px) 1280px, (min-width: 1281px) 2025px, 100vw\" class=\"wp-image-626\" \/><\/span>\n\t\t\t<\/div>\n\t\t\t<\/div>\n\t\t\t\t\n\t\t\t\t\n\t\t\t\t\n\t\t\t\t\n\t\t\t<\/div><div class=\"et_d4_element et_pb_row et_pb_row_4  et_pb_css_mix_blend_mode et_block_row\">\n\t\t\t\t<div class=\"et_d4_element et_pb_column_1_2 et_pb_column et_pb_column_7  et_pb_css_mix_blend_mode et_block_column\">\n\t\t\t\t\n\t\t\t\t\n\t\t\t\t\n\t\t\t\t\n\t\t\t\t<div class=\"et_pb_module et_d4_element et_pb_image et_pb_image_2\">\n\t\t\t\t\n\t\t\t\t\n\t\t\t\t\n\t\t\t\t\n\t\t\t\t<span class=\"et_pb_image_wrap \"><img loading=\"lazy\" decoding=\"async\" width=\"2195\" height=\"1549\" src=\"https:\/\/blogs.uni-bremen.de\/bremermodell\/files\/DKP-Bild.png\" alt=\"\" title=\"DKP Bild\" srcset=\"https:\/\/blogs.uni-bremen.de\/bremermodell\/files\/DKP-Bild.png 2195w, https:\/\/blogs.uni-bremen.de\/bremermodell\/files\/DKP-Bild-1280x903.png 1280w, https:\/\/blogs.uni-bremen.de\/bremermodell\/files\/DKP-Bild-980x692.png 980w, https:\/\/blogs.uni-bremen.de\/bremermodell\/files\/DKP-Bild-480x339.png 480w\" sizes=\"(min-width: 0px) and (max-width: 480px) 480px, (min-width: 481px) and (max-width: 980px) 980px, (min-width: 981px) and (max-width: 1280px) 1280px, (min-width: 1281px) 2195px, 100vw\" class=\"wp-image-644\" \/><\/span>\n\t\t\t<\/div>\n\t\t\t<\/div><div class=\"et_d4_element et_pb_column_1_2 et_pb_column et_pb_column_8  et_pb_css_mix_blend_mode et-last-child et_block_column\">\n\t\t\t\t\n\t\t\t\t\n\t\t\t\t\n\t\t\t\t\n\t\t\t\t<div class=\"et_pb_module et_d4_element et_pb_blurb et_pb_blurb_4  et_pb_text_align_left  et_pb_blurb_position_left et_block_module et_pb_bg_layout_light\">\n\t\t\t\t\n\t\t\t\t\n\t\t\t\t\n\t\t\t\t\n\t\t\t\t<div class=\"et_pb_blurb_content\">\n\t\t\t\t\t\n\t\t\t\t\t<div class=\"et_pb_blurb_container\">\n\t\t\t\t\t\t<h4 class=\"et_pb_module_header\"><span>DKP: Deutsche Kommunistische Partei<\/span><\/h4>\n\t\t\t\t\t\t<div class=\"et_pb_blurb_description\"><p style=\"text-align: justify\"><span style=\"font-weight: 400\">\u201eDie Verantwortung f\u00fcr die Suspendierung haben einzig und allein J. Scheer und seine maoistischen Provokateure zu tragen\u201c<\/span><\/p>\n<p style=\"text-align: justify\"><span style=\"font-weight: 400\">Die DKP schrieb, dass die KSV und Jens Scheer viele provokative Aktionen an der Universit\u00e4t durchgef\u00fchrt haben. Dazu z\u00e4hlte sowohl das \u00dcberkleben und Kaputtschlagen von Schildern der SPD und DKP, als auch das Schreien von Parolen wie \u201cRaus mit der neuen Hitlerjugend aus der Uni. Raus mit SHB und MSB aus dem ASTA\u201d. Die DKP schrieb \u00fcber die KSV, dass sie nichts mit dem Kommunismus zu tun h\u00e4tten, weil der \u201cechte\u201d Kommunismus die demokratischen Rechte des Grundgesetzes aktiv verteidigen m\u00fcsse. Zu Jens Scheer \u00e4u\u00dferte sich die DKP, dass Scheer selber ein Berufsverbot f\u00fcr Mitglieder der DKP forderte und deshalb jeglichen Anspruch auf Solidarit\u00e4t der DKP verloren hat. <\/span><\/p>\n<p style=\"text-align: justify\"><\/div>\n\t\t\t\t\t<\/div>\n\t\t\t\t<\/div>\n\t\t\t<\/div>\n\t\t\t<\/div>\n\t\t\t\t\n\t\t\t\t\n\t\t\t\t\n\t\t\t\t\n\t\t\t<\/div><div class=\"et_d4_element et_pb_row et_pb_row_5  et_pb_css_mix_blend_mode et_block_row\">\n\t\t\t\t<div class=\"et_d4_element et_pb_column_4_4 et_pb_column et_pb_column_9  et_pb_css_mix_blend_mode et-last-child et_block_column\">\n\t\t\t\t\n\t\t\t\t\n\t\t\t\t\n\t\t\t\t\n\t\t\t\t<div class=\"et_pb_module et_d4_element et_pb_text et_pb_text_0  et_pb_text_align_justified et_pb_bg_layout_light\">\n\t\t\t\t\n\t\t\t\t\n\t\t\t\t\n\t\t\t\t\n\t\t\t\t<div class=\"et_pb_text_inner\"><p><strong>Literatur:<\/strong><\/p>\n<p>Gr\u00e4fing, Birte (2012): Tradition Reform. Die Universit\u00e4t Bremen 1971 - 2001. Bremen: Donat Verlag.<\/p><\/div>\n\t\t\t<\/div>\n\t\t\t<\/div>\n\t\t\t\t\n\t\t\t\t\n\t\t\t\t\n\t\t\t\t\n\t\t\t<\/div>\n\t\t\t\t\n\t\t\t\t\n\t\t\t<\/div>\n","protected":false},"excerpt":{"rendered":"","protected":false},"author":8721,"featured_media":0,"parent":340,"menu_order":0,"comment_status":"closed","ping_status":"closed","template":"","meta":{"_bbp_topic_count":0,"_bbp_reply_count":0,"_bbp_total_topic_count":0,"_bbp_total_reply_count":0,"_bbp_voice_count":0,"_bbp_anonymous_reply_count":0,"_bbp_topic_count_hidden":0,"_bbp_reply_count_hidden":0,"_bbp_forum_subforum_count":0,"_et_pb_use_builder":"on","_et_pb_old_content":"","_et_gb_content_width":"","footnotes":""},"class_list":["post-968","page","type-page","status-publish","hentry"],"_links":{"self":[{"href":"https:\/\/blogs.uni-bremen.de\/bremermodell\/wp-json\/wp\/v2\/pages\/968","targetHints":{"allow":["GET"]}}],"collection":[{"href":"https:\/\/blogs.uni-bremen.de\/bremermodell\/wp-json\/wp\/v2\/pages"}],"about":[{"href":"https:\/\/blogs.uni-bremen.de\/bremermodell\/wp-json\/wp\/v2\/types\/page"}],"author":[{"embeddable":true,"href":"https:\/\/blogs.uni-bremen.de\/bremermodell\/wp-json\/wp\/v2\/users\/8721"}],"replies":[{"embeddable":true,"href":"https:\/\/blogs.uni-bremen.de\/bremermodell\/wp-json\/wp\/v2\/comments?post=968"}],"version-history":[{"count":10,"href":"https:\/\/blogs.uni-bremen.de\/bremermodell\/wp-json\/wp\/v2\/pages\/968\/revisions"}],"predecessor-version":[{"id":1907,"href":"https:\/\/blogs.uni-bremen.de\/bremermodell\/wp-json\/wp\/v2\/pages\/968\/revisions\/1907"}],"up":[{"embeddable":true,"href":"https:\/\/blogs.uni-bremen.de\/bremermodell\/wp-json\/wp\/v2\/pages\/340"}],"wp:attachment":[{"href":"https:\/\/blogs.uni-bremen.de\/bremermodell\/wp-json\/wp\/v2\/media?parent=968"}],"curies":[{"name":"wp","href":"https:\/\/api.w.org\/{rel}","templated":true}]}}