{"id":340,"date":"2021-06-07T01:53:11","date_gmt":"2021-06-06T23:53:11","guid":{"rendered":"https:\/\/blogs.uni-bremen.de\/bremermodell\/?page_id=340"},"modified":"2021-06-10T12:09:51","modified_gmt":"2021-06-10T10:09:51","slug":"berufsverbote","status":"publish","type":"page","link":"https:\/\/blogs.uni-bremen.de\/bremermodell\/arenen-der-kaempfe\/berufsverbote\/","title":{"rendered":"Berufsverbote"},"content":{"rendered":"<div class=\"et_d4_element et_pb_section et_pb_section_0 et_pb_with_background  et_pb_css_mix_blend_mode et_section_regular et_block_section\" >\n\t\t\t\t\n\t\t\t\t\n\t\t\t\t\n\t\t\t\t\n\t\t\t\t\n\t\t\t\t\n\t\t\t\t<div class=\"et_d4_element et_pb_row et_pb_row_0  et_pb_css_mix_blend_mode et_block_row\">\n\t\t\t\t<div class=\"et_d4_element et_pb_column_4_4 et_pb_column et_pb_column_0  et_pb_css_mix_blend_mode et-last-child et_block_column\">\n\t\t\t\t\n\t\t\t\t\n\t\t\t\t\n\t\t\t\t\n\t\t\t\t<div class=\"et_pb_module et_d4_element et_pb_post_title et_pb_post_title_0 et_pb_bg_layout_light  et_pb_text_align_center\"   >\n\t\t\t\t\n\t\t\t\t\n\t\t\t\t\n\t\t\t\t\n\t\t\t\t\n\t\t\t\t<div class=\"et_pb_title_container\">\n\t\t\t\t\t<h1 class=\"entry-title\"><\/h1>\n\t\t\t\t<\/div>\n\t\t\t\t\n\t\t\t<\/div>\n\t\t\t<\/div>\n\t\t\t\t\n\t\t\t\t\n\t\t\t\t\n\t\t\t\t\n\t\t\t<\/div><div class=\"et_d4_element et_pb_row et_pb_row_1  et_pb_css_mix_blend_mode et_block_row\">\n\t\t\t\t<div class=\"et_d4_element et_pb_column_3_5 et_pb_column et_pb_column_1  et_pb_css_mix_blend_mode et_block_column\">\n\t\t\t\t\n\t\t\t\t\n\t\t\t\t\n\t\t\t\t\n\t\t\t\t<div class=\"et_pb_module et_d4_element et_pb_blurb et_pb_blurb_0  et_pb_text_align_left  et_pb_blurb_position_left et_block_module et_pb_bg_layout_light\">\n\t\t\t\t\n\t\t\t\t\n\t\t\t\t\n\t\t\t\t\n\t\t\t\t<div class=\"et_pb_blurb_content\">\n\t\t\t\t\t\n\t\t\t\t\t<div class=\"et_pb_blurb_container\">\n\t\t\t\t\t\t<h4 class=\"et_pb_module_header\"><span>Der \"Radikalenerlass\"<\/span><\/h4>\n\t\t\t\t\t\t<div class=\"et_pb_blurb_description\"><p style=\"text-align: justify\"><span style=\"font-size: 12pt\"><span style=\"font-weight: 400\">Anfang der 70er Jahre geh\u00f6rte es in der Bundesrepublik sowohl bei einem Gro\u00dfteil der B\u00fcrger*innen als auch in der Politik zum guten Ton, dass Kommunist*innen gef\u00e4hrlich seien. Es breitete sich eine Angst vor einem Umbruch durch die sogenannte \"rote Gefahr\" und vor einem Sieg des Kommunismus im Westen aus. Am 28.02.1982 wurde dann der Radikalenerlass von Willy Brandt unterschrieben.\u00a0Der Beschluss unter dem Titel \u201eBesch\u00e4ftigung von rechts- und linksradikalen Personen im \u00f6ffentlichen Dienst\u201c (Deutscher Bundestag 2017: 2) s<\/span><span style=\"font-weight: 400\">ollte es Menschen mit einer politisch \u201eextremen\u201c Haltung unm\u00f6glich machen, eine Anstellung im \u00f6ffentlichen Dienst zu finden oder ihren erlernten Beruf weiterhin aus\u00fcben zu k\u00f6nnen. Die Vereinbarung des Bundeskanzlers mit den L\u00e4nderministern betraf, dass Angestellte in ihrem Berufs- und Privatleben die \u201edemokratische Ordnung\u201c verteidigen m\u00fcssten und es verboten sei, verfassungsfeindliche T\u00e4tigkeiten auszu\u00fcben oder Mitglied in einer verfassungsfeindlichen Organisation zu sein (Gr\u00e4fing 2012:97).<\/span><\/span><\/p>\n<p style=\"text-align: justify\"><span style=\"font-size: 12pt\"><b>Der Radikalenerlass 1972<\/b><\/span><\/p>\n<p style=\"text-align: justify\"><span style=\"font-weight: 400;font-size: 12pt\">Nach dem Radikalenerlass musste jede*r Bewerber*in auf einen \u00f6ffentlichen Dienst auf ihre \u201eStaatstreue\u201c \u00fcberpr\u00fcft werden. \u00dcberpr\u00fcft wurde, ob die Person eine mutma\u00dfliche Verfassungsfeind*in darstellt. Insgesamt wurden dabei im Laufe der 70er Jahre 1,7 Millionen Anfragen an den Verfassungsschutz gestellt.<\/span><\/p>\n<p style=\"text-align: justify\"><span style=\"font-weight: 400;font-size: 12pt\">W\u00e4hrend sich der Radikalenerlass formal gegen \u201eExtremist*innen\u201c sowohl linker als auch rechter Gruppen richtete, waren nur 0,7% der vom Berufsverbot betroffenen Menschen Mitglieder in rechten Organisationen. Am h\u00e4ufigsten betroffen waren Mitglieder der Deutschen Kommunistischen Partei mit 41,1%, sowie Mitglieder der K-Gruppen, z.B der KWB (kommunistischer Bund Westdeutschland) mit 14,4 % (Gr\u00e4fing 2012: 98).<\/span><\/p>\n<p style=\"text-align: justify\"><span style=\"font-weight: 400;font-size: 12pt\">Das Urteil des Radikalenerlasses basierte oft nur auf eine Prognose. Alleine die Sorge, dass z.B Mitglieder der DKP sich in Zukunft verfassungswidrig verhalten k\u00f6nnten, war ein ausreichender Nachweis f\u00fcr den Radikalenerlass.<\/span><\/p>\n<p style=\"text-align: justify\"><span style=\"font-size: 12pt\"><b>Reaktionen\u00a0<\/b><\/span><\/p>\n<p style=\"text-align: justify\"><span style=\"font-size: 12pt\"><span style=\"font-weight: 400\">In seiner bekannten Rede \u201eWir wollen mehr Demokratie wagen\u201c sagte Willy Brandt: \u201e Wir suchen keine Bewunderer; wir brauchen Menschen, die kritisch mitdenken, mitentscheiden und mitverantworten\u201c (Willy Brandt vor dem Deutschen Bundestag 1969)<\/span><span style=\"font-weight: 400\">. Dieser Satz wurden ihm noch zum Verh\u00e4ngnis, denn viele junge Menschen in den 70er Jahren haben ihm geglaubt. Sie haben sich politisch organisiert und ge\u00e4u\u00dfert. Doch das Ziel des Radikalenerlasses war es, politisch linke Menschen zu verunsichern und einzusch\u00fcchtern.\u00a0<\/span><\/span><\/p>\n<p style=\"text-align: justify\"><span style=\"font-weight: 400;font-size: 12pt\">R\u00fcckblickend sagte Brandt selber, dass der Erlass ein \u201ekardinaler Fehler\u201c seiner Amtszeit war:\u00a0<\/span><\/p>\n<p style=\"text-align: justify;padding-left: 40px\"><span style=\"font-size: 12pt\"><i><span style=\"font-weight: 400\">\u201eAls Flankenschutz gegen die Volksfrontangriffe<\/span><\/i><i><span style=\"font-weight: 400\">\u00a0der Rechten ist auch jener Radikalenerlass gedacht, den Brandt\u00a0<\/span><\/i><i><span style=\"font-weight: 400\">sp\u00e4ter als einen seiner kardinalen Fehler werten wird, denn er kostet ihn Glaubw\u00fcrdigkeit bei der jungen Generation. Es ist schon fatal, wenn gerade er, der ja den gr\u00f6\u00dferen, nicht zu Gewalt bereiten Teil der rebellierenden Jugend in den demokratischen Proze\u00df integrieren will, seine Unterschrift unter jenen Erla\u00df setzt, der Andersdenkende mit beruflicher Repression bedroht.\u201c (Merseburger 2002: 634).<\/span><\/i><\/span><\/p>\n<p style=\"text-align: justify\"><span style=\"font-weight: 400;font-size: 12pt\">Der Widerstand auf der Seite der Studierenden an der Universit\u00e4t Bremen war gro\u00df und lautstark. Die Reaktionen auf Seite der Studierenden und der Hochschulgruppen lassen sich anhand verschiedener Flugbl\u00e4tter, die sich gegen die Berufsverbote der Professor*innen an der Universit\u00e4t Bremen aussprechen, aufzeigen. <\/span><span style=\"font-weight: 400;font-size: 12pt\">4,3 % der insgesamt registrierten Berufsverbote in der Bundesrepublik wurden in Bremen ausgesprochen. Darunter auch Jens Scheer und Dieter M\u00fctzelburg.<\/span><\/p>\n<p style=\"text-align: justify\">\n<p style=\"text-align: justify\">\n<p>&nbsp;<\/p><\/div>\n\t\t\t\t\t<\/div>\n\t\t\t\t<\/div>\n\t\t\t<\/div>\n\t\t\t<\/div><div class=\"et_d4_element et_pb_column_2_5 et_pb_column et_pb_column_2  et_pb_css_mix_blend_mode et-last-child et_block_column\">\n\t\t\t\t\n\t\t\t\t\n\t\t\t\t\n\t\t\t\t\n\t\t\t\t<div class=\"et_pb_module et_d4_element et_pb_image et_pb_image_0\">\n\t\t\t\t\n\t\t\t\t\n\t\t\t\t\n\t\t\t\t\n\t\t\t\t<span class=\"et_pb_image_wrap \"><img loading=\"lazy\" decoding=\"async\" width=\"630\" height=\"436\" src=\"https:\/\/blogs.uni-bremen.de\/bremermodell\/files\/KSV-Bild-1.jpg\" alt=\"\" title=\"KSV Bild 1\" srcset=\"https:\/\/blogs.uni-bremen.de\/bremermodell\/files\/KSV-Bild-1.jpg 630w, https:\/\/blogs.uni-bremen.de\/bremermodell\/files\/KSV-Bild-1-480x332.jpg 480w\" sizes=\"(min-width: 0px) and (max-width: 480px) 480px, (min-width: 481px) 630px, 100vw\" class=\"wp-image-617\" \/><\/span>\n\t\t\t<\/div><div class=\"et_pb_module et_d4_element et_pb_blurb et_pb_blurb_1  et_pb_text_align_left  et_pb_blurb_position_left et_block_module et_pb_bg_layout_light\">\n\t\t\t\t\n\t\t\t\t\n\t\t\t\t\n\t\t\t\t\n\t\t\t\t<div class=\"et_pb_blurb_content\">\n\t\t\t\t\t<div class=\"et_pb_main_blurb_image et_pb_css_mix_blend_mode\"><a href=\"https:\/\/blogs.uni-bremen.de\/bremermodell\/interview-dieter-muetzelburg\/\"><span class=\"et_pb_image_wrap\"><span class=\"et-waypoint et_pb_animation_top et_pb_animation_top_tablet et_pb_animation_top_phone et-pb-icon\">&#x35;<\/span><\/span><\/a><\/div>\n\t\t\t\t\t<div class=\"et_pb_blurb_container\">\n\t\t\t\t\t\t<h4 class=\"et_pb_module_header\"><a href=\"https:\/\/blogs.uni-bremen.de\/bremermodell\/interview-dieter-muetzelburg\/\">Zum Thema: Dieter M\u00fctzelburg<\/a><\/h4>\n\t\t\t\t\t\t<div class=\"et_pb_blurb_description\"><p>Dieter M\u00fctzelburg kam 1971 als angehender Lehrer an die Uni Bremen. Einige Jahre sp\u00e4ter wurde er als Kommunist 'enttarnt'. Was das damals und heute f\u00fcr ihn bedeutet(e), lesen Sie <a href=\"https:\/\/blogs.uni-bremen.de\/bremermodell\/?page_id=978&amp;preview=true\">hier<\/a>.<\/p><\/div>\n\t\t\t\t\t<\/div>\n\t\t\t\t<\/div>\n\t\t\t<\/div><div class=\"et_pb_module et_d4_element et_pb_blurb et_pb_blurb_2  et_pb_text_align_left  et_pb_blurb_position_left et_block_module et_pb_bg_layout_light\">\n\t\t\t\t\n\t\t\t\t\n\t\t\t\t\n\t\t\t\t\n\t\t\t\t<div class=\"et_pb_blurb_content\">\n\t\t\t\t\t<div class=\"et_pb_main_blurb_image et_pb_css_mix_blend_mode\"><a href=\"https:\/\/blogs.uni-bremen.de\/bremermodell\/jens-scheer\/\"><span class=\"et_pb_image_wrap\"><span class=\"et-waypoint et_pb_animation_top et_pb_animation_top_tablet et_pb_animation_top_phone et-pb-icon\">&#x35;<\/span><\/span><\/a><\/div>\n\t\t\t\t\t<div class=\"et_pb_blurb_container\">\n\t\t\t\t\t\t<h4 class=\"et_pb_module_header\"><a href=\"https:\/\/blogs.uni-bremen.de\/bremermodell\/jens-scheer\/\">Zum Thema: Jens Scheer<\/a><\/h4>\n\t\t\t\t\t\t<div class=\"et_pb_blurb_description\"><p>Der Bremer Professor f\u00fcr Kernphysik Jens Scheer verlor jahrelang seinen Beruf. Grundlage hierf\u00fcr bot der Radikalenerlass. Hier geht es weiter zum Artikel!<\/p><\/div>\n\t\t\t\t\t<\/div>\n\t\t\t\t<\/div>\n\t\t\t<\/div><div class=\"et_pb_module et_d4_element et_pb_blurb et_pb_blurb_3  et_pb_text_align_left  et_pb_blurb_position_left et_block_module et_pb_bg_layout_dark\">\n\t\t\t\t\n\t\t\t\t\n\t\t\t\t\n\t\t\t\t\n\t\t\t\t<div class=\"et_pb_blurb_content\">\n\t\t\t\t\t\n\t\t\t\t\t<div class=\"et_pb_blurb_container\">\n\t\t\t\t\t\t\n\t\t\t\t\t\t<div class=\"et_pb_blurb_description\"><div>\n<p><strong>Literatur<\/strong><\/p>\n<p>Deutscher Bundestag (2017): Der sogenannte \"Radikalenerlass\" in der deutschen und europ\u00e4ischen Rechtssprechung. Text abrufbar unter: https:\/\/www.bundestag.de\/resource\/blob\/526404\/effe56fccef64bc4c32baaeb0c4ce495\/wd-3-125-17-pdf-data.pdf<\/p>\n<p>Gr\u00e4fing, Birte (2012): Tradition Reform. Die Universit\u00e4t Bremen 1971 - 2001. Bremen: Donat Verlag.<\/p>\n<p>Merseburger, Peter (2002):\u00a0Willy Brandt. Vision\u00e4r und Realist. Stuttgart\/M\u00fcnchen: Deutsche Verlags-Anstalt DVA.<\/p>\n<div class=\"page\" title=\"Page 1\">\n<div class=\"layoutArea\">\n<div class=\"column\">\n<p>Regierungserkla\u0308rung vom Bundeskanzler Willy Brandt vor dem Deutschen Bundestag in Bonn am 28. Oktober 1969. Rede abrufbar unter: https:\/\/www.willy-brandt-biografie.de\/wp-content\/uploads\/2017\/08\/Regierungserklaerung_Willy_Brandt_1969.pdf<\/p>\n<\/div>\n<\/div>\n<\/div>\n<\/div><\/div>\n\t\t\t\t\t<\/div>\n\t\t\t\t<\/div>\n\t\t\t<\/div>\n\t\t\t<\/div>\n\t\t\t\t\n\t\t\t\t\n\t\t\t\t\n\t\t\t\t\n\t\t\t<\/div><div class=\"et_d4_element et_pb_row et_pb_row_2  et_pb_css_mix_blend_mode et_block_row\">\n\t\t\t\t<div class=\"et_d4_element et_pb_column_3_5 et_pb_column et_pb_column_3  et_pb_css_mix_blend_mode et_block_column et_pb_column_empty\">\n\t\t\t\t\n\t\t\t\t\n\t\t\t\t\n\t\t\t\t\n\t\t\t\t\n\t\t\t<\/div><div class=\"et_d4_element et_pb_column_2_5 et_pb_column et_pb_column_4  et_pb_css_mix_blend_mode et-last-child et_block_column et_pb_column_empty\">\n\t\t\t\t\n\t\t\t\t\n\t\t\t\t\n\t\t\t\t\n\t\t\t\t\n\t\t\t<\/div>\n\t\t\t\t\n\t\t\t\t\n\t\t\t\t\n\t\t\t\t\n\t\t\t<\/div>\n\t\t\t\t\n\t\t\t\t\n\t\t\t<\/div>\n","protected":false},"excerpt":{"rendered":"","protected":false},"author":8721,"featured_media":0,"parent":514,"menu_order":0,"comment_status":"closed","ping_status":"closed","template":"","meta":{"_bbp_topic_count":0,"_bbp_reply_count":0,"_bbp_total_topic_count":0,"_bbp_total_reply_count":0,"_bbp_voice_count":0,"_bbp_anonymous_reply_count":0,"_bbp_topic_count_hidden":0,"_bbp_reply_count_hidden":0,"_bbp_forum_subforum_count":0,"_et_pb_use_builder":"on","_et_pb_old_content":"","_et_gb_content_width":"","footnotes":""},"class_list":["post-340","page","type-page","status-publish","hentry"],"_links":{"self":[{"href":"https:\/\/blogs.uni-bremen.de\/bremermodell\/wp-json\/wp\/v2\/pages\/340","targetHints":{"allow":["GET"]}}],"collection":[{"href":"https:\/\/blogs.uni-bremen.de\/bremermodell\/wp-json\/wp\/v2\/pages"}],"about":[{"href":"https:\/\/blogs.uni-bremen.de\/bremermodell\/wp-json\/wp\/v2\/types\/page"}],"author":[{"embeddable":true,"href":"https:\/\/blogs.uni-bremen.de\/bremermodell\/wp-json\/wp\/v2\/users\/8721"}],"replies":[{"embeddable":true,"href":"https:\/\/blogs.uni-bremen.de\/bremermodell\/wp-json\/wp\/v2\/comments?post=340"}],"version-history":[{"count":10,"href":"https:\/\/blogs.uni-bremen.de\/bremermodell\/wp-json\/wp\/v2\/pages\/340\/revisions"}],"predecessor-version":[{"id":1944,"href":"https:\/\/blogs.uni-bremen.de\/bremermodell\/wp-json\/wp\/v2\/pages\/340\/revisions\/1944"}],"up":[{"embeddable":true,"href":"https:\/\/blogs.uni-bremen.de\/bremermodell\/wp-json\/wp\/v2\/pages\/514"}],"wp:attachment":[{"href":"https:\/\/blogs.uni-bremen.de\/bremermodell\/wp-json\/wp\/v2\/media?parent=340"}],"curies":[{"name":"wp","href":"https:\/\/api.w.org\/{rel}","templated":true}]}}