{"id":22,"date":"2021-05-31T12:10:40","date_gmt":"2021-05-31T10:10:40","guid":{"rendered":"https:\/\/blogs.uni-bremen.de\/bremermodell\/?page_id=22"},"modified":"2021-06-14T17:20:18","modified_gmt":"2021-06-14T15:20:18","slug":"50-jahre-uni-bremen-was-ist-uebrig-von-1971","status":"publish","type":"page","link":"https:\/\/blogs.uni-bremen.de\/bremermodell\/","title":{"rendered":"Spurensuche \u2013 Politische K\u00e4mpfe um das Bremer Modell"},"content":{"rendered":"<p><div class=\"et_d4_element et_pb_section et_pb_section_0 et_pb_with_background  et_pb_css_mix_blend_mode et_section_regular et_block_section\" >\n\t\t\t\t\n\t\t\t\t\n\t\t\t\t\n\t\t\t\t\n\t\t\t\t\n\t\t\t\t\n\t\t\t\t<div class=\"et_d4_element et_pb_row et_pb_row_0  et_pb_css_mix_blend_mode et_block_row\">\n\t\t\t\t<div class=\"et_d4_element et_pb_column_4_4 et_pb_column et_pb_column_0  et_pb_css_mix_blend_mode et-last-child et_block_column\">\n\t\t\t\t\n\t\t\t\t\n\t\t\t\t\n\t\t\t\t\n\t\t\t\t<div class=\"et_pb_module et_d4_element et_pb_post_title et_pb_post_title_0 et_pb_bg_layout_light  et_pb_text_align_center\"   >\n\t\t\t\t\n\t\t\t\t\n\t\t\t\t\n\t\t\t\t\n\t\t\t\t\n\t\t\t\t<div class=\"et_pb_title_container\">\n\t\t\t\t\t<h1 class=\"entry-title\"><\/h1>\n\t\t\t\t<\/div>\n\t\t\t\t\n\t\t\t<\/div>\n\t\t\t<\/div>\n\t\t\t\t\n\t\t\t\t\n\t\t\t\t\n\t\t\t\t\n\t\t\t<\/div><div class=\"et_d4_element et_pb_row et_pb_row_1  et_pb_css_mix_blend_mode et_block_row\">\n\t\t\t\t<div class=\"et_d4_element et_pb_column_4_4 et_pb_column et_pb_column_1  et_pb_css_mix_blend_mode et-last-child et_block_column et_pb_column_empty\">\n\t\t\t\t\n\t\t\t\t\n\t\t\t\t\n\t\t\t\t\n\t\t\t\t\n\t\t\t<\/div>\n\t\t\t\t\n\t\t\t\t\n\t\t\t\t\n\t\t\t\t\n\t\t\t<\/div><div class=\"et_d4_element et_pb_row et_pb_row_2  et_pb_css_mix_blend_mode et_block_row\">\n\t\t\t\t<div class=\"et_d4_element et_pb_column_2_3 et_pb_column et_pb_column_2  et_pb_css_mix_blend_mode et_block_column\">\n\t\t\t\t\n\t\t\t\t\n\t\t\t\t\n\t\t\t\t\n\t\t\t\t<div class=\"et_pb_module et_d4_element et_pb_text et_pb_text_0  et_pb_text_align_justified et_pb_bg_layout_light\">\n\t\t\t\t\n\t\t\t\t\n\t\t\t\t\n\t\t\t\t\n\t\t\t\t<div class=\"et_pb_text_inner\"><h2>\u00a0Das Bremer Modell<\/h2><\/div>\n\t\t\t<\/div><div class=\"et_pb_module et_d4_element et_pb_text et_pb_text_1  et_pb_text_align_justified et_pb_bg_layout_light\">\n\t\t\t\t\n\t\t\t\t\n\t\t\t\t\n\t\t\t\t\n\t\t\t\t<div class=\"et_pb_text_inner\"><p style=\"text-align: justify\"><span style=\"font-size: 12pt\">Nur wenig erinnert noch an die wilde Anfangszeit in den 1970er-Jahren, wenn wir von heute auf die Bremer Universit\u00e4t schauen, an die revolution\u00e4ren Konzepte von Lehren und Lernen und an die von Gleichheit getragene Form des wissbegierigen Miteinanders. Allein der staubige Name \u201aBremer Modell\u2018 taucht noch ab und zu auf vergilbten Flugbl\u00e4ttern in irgendwelchen Archiven auf.<\/span><\/p>\n<p style=\"text-align: justify\"><span style=\"font-size: 12pt\">In dieser Ausstellung wollen wir - ein <a href=\"https:\/\/blogs.uni-bremen.de\/bremermodell\/das-projekt-spurensuche\/\">Team<\/a> aus Uni-Angeh\u00f6rigen - euch das Versprechen und die Hoffnung, die sich mit diesem Modell verbanden, ebenso n\u00e4her bringen wie die Geschichte seiner Entkernung - und nicht zuletzt geht es auch darum, die Anschlussm\u00f6glichkeiten, die das Bremer Modell heute noch bietet, greifbar zu machen!<\/span><\/p>\n<p style=\"text-align: justify\"><span style=\"font-size: 12pt\">Eine Universit\u00e4t mitten in der Gesellschaft, die <a href=\"https:\/\/blogs.uni-bremen.de\/bremermodell\/forschung-und-gesellschaft\/\">Wissenschaft f\u00fcr die Gesellschaft<\/a> betreibt und sie kritisch begleitet. Eine Universit\u00e4t, die die disziplin\u00e4re Vereinzelung \u00fcberwindet zugunsten eines f\u00e4cher\u00fcbergreifenden, gemeinschaftlich verantworteten Projektstudiums. Und nicht zuletzt eine Universit\u00e4t, die sich - in einer Art Vorgriff auf die angestrebte egalit\u00e4re Gesellschaft - auf die (meist rote) Fahne schreibt, dass sich die Menschen in ihr auf Augenh\u00f6he begegnen sollten. Das war die Idee des Bremer Modells.<\/span><\/p>\n<p style=\"text-align: justify\"><span style=\"font-size: 12pt\">Nach einer etwas l\u00e4ngeren <a href=\"https:\/\/blogs.uni-bremen.de\/bremermodell\/?page_id=211&amp;preview=true\">Vorgeschichte<\/a> wurde die Bremer Uni 1971 gegr\u00fcndet. Auch inspiriert vom Geist der 1968er war sie ein Gegenentwurf zur in Deutschland dominierenden Ordinarienuniversit\u00e4t, in der im Wesentlichen die Professoren (und ganz wenige Professorinnen) und der Staat das Sagen hatten. Das zeigte sich vor allem im Ansinnen, dass das Lernen und Leben an der Universit\u00e4t als kooperativer Prozess zwischen Gleichberechtigten verstanden werden sollte. In der Lehre sollten durch das gemeinsame Arbeiten in Projekten Hierarchien ebenso aufgebrochen werden wie in der Selbstverwaltung durch die sogenannte <a href=\"https:\/\/blogs.uni-bremen.de\/bremermodell\/?page_id=133&amp;preview=true\">Drittelparit\u00e4t<\/a> (parit\u00e4tische Beteiligung von wissenschaftlichem Personal, nicht-wissenschaftlichen Mitarbeiter*innen und Studierenden).<\/span><\/p>\n<p style=\"text-align: justify\"><span style=\"font-size: 12pt\">Auch nach au\u00dfen, in die Bremer Stadtgesellschaft hinein, sollten Hierarchien abgebaut und Klassenunterschiede \u00fcberwunden werden. Deswegen kam es etwa zu Ver\u00e4nderungen der Zulassungsbedingungen und zur Zusammenarbeit mit der Bremer Arbeiterkammer. Kaum \u00fcberraschend entwickelte die Bremer Universit\u00e4t eine gro\u00dfe Anziehungskraft f\u00fcr progressive Menschen aus ganz Deutschland.<\/span><\/p>\n<p style=\"text-align: justify\"><span style=\"font-size: 12pt\">Zugleich wurde das Projekt zum Feindbild der b\u00fcrgerlichen Presse, allen voran der <a href=\"https:\/\/blogs.uni-bremen.de\/bremermodell\/pressechronik\/\">FAZ<\/a>, die sich auf die sogenannte \u2018rote Kaderschmiede\u2019 einschoss. Stand die SPD-dominierte Bremer Landespolitik anfangs noch hinter dem Reformprojekt, zeigten die konstanten Angriffe letztlich doch Wirkung. Unter R\u00fcckgriff auf den sogenannten Radikalenerlass von 1972 wurden \u201clinksextreme\u201d Lehrende und andere Mitarbeiter*innen auf Distanz zur Uni gehalten. Zugleich versuchte man, einige der hochschulpolitischen Entscheidungen zur\u00fcckzudrehen. Besonders einschneidend war 1976 die (auch von einem Urteil des Bundesverfassungsgerichts mit verursachte) Beendigung der Drittelparit\u00e4t, obwohl diese von den Beteiligten allgemein sehr positiv bewertet wurde.<\/span><\/p>\n<p style=\"text-align: justify\"><span style=\"font-size: 12pt\">Diese Ausstellung versucht, die <a href=\"https:\/\/blogs.uni-bremen.de\/bremermodell\/?page_id=181&amp;preview=true\">K\u00e4mpfe um den Aufbau und Erhalt des Bremer Modells<\/a> nachzuzeichnen. Dabei blickt sie aus <a href=\"https:\/\/blogs.uni-bremen.de\/bremermodell\/?page_id=226&amp;preview=true\">verschiedenen Perspektiven<\/a> auf die unterschiedlichen Widrigkeiten und Herausforderungen, die dem Bremer Modell gegen\u00fcber standen. Wir hoffen, dass wir euch mit dieser Ausstellung mit in die damalige Zeit nehmen k\u00f6nnen, euch zum Nachdenken, Hinterfragen und vielleicht auch ein wenig zum Schmunzeln anregen k\u00f6nnen und ihr mit uns gemeinsam einen Blick in die Zukunft der Universit\u00e4ten wagen wollt, denn unter dem Pflaster liegt der Sandstrand - damals wie <a href=\"https:\/\/blogs.uni-bremen.de\/bremermodell\/?page_id=421&amp;preview=true\">heute<\/a>.<\/span><\/p><\/div>\n\t\t\t<\/div>\n\t\t\t<\/div><div class=\"et_d4_element et_pb_column_1_3 et_pb_column et_pb_column_3  et_pb_css_mix_blend_mode et-last-child et_block_column\">\n\t\t\t\t\n\t\t\t\t\n\t\t\t\t\n\t\t\t\t\n\t\t\t\t<div class=\"et_pb_module et_d4_element et_pb_text et_pb_text_2  et_pb_text_align_justified et_pb_bg_layout_light\">\n\t\t\t\t\n\t\t\t\t\n\t\t\t\t\n\t\t\t\t\n\t\t\t\t<div class=\"et_pb_text_inner\"><h2>Wegweiser<\/h2><\/div>\n\t\t\t<\/div><div class=\"et_pb_module et_d4_element et_pb_blurb et_pb_blurb_0  et_pb_text_align_left  et_pb_blurb_position_left et_block_module et_pb_bg_layout_light\">\n\t\t\t\t\n\t\t\t\t\n\t\t\t\t\n\t\t\t\t\n\t\t\t\t<div class=\"et_pb_blurb_content\">\n\t\t\t\t\t<div class=\"et_pb_main_blurb_image et_pb_css_mix_blend_mode\"><a href=\"https:\/\/blogs.uni-bremen.de\/bremermodell\/automatisch-gespeicherter-entwurf\/\"><span class=\"et_pb_image_wrap\"><span class=\"et-waypoint et_pb_animation_top et_pb_animation_top_tablet et_pb_animation_top_phone et-pb-icon\">&#x3d;<\/span><\/span><\/a><\/div>\n\t\t\t\t\t<div class=\"et_pb_blurb_container\">\n\t\t\t\t\t\t<h4 class=\"et_pb_module_header\"><a href=\"https:\/\/blogs.uni-bremen.de\/bremermodell\/automatisch-gespeicherter-entwurf\/\">Das Bremer was?<\/a><\/h4>\n\t\t\t\t\t\t<div class=\"et_pb_blurb_description\"><p>Was genau hat es mit dem Bremer Modell auf sich, was macht es aus und wie ist es entstanden?<\/p><\/div>\n\t\t\t\t\t<\/div>\n\t\t\t\t<\/div>\n\t\t\t<\/div><div class=\"et_pb_module et_d4_element et_pb_blurb et_pb_blurb_1  et_pb_text_align_left  et_pb_blurb_position_left et_block_module et_pb_bg_layout_light\">\n\t\t\t\t\n\t\t\t\t\n\t\t\t\t\n\t\t\t\t\n\t\t\t\t<div class=\"et_pb_blurb_content\">\n\t\t\t\t\t<div class=\"et_pb_main_blurb_image et_pb_css_mix_blend_mode\"><a href=\"https:\/\/blogs.uni-bremen.de\/bremermodell\/arenen-der-kaempfe\/\"><span class=\"et_pb_image_wrap\"><span class=\"et-waypoint et_pb_animation_top et_pb_animation_top_tablet et_pb_animation_top_phone et-pb-icon\">&#x3d;<\/span><\/span><\/a><\/div>\n\t\t\t\t\t<div class=\"et_pb_blurb_container\">\n\t\t\t\t\t\t<h4 class=\"et_pb_module_header\"><a href=\"https:\/\/blogs.uni-bremen.de\/bremermodell\/arenen-der-kaempfe\/\">Wo und worum wurde gek\u00e4mpft? <\/a><\/h4>\n\t\t\t\t\t\t<div class=\"et_pb_blurb_description\"><p>Von Beginn an war das Bremer Modell nicht unumstritten. Aber war an den politischen K\u00e4mpfen um die Universit\u00e4t beteiligt un in welchen Arenen wurden sie ausgetragen?<\/p><\/div>\n\t\t\t\t\t<\/div>\n\t\t\t\t<\/div>\n\t\t\t<\/div><div class=\"et_pb_module et_d4_element et_pb_blurb et_pb_blurb_2  et_pb_text_align_left  et_pb_blurb_position_left et_block_module et_pb_bg_layout_light\">\n\t\t\t\t\n\t\t\t\t\n\t\t\t\t\n\t\t\t\t\n\t\t\t\t<div class=\"et_pb_blurb_content\">\n\t\t\t\t\t<div class=\"et_pb_main_blurb_image et_pb_css_mix_blend_mode\"><a href=\"https:\/\/blogs.uni-bremen.de\/bremermodell\/perspektiven\/\"><span class=\"et_pb_image_wrap\"><span class=\"et-waypoint et_pb_animation_top et_pb_animation_top_tablet et_pb_animation_top_phone et-pb-icon\">&#x3d;<\/span><\/span><\/a><\/div>\n\t\t\t\t\t<div class=\"et_pb_blurb_container\">\n\t\t\t\t\t\t<h4 class=\"et_pb_module_header\"><a href=\"https:\/\/blogs.uni-bremen.de\/bremermodell\/perspektiven\/\">Perspektiven<\/a><\/h4>\n\t\t\t\t\t\t<div class=\"et_pb_blurb_description\"><p>Wie kann man das Bremer Modell einordnen? Interviews, Kunst, Perspektiven \u2013 um welche Ideale ging es? <\/p><\/div>\n\t\t\t\t\t<\/div>\n\t\t\t\t<\/div>\n\t\t\t<\/div><div class=\"et_pb_module et_d4_element et_pb_blurb et_pb_blurb_3  et_pb_text_align_left  et_pb_blurb_position_left et_block_module et_pb_bg_layout_light\">\n\t\t\t\t\n\t\t\t\t\n\t\t\t\t\n\t\t\t\t\n\t\t\t\t<div class=\"et_pb_blurb_content\">\n\t\t\t\t\t<div class=\"et_pb_main_blurb_image et_pb_css_mix_blend_mode\"><a href=\"https:\/\/blogs.uni-bremen.de\/bremermodell\/?page_id=1364&amp;preview=true\"><span class=\"et_pb_image_wrap\"><span class=\"et-waypoint et_pb_animation_top et_pb_animation_top_tablet et_pb_animation_top_phone et-pb-icon\">&#x3d;<\/span><\/span><\/a><\/div>\n\t\t\t\t\t<div class=\"et_pb_blurb_container\">\n\t\t\t\t\t\t<h4 class=\"et_pb_module_header\"><a href=\"https:\/\/blogs.uni-bremen.de\/bremermodell\/?page_id=1364&#038;preview=true\">Reaktionen aus der Presse<\/a><\/h4>\n\t\t\t\t\t\t<div class=\"et_pb_blurb_description\">Die sogenannte \u201crote Kaderschmiede\u201d \u2013 oder was die b\u00fcrgerliche Presse so schrieb.<\/div>\n\t\t\t\t\t<\/div>\n\t\t\t\t<\/div>\n\t\t\t<\/div><div class=\"et_pb_module et_d4_element et_pb_blurb et_pb_blurb_4  et_pb_text_align_left  et_pb_blurb_position_left et_block_module et_pb_bg_layout_light\">\n\t\t\t\t\n\t\t\t\t\n\t\t\t\t\n\t\t\t\t\n\t\t\t\t<div class=\"et_pb_blurb_content\">\n\t\t\t\t\t<div class=\"et_pb_main_blurb_image et_pb_css_mix_blend_mode\"><a href=\"https:\/\/blogs.uni-bremen.de\/bremermodell\/das-projekt-spurensuche\/\"><span class=\"et_pb_image_wrap\"><span class=\"et-waypoint et_pb_animation_top et_pb_animation_top_tablet et_pb_animation_top_phone et-pb-icon\">&#x3d;<\/span><\/span><\/a><\/div>\n\t\t\t\t\t<div class=\"et_pb_blurb_container\">\n\t\t\t\t\t\t<h4 class=\"et_pb_module_header\"><a href=\"https:\/\/blogs.uni-bremen.de\/bremermodell\/das-projekt-spurensuche\/\">Das Projekt Spurensuche<\/a><\/h4>\n\t\t\t\t\t\t<div class=\"et_pb_blurb_description\"><p>Die digitale Ausstellung ist im Rahmen des Projekts \"Spurensuche\" entstanden. Wer dahinter steckt und was es damit auf sich hat, erfahrt ihr hier.<\/p><\/div>\n\t\t\t\t\t<\/div>\n\t\t\t\t<\/div>\n\t\t\t<\/div><div class=\"et_pb_module et_d4_element et_pb_blurb et_pb_blurb_5  et_pb_text_align_left  et_pb_blurb_position_left et_block_module et_pb_bg_layout_light\">\n\t\t\t\t\n\t\t\t\t\n\t\t\t\t\n\t\t\t\t\n\t\t\t\t<div class=\"et_pb_blurb_content\">\n\t\t\t\t\t<div class=\"et_pb_main_blurb_image et_pb_css_mix_blend_mode\"><a href=\"https:\/\/blogs.uni-bremen.de\/bremermodell\/das-projekt-spurensuche\/\"><span class=\"et_pb_image_wrap\"><span class=\"et-waypoint et_pb_animation_top et_pb_animation_top_tablet et_pb_animation_top_phone et-pb-icon\">&#x3d;<\/span><\/span><\/a><\/div>\n\t\t\t\t\t<div class=\"et_pb_blurb_container\">\n\t\t\t\t\t\t<h4 class=\"et_pb_module_header\"><a href=\"https:\/\/blogs.uni-bremen.de\/bremermodell\/das-projekt-spurensuche\/\">Zum Glossar<\/a><\/h4>\n\t\t\t\t\t\t<div class=\"et_pb_blurb_description\"><p>K-Gruppen oder Statusgruppe? <a href=\"https:\/\/blogs.uni-bremen.de\/bremermodell\/50-jahre-uni-bremen-was-ist-uebrig-von-1971\/glossar\/\">Hier<\/a> gehts zum Glossar!<\/p><\/div>\n\t\t\t\t\t<\/div>\n\t\t\t\t<\/div>\n\t\t\t<\/div><div class=\"et_pb_module et_d4_element et_pb_blurb et_pb_blurb_6  et_pb_text_align_left  et_pb_blurb_position_left et_block_module et_pb_bg_layout_dark\">\n\t\t\t\t\n\t\t\t\t\n\t\t\t\t\n\t\t\t\t\n\t\t\t\t<div class=\"et_pb_blurb_content\">\n\t\t\t\t\t<div class=\"et_pb_main_blurb_image et_pb_css_mix_blend_mode\"><a href=\"https:\/\/www.uni-bremen.de\/universitaet\/campus\/veranstaltungskalender\/kategorie\/jubilaeum-50-jahre-uni-bremen\"><span class=\"et_pb_image_wrap\"><span class=\"et-waypoint et_pb_animation_top et_pb_animation_top_tablet et_pb_animation_top_phone et-pb-icon\">&#x3d;<\/span><\/span><\/a><\/div>\n\t\t\t\t\t<div class=\"et_pb_blurb_container\">\n\t\t\t\t\t\t\n\t\t\t\t\t\t<div class=\"et_pb_blurb_description\"><div class=\"et_pb_text_inner\">\n<div class=\"et-fb-popover-tinymce\" data-shortcode-id=\"0.2.1.8-1623401601760\" data-quickaccess-editable=\"yes\">\n<div class=\"mce-content-body\">\n<p><strong>Dieses Projekt wird unterst\u00fctzt durch die Universit\u00e4t Bremen im Rahmen des Projektfonds \u201e50 Jahre Universit\u00e4t Bremen\u201c.<\/strong><\/p>\n<\/div>\n<\/div>\n<\/div><\/div>\n\t\t\t\t\t<\/div>\n\t\t\t\t<\/div>\n\t\t\t<\/div>\n\t\t\t<\/div>\n\t\t\t\t\n\t\t\t\t\n\t\t\t\t\n\t\t\t\t\n\t\t\t<\/div>\n\t\t\t\t\n\t\t\t\t\n\t\t\t<\/div><div class=\"et_d4_element et_pb_section et_pb_section_1 et_pb_with_background  et_pb_css_mix_blend_mode et_section_regular et_block_section\" >\n\t\t\t\t\n\t\t\t\t\n\t\t\t\t\n\t\t\t\t\n\t\t\t\t\n\t\t\t\t\n\t\t\t\t<div class=\"et_d4_element et_pb_row et_pb_row_3  et_pb_css_mix_blend_mode et_block_row\">\n\t\t\t\t<div class=\"et_d4_element et_pb_column_4_4 et_pb_column et_pb_column_4  et_pb_css_mix_blend_mode et-last-child et_block_column\">\n\t\t\t\t\n\t\t\t\t\n\t\t\t\t\n\t\t\t\t\n\t\t\t\t<div class=\"et_pb_module et_d4_element et_pb_blurb et_pb_blurb_7  et_pb_text_align_left  et_pb_blurb_position_left et_block_module et_pb_bg_layout_light\">\n\t\t\t\t\n\t\t\t\t\n\t\t\t\t\n\t\t\t\t\n\t\t\t\t<div class=\"et_pb_blurb_content\">\n\t\t\t\t\t<div class=\"et_pb_main_blurb_image et_pb_css_mix_blend_mode\"><span class=\"et_pb_image_wrap et_pb_only_image_mode_wrap\"><img decoding=\"async\" src=\"data:image\/svg+xml;base64,PHN2ZyB3aWR0aD0iMTA4MCIgaGVpZ2h0PSI1NDAiIHZpZXdCb3g9IjAgMCAxMDgwIDU0MCIgeG1sbnM9Imh0dHA6Ly93d3cudzMub3JnLzIwMDAvc3ZnIj4KICAgIDxnIGZpbGw9Im5vbmUiIGZpbGwtcnVsZT0iZXZlbm9kZCI+CiAgICAgICAgPHBhdGggZmlsbD0iI0VCRUJFQiIgZD0iTTAgMGgxMDgwdjU0MEgweiIvPgogICAgICAgIDxwYXRoIGQ9Ik00NDUuNjQ5IDU0MGgtOTguOTk1TDE0NC42NDkgMzM3Ljk5NSAwIDQ4Mi42NDR2LTk4Ljk5NWwxMTYuMzY1LTExNi4zNjVjMTUuNjItMTUuNjIgNDAuOTQ3LTE1LjYyIDU2LjU2OCAwTDQ0NS42NSA1NDB6IiBmaWxsLW9wYWNpdHk9Ii4xIiBmaWxsPSIjMDAwIiBmaWxsLXJ1bGU9Im5vbnplcm8iLz4KICAgICAgICA8Y2lyY2xlIGZpbGwtb3BhY2l0eT0iLjA1IiBmaWxsPSIjMDAwIiBjeD0iMzMxIiBjeT0iMTQ4IiByPSI3MCIvPgogICAgICAgIDxwYXRoIGQ9Ik0xMDgwIDM3OXYxMTMuMTM3TDcyOC4xNjIgMTQwLjMgMzI4LjQ2MiA1NDBIMjE1LjMyNEw2OTkuODc4IDU1LjQ0NmMxNS42Mi0xNS42MiA0MC45NDgtMTUuNjIgNTYuNTY4IDBMMTA4MCAzNzl6IiBmaWxsLW9wYWNpdHk9Ii4yIiBmaWxsPSIjMDAwIiBmaWxsLXJ1bGU9Im5vbnplcm8iLz4KICAgIDwvZz4KPC9zdmc+Cg==\" alt=\"\" class=\"et-waypoint et_pb_animation_top et_pb_animation_top_tablet et_pb_animation_top_phone\" \/><\/span><\/div>\n\t\t\t\t\t<div class=\"et_pb_blurb_container\">\n\t\t\t\t\t\t<h4 class=\"et_pb_module_header\"><span>*Digitale Ausstellungsf\u00fchrung - Montag 14.06.2021 - 18 Uhr*<\/span><\/h4>\n\t\t\t\t\t\t<div class=\"et_pb_blurb_description\"><div id=\"magicdomid71\" class=\"ace-line\"><span class=\"author-a-t5jz73zz78zz88zkz66zlz72zz74zyp4z74zz80z\">Damit die Ausstellung auch in Zeiten von Corona greifbarer und lebendiger wird, werden wir am Montag, den 14.06.2021 um 18 Uhr eine digitale Ausstellungsf\u00fchrung \u00fcber Zoom machen, die ihr \u00fcber folgenden Link erreicht:\u00a0<\/span><\/div>\n<div id=\"magicdomid72\" class=\"ace-line\"><span class=\"author-a-t5jz73zz78zz88zkz66zlz72zz74zyp4z74zz80z url\"><a href=\"https:\/\/zoom.us\/j\/8116584195?pwd=Qldkb0xGUnNSaUFYK1pkSy90SDZBdz09\" rel=\"noreferrer noopener\">https:\/\/zoom.us\/j\/8116584195?pwd=Qldkb0xGUnNSaUFYK1pkSy90SDZBdz09<\/a><\/span><\/div>\n<div id=\"magicdomid73\" class=\"ace-line\"><span class=\"author-a-t5jz73zz78zz88zkz66zlz72zz74zyp4z74zz80z\">Meeting-ID: 811 658 4195<\/span><\/div>\n<div id=\"magicdomid74\" class=\"ace-line\"><span class=\"author-a-t5jz73zz78zz88zkz66zlz72zz74zyp4z74zz80z\">Kenncode: AEJZG3<\/span><\/div><\/div>\n\t\t\t\t\t<\/div>\n\t\t\t\t<\/div>\n\t\t\t<\/div>\n\t\t\t<\/div>\n\t\t\t\t\n\t\t\t\t\n\t\t\t\t\n\t\t\t\t\n\t\t\t<\/div>\n\t\t\t\t\n\t\t\t\t\n\t\t\t<\/div><\/p>\n","protected":false},"excerpt":{"rendered":"","protected":false},"author":8721,"featured_media":0,"parent":0,"menu_order":1,"comment_status":"closed","ping_status":"closed","template":"","meta":{"_bbp_topic_count":0,"_bbp_reply_count":0,"_bbp_total_topic_count":0,"_bbp_total_reply_count":0,"_bbp_voice_count":0,"_bbp_anonymous_reply_count":0,"_bbp_topic_count_hidden":0,"_bbp_reply_count_hidden":0,"_bbp_forum_subforum_count":0,"_et_pb_use_builder":"on","_et_pb_old_content":"","_et_gb_content_width":"","footnotes":""},"class_list":["post-22","page","type-page","status-publish","hentry"],"_links":{"self":[{"href":"https:\/\/blogs.uni-bremen.de\/bremermodell\/wp-json\/wp\/v2\/pages\/22","targetHints":{"allow":["GET"]}}],"collection":[{"href":"https:\/\/blogs.uni-bremen.de\/bremermodell\/wp-json\/wp\/v2\/pages"}],"about":[{"href":"https:\/\/blogs.uni-bremen.de\/bremermodell\/wp-json\/wp\/v2\/types\/page"}],"author":[{"embeddable":true,"href":"https:\/\/blogs.uni-bremen.de\/bremermodell\/wp-json\/wp\/v2\/users\/8721"}],"replies":[{"embeddable":true,"href":"https:\/\/blogs.uni-bremen.de\/bremermodell\/wp-json\/wp\/v2\/comments?post=22"}],"version-history":[{"count":9,"href":"https:\/\/blogs.uni-bremen.de\/bremermodell\/wp-json\/wp\/v2\/pages\/22\/revisions"}],"predecessor-version":[{"id":2127,"href":"https:\/\/blogs.uni-bremen.de\/bremermodell\/wp-json\/wp\/v2\/pages\/22\/revisions\/2127"}],"wp:attachment":[{"href":"https:\/\/blogs.uni-bremen.de\/bremermodell\/wp-json\/wp\/v2\/media?parent=22"}],"curies":[{"name":"wp","href":"https:\/\/api.w.org\/{rel}","templated":true}]}}