{"id":85,"date":"2021-08-23T16:39:35","date_gmt":"2021-08-23T14:39:35","guid":{"rendered":"https:\/\/blogs.uni-bremen.de\/bremeressensblog\/?page_id=85"},"modified":"2021-09-27T10:26:38","modified_gmt":"2021-09-27T08:26:38","slug":"kaffeebrot","status":"publish","type":"page","link":"https:\/\/blogs.uni-bremen.de\/bremeressensblog\/kaffeebrot\/","title":{"rendered":"Kaffeebrot"},"content":{"rendered":"<p><div class=\"et_d4_element et_pb_section et_pb_section_0  et_pb_css_mix_blend_mode et_section_regular et_block_section\" >\n\t\t\t\t\n\t\t\t\t\n\t\t\t\t\n\t\t\t\t\n\t\t\t\t\n\t\t\t\t\n\t\t\t\t<div class=\"et_d4_element et_pb_row et_pb_row_0  et_pb_css_mix_blend_mode et_block_row\">\n\t\t\t\t<div class=\"et_d4_element et_pb_column_4_4 et_pb_column et_pb_column_0  et_pb_css_mix_blend_mode et-last-child et_block_column\">\n\t\t\t\t\n\t\t\t\t\n\t\t\t\t\n\t\t\t\t\n\t\t\t\t<div class=\"et_pb_module et_d4_element et_pb_image et_pb_image_0\">\n\t\t\t\t\n\t\t\t\t\n\t\t\t\t\n\t\t\t\t\n\t\t\t\t<a href=\"https:\/\/blogs.uni-bremen.de\/bremeressensblog\/\"><span class=\"et_pb_image_wrap \"><img loading=\"lazy\" decoding=\"async\" width=\"252\" height=\"138\" src=\"https:\/\/blogs.uni-bremen.de\/bremeressensblog\/files\/Bremer-Essensblog_Logo_geschnitten.png\" alt=\"\" title=\"BremerEssensblog_BremerKuechen-Kultur\" class=\"wp-image-506\" \/><\/span><\/a>\n\t\t\t<\/div>\n\t\t\t<\/div>\n\t\t\t\t\n\t\t\t\t\n\t\t\t\t\n\t\t\t\t\n\t\t\t<\/div>\n\t\t\t\t\n\t\t\t\t\n\t\t\t<\/div><div class=\"et_d4_element et_pb_section et_pb_section_1  et_pb_css_mix_blend_mode et_pb_fullwidth_section et_section_regular et_pb_section--with-menu et_block_section\" >\n\t\t\t\t\n\t\t\t\t\n\t\t\t\t\n\t\t\t\t\n\t\t\t\t\n\t\t\t\t\n\t\t\t\t<div class=\"et_pb_module et_d4_element et_pb_fullwidth_menu et_pb_fullwidth_menu_0 et_pb_bg_layout_light  et_pb_text_align_center et_dropdown_animation_fade et_pb_fullwidth_menu--without-logo et_pb_fullwidth_menu--style-left_aligned\">\n\t\t\t\t\t\n\t\t\t\t\t\n\t\t\t\t\t\n\t\t\t\t\t\n\t\t\t\t\t<div class=\"et_pb_row clearfix\">\n\t\t\t\t\t\t\n\t\t\t\t\t\t<div class=\"et_pb_menu__wrap\">\n\t\t\t\t\t\t\t<div class=\"et_pb_menu__menu\">\n\t\t\t\t\t\t\t\t<nav class=\"et-menu-nav fullwidth-menu-nav\"><ul id=\"menu-1\" class=\"et-menu fullwidth-menu nav\"><li id=\"menu-item-299\" class=\"et_pb_menu_page_id-4 menu-item menu-item-type-post_type menu-item-object-page menu-item-has-children menu-item-299\"><a href=\"https:\/\/blogs.uni-bremen.de\/bremeressensblog\/historie\/\">Historie<\/a>\n<ul class=\"sub-menu\">\n\t<li id=\"menu-item-498\" class=\"et_pb_menu_page_id-4 menu-item menu-item-type-post_type menu-item-object-page menu-item-498\"><a href=\"https:\/\/blogs.uni-bremen.de\/bremeressensblog\/historie\/\">Historie<\/a><\/li>\n\t<li id=\"menu-item-465\" class=\"et_pb_menu_page_id-453 menu-item menu-item-type-post_type menu-item-object-page menu-item-465\"><a href=\"https:\/\/blogs.uni-bremen.de\/bremeressensblog\/fokus-handel\/\">Im Fokus: Handel<\/a><\/li>\n<\/ul>\n<\/li>\n<li id=\"menu-item-241\" class=\"et_pb_menu_page_id-193 menu-item menu-item-type-post_type menu-item-object-page menu-item-has-children menu-item-241\"><a href=\"https:\/\/blogs.uni-bremen.de\/bremeressensblog\/mittagstisch\/\">Mittagstisch<\/a>\n<ul class=\"sub-menu\">\n\t<li id=\"menu-item-242\" class=\"et_pb_menu_page_id-48 menu-item menu-item-type-post_type menu-item-object-page menu-item-242\"><a href=\"https:\/\/blogs.uni-bremen.de\/bremeressensblog\/fisch-rezept\/\">Matjes<\/a><\/li>\n\t<li id=\"menu-item-243\" class=\"et_pb_menu_page_id-63 menu-item menu-item-type-post_type menu-item-object-page menu-item-243\"><a href=\"https:\/\/blogs.uni-bremen.de\/bremeressensblog\/pannfisch\/\">Pannfisch<\/a><\/li>\n\t<li id=\"menu-item-244\" class=\"et_pb_menu_page_id-178 menu-item menu-item-type-post_type menu-item-object-page menu-item-244\"><a href=\"https:\/\/blogs.uni-bremen.de\/bremeressensblog\/pluckte-finken\/\">Pluckte Finken<\/a><\/li>\n\t<li id=\"menu-item-246\" class=\"et_pb_menu_page_id-186 menu-item menu-item-type-post_type menu-item-object-page menu-item-246\"><a href=\"https:\/\/blogs.uni-bremen.de\/bremeressensblog\/steckruebe\/\">Steckr\u00fcbe<\/a><\/li>\n\t<li id=\"menu-item-414\" class=\"et_pb_menu_page_id-75 menu-item menu-item-type-post_type menu-item-object-page menu-item-has-children menu-item-414\"><a href=\"https:\/\/blogs.uni-bremen.de\/bremeressensblog\/automatisch-gespeicherter-entwurf\/\">Kohl<\/a>\n\t<ul class=\"sub-menu\">\n\t\t<li id=\"menu-item-592\" class=\"et_pb_menu_page_id-571 menu-item menu-item-type-post_type menu-item-object-page menu-item-592\"><a href=\"https:\/\/blogs.uni-bremen.de\/bremeressensblog\/veggie-kohl\/\">Veggie Kohl<\/a><\/li>\n\t\t<li id=\"menu-item-593\" class=\"et_pb_menu_page_id-574 menu-item menu-item-type-post_type menu-item-object-page menu-item-593\"><a href=\"https:\/\/blogs.uni-bremen.de\/bremeressensblog\/kohl-pinkel\/\">Kohl &amp; Pinkel<\/a><\/li>\n\t<\/ul>\n<\/li>\n<\/ul>\n<\/li>\n<li id=\"menu-item-347\" class=\"et_pb_menu_page_id-335 menu-item menu-item-type-post_type menu-item-object-page menu-item-has-children menu-item-347\"><a href=\"https:\/\/blogs.uni-bremen.de\/bremeressensblog\/kaffeepause\/\">Kaffeepause<\/a>\n<ul class=\"sub-menu\">\n\t<li id=\"menu-item-238\" class=\"et_pb_menu_page_id-210 menu-item menu-item-type-post_type menu-item-object-page menu-item-238\"><a href=\"https:\/\/blogs.uni-bremen.de\/bremeressensblog\/bremer-kaffee-geschichte\/\">Bremer Kaffee-Geschichte<\/a><\/li>\n\t<li id=\"menu-item-239\" class=\"et_pb_menu_page_id-85 menu-item menu-item-type-post_type menu-item-object-page menu-item-239\"><a href=\"https:\/\/blogs.uni-bremen.de\/bremeressensblog\/kaffeebrot\/\">Kaffeebrot<\/a><\/li>\n\t<li id=\"menu-item-240\" class=\"et_pb_menu_page_id-98 menu-item menu-item-type-post_type menu-item-object-page menu-item-240\"><a href=\"https:\/\/blogs.uni-bremen.de\/bremeressensblog\/klaben\/\">Klaben<\/a><\/li>\n<\/ul>\n<\/li>\n<li id=\"menu-item-298\" class=\"et_pb_menu_page_id-128 menu-item menu-item-type-post_type menu-item-object-page menu-item-298\"><a href=\"https:\/\/blogs.uni-bremen.de\/bremeressensblog\/ueber-mich-2\/\">\u00dcber mich<\/a><\/li>\n<\/ul><\/nav>\n\t\t\t\t\t\t\t<\/div>\n\t\t\t\t\t\t\t\n\t\t\t\t\t\t\t\n\t\t\t\t\t\t\t<div class=\"et_mobile_nav_menu\">\n\t\t\t\t<div class=\"mobile_nav closed\">\n\t\t\t\t\t<span class=\"mobile_menu_bar\"><\/span>\n\t\t\t\t<\/div>\n\t\t\t<\/div>\n\t\t\t\t\t\t<\/div>\n\t\t\t\t\t\t\n\t\t\t\t\t<\/div>\n\t\t\t\t<\/div>\n\t\t\t\t\n\t\t\t\t\n\t\t\t<\/div><div class=\"et_d4_element et_pb_section et_pb_section_2  et_pb_css_mix_blend_mode et_pb_fullwidth_section et_section_regular et_block_section\" >\n\t\t\t\t\n\t\t\t\t\n\t\t\t\t\n\t\t\t\t\n\t\t\t\t\n\t\t\t\t\n\t\t\t\t<div class=\"et_pb_module et_d4_element et_pb_fullwidth_image et_pb_fullwidth_image_0\">\n\t\t\t\t\n\t\t\t\t\n\t\t\t\t\n\t\t\t\t\n\t\t\t\t<img loading=\"lazy\" decoding=\"async\" width=\"1920\" height=\"603\" src=\"https:\/\/blogs.uni-bremen.de\/bremeressensblog\/files\/coffee-690054_1920_2.jpg\" alt=\"\" title=\"Kaffeetasse\" srcset=\"https:\/\/blogs.uni-bremen.de\/bremeressensblog\/files\/coffee-690054_1920_2.jpg 1920w, https:\/\/blogs.uni-bremen.de\/bremeressensblog\/files\/coffee-690054_1920_2-1280x402.jpg 1280w, https:\/\/blogs.uni-bremen.de\/bremeressensblog\/files\/coffee-690054_1920_2-980x308.jpg 980w, https:\/\/blogs.uni-bremen.de\/bremeressensblog\/files\/coffee-690054_1920_2-480x151.jpg 480w\" sizes=\"(min-width: 0px) and (max-width: 480px) 480px, (min-width: 481px) and (max-width: 980px) 980px, (min-width: 981px) and (max-width: 1280px) 1280px, (min-width: 1281px) 1920px, 100vw\" class=\"wp-image-505\" \/>\n\t\t\t\n\t\t\t<\/div>\n\t\t\t\t\n\t\t\t\t\n\t\t\t<\/div><div class=\"et_d4_element et_pb_section et_pb_section_3  et_pb_css_mix_blend_mode et_section_regular et_block_section\" >\n\t\t\t\t\n\t\t\t\t\n\t\t\t\t\n\t\t\t\t\n\t\t\t\t\n\t\t\t\t\n\t\t\t\t<div class=\"et_d4_element et_pb_row et_pb_row_1  et_pb_css_mix_blend_mode et_block_row\">\n\t\t\t\t<div class=\"et_d4_element et_pb_column_4_4 et_pb_column et_pb_column_1  et_pb_css_mix_blend_mode et-last-child et_block_column\">\n\t\t\t\t\n\t\t\t\t\n\t\t\t\t\n\t\t\t\t\n\t\t\t\t<div class=\"et_pb_module et_d4_element et_pb_text et_pb_text_0  et_pb_text_align_center et_pb_bg_layout_light\">\n\t\t\t\t\n\t\t\t\t\n\t\t\t\t\n\t\t\t\t\n\t\t\t\t<div class=\"et_pb_text_inner\"><h1>Kaffeebrot<\/h1><\/div>\n\t\t\t<\/div>\n\t\t\t<\/div>\n\t\t\t\t\n\t\t\t\t\n\t\t\t\t\n\t\t\t\t\n\t\t\t<\/div><div class=\"et_d4_element et_pb_row et_pb_row_2  et_pb_css_mix_blend_mode et_block_row\">\n\t\t\t\t<div class=\"et_d4_element et_pb_column_4_4 et_pb_column et_pb_column_2  et_pb_css_mix_blend_mode et-last-child et_block_column\">\n\t\t\t\t\n\t\t\t\t\n\t\t\t\t\n\t\t\t\t\n\t\t\t\t<div class=\"et_pb_module et_d4_element et_pb_text et_pb_text_1  et_pb_text_align_center et_pb_bg_layout_light\">\n\t\t\t\t\n\t\t\t\t\n\t\t\t\t\n\t\t\t\t\n\t\t\t\t<div class=\"et_pb_text_inner\"><p>Genau wie der Klaben, geh\u00f6rt auch das Kaffeebrot in Bremen prim\u00e4r zur Weihnachtszeit. Allerdings kann man das ganze Jahr \u00fcber das zwiebackartige Geb\u00e4ck zum Kaffee, Tee oder Kakao genie\u00dfen. <br \/>Das Kaffeebrot ist ein Hefeteig, welcher als Stange gebacken und anschlie\u00dfend in Scheiben geschnitten wird und mit Zucker und Zimt garniert. Durch das zweifache Backen werden die \u201eKekse\u201c besonders knusprig <br \/>und sind beliebt bei Jung und Alt.<\/p><\/div>\n\t\t\t<\/div>\n\t\t\t<\/div>\n\t\t\t\t\n\t\t\t\t\n\t\t\t\t\n\t\t\t\t\n\t\t\t<\/div><div class=\"et_d4_element et_pb_row et_pb_row_3  et_pb_css_mix_blend_mode et_block_row\">\n\t\t\t\t<div class=\"et_d4_element et_pb_column_4_4 et_pb_column et_pb_column_3  et_pb_css_mix_blend_mode et-last-child et_block_column\">\n\t\t\t\t\n\t\t\t\t\n\t\t\t\t\n\t\t\t\t\n\t\t\t\t<div class=\"et_pb_module et_d4_element et_pb_text et_pb_text_2  et_pb_text_align_center et_pb_bg_layout_light\">\n\t\t\t\t\n\t\t\t\t\n\t\t\t\t\n\t\t\t\t\n\t\t\t\t<div class=\"et_pb_text_inner\"><p style=\"text-align: left\"><span style=\"text-decoration: underline\">Rezept<\/span><\/p><\/div>\n\t\t\t<\/div>\n\t\t\t<\/div>\n\t\t\t\t\n\t\t\t\t\n\t\t\t\t\n\t\t\t\t\n\t\t\t<\/div><div class=\"et_d4_element et_pb_row et_pb_row_4  et_pb_css_mix_blend_mode et_block_row\">\n\t\t\t\t<div class=\"et_d4_element et_pb_column_1_3 et_pb_column et_pb_column_4  et_pb_css_mix_blend_mode et_block_column\">\n\t\t\t\t\n\t\t\t\t\n\t\t\t\t\n\t\t\t\t\n\t\t\t\t<div class=\"et_pb_module et_d4_element et_pb_text et_pb_text_3  et_pb_text_align_center et_pb_bg_layout_light\">\n\t\t\t\t\n\t\t\t\t\n\t\t\t\t\n\t\t\t\t\n\t\t\t\t<div class=\"et_pb_text_inner\"><p style=\"text-align: left\">Zutaten:<\/p>\n<p style=\"text-align: left\">500g Mehl<br \/>1 W\u00fcrfel Hefe<br \/>250ml Wasser<br \/>1 Ei<br \/>Milch<br \/>0,5 TL Salz<br \/>2 TL Zucker<br \/>Zimt &amp; Zucker zum garnieren<\/p><\/div>\n\t\t\t<\/div>\n\t\t\t<\/div><div class=\"et_d4_element et_pb_column_1_3 et_pb_column et_pb_column_5  et_pb_css_mix_blend_mode et_block_column\">\n\t\t\t\t\n\t\t\t\t\n\t\t\t\t\n\t\t\t\t\n\t\t\t\t<div class=\"et_pb_module et_d4_element et_pb_text et_pb_text_4  et_pb_text_align_center et_pb_bg_layout_light\">\n\t\t\t\t\n\t\t\t\t\n\t\t\t\t\n\t\t\t\t\n\t\t\t\t<div class=\"et_pb_text_inner\"><p style=\"text-align: left\">Zubereitung:<\/p>\n<p style=\"text-align: left\">\u201eHefe im warmen Wasser aufl\u00f6sen und mit Mehl, Zucker, Ei und Salz vermengen. Teig etwa 20 Minuten an einem warmen Ort zugedeckt gehen lassen. Anschlie\u00dfend erneut durchkneten und zu zwei langen, etwa sechs Zentimeter dicken Rollen formen. Wieder ungef\u00e4hr 20 Minuten ruhen lassen. Dann mit etwas Milch bestreichen. Die Brote f\u00fcr etwa 30 Minuten bei 200 Grad Ober-\/Unterhitze backen. Ausk\u00fchlen lassen und in d\u00fcnne Scheiben schneiden.<\/p><\/div>\n\t\t\t<\/div>\n\t\t\t<\/div><div class=\"et_d4_element et_pb_column_1_3 et_pb_column et_pb_column_6  et_pb_css_mix_blend_mode et-last-child et_block_column\">\n\t\t\t\t\n\t\t\t\t\n\t\t\t\t\n\t\t\t\t\n\t\t\t\t<div class=\"et_pb_module et_d4_element et_pb_image et_pb_image_1\">\n\t\t\t\t\n\t\t\t\t\n\t\t\t\t\n\t\t\t\t\n\t\t\t\t<span class=\"et_pb_image_wrap has-box-shadow-overlay\"><div class=\"box-shadow-overlay\"><\/div><img loading=\"lazy\" decoding=\"async\" width=\"2560\" height=\"1921\" src=\"https:\/\/blogs.uni-bremen.de\/bremeressensblog\/files\/Kaffeebrot2-scaled.jpg\" alt=\"\" title=\"Kaffeebrot\" srcset=\"https:\/\/blogs.uni-bremen.de\/bremeressensblog\/files\/Kaffeebrot2-scaled.jpg 2560w, https:\/\/blogs.uni-bremen.de\/bremeressensblog\/files\/Kaffeebrot2-1280x961.jpg 1280w, https:\/\/blogs.uni-bremen.de\/bremeressensblog\/files\/Kaffeebrot2-980x735.jpg 980w, https:\/\/blogs.uni-bremen.de\/bremeressensblog\/files\/Kaffeebrot2-480x360.jpg 480w\" sizes=\"(min-width: 0px) and (max-width: 480px) 480px, (min-width: 481px) and (max-width: 980px) 980px, (min-width: 981px) and (max-width: 1280px) 1280px, (min-width: 1281px) 2560px, 100vw\" class=\"wp-image-501\" \/><\/span>\n\t\t\t<\/div>\n\t\t\t<\/div>\n\t\t\t\t\n\t\t\t\t\n\t\t\t\t\n\t\t\t\t\n\t\t\t<\/div><div class=\"et_d4_element et_pb_row et_pb_row_5  et_pb_css_mix_blend_mode et_block_row\">\n\t\t\t\t<div class=\"et_d4_element et_pb_column_4_4 et_pb_column et_pb_column_7  et_pb_css_mix_blend_mode et-last-child et_block_column\">\n\t\t\t\t\n\t\t\t\t\n\t\t\t\t\n\t\t\t\t\n\t\t\t\t<div class=\"et_pb_module et_d4_element et_pb_text et_pb_text_5  et_pb_text_align_center et_pb_bg_layout_light\">\n\t\t\t\t\n\t\t\t\t\n\t\t\t\t\n\t\t\t\t\n\t\t\t\t<div class=\"et_pb_text_inner\"><p style=\"text-align: left\">Immer jeweils eine Seite der Brotscheiben mit Wasser befeuchten und in Zucker und Zimt tauchen. Auf ein Backblech legen \u2013 mit der gezuckerten Seite nach oben \u2013 und im hei\u00dfen Backofen bei 120 Grad Hei\u00dfluft f\u00fcr 20 bis 30 Minuten trocknen, bis sie kross sind. Nach dem Abk\u00fchlen in Blechdosen aufbewahren.\u201c<br \/>(Fritsch, 2017, S. 111)<\/p><\/div>\n\t\t\t<\/div>\n\t\t\t<\/div>\n\t\t\t\t\n\t\t\t\t\n\t\t\t\t\n\t\t\t\t\n\t\t\t<\/div><div class=\"et_d4_element et_pb_row et_pb_row_6  et_pb_css_mix_blend_mode et_block_row\">\n\t\t\t\t<div class=\"et_d4_element et_pb_column_1_3 et_pb_column et_pb_column_8  et_pb_css_mix_blend_mode et_block_column\">\n\t\t\t\t\n\t\t\t\t\n\t\t\t\t\n\t\t\t\t\n\t\t\t\t<div class=\"et_pb_module et_d4_element et_pb_blurb et_pb_blurb_0 et_animated  et_pb_text_align_left  et_pb_blurb_position_left et_block_module et_pb_bg_layout_light\">\n\t\t\t\t\n\t\t\t\t\n\t\t\t\t\n\t\t\t\t\n\t\t\t\t<div class=\"et_pb_blurb_content\">\n\t\t\t\t\t<div class=\"et_pb_main_blurb_image et_pb_css_mix_blend_mode\"><span class=\"et_pb_image_wrap\"><span class=\"et-waypoint et_pb_animation_top et_pb_animation_top_tablet et_pb_animation_top_phone et-pb-icon\">&#xe007;<\/span><\/span><\/div>\n\t\t\t\t\t<div class=\"et_pb_blurb_container\">\n\t\t\t\t\t\t\n\t\t\t\t\t\t\n\t\t\t\t\t<\/div>\n\t\t\t\t<\/div>\n\t\t\t<\/div>\n\t\t\t<\/div><div class=\"et_d4_element et_pb_column_2_3 et_pb_column et_pb_column_9  et_pb_css_mix_blend_mode et-last-child et_block_column\">\n\t\t\t\t\n\t\t\t\t\n\t\t\t\t\n\t\t\t\t\n\t\t\t\t<div class=\"et_pb_module et_d4_element et_pb_text et_pb_text_6  et_pb_text_align_left et_pb_bg_layout_light\">\n\t\t\t\t\n\t\t\t\t\n\t\t\t\t\n\t\t\t\t\n\t\t\t\t<div class=\"et_pb_text_inner\"><p><span style=\"text-decoration: underline\">Mein Tipp:<\/span><br \/><span>Nehmt zwei flache Teller und befeuchtet einen mit Wasser (gering!) und mischt auf dem anderen Zimt und Zucker. Legt dann die Brotscheiben kurz auf den Teller mit Wasser und tunkt dann die Brotscheibe direkt in Zimt &amp; Zucker. Auf's Backblech, trocknen und fertig!<\/span><\/p><\/div>\n\t\t\t<\/div><div class=\"et_pb_module et_d4_element et_pb_text et_pb_text_7  et_pb_text_align_left et_pb_bg_layout_light\">\n\t\t\t\t\n\t\t\t\t\n\t\t\t\t\n\t\t\t\t\n\t\t\t\t<div class=\"et_pb_text_inner\"><p><span style=\"text-decoration: underline\"><a href=\"https:\/\/blogs.uni-bremen.de\/bremeressensblog\/files\/Kaffeebrot.pdf\" target=\"_blank\" rel=\"noopener\"><span style=\"color: #db9200;text-decoration: underline\">Hier gibt es das Kaffeebrot Rezept als PDF<\/span><\/a><\/span><\/p><\/div>\n\t\t\t<\/div><div class=\"et_pb_module et_d4_element et_pb_text et_pb_text_8 et_clickable  et_pb_text_align_left et_pb_bg_layout_light\">\n\t\t\t\t\n\t\t\t\t\n\t\t\t\t\n\t\t\t\t\n\t\t\t\t<div class=\"et_pb_text_inner\"><p><span style=\"text-decoration: underline\"><a href=\"https:\/\/vimeo.com\/610029314?ref=em-share\" target=\"_blank\" rel=\"noopener\"><span style=\"color: #db9200;text-decoration: underline\">Hier gibt es das Rezept als Video<\/span><\/a><\/span><\/p><\/div>\n\t\t\t<\/div>\n\t\t\t<\/div>\n\t\t\t\t\n\t\t\t\t\n\t\t\t\t\n\t\t\t\t\n\t\t\t<\/div><div class=\"et_d4_element et_pb_row et_pb_row_7  et_pb_css_mix_blend_mode et_block_row\">\n\t\t\t\t<div class=\"et_d4_element et_pb_column_4_4 et_pb_column et_pb_column_10  et_pb_css_mix_blend_mode et-last-child et_block_column\">\n\t\t\t\t\n\t\t\t\t\n\t\t\t\t\n\t\t\t\t\n\t\t\t\t<div class=\"et_pb_module et_d4_element et_pb_text et_pb_text_9  et_pb_text_align_left et_pb_bg_layout_light\">\n\t\t\t\t\n\t\t\t\t\n\t\t\t\t\n\t\t\t\t\n\t\t\t\t<div class=\"et_pb_text_inner\"><p>Zubereitung:<\/p>\n<p>\u201eHefe im warmen Wasser aufl\u00f6sen und mit Mehl, Zucker, Ei und Salz vermengen. Teig etwa 20 Minuten an einem warmen Ort zugedeckt gehen lassen. Anschlie\u00dfend erneut durchkneten und zu zwei langen, etwa sechs Zentimeter dicken Rollen formen. Wieder ungef\u00e4hr 20 Minuten ruhen lassen. Dann mit etwas Milch bestreichen. Die Brote f\u00fcr etwa 30 Minuten bei 200 Grad Ober-\/Unterhitze backen. Ausk\u00fchlen lassen und in d\u00fcnne Scheiben schneiden. <span>Immer jeweils eine Seite der Brotscheiben mit Wasser befeuchten und in Zucker und Zimt tauchen. Auf ein Backblech legen \u2013 mit der gezuckerten Seite nach oben \u2013 und im hei\u00dfen Backofen bei 120 Grad Hei\u00dfluft f\u00fcr 20 bis 30 Minuten trocknen, bis sie kross sind. Nach dem Abk\u00fchlen in Blechdosen aufbewahren.\u201c<\/span><br \/><span>(Fritsch, 2017, S. 111)<\/span><\/p>\n<p><span><span style=\"text-decoration: underline\">Mein Tipp:<\/span><br \/>Nehmt zwei flache Teller und befeuchtet einen mit Wasser (gering!) und mischt auf dem anderen Zimt und Zucker. Legt dann die Brotscheiben kurz auf den Teller mit Wasser und tunkt dann die Brotscheibe direkt in Zimt &amp; Zucker. Auf\u2019s Backblech, trocknen und fertig!<br \/><\/span><\/p>\n<p><span style=\"text-decoration: underline\"><a href=\"https:\/\/blogs.uni-bremen.de\/bremeressensblog\/files\/Kaffeebrot.pdf\" target=\"_blank\" rel=\"noopener\"><span style=\"color: #db9200;text-decoration: underline\">Hier gibt es das Kaffeebrot Rezept als PDF<\/span><\/a><\/span><\/p><\/div>\n\t\t\t<\/div><div class=\"et_pb_module et_d4_element et_pb_text et_pb_text_10 et_clickable  et_pb_text_align_left et_pb_bg_layout_light\">\n\t\t\t\t\n\t\t\t\t\n\t\t\t\t\n\t\t\t\t\n\t\t\t\t<div class=\"et_pb_text_inner\"><p><span style=\"text-decoration: underline\"><a href=\"https:\/\/vimeo.com\/610029314?ref=em-share\" target=\"_blank\" rel=\"noopener\"><span style=\"color: #db9200;text-decoration: underline\">Hier gibt es das Rezept als Video<\/span><\/a><\/span><\/p><\/div>\n\t\t\t<\/div><div class=\"et_pb_module et_d4_element et_pb_image et_pb_image_2\">\n\t\t\t\t\n\t\t\t\t\n\t\t\t\t\n\t\t\t\t\n\t\t\t\t<span class=\"et_pb_image_wrap has-box-shadow-overlay\"><div class=\"box-shadow-overlay\"><\/div><img loading=\"lazy\" decoding=\"async\" width=\"2560\" height=\"1920\" src=\"https:\/\/blogs.uni-bremen.de\/bremeressensblog\/files\/20210822_162431-scaled.jpg\" alt=\"\" title=\"20210822_162431\" srcset=\"https:\/\/blogs.uni-bremen.de\/bremeressensblog\/files\/20210822_162431-scaled.jpg 2560w, https:\/\/blogs.uni-bremen.de\/bremeressensblog\/files\/20210822_162431-1280x960.jpg 1280w, https:\/\/blogs.uni-bremen.de\/bremeressensblog\/files\/20210822_162431-980x735.jpg 980w, https:\/\/blogs.uni-bremen.de\/bremeressensblog\/files\/20210822_162431-480x360.jpg 480w\" sizes=\"(min-width: 0px) and (max-width: 480px) 480px, (min-width: 481px) and (max-width: 980px) 980px, (min-width: 981px) and (max-width: 1280px) 1280px, (min-width: 1281px) 2560px, 100vw\" class=\"wp-image-88\" \/><\/span>\n\t\t\t<\/div>\n\t\t\t<\/div>\n\t\t\t\t\n\t\t\t\t\n\t\t\t\t\n\t\t\t\t\n\t\t\t<\/div><div class=\"et_d4_element et_pb_row et_pb_row_8  et_pb_css_mix_blend_mode et_block_row\">\n\t\t\t\t<div class=\"et_d4_element et_pb_column_4_4 et_pb_column et_pb_column_11  et_pb_css_mix_blend_mode et-last-child et_block_column\">\n\t\t\t\t\n\t\t\t\t\n\t\t\t\t\n\t\t\t\t\n\t\t\t\t<div class=\"et_pb_module et_d4_element et_pb_divider et_pb_divider_0 et_pb_space\"><div class=\"et_pb_divider_internal\"><\/div><\/div>\n\t\t\t<\/div>\n\t\t\t\t\n\t\t\t\t\n\t\t\t\t\n\t\t\t\t\n\t\t\t<\/div><div class=\"et_d4_element et_pb_row et_pb_row_9  et_pb_css_mix_blend_mode et_block_row\">\n\t\t\t\t<div class=\"et_d4_element et_pb_column_4_4 et_pb_column et_pb_column_12  et_pb_css_mix_blend_mode et-last-child et_block_column\">\n\t\t\t\t\n\t\t\t\t\n\t\t\t\t\n\t\t\t\t\n\t\t\t\t<div class=\"et_pb_module et_d4_element et_pb_text et_pb_text_11  et_pb_text_align_left et_pb_bg_layout_light\">\n\t\t\t\t\n\t\t\t\t\n\t\t\t\t\n\t\t\t\t\n\t\t\t\t<div class=\"et_pb_text_inner\"><p style=\"text-align: center\">Entdecke weitere Rezepte &amp; Background-Informationen:<\/p><\/div>\n\t\t\t<\/div>\n\t\t\t<\/div>\n\t\t\t\t\n\t\t\t\t\n\t\t\t\t\n\t\t\t\t\n\t\t\t<\/div><div class=\"et_d4_element et_pb_row et_pb_row_10  et_pb_css_mix_blend_mode et_block_row\">\n\t\t\t\t<div class=\"et_d4_element et_pb_column_1_3 et_pb_column et_pb_column_13  et_pb_css_mix_blend_mode et_block_column\">\n\t\t\t\t\n\t\t\t\t\n\t\t\t\t\n\t\t\t\t\n\t\t\t\t<div class=\"et_pb_module et_d4_element et_pb_blurb et_pb_blurb_1 et_animated et_clickable  et_pb_text_align_left  et_pb_blurb_position_top et_block_module et_pb_bg_layout_light\">\n\t\t\t\t\n\t\t\t\t\n\t\t\t\t\n\t\t\t\t\n\t\t\t\t<div class=\"et_pb_blurb_content\">\n\t\t\t\t\t<div class=\"et_pb_main_blurb_image et_pb_css_mix_blend_mode\"><a href=\"https:\/\/blogs.uni-bremen.de\/bremeressensblog\/historie\/\"><span class=\"et_pb_image_wrap\"><span class=\"et-waypoint et_pb_animation_top et_pb_animation_top_tablet et_pb_animation_top_phone et-pb-icon\">&#xe022;<\/span><\/span><\/a><\/div>\n\t\t\t\t\t<div class=\"et_pb_blurb_container\">\n\t\t\t\t\t\t<h4 class=\"et_pb_module_header\"><a href=\"https:\/\/blogs.uni-bremen.de\/bremeressensblog\/historie\/\">Historie<\/a><\/h4>\n\t\t\t\t\t\t<div class=\"et_pb_blurb_description\"><p style=\"text-align: justify\">Die Weser, die Schiffahrt und der Handel; all das geh\u00f6rt zu Bremens Geschichte. Die Vergangenheit macht die Bremer Kultur aus und hat auch die Essenskultur gepr\u00e4gt. Wie der Beginn der Schifffahrt und des Handels Bremen ver\u00e4ndert hat, kann hier entdeckt werden...<\/p><\/div>\n\t\t\t\t\t<\/div>\n\t\t\t\t<\/div>\n\t\t\t<\/div>\n\t\t\t<\/div><div class=\"et_d4_element et_pb_column_1_3 et_pb_column et_pb_column_14  et_pb_css_mix_blend_mode et_block_column\">\n\t\t\t\t\n\t\t\t\t\n\t\t\t\t\n\t\t\t\t\n\t\t\t\t<div class=\"et_pb_module et_d4_element et_pb_blurb et_pb_blurb_2 et_animated et_clickable  et_pb_text_align_left  et_pb_blurb_position_top et_block_module et_pb_bg_layout_light\">\n\t\t\t\t\n\t\t\t\t\n\t\t\t\t\n\t\t\t\t\n\t\t\t\t<div class=\"et_pb_blurb_content\">\n\t\t\t\t\t<div class=\"et_pb_main_blurb_image et_pb_css_mix_blend_mode\"><a href=\"https:\/\/blogs.uni-bremen.de\/bremeressensblog\/mittagstisch\/\"><span class=\"et_pb_image_wrap\"><span class=\"et-waypoint et_pb_animation_top et_pb_animation_top_tablet et_pb_animation_top_phone et-pb-icon\">&#xe009;<\/span><\/span><\/a><\/div>\n\t\t\t\t\t<div class=\"et_pb_blurb_container\">\n\t\t\t\t\t\t<h4 class=\"et_pb_module_header\"><a href=\"https:\/\/blogs.uni-bremen.de\/bremeressensblog\/mittagstisch\/\">Mittagstisch<\/a><\/h4>\n\t\t\t\t\t\t<div class=\"et_pb_blurb_description\"><p style=\"text-align: justify\">Mindestens eine warme Mahlzeit am Tag ist in vielen Familien \u00fcblich. Was kommt in Bremen dann so auf den Tisch? Von Fisch, \u00fcber Fleisch bis hin zu viel Gem\u00fcse ist alles dabei! Inspirierende Rezepte mit, inter-essante Fakten und Tipps dazu gibt es hier zu lesen...<\/p><\/div>\n\t\t\t\t\t<\/div>\n\t\t\t\t<\/div>\n\t\t\t<\/div>\n\t\t\t<\/div><div class=\"et_d4_element et_pb_column_1_3 et_pb_column et_pb_column_15  et_pb_css_mix_blend_mode et-last-child et_block_column\">\n\t\t\t\t\n\t\t\t\t\n\t\t\t\t\n\t\t\t\t\n\t\t\t\t<div class=\"et_pb_module et_d4_element et_pb_blurb et_pb_blurb_3 et_animated et_clickable  et_pb_text_align_left  et_pb_blurb_position_top et_block_module et_pb_bg_layout_light\">\n\t\t\t\t\n\t\t\t\t\n\t\t\t\t\n\t\t\t\t\n\t\t\t\t<div class=\"et_pb_blurb_content\">\n\t\t\t\t\t<div class=\"et_pb_main_blurb_image et_pb_css_mix_blend_mode\"><a href=\"https:\/\/blogs.uni-bremen.de\/bremeressensblog\/kaffeepause\/\"><span class=\"et_pb_image_wrap\"><span class=\"et-waypoint et_pb_animation_top et_pb_animation_top_tablet et_pb_animation_top_phone et-pb-icon\">&#xe105;<\/span><\/span><\/a><\/div>\n\t\t\t\t\t<div class=\"et_pb_blurb_container\">\n\t\t\t\t\t\t<h4 class=\"et_pb_module_header\"><a href=\"https:\/\/blogs.uni-bremen.de\/bremeressensblog\/kaffeepause\/\">Kaffeepause<\/a><\/h4>\n\t\t\t\t\t\t<div class=\"et_pb_blurb_description\"><p style=\"text-align: justify\">Gepr\u00e4gt durch die Schiffahrt und den Handel hat Kaffee in Bremen eine lange Geschichte und ist ein Teil der Bremen Pers\u00f6nlichkeit. Was es mit \"Kaffeesieren\" auf sich hat und womit die Bremer*innen ihren Kaffee am liebsten genie\u00dfen, kann hier erfahren werden...<\/p><\/div>\n\t\t\t\t\t<\/div>\n\t\t\t\t<\/div>\n\t\t\t<\/div>\n\t\t\t<\/div>\n\t\t\t\t\n\t\t\t\t\n\t\t\t\t\n\t\t\t\t\n\t\t\t<\/div>\n\t\t\t\t\n\t\t\t\t\n\t\t\t<\/div><\/p>\n","protected":false},"excerpt":{"rendered":"","protected":false},"author":9205,"featured_media":0,"parent":0,"menu_order":0,"comment_status":"closed","ping_status":"closed","template":"","meta":{"_bbp_topic_count":0,"_bbp_reply_count":0,"_bbp_total_topic_count":0,"_bbp_total_reply_count":0,"_bbp_voice_count":0,"_bbp_anonymous_reply_count":0,"_bbp_topic_count_hidden":0,"_bbp_reply_count_hidden":0,"_bbp_forum_subforum_count":0,"_et_pb_use_builder":"on","_et_pb_old_content":"","_et_gb_content_width":"","footnotes":""},"class_list":["post-85","page","type-page","status-publish","hentry"],"_links":{"self":[{"href":"https:\/\/blogs.uni-bremen.de\/bremeressensblog\/wp-json\/wp\/v2\/pages\/85","targetHints":{"allow":["GET"]}}],"collection":[{"href":"https:\/\/blogs.uni-bremen.de\/bremeressensblog\/wp-json\/wp\/v2\/pages"}],"about":[{"href":"https:\/\/blogs.uni-bremen.de\/bremeressensblog\/wp-json\/wp\/v2\/types\/page"}],"author":[{"embeddable":true,"href":"https:\/\/blogs.uni-bremen.de\/bremeressensblog\/wp-json\/wp\/v2\/users\/9205"}],"replies":[{"embeddable":true,"href":"https:\/\/blogs.uni-bremen.de\/bremeressensblog\/wp-json\/wp\/v2\/comments?post=85"}],"version-history":[{"count":10,"href":"https:\/\/blogs.uni-bremen.de\/bremeressensblog\/wp-json\/wp\/v2\/pages\/85\/revisions"}],"predecessor-version":[{"id":873,"href":"https:\/\/blogs.uni-bremen.de\/bremeressensblog\/wp-json\/wp\/v2\/pages\/85\/revisions\/873"}],"wp:attachment":[{"href":"https:\/\/blogs.uni-bremen.de\/bremeressensblog\/wp-json\/wp\/v2\/media?parent=85"}],"curies":[{"name":"wp","href":"https:\/\/api.w.org\/{rel}","templated":true}]}}