{"id":2,"date":"2021-08-19T16:39:28","date_gmt":"2021-08-19T14:39:28","guid":{"rendered":"https:\/\/blogs.uni-bremen.de\/bremeressensblog\/?page_id=2"},"modified":"2021-09-05T10:47:24","modified_gmt":"2021-09-05T08:47:24","slug":"beispiel-seite","status":"publish","type":"page","link":"https:\/\/blogs.uni-bremen.de\/bremeressensblog\/","title":{"rendered":"Startseite"},"content":{"rendered":"<p><div class=\"et_d4_element et_pb_section et_pb_section_0  et_pb_css_mix_blend_mode et_section_regular et_block_section\" >\n\t\t\t\t\n\t\t\t\t\n\t\t\t\t\n\t\t\t\t\n\t\t\t\t\n\t\t\t\t\n\t\t\t\t<div class=\"et_d4_element et_pb_row et_pb_row_0  et_pb_css_mix_blend_mode et_block_row\">\n\t\t\t\t<div class=\"et_d4_element et_pb_column_4_4 et_pb_column et_pb_column_0  et_pb_css_mix_blend_mode et-last-child et_block_column\">\n\t\t\t\t\n\t\t\t\t\n\t\t\t\t\n\t\t\t\t\n\t\t\t\t<div class=\"et_pb_module et_d4_element et_pb_image et_pb_image_0\">\n\t\t\t\t\n\t\t\t\t\n\t\t\t\t\n\t\t\t\t\n\t\t\t\t<a href=\"https:\/\/blogs.uni-bremen.de\/bremeressensblog\/\"><span class=\"et_pb_image_wrap \"><img loading=\"lazy\" decoding=\"async\" width=\"252\" height=\"138\" src=\"https:\/\/blogs.uni-bremen.de\/bremeressensblog\/files\/Bremer-Essensblog_Logo_geschnitten.png\" alt=\"\" title=\"BremerEssensblog_BremerKuechen-Kultur\" class=\"wp-image-506\" \/><\/span><\/a>\n\t\t\t<\/div>\n\t\t\t<\/div>\n\t\t\t\t\n\t\t\t\t\n\t\t\t\t\n\t\t\t\t\n\t\t\t<\/div>\n\t\t\t\t\n\t\t\t\t\n\t\t\t<\/div><div class=\"et_d4_element et_pb_section et_pb_section_1  et_pb_css_mix_blend_mode et_pb_fullwidth_section et_section_regular et_pb_section--with-menu et_block_section\" >\n\t\t\t\t\n\t\t\t\t\n\t\t\t\t\n\t\t\t\t\n\t\t\t\t\n\t\t\t\t\n\t\t\t\t<div class=\"et_pb_module et_d4_element et_pb_fullwidth_menu et_pb_fullwidth_menu_0 et_pb_bg_layout_light  et_pb_text_align_center et_dropdown_animation_fade et_pb_fullwidth_menu--without-logo et_pb_fullwidth_menu--style-left_aligned\">\n\t\t\t\t\t\n\t\t\t\t\t\n\t\t\t\t\t\n\t\t\t\t\t\n\t\t\t\t\t<div class=\"et_pb_row clearfix\">\n\t\t\t\t\t\t\n\t\t\t\t\t\t<div class=\"et_pb_menu__wrap\">\n\t\t\t\t\t\t\t<div class=\"et_pb_menu__menu\">\n\t\t\t\t\t\t\t\t<nav class=\"et-menu-nav fullwidth-menu-nav\"><ul id=\"menu-1\" class=\"et-menu fullwidth-menu nav\"><li id=\"menu-item-299\" class=\"et_pb_menu_page_id-4 menu-item menu-item-type-post_type menu-item-object-page menu-item-has-children menu-item-299\"><a href=\"https:\/\/blogs.uni-bremen.de\/bremeressensblog\/historie\/\">Historie<\/a>\n<ul class=\"sub-menu\">\n\t<li id=\"menu-item-498\" class=\"et_pb_menu_page_id-4 menu-item menu-item-type-post_type menu-item-object-page menu-item-498\"><a href=\"https:\/\/blogs.uni-bremen.de\/bremeressensblog\/historie\/\">Historie<\/a><\/li>\n\t<li id=\"menu-item-465\" class=\"et_pb_menu_page_id-453 menu-item menu-item-type-post_type menu-item-object-page menu-item-465\"><a href=\"https:\/\/blogs.uni-bremen.de\/bremeressensblog\/fokus-handel\/\">Im Fokus: Handel<\/a><\/li>\n<\/ul>\n<\/li>\n<li id=\"menu-item-241\" class=\"et_pb_menu_page_id-193 menu-item menu-item-type-post_type menu-item-object-page menu-item-has-children menu-item-241\"><a href=\"https:\/\/blogs.uni-bremen.de\/bremeressensblog\/mittagstisch\/\">Mittagstisch<\/a>\n<ul class=\"sub-menu\">\n\t<li id=\"menu-item-242\" class=\"et_pb_menu_page_id-48 menu-item menu-item-type-post_type menu-item-object-page menu-item-242\"><a href=\"https:\/\/blogs.uni-bremen.de\/bremeressensblog\/fisch-rezept\/\">Matjes<\/a><\/li>\n\t<li id=\"menu-item-243\" class=\"et_pb_menu_page_id-63 menu-item menu-item-type-post_type menu-item-object-page menu-item-243\"><a href=\"https:\/\/blogs.uni-bremen.de\/bremeressensblog\/pannfisch\/\">Pannfisch<\/a><\/li>\n\t<li id=\"menu-item-244\" class=\"et_pb_menu_page_id-178 menu-item menu-item-type-post_type menu-item-object-page menu-item-244\"><a href=\"https:\/\/blogs.uni-bremen.de\/bremeressensblog\/pluckte-finken\/\">Pluckte Finken<\/a><\/li>\n\t<li id=\"menu-item-246\" class=\"et_pb_menu_page_id-186 menu-item menu-item-type-post_type menu-item-object-page menu-item-246\"><a href=\"https:\/\/blogs.uni-bremen.de\/bremeressensblog\/steckruebe\/\">Steckr\u00fcbe<\/a><\/li>\n\t<li id=\"menu-item-414\" class=\"et_pb_menu_page_id-75 menu-item menu-item-type-post_type menu-item-object-page menu-item-has-children menu-item-414\"><a href=\"https:\/\/blogs.uni-bremen.de\/bremeressensblog\/automatisch-gespeicherter-entwurf\/\">Kohl<\/a>\n\t<ul class=\"sub-menu\">\n\t\t<li id=\"menu-item-592\" class=\"et_pb_menu_page_id-571 menu-item menu-item-type-post_type menu-item-object-page menu-item-592\"><a href=\"https:\/\/blogs.uni-bremen.de\/bremeressensblog\/veggie-kohl\/\">Veggie Kohl<\/a><\/li>\n\t\t<li id=\"menu-item-593\" class=\"et_pb_menu_page_id-574 menu-item menu-item-type-post_type menu-item-object-page menu-item-593\"><a href=\"https:\/\/blogs.uni-bremen.de\/bremeressensblog\/kohl-pinkel\/\">Kohl &amp; Pinkel<\/a><\/li>\n\t<\/ul>\n<\/li>\n<\/ul>\n<\/li>\n<li id=\"menu-item-347\" class=\"et_pb_menu_page_id-335 menu-item menu-item-type-post_type menu-item-object-page menu-item-has-children menu-item-347\"><a href=\"https:\/\/blogs.uni-bremen.de\/bremeressensblog\/kaffeepause\/\">Kaffeepause<\/a>\n<ul class=\"sub-menu\">\n\t<li id=\"menu-item-238\" class=\"et_pb_menu_page_id-210 menu-item menu-item-type-post_type menu-item-object-page menu-item-238\"><a href=\"https:\/\/blogs.uni-bremen.de\/bremeressensblog\/bremer-kaffee-geschichte\/\">Bremer Kaffee-Geschichte<\/a><\/li>\n\t<li id=\"menu-item-239\" class=\"et_pb_menu_page_id-85 menu-item menu-item-type-post_type menu-item-object-page menu-item-239\"><a href=\"https:\/\/blogs.uni-bremen.de\/bremeressensblog\/kaffeebrot\/\">Kaffeebrot<\/a><\/li>\n\t<li id=\"menu-item-240\" class=\"et_pb_menu_page_id-98 menu-item menu-item-type-post_type menu-item-object-page menu-item-240\"><a href=\"https:\/\/blogs.uni-bremen.de\/bremeressensblog\/klaben\/\">Klaben<\/a><\/li>\n<\/ul>\n<\/li>\n<li id=\"menu-item-298\" class=\"et_pb_menu_page_id-128 menu-item menu-item-type-post_type menu-item-object-page menu-item-298\"><a href=\"https:\/\/blogs.uni-bremen.de\/bremeressensblog\/ueber-mich-2\/\">\u00dcber mich<\/a><\/li>\n<\/ul><\/nav>\n\t\t\t\t\t\t\t<\/div>\n\t\t\t\t\t\t\t\n\t\t\t\t\t\t\t\n\t\t\t\t\t\t\t<div class=\"et_mobile_nav_menu\">\n\t\t\t\t<div class=\"mobile_nav closed\">\n\t\t\t\t\t<span class=\"mobile_menu_bar\"><\/span>\n\t\t\t\t<\/div>\n\t\t\t<\/div>\n\t\t\t\t\t\t<\/div>\n\t\t\t\t\t\t\n\t\t\t\t\t<\/div>\n\t\t\t\t<\/div>\n\t\t\t\t\n\t\t\t\t\n\t\t\t<\/div><div class=\"et_d4_element et_pb_section et_pb_section_2  et_pb_css_mix_blend_mode et_pb_fullwidth_section et_section_regular et_block_section\" >\n\t\t\t\t\n\t\t\t\t\n\t\t\t\t\n\t\t\t\t\n\t\t\t\t\n\t\t\t\t\n\t\t\t\t<div class=\"et_pb_module et_d4_element et_pb_fullwidth_image et_pb_fullwidth_image_0\">\n\t\t\t\t\n\t\t\t\t\n\t\t\t\t\n\t\t\t\t\n\t\t\t\t<img loading=\"lazy\" decoding=\"async\" width=\"1917\" height=\"628\" src=\"https:\/\/blogs.uni-bremen.de\/bremeressensblog\/files\/Startseite.png\" alt=\"\" title=\"Bremen\" srcset=\"https:\/\/blogs.uni-bremen.de\/bremeressensblog\/files\/Startseite.png 1917w, https:\/\/blogs.uni-bremen.de\/bremeressensblog\/files\/Startseite-1280x419.png 1280w, https:\/\/blogs.uni-bremen.de\/bremeressensblog\/files\/Startseite-980x321.png 980w, https:\/\/blogs.uni-bremen.de\/bremeressensblog\/files\/Startseite-480x157.png 480w\" sizes=\"(min-width: 0px) and (max-width: 480px) 480px, (min-width: 481px) and (max-width: 980px) 980px, (min-width: 981px) and (max-width: 1280px) 1280px, (min-width: 1281px) 1917px, 100vw\" class=\"wp-image-307\" \/>\n\t\t\t\n\t\t\t<\/div>\n\t\t\t\t\n\t\t\t\t\n\t\t\t<\/div><div class=\"et_d4_element et_pb_section et_pb_section_3  et_pb_css_mix_blend_mode et_section_regular et_block_section\" >\n\t\t\t\t\n\t\t\t\t\n\t\t\t\t\n\t\t\t\t\n\t\t\t\t\n\t\t\t\t\n\t\t\t\t<div class=\"et_d4_element et_pb_row et_pb_row_1  et_pb_css_mix_blend_mode et_block_row\">\n\t\t\t\t<div class=\"et_d4_element et_pb_column_4_4 et_pb_column et_pb_column_1  et_pb_css_mix_blend_mode et-last-child et_block_column\">\n\t\t\t\t\n\t\t\t\t\n\t\t\t\t\n\t\t\t\t\n\t\t\t\t<div class=\"et_pb_module et_d4_element et_pb_cta_0 et_pb_promo  et_pb_text_align_center et_pb_bg_layout_dark\">\n\t\t\t\t\n\t\t\t\t\n\t\t\t\t\n\t\t\t\t\n\t\t\t\t<div class=\"et_pb_promo_description\"><h2 class=\"et_pb_module_header\">\u201eK\u00fcche ist Kultur &amp; (...) traditionelle Gerichte sind ein wichtiger Teil der Regionalkultur\u201c (Fritsch, 2017)<\/h2><\/div>\n\t\t\t\t\n\t\t\t<\/div>\n\t\t\t<\/div>\n\t\t\t\t\n\t\t\t\t\n\t\t\t\t\n\t\t\t\t\n\t\t\t<\/div><div class=\"et_d4_element et_pb_row et_pb_row_2  et_pb_css_mix_blend_mode et_block_row\">\n\t\t\t\t<div class=\"et_d4_element et_pb_column_4_4 et_pb_column et_pb_column_2  et_pb_css_mix_blend_mode et-last-child et_block_column\">\n\t\t\t\t\n\t\t\t\t\n\t\t\t\t\n\t\t\t\t\n\t\t\t\t<div class=\"et_pb_module et_d4_element et_pb_text et_pb_text_0  et_pb_text_align_center et_pb_bg_layout_light\">\n\t\t\t\t\n\t\t\t\t\n\t\t\t\t\n\t\t\t\t\n\t\t\t\t<div class=\"et_pb_text_inner\"><p>Dass Essen eng verwoben mit der Kultur ist sagt das Wort \u201eEssenskultur\u201c eigentlich schon aus. Wie sehr diese Verbindung jedoch auch in die Vergangenheit reicht und welche Formen der Regionalgeschichte in traditionellen Gerichten zu finden ist, habe ich erst durch ein Uni-Projekt f\u00fcr mich entdeckt.<br \/><span>\u00a0<\/span>Im Rahmen eines kulturwissenschaftlichen Seminars ist dann die Idee f\u00fcr diesen Blog geboren. Die Grundidee ist, dass dieser Blog f\u00fcr die GDSKA-Tagung (Deutschen Gesellschaft f\u00fcr Sozial- und Kulturanthropologie) die gemeinsame Mittagspause ersetzen kann. Da die Fachtagung dieses Jahr digital abgehalten wird, entf\u00e4llt die kulinarische Versorgung und damit der Einblick in den Tagungsort Bremen. Um den Teilnehmer*innen dennoch einen Einblick in die kulinarische Kultur Bremens zu schenken, ist dieser Essensblog mit typisch Bremer Rezepten entstanden.<\/p>\n<p>Auf diesem Blog sollen die Teilnehmer*innen Rezepte finden, welche sie sich in der Mittagspause zubereiten k\u00f6nnen und dadurch das Gef\u00fchl des \"vor-Ort-Seins\" bekommen. Die Rezepte sind typisch Bremisch und Hintergrundinformationen sollen einen Einblick in den Ursprung und die Geschichte Bremens gegeben.<span> Dabei ist der Fokus auf einfache und schnell zu zubereitende Gerichte gelegt, wodurch vereinzelte Klassiker der Bremer K\u00fcche nicht erw\u00e4hnt werden. <\/span>Der Blog ist aber selbstverst\u00e4ndlich nicht nur f\u00fcr die Tagungs-teilnehmer*innen dar, sondern <strong>f\u00fcr alle da<\/strong>, die Bremen kulinarisch kennenlernen oder auch einfach leckere Rezepte nachkochen wollen!<\/p><\/div>\n\t\t\t<\/div>\n\t\t\t<\/div>\n\t\t\t\t\n\t\t\t\t\n\t\t\t\t\n\t\t\t\t\n\t\t\t<\/div><div class=\"et_d4_element et_pb_row et_pb_row_3  et_pb_css_mix_blend_mode et_block_row\">\n\t\t\t\t<div class=\"et_d4_element et_pb_column_4_4 et_pb_column et_pb_column_3  et_pb_css_mix_blend_mode et-last-child et_block_column\">\n\t\t\t\t\n\t\t\t\t\n\t\t\t\t\n\t\t\t\t\n\t\t\t\t<div class=\"et_pb_module et_d4_element et_pb_divider et_pb_divider_0 et_pb_space\"><div class=\"et_pb_divider_internal\"><\/div><\/div>\n\t\t\t<\/div>\n\t\t\t\t\n\t\t\t\t\n\t\t\t\t\n\t\t\t\t\n\t\t\t<\/div><div class=\"et_d4_element et_pb_row et_pb_row_4  et_pb_css_mix_blend_mode et_block_row\">\n\t\t\t\t<div class=\"et_d4_element et_pb_column_4_4 et_pb_column et_pb_column_4  et_pb_css_mix_blend_mode et-last-child et_block_column\">\n\t\t\t\t\n\t\t\t\t\n\t\t\t\t\n\t\t\t\t\n\t\t\t\t<div class=\"et_pb_module et_d4_element et_pb_text et_pb_text_1  et_pb_text_align_left et_pb_bg_layout_light\">\n\t\t\t\t\n\t\t\t\t\n\t\t\t\t\n\t\t\t\t\n\t\t\t\t<div class=\"et_pb_text_inner\"><p><strong>Ein Kurzausschnitt der <\/strong><strong>Wurzeln der <\/strong><strong>Bremer K\u00fcche <\/strong><\/p>\n<p>Die Bremer K\u00fcche ist von ihren hanseatischen und auch b\u00e4uerlich-friesischen und nieders\u00e4chsischen Wurzeln gepr\u00e4gt. Eintopfgerichte mit diversen Kohl- und R\u00fcbensorten, oft mit Fleisch gereicht, weisen auf die b\u00e4uerlichen Wurzeln Bremens hin. Da die Kartoffel erst seit 1680 in Deutschland verbreitet gewesen ist, stellte Getreide eine weitere Hauptbeilage dar. Zu Suppen wurde fr\u00fcher oftmals Brot gereicht, oder gleich eine Brotsuppe gekocht. Die N\u00e4he zur Nordsee versorgte die Bremer mit reichlich Fisch, wie Quappen, Heringe und Kabeljau. Aber auch die Weser bietet der Stadt Lachse und Stinte (Gartner, 2010, S. 8).<br \/>Durch den Bremer Handel wurden die Leibgerichte nach und nach mit der Exotik der Ferne verfeinert. Pfeffer, Zimt, Nelken, Ingwer, Muskatnuss, Safran und Kardamom erhielten Einzug in die Rezepte (Gartner, 2010, S. 14).<\/p>\n<p>&nbsp;<\/p>\n<h3>Aber seht doch selbst, was die Bremer K\u00fcche alles zu bieten hat:<\/h3><\/div>\n\t\t\t<\/div>\n\t\t\t<\/div>\n\t\t\t\t\n\t\t\t\t\n\t\t\t\t\n\t\t\t\t\n\t\t\t<\/div><div class=\"et_d4_element et_pb_row et_pb_row_5  et_pb_css_mix_blend_mode et_block_row\">\n\t\t\t\t<div class=\"et_d4_element et_pb_column_1_3 et_pb_column et_pb_column_5  et_pb_css_mix_blend_mode et_block_column\">\n\t\t\t\t\n\t\t\t\t\n\t\t\t\t\n\t\t\t\t\n\t\t\t\t<div class=\"et_pb_module et_d4_element et_pb_blurb et_pb_blurb_0 et_animated et_clickable  et_pb_text_align_left  et_pb_blurb_position_top et_block_module et_pb_bg_layout_light\">\n\t\t\t\t\n\t\t\t\t\n\t\t\t\t\n\t\t\t\t\n\t\t\t\t<div class=\"et_pb_blurb_content\">\n\t\t\t\t\t<div class=\"et_pb_main_blurb_image et_pb_css_mix_blend_mode\"><a href=\"https:\/\/blogs.uni-bremen.de\/bremeressensblog\/historie\/\"><span class=\"et_pb_image_wrap\"><span class=\"et-waypoint et_pb_animation_top et_pb_animation_top_tablet et_pb_animation_top_phone et-pb-icon\">&#xe022;<\/span><\/span><\/a><\/div>\n\t\t\t\t\t<div class=\"et_pb_blurb_container\">\n\t\t\t\t\t\t<h4 class=\"et_pb_module_header\"><a href=\"https:\/\/blogs.uni-bremen.de\/bremeressensblog\/historie\/\">Historie<\/a><\/h4>\n\t\t\t\t\t\t<div class=\"et_pb_blurb_description\"><p style=\"text-align: justify\">Die Weser, die Schiffahrt und der Handel; all das geh\u00f6rt zu Bremens Geschichte. Die Vergangenheit macht die Bremer Kultur aus und hat auch die Essenskultur gepr\u00e4gt. Wie der Beginn der Schifffahrt und des Handels Bremen ver\u00e4ndert hat, kann hier entdeckt werden...<\/p><\/div>\n\t\t\t\t\t<\/div>\n\t\t\t\t<\/div>\n\t\t\t<\/div>\n\t\t\t<\/div><div class=\"et_d4_element et_pb_column_1_3 et_pb_column et_pb_column_6  et_pb_css_mix_blend_mode et_block_column\">\n\t\t\t\t\n\t\t\t\t\n\t\t\t\t\n\t\t\t\t\n\t\t\t\t<div class=\"et_pb_module et_d4_element et_pb_blurb et_pb_blurb_1 et_animated et_clickable  et_pb_text_align_left  et_pb_blurb_position_top et_block_module et_pb_bg_layout_light\">\n\t\t\t\t\n\t\t\t\t\n\t\t\t\t\n\t\t\t\t\n\t\t\t\t<div class=\"et_pb_blurb_content\">\n\t\t\t\t\t<div class=\"et_pb_main_blurb_image et_pb_css_mix_blend_mode\"><a href=\"https:\/\/blogs.uni-bremen.de\/bremeressensblog\/mittagstisch\/\"><span class=\"et_pb_image_wrap\"><span class=\"et-waypoint et_pb_animation_top et_pb_animation_top_tablet et_pb_animation_top_phone et-pb-icon\">&#xe009;<\/span><\/span><\/a><\/div>\n\t\t\t\t\t<div class=\"et_pb_blurb_container\">\n\t\t\t\t\t\t<h4 class=\"et_pb_module_header\"><a href=\"https:\/\/blogs.uni-bremen.de\/bremeressensblog\/mittagstisch\/\">Mittagstisch<\/a><\/h4>\n\t\t\t\t\t\t<div class=\"et_pb_blurb_description\"><p style=\"text-align: justify\">Mindestens eine warme Mahlzeit am Tag ist in vielen Familien \u00fcblich. Was kommt in Bremen dann so auf den Tisch? Von Fisch, \u00fcber Fleisch bis hin zu viel Gem\u00fcse ist alles dabei! Inspirierende Rezepte mit, inter-essante Fakten und Tipps dazu gibt es hier zu lesen...<\/p><\/div>\n\t\t\t\t\t<\/div>\n\t\t\t\t<\/div>\n\t\t\t<\/div>\n\t\t\t<\/div><div class=\"et_d4_element et_pb_column_1_3 et_pb_column et_pb_column_7  et_pb_css_mix_blend_mode et-last-child et_block_column\">\n\t\t\t\t\n\t\t\t\t\n\t\t\t\t\n\t\t\t\t\n\t\t\t\t<div class=\"et_pb_module et_d4_element et_pb_blurb et_pb_blurb_2 et_animated et_clickable  et_pb_text_align_left  et_pb_blurb_position_top et_block_module et_pb_bg_layout_light\">\n\t\t\t\t\n\t\t\t\t\n\t\t\t\t\n\t\t\t\t\n\t\t\t\t<div class=\"et_pb_blurb_content\">\n\t\t\t\t\t<div class=\"et_pb_main_blurb_image et_pb_css_mix_blend_mode\"><a href=\"https:\/\/blogs.uni-bremen.de\/bremeressensblog\/kaffeepause\/\"><span class=\"et_pb_image_wrap\"><span class=\"et-waypoint et_pb_animation_top et_pb_animation_top_tablet et_pb_animation_top_phone et-pb-icon\">&#xe105;<\/span><\/span><\/a><\/div>\n\t\t\t\t\t<div class=\"et_pb_blurb_container\">\n\t\t\t\t\t\t<h4 class=\"et_pb_module_header\"><a href=\"https:\/\/blogs.uni-bremen.de\/bremeressensblog\/kaffeepause\/\">Kaffeepause<\/a><\/h4>\n\t\t\t\t\t\t<div class=\"et_pb_blurb_description\"><p style=\"text-align: justify\">Gepr\u00e4gt durch die Schiffahrt und den Handel hat Kaffee in Bremen eine lange Geschichte und ist ein Teil der Bremen Pers\u00f6nlichkeit. Was es mit \"Kaffeesieren\" auf sich hat und womit die Bremer*innen ihren Kaffee am liebsten genie\u00dfen, kann hier erfahren werden...<\/p><\/div>\n\t\t\t\t\t<\/div>\n\t\t\t\t<\/div>\n\t\t\t<\/div>\n\t\t\t<\/div>\n\t\t\t\t\n\t\t\t\t\n\t\t\t\t\n\t\t\t\t\n\t\t\t<\/div>\n\t\t\t\t\n\t\t\t\t\n\t\t\t<\/div><\/p>\n","protected":false},"excerpt":{"rendered":"","protected":false},"author":9205,"featured_media":0,"parent":0,"menu_order":0,"comment_status":"closed","ping_status":"open","template":"","meta":{"_bbp_topic_count":0,"_bbp_reply_count":0,"_bbp_total_topic_count":0,"_bbp_total_reply_count":0,"_bbp_voice_count":0,"_bbp_anonymous_reply_count":0,"_bbp_topic_count_hidden":0,"_bbp_reply_count_hidden":0,"_bbp_forum_subforum_count":0,"_et_pb_use_builder":"on","_et_pb_old_content":"<p>Dies ist ein Beispiel einer statischen WordPress-Seite. Du kannst sie bearbeiten und beispielsweise Infos \u00fcber dich oder das Weblog eingeben, damit die Leser wissen, woher du kommst und was du machst.<\/p><p>Du kannst entweder beliebig viele Hauptseiten (wie diese hier) oder Unterseiten, die sich in der Hierachiestruktur den Hauptseiten unterordnen, anlegen. Du kannst sie auch alle innerhalb von WordPress \u00e4ndern und verwalten.<br \/>Ben\u00f6tigst Du Hilfe beim Anlegen neuer Seiten? Auf der Supportseite des Blogssystems findest Videotutorials, die Dir den Einstieg so einfach wie m\u00f6glich machen sollen:<br \/>http:\/\/blogs.uni-bremen.de\/support\/<\/p>","_et_gb_content_width":"","footnotes":""},"class_list":["post-2","page","type-page","status-publish","hentry"],"_links":{"self":[{"href":"https:\/\/blogs.uni-bremen.de\/bremeressensblog\/wp-json\/wp\/v2\/pages\/2","targetHints":{"allow":["GET"]}}],"collection":[{"href":"https:\/\/blogs.uni-bremen.de\/bremeressensblog\/wp-json\/wp\/v2\/pages"}],"about":[{"href":"https:\/\/blogs.uni-bremen.de\/bremeressensblog\/wp-json\/wp\/v2\/types\/page"}],"author":[{"embeddable":true,"href":"https:\/\/blogs.uni-bremen.de\/bremeressensblog\/wp-json\/wp\/v2\/users\/9205"}],"replies":[{"embeddable":true,"href":"https:\/\/blogs.uni-bremen.de\/bremeressensblog\/wp-json\/wp\/v2\/comments?post=2"}],"version-history":[{"count":10,"href":"https:\/\/blogs.uni-bremen.de\/bremeressensblog\/wp-json\/wp\/v2\/pages\/2\/revisions"}],"predecessor-version":[{"id":641,"href":"https:\/\/blogs.uni-bremen.de\/bremeressensblog\/wp-json\/wp\/v2\/pages\/2\/revisions\/641"}],"wp:attachment":[{"href":"https:\/\/blogs.uni-bremen.de\/bremeressensblog\/wp-json\/wp\/v2\/media?parent=2"}],"curies":[{"name":"wp","href":"https:\/\/api.w.org\/{rel}","templated":true}]}}