{"id":42,"date":"2015-04-12T08:15:28","date_gmt":"2015-04-12T06:15:28","guid":{"rendered":"http:\/\/blogs.uni-bremen.de\/blattlausspiel\/?page_id=42"},"modified":"2015-08-06T11:46:08","modified_gmt":"2015-08-06T09:46:08","slug":"spielauswertung","status":"publish","type":"page","link":"https:\/\/blogs.uni-bremen.de\/blattlausspiel\/spielauswertung\/","title":{"rendered":"Spielauswertung"},"content":{"rendered":"<h6>Die hier vorgestellten\u00a0 Auswertungsm\u00f6glichkeiten sollten mit Excel oder einem \u00e4hnlichen Tabellenkalkulationsprogramm durchgef\u00fchrt werden. Die Aufgaben sind nach Spielvarianten aufgeteilt. Sie sind f\u00fcr alle angebotenen Spielversionen (I, II und e) gleicherma\u00dfen g\u00fcltig.<\/h6>\n<p>Diese\u00a0 Auswertungen sind auf das Universit\u00e4tspraktikum &#8222;Grundkurs \u00d6kologie&#8220; zugeschnitten, in dem Andra das Spiel einsetzt, um wichtige Konzepte der Populations\u00f6kologie zu veranschaulichen. Schritt f\u00fcr Schritt werden Modellparameter eingef\u00fchrt, berechnet und in Gleichungen angewendet.<\/p>\n<p><a title=\"Blattlaus allein\" href=\"https:\/\/blogs.uni-bremen.de\/blattlausspiel\/spielauswertung\/blattlaus-allein\/\">1) Intraspezifische Konkurrenz\u00a0<\/a> (Blattl\u00e4use allein bzw. mit Florfliegenlarve)<\/p>\n<p><a href=\"https:\/\/blogs.uni-bremen.de\/blattlausspiel\/spielauswertung\/raeuber-beute-interaktionen\/\">2) R\u00e4uber-Beute Interaktionen <\/a>(Blattl\u00e4use mit einem Gegenspieler, gegebenenfalls mit zus\u00e4tzlichen Ameisen)<\/p>\n<p><a href=\"https:\/\/blogs.uni-bremen.de\/blattlausspiel\/spielauswertung\/stoerungen\/\">3) Interspezifische Konkurrenz<\/a> (Blattl\u00e4use mit zwei Gegenspielern, gegebenenfalls mit zus\u00e4tzlicher Florfliegenlarve)<\/p>\n<p>&nbsp;<\/p>\n<p>F\u00fcr den Schulunterricht kann, je nach Jahrgangsstufe und gesetztem Schwerpunkt, entsprechend vereinfacht werden bzw. eine Diskussion der Ergebnisse auf rein qualitativer Basis stattfinden. Vorschl\u00e4ge hierzu finden sich auch im Artikel: Ostersehlt, D. \/Thiel A. (2015) Die vielen Feinde der Blattlaus. Unterricht Biologie 404, S. 22-27.<\/p>\n<p>&nbsp;<\/p>\n<p>&nbsp;<\/p>\n<p><sub>Das auf diesen Seiten vorgestellte Blattlausspiel, entwickelt von Dr. Andra Thiel und Dr. D\u00f6rte Ostersehlt, Universit\u00e4t Bremen, Fachbereich 02, ist, soweit nicht explizit anders angegeben, mit allen seinen Inhalten (Texten, Spielideen, Abbildungen, usw.) lizenziert unter einer <a href=\"http:\/\/creativecommons.org\/licenses\/by-sa\/4.0\/\" rel=\"license\">Creative Commons Namensnennung &#8211; Weitergabe unter gleichen Bedingungen 4.0 International Lizenz<\/a>.<\/sub><\/p>\n<p><a href=\"http:\/\/creativecommons.org\/licenses\/by-sa\/4.0\/\" rel=\"license\"><img loading=\"lazy\" decoding=\"async\" class=\"\" style=\"border-width: 0\" src=\"https:\/\/i.creativecommons.org\/l\/by-sa\/4.0\/88x31.png\" alt=\"Creative Commons Lizenzvertrag\" width=\"97\" height=\"34\" \/><\/a><\/p>\n","protected":false},"excerpt":{"rendered":"<p>Die hier vorgestellten\u00a0 Auswertungsm\u00f6glichkeiten sollten mit Excel oder einem \u00e4hnlichen Tabellenkalkulationsprogramm durchgef\u00fchrt werden. Die Aufgaben sind nach Spielvarianten aufgeteilt. Sie sind f\u00fcr alle angebotenen Spielversionen (I, II und e) gleicherma\u00dfen g\u00fcltig. Diese\u00a0 Auswertungen sind auf das Universit\u00e4tspraktikum &#8222;Grundkurs \u00d6kologie&#8220; zugeschnitten, in dem Andra das Spiel einsetzt, um wichtige Konzepte der Populations\u00f6kologie zu veranschaulichen. Schritt f\u00fcr &hellip; <a href=\"https:\/\/blogs.uni-bremen.de\/blattlausspiel\/spielauswertung\/\" class=\"more-link\"><span class=\"screen-reader-text\">Spielauswertung<\/span> weiterlesen <span class=\"meta-nav\">&rarr;<\/span><\/a><\/p>\n","protected":false},"author":3226,"featured_media":0,"parent":0,"menu_order":0,"comment_status":"open","ping_status":"open","template":"","meta":{"_bbp_topic_count":0,"_bbp_reply_count":0,"_bbp_total_topic_count":0,"_bbp_total_reply_count":0,"_bbp_voice_count":0,"_bbp_anonymous_reply_count":0,"_bbp_topic_count_hidden":0,"_bbp_reply_count_hidden":0,"_bbp_forum_subforum_count":0,"footnotes":""},"class_list":["post-42","page","type-page","status-publish","hentry"],"_links":{"self":[{"href":"https:\/\/blogs.uni-bremen.de\/blattlausspiel\/wp-json\/wp\/v2\/pages\/42","targetHints":{"allow":["GET"]}}],"collection":[{"href":"https:\/\/blogs.uni-bremen.de\/blattlausspiel\/wp-json\/wp\/v2\/pages"}],"about":[{"href":"https:\/\/blogs.uni-bremen.de\/blattlausspiel\/wp-json\/wp\/v2\/types\/page"}],"author":[{"embeddable":true,"href":"https:\/\/blogs.uni-bremen.de\/blattlausspiel\/wp-json\/wp\/v2\/users\/3226"}],"replies":[{"embeddable":true,"href":"https:\/\/blogs.uni-bremen.de\/blattlausspiel\/wp-json\/wp\/v2\/comments?post=42"}],"version-history":[{"count":10,"href":"https:\/\/blogs.uni-bremen.de\/blattlausspiel\/wp-json\/wp\/v2\/pages\/42\/revisions"}],"predecessor-version":[{"id":245,"href":"https:\/\/blogs.uni-bremen.de\/blattlausspiel\/wp-json\/wp\/v2\/pages\/42\/revisions\/245"}],"wp:attachment":[{"href":"https:\/\/blogs.uni-bremen.de\/blattlausspiel\/wp-json\/wp\/v2\/media?parent=42"}],"curies":[{"name":"wp","href":"https:\/\/api.w.org\/{rel}","templated":true}]}}