{"id":3,"date":"2015-01-26T14:12:38","date_gmt":"2015-01-26T14:12:38","guid":{"rendered":"http:\/\/blogs.uni-bremen.de\/blattlausspiel\/?page_id=2"},"modified":"2015-05-06T15:01:32","modified_gmt":"2015-05-06T13:01:32","slug":"beispiel-seite","status":"publish","type":"page","link":"https:\/\/blogs.uni-bremen.de\/blattlausspiel\/","title":{"rendered":"Das Blattlausspiel"},"content":{"rendered":"<p>Das Zusammenleben von Arten und die Dynamik von Populationen werden ma\u00dfgeblich durch R\u00e4uber-Beute Beziehungen und Konkurrenz von Organismen untereinander gepr\u00e4gt. Dabei sind die biotischen Interaktionen innerhalb einer Bioz\u00f6nose au\u00dferordentlich komplex. Im Unterricht ist es daher sinnvoll sich der Komplexit\u00e4t schrittweise zu n\u00e4hern.<\/p>\n<p>Im vorliegenden Spiel wird der Frage nachgegangen, wie sich die Dichte der Populationen einer Beuteart, und damit zusammenh\u00e4ngend die ihrer Pr\u00e4datoren, in einem begrenzten Habitat ver\u00e4ndert. Die Hauptakteure sind Blattl\u00e4use und einige ihrer nat\u00fcrlichen Gegenspieler:<\/p>\n<ul>\n<li>der europ\u00e4ische Marienk\u00e4fer, <em>Coccinella septempunctata<\/em><\/li>\n<li>der asiatische Marienk\u00e4fer, <em>Harmonia axyridis<\/em><\/li>\n<li>eine parasitische Wespe (Schlupfwespe), <em>Aphidius colemani<br \/>\n<\/em><\/li>\n<li>die Larve der Florfliege, <em>Chrysoperla carnea<\/em><\/li>\n<\/ul>\n<p>Dabei wirken die verschiedenen Pr\u00e4datorenarten in unterschiedlicher Art und Weise auf die Populationsdynamik ihrer Beute ein, machen sich teils Konkurrenz oder fressen sich auch gegenseitig (<em>intraguild-predation<\/em>).<\/p>\n<p>Die genannten Arten wurden aufgrund ihrer gegens\u00e4tzlichen Eigenschaften ausgew\u00e4hlt. Zudem spielen sie auch eine gro\u00dfe Rolle in der biologischen Bek\u00e4mpfung von Blattl\u00e4usen beispielsweise im Unterglasanbau und k\u00f6nnen zu diesem Zweck k\u00e4uflich erworben werden.<\/p>\n<p>Dies ist ein Gemeinschaftsprojekt von\u00a0<strong>Dr. D\u00f6rte Ostersehlt<\/strong> (FB02, Biologiedidaktik) und <strong>Dr. Andra Thiel<\/strong> (FB02, AG Populations-und Evolutions\u00f6kologie). Die Ursprungsidee des Spiels basiert auf der Arbeit von Klaus Carow, dessen W\u00fcrfelspiel (s. Carow 1996) wir aber grundlegend ver\u00e4ndert, erweitert und um zahlreiche Akteure und Interaktionen erg\u00e4nzt haben.<\/p>\n<p>Mit freundlicher Unterst\u00fctzung durch die Stiftung der Universit\u00e4t.<\/p>\n<p><a href=\"http:\/\/blogs.uni-bremen.de\/blattlausspiel\/files\/2015\/01\/UNI_Stiftungslogo__RGB.jpg\" data-rel=\"lightbox-image-0\" data-rl_title=\"\" data-rl_caption=\"\" title=\"\"><img loading=\"lazy\" decoding=\"async\" class=\"alignnone size-medium wp-image-13\" src=\"http:\/\/blogs.uni-bremen.de\/blattlausspiel\/files\/2015\/01\/UNI_Stiftungslogo__RGB-300x75.jpg\" alt=\"UNI_Stiftungslogo__RGB\" width=\"300\" height=\"75\" srcset=\"https:\/\/blogs.uni-bremen.de\/blattlausspiel\/files\/2015\/01\/UNI_Stiftungslogo__RGB-300x75.jpg 300w, https:\/\/blogs.uni-bremen.de\/blattlausspiel\/files\/2015\/01\/UNI_Stiftungslogo__RGB-1024x256.jpg 1024w\" sizes=\"auto, (max-width: 300px) 100vw, 300px\" \/><\/a><\/p>\n<p>&nbsp;<\/p>\n<p><sub>Das auf diesen Seiten vorgestellte Blattlausspiel, entwickelt von Dr. Andra Thiel und Dr. D\u00f6rte Ostersehlt, Universit\u00e4t Bremen, Fachbereich 02, ist, soweit nicht explizit anders angegeben, mit allen seinen Inhalten (Texten, Spielideen, Abbildungen, usw.) lizenziert unter einer <a href=\"http:\/\/creativecommons.org\/licenses\/by-sa\/4.0\/\" rel=\"license\">Creative Commons Namensnennung &#8211; Weitergabe unter gleichen Bedingungen 4.0 International Lizenz<\/a>.<\/sub><\/p>\n<p><a href=\"http:\/\/creativecommons.org\/licenses\/by-sa\/4.0\/\" rel=\"license\"><img loading=\"lazy\" decoding=\"async\" class=\"\" style=\"border-width: 0\" src=\"https:\/\/i.creativecommons.org\/l\/by-sa\/4.0\/88x31.png\" alt=\"Creative Commons Lizenzvertrag\" width=\"97\" height=\"34\" \/><\/a><\/p>\n","protected":false},"excerpt":{"rendered":"<p>Das Zusammenleben von Arten und die Dynamik von Populationen werden ma\u00dfgeblich durch R\u00e4uber-Beute Beziehungen und Konkurrenz von Organismen untereinander gepr\u00e4gt. Dabei sind die biotischen Interaktionen innerhalb einer Bioz\u00f6nose au\u00dferordentlich komplex. Im Unterricht ist es daher sinnvoll sich der Komplexit\u00e4t schrittweise zu n\u00e4hern. Im vorliegenden Spiel wird der Frage nachgegangen, wie sich die Dichte der Populationen &hellip; <a href=\"https:\/\/blogs.uni-bremen.de\/blattlausspiel\/\" class=\"more-link\"><span class=\"screen-reader-text\">Das Blattlausspiel<\/span> weiterlesen <span class=\"meta-nav\">&rarr;<\/span><\/a><\/p>\n","protected":false},"author":3226,"featured_media":0,"parent":0,"menu_order":0,"comment_status":"open","ping_status":"open","template":"","meta":{"_bbp_topic_count":0,"_bbp_reply_count":0,"_bbp_total_topic_count":0,"_bbp_total_reply_count":0,"_bbp_voice_count":0,"_bbp_anonymous_reply_count":0,"_bbp_topic_count_hidden":0,"_bbp_reply_count_hidden":0,"_bbp_forum_subforum_count":0,"footnotes":""},"class_list":["post-3","page","type-page","status-publish","hentry"],"_links":{"self":[{"href":"https:\/\/blogs.uni-bremen.de\/blattlausspiel\/wp-json\/wp\/v2\/pages\/3","targetHints":{"allow":["GET"]}}],"collection":[{"href":"https:\/\/blogs.uni-bremen.de\/blattlausspiel\/wp-json\/wp\/v2\/pages"}],"about":[{"href":"https:\/\/blogs.uni-bremen.de\/blattlausspiel\/wp-json\/wp\/v2\/types\/page"}],"author":[{"embeddable":true,"href":"https:\/\/blogs.uni-bremen.de\/blattlausspiel\/wp-json\/wp\/v2\/users\/3226"}],"replies":[{"embeddable":true,"href":"https:\/\/blogs.uni-bremen.de\/blattlausspiel\/wp-json\/wp\/v2\/comments?post=3"}],"version-history":[{"count":1,"href":"https:\/\/blogs.uni-bremen.de\/blattlausspiel\/wp-json\/wp\/v2\/pages\/3\/revisions"}],"predecessor-version":[{"id":94,"href":"https:\/\/blogs.uni-bremen.de\/blattlausspiel\/wp-json\/wp\/v2\/pages\/3\/revisions\/94"}],"wp:attachment":[{"href":"https:\/\/blogs.uni-bremen.de\/blattlausspiel\/wp-json\/wp\/v2\/media?parent=3"}],"curies":[{"name":"wp","href":"https:\/\/api.w.org\/{rel}","templated":true}]}}