{"id":191,"date":"2020-03-15T13:29:47","date_gmt":"2020-03-15T11:29:47","guid":{"rendered":"https:\/\/blogs.uni-bremen.de\/bildungslab\/?page_id=191"},"modified":"2020-03-15T21:31:30","modified_gmt":"2020-03-15T19:31:30","slug":"abgeschlossene-projekte","status":"publish","type":"page","link":"https:\/\/blogs.uni-bremen.de\/bildungslab\/abgeschlossene-projekte\/","title":{"rendered":"Abgeschlossene Projekte"},"content":{"rendered":"<p>Hier finden Sie Informationen zu abgeschlossenen Projekten<\/p>\n<p><a href=\"https:\/\/www.uni-bremen.de\/zflb\/projekte-forschung\/schnittstellen-gestalten-qualitaetsoffensive-lehrerbildung\/teilprojekte\/blended-open-online-courses-booc\/\"><strong>Teilprojekt 1 &#8222;Blended Open Online Courses&#8220; zu Forschungsmethoden in der Lehrerbildung:<\/strong><\/a>\u00a0BMBF, Teilprojekt 1 &#8222;BOOC&#8220; im Projekt &#8222;Schnittstellen gestalten &#8211; das Zukunftsprojekt f\u00fcr die Lehrerbildung an der Universit\u00e4t Bremen&#8220;, Unterprojekt Mediendidaktische und \u2013technische Gestaltung des MOOC, 2016-2019, Gesamtantrag gestellt durch Prof. Dr. Sabine Doff, anteilige Drittmittel <em>126.000,00\u20ac<\/em>.<\/p>\n<p><strong><a href=\"https:\/\/www.uni-bremen.de\/zflb\/projekte-forschung\/schnittstellen-gestalten-qualitaetsoffensive-lehrerbildung\/teilprojekte\/e-portfolio-pier\/\">Teilprojekt 2 &#8222;ePortfolio&#8220;<\/a>:<\/strong>\u00a0BMBF, Teilprojekt 2 &#8222;ePortfolio&#8220; im Projekt &#8222;Schnittstellen gestalten &#8211; das Zukunftsprojekt f\u00fcr die Lehrerbildung an der Universit\u00e4t&#8220;, Unterprojekt Mediendidaktische und \u2013technische Gestaltung des ePortfolio Systems, 2016-2019, Gesamtantrag gestellt durch Prof. Dr. Sabine Doff, anteilige Drittmittel <em>126.000,00\u20ac<\/em>.<\/p>\n<p><strong><a href=\"https:\/\/www.telekom-stiftung.de\/sites\/default\/files\/files\/Projektbeschreibungen-DLG.pdf\">Digitale Medien inklusive!:<\/a>\u00a0<\/strong>Telekom Stiftung, Digitale Medien inklusive!, 2016-2019, zusammen mit Prof. Dr. David Reid, Prof. Dr. Dagmar B\u00f6nig, u.a. Anteilige Drittmittel <em>30.000,00\u20ac.<\/em><\/p>\n<p><a href=\"https:\/\/blogs.uni-bremen.de\/caroprojekt\/\"><strong>CARO (Care Reflection Online) in den Pflegewissenschaften: Mediendidaktische Gestaltung eines Classroom Management Systems:\u00a0<\/strong><\/a>F\u00f6rderung durch BMBF,\u00a02016-2019, zusammen mit Prof. Dr. Ingrid Darmann-Finck,\u00a0Anteilige Drittmittel 230.000,00\u20ac.<\/p>\n<p><a href=\"https:\/\/blogs.uni-bremen.de\/bildungslab\/wp-admin\/post.php?post=81&amp;action=edit\"><strong>Digitale Br\u00fccken in den Beruf \u2013 Arbeitsgruppe auf dem IT-Gipfel 2016 der Bundesregierung in Saarbr\u00fccken<\/strong><\/a> am 16. November 2016, F\u00f6rderung durch BMBF. Einzelantrag. Anteilige Drittmittel <em>14.261,00\u20ac.<\/em><\/p>\n<p><a href=\"https:\/\/blogs.uni-bremen.de\/bildungslab\/wp-admin\/post.php?post=239&amp;action=edit\"><strong>Reinventing Subtitling for Language Learning in Vocational Education (ReSoLVE)<\/strong><\/a>, F\u00f6rderung durch EU, 2013-2015, zusammen mit Dr. Eileen L\u00fcbcke, Anteilige Drittmittel 30.000,00\u20ac.<\/p>\n<p><a href=\"https:\/\/www.kommunikative-figurationen.de\/de\/projekte\/creative-unit-kommunikative-figurationen\/\"><strong>Kommunikative Figurationen des individuellen Lernens in DIY und Gaming Communities<\/strong><\/a>,\u00a0Promotionsstelle f\u00fcr Mitarbeiterin, interne Forschungsf\u00f6rderung der Universit\u00e4t Bremen, 2012-2015, zusammen mit Prof. Dr. Andreas Hepp u.a.<\/p>\n<p><a href=\"https:\/\/www.qualifizierungdigital.de\/de\/lernenplus-382.php\"><strong>LernenPlus: Digitale Medienkompetenzf\u00f6rderung in der beruflichen Einstiegsqualifizierung<\/strong><\/a>, Teilvorhaben: Entwicklung systematischer Instrumente zur Medienkompetenzf\u00f6rderung im Kontext betrieblicher Berufsvorbereitung, F\u00f6rderung durch BMBF, 2012-2015, Verbundantrag zusammen mit Prof. Michael Gessler und Prof. Andreas Breiter. Anteilige Drittmittel <em>302.205,00\u20ac<\/em>.<\/p>\n<p><a href=\"https:\/\/www.ascot-vet.net\/de\/forschungsinitiative-ascot-2011-2015.html\"><strong>Modellierung und Messung dom\u00e4nensprezifischer Probleml\u00f6sekompetenz bei Industriekaufleuten (DomPL-IK); Teilvorhaben: Entwicklung der Testumgebung TeBaDoSLA<\/strong><\/a>, F\u00f6rderung durch BMBF,2011-2014, Verbundantrag zusammen mit Prof. Detlef Sembill, Prof. Evelin Wuttke, Prof. J\u00fcrgen Seifried, Dr. Thomas Martens. Anteilige Drittmittel <em>152.114,00\u20ac<\/em>. (siehe auch <a href=\"https:\/\/books.google.de\/books?id=lEieDwAAQBAJ&amp;pg=PA119&amp;dq=bmbf+domplik&amp;hl=de&amp;source=gbs_toc_r&amp;cad=3#v=onepage&amp;q=bmbf%20domplik&amp;f=false\">folgende Publikation<\/a>)<\/p>\n<p><a href=\"https:\/\/blogs.uni-bremen.de\/bildungslab\/draufhaber-tv-naechste-schritte\/\"><strong>draufhaber.tv \u2013 Teilprojekt 1: Medien- und berufsp\u00e4dagogische Begleitforschung und Verbundkoordination<\/strong><\/a>, 2009-2012, Verbundantrag zusammen mit Prof. Michael Gessler und Prof. Dr. Andreas Breiter. Anteilige Drittmittel <em>682.481,00\u20ac<\/em>.<\/p>\n<p><a href=\"https:\/\/www.ew.uni-hamburg.de\/einrichtungen\/ew3\/erwachsenenbildung-und-lebenslanges-lernen\/projekte\/abgeschlossene-projekte\/lea-arbeitskraefte.html\"><strong>Workforce Literacy Development: Teilprojekt Entwicklung eines erwachsenengerechten Self- und E-Assessment<\/strong><\/a>, F\u00f6rderung durch BMBF, 2008-2010, Verbundantrag zusammen mit Prof. Dr. Anke Grotl\u00fcschen, Prof. Dr. Michael Gessler, Prof. Dr. Eva Quante-Brandt, Prof. Dr. Rudolf Kretschmann. Anteilige Drittmittel <em>197.165,00\u20ac<\/em>.<\/p>\n","protected":false},"excerpt":{"rendered":"<p>Hier finden Sie Informationen zu abgeschlossenen Projekten Teilprojekt 1 &#8222;Blended Open Online Courses&#8220; zu Forschungsmethoden in der Lehrerbildung:\u00a0BMBF, Teilprojekt 1 &#8222;BOOC&#8220; im Projekt &#8222;Schnittstellen gestalten &#8211; das Zukunftsprojekt f\u00fcr die Lehrerbildung an der Universit\u00e4t Bremen&#8220;, Unterprojekt Mediendidaktische und \u2013technische Gestaltung des MOOC, 2016-2019, Gesamtantrag gestellt durch Prof. Dr. Sabine Doff, anteilige Drittmittel 126.000,00\u20ac. Teilprojekt 2 &hellip; <a href=\"https:\/\/blogs.uni-bremen.de\/bildungslab\/abgeschlossene-projekte\/\" class=\"more-link\"><span class=\"screen-reader-text\">Abgeschlossene Projekte<\/span> weiterlesen <span class=\"meta-nav\">&rarr;<\/span><\/a><\/p>\n","protected":false},"author":31,"featured_media":0,"parent":0,"menu_order":0,"comment_status":"closed","ping_status":"closed","template":"","meta":{"_bbp_topic_count":0,"_bbp_reply_count":0,"_bbp_total_topic_count":0,"_bbp_total_reply_count":0,"_bbp_voice_count":0,"_bbp_anonymous_reply_count":0,"_bbp_topic_count_hidden":0,"_bbp_reply_count_hidden":0,"_bbp_forum_subforum_count":0,"footnotes":""},"class_list":["post-191","page","type-page","status-publish","hentry"],"_links":{"self":[{"href":"https:\/\/blogs.uni-bremen.de\/bildungslab\/wp-json\/wp\/v2\/pages\/191","targetHints":{"allow":["GET"]}}],"collection":[{"href":"https:\/\/blogs.uni-bremen.de\/bildungslab\/wp-json\/wp\/v2\/pages"}],"about":[{"href":"https:\/\/blogs.uni-bremen.de\/bildungslab\/wp-json\/wp\/v2\/types\/page"}],"author":[{"embeddable":true,"href":"https:\/\/blogs.uni-bremen.de\/bildungslab\/wp-json\/wp\/v2\/users\/31"}],"replies":[{"embeddable":true,"href":"https:\/\/blogs.uni-bremen.de\/bildungslab\/wp-json\/wp\/v2\/comments?post=191"}],"version-history":[{"count":3,"href":"https:\/\/blogs.uni-bremen.de\/bildungslab\/wp-json\/wp\/v2\/pages\/191\/revisions"}],"predecessor-version":[{"id":472,"href":"https:\/\/blogs.uni-bremen.de\/bildungslab\/wp-json\/wp\/v2\/pages\/191\/revisions\/472"}],"wp:attachment":[{"href":"https:\/\/blogs.uni-bremen.de\/bildungslab\/wp-json\/wp\/v2\/media?parent=191"}],"curies":[{"name":"wp","href":"https:\/\/api.w.org\/{rel}","templated":true}]}}