{"id":3,"date":"2017-07-23T16:33:37","date_gmt":"2017-07-23T14:33:37","guid":{"rendered":"https:\/\/blogs.uni-bremen.de\/bascilab\/?page_id=2"},"modified":"2026-01-26T22:54:34","modified_gmt":"2026-01-26T21:54:34","slug":"beispiel-seite","status":"publish","type":"page","link":"https:\/\/blogs.uni-bremen.de\/bascilab\/","title":{"rendered":"BaSci Lab Biologie"},"content":{"rendered":"<p>&nbsp;<\/p>\n<table style=\"height: 98px;width: 98.8525%\">\n<tbody>\n<tr>\n<td style=\"width: 87.0579%\"><span style=\"color: #008000\"><strong>Willkom<\/strong><strong>men auf der Website des B<\/strong><strong>aSci Lab Biologie <\/strong><\/span><span style=\"color: #008000\"><strong>der Universit\u00e4t\u00a0 Bremen!<\/strong><\/span><\/td>\n<td style=\"width: 46.5385%\"><a href=\"https:\/\/blogs.uni-bremen.de\/bascilab\/modul-nordsee\/\"><img loading=\"lazy\" decoding=\"async\" class=\"wp-image-157 alignright\" src=\"https:\/\/blogs.uni-bremen.de\/bascilab\/files\/2017\/07\/Folie2.jpg\" alt=\"\" width=\"73\" height=\"58\" \/><\/a><\/td>\n<\/tr>\n<\/tbody>\n<\/table>\n<p><strong>Backstage Science<\/strong> (BaSci) ist ein Projekt der Arbeitsgruppe Biologiedidaktik zur Unterst\u00fctzung des naturwissenschaftlichen Unterrichts im Lande Bremen. Dazu wurde das BaSci Lehr-Lern-Labor f\u00fcr Sch\u00fcler:innen der Sekundarstufe 1 und 2 eingerichtet. Das Labor wurde vom 1. Januar 2010 bis 31. Dezember 2024 betrieben und war im bundesweiten Katalog Lernort Labor (LeLa) gelistet.<\/p>\n<table style=\"border-collapse: collapse;width: 100%\">\n<tbody>\n<tr>\n<td style=\"width: 50%\"><img decoding=\"async\" src=\"https:\/\/blogs.uni-bremen.de\/bascilab\/files\/2017\/07\/2008-01-01-00.00.00-87-225x300.jpg\" \/><\/p>\n<p>Ein Blick ins Forschungslabor c) Elster<\/td>\n<td style=\"width: 50%\">Weitere Informationen:<\/p>\n<p><a href=\"https:\/\/blogs.uni-bremen.de\/bascilab\/files\/Elster_LeLa_2018_bremen.pdf\">Das BaSci Lab Biologie<\/a><\/td>\n<\/tr>\n<\/tbody>\n<\/table>\n<p>Die im <strong>BaSci Lehr-Lern-Labor<\/strong> angebotenen Module umfassen 4-6 Stunden und orientieren sich an Methoden des forschenden Lernens in gesellschaftsrelevanten Kontexten (IBSE).\u00a0Die Inhalte der Module wurden in fachdidaktischen Lehrveranstaltungen in einer Kooperation von Fachdidaktiker:innen und Fachwissenschaftler:innen und Studierenden entwickelt und im Rahmen von Master- und Promotionsarbeiten betreut von Prof. Elster durchgef\u00fchrt und evaluiert.\u00a0Ziele der BaSci Module sind die F\u00f6rderung des Interesses an den Naturwissenschaften, der fachbezogenen Kommunikation und der Bewertungskompetenz, die Vermittlung von Fachwissen und \u2013 speziell in den Oberstufenklassen \u2013 die Entfaltung von Wissenschaftsverst\u00e4ndnis.<\/p>\n<p><strong>Auswahl einiger Module f\u00fcr die Oberstufe:<\/strong><br \/>\nModul Molekularbiologie<\/p>\n<p>Modul Leuk\u00e4mie und Stammzellenspende<\/p>\n<p>Modul Lernexperimente mit Ratten<\/p>\n<p><strong>Auswahl einiger Module f\u00fcr die Sekundarstufe 1:<\/strong><br \/>\nPlanspiel Nordsee &#8211; Biodiversit\u00e4t im Wattenmeer<\/p>\n<p>Lebensraum Moore<\/p>\n<p>Modul Nachwachsende Rohstoffe<\/p>\n<p><span style=\"color: #ff0000\"><strong>Die Seite wird derzeit neu aufgebaut um die Ergebnisse aus den Entwicklungs- und Forschungsarbeiten\u00a0 Interessierten zur Verf\u00fcgung zu stellen.<\/strong><\/span><\/p>\n<p>Bei Interesse nehmen Sie bitte Kontakt auf:<\/p>\n<p><strong>Prof. Dr. Doris Elster\u00a0<\/strong> \u00a0&#x64;&#x6f;&#x72;&#x69;&#x73;&#x2e;&#x65;&#x6c;&#x73;&#x74;&#x65;&#x72;&#x40;&#x75;&#x6e;&#x69;&#x2d;&#x62;&#x72;&#x65;&#x6d;&#x65;&#x6e;&#x2e;&#x64;&#x65;<\/p>\n","protected":false},"excerpt":{"rendered":"<p>&nbsp; Willkommen auf der Website des BaSci Lab Biologie der Universit\u00e4t\u00a0 Bremen! Backstage Science (BaSci) ist ein Projekt der Arbeitsgruppe Biologiedidaktik zur Unterst\u00fctzung des naturwissenschaftlichen Unterrichts im Lande Bremen. Dazu wurde das BaSci Lehr-Lern-Labor f\u00fcr Sch\u00fcler:innen der Sekundarstufe 1 und 2 eingerichtet. Das Labor wurde vom 1. Januar 2010 bis 31. Dezember 2024 betrieben und [&hellip;]<\/p>\n","protected":false},"author":5107,"featured_media":0,"parent":0,"menu_order":1,"comment_status":"closed","ping_status":"closed","template":"","meta":{"_bbp_topic_count":0,"_bbp_reply_count":0,"_bbp_total_topic_count":0,"_bbp_total_reply_count":0,"_bbp_voice_count":0,"_bbp_anonymous_reply_count":0,"_bbp_topic_count_hidden":0,"_bbp_reply_count_hidden":0,"_bbp_forum_subforum_count":0,"footnotes":""},"class_list":["post-3","page","type-page","status-publish","hentry"],"_links":{"self":[{"href":"https:\/\/blogs.uni-bremen.de\/bascilab\/wp-json\/wp\/v2\/pages\/3","targetHints":{"allow":["GET"]}}],"collection":[{"href":"https:\/\/blogs.uni-bremen.de\/bascilab\/wp-json\/wp\/v2\/pages"}],"about":[{"href":"https:\/\/blogs.uni-bremen.de\/bascilab\/wp-json\/wp\/v2\/types\/page"}],"author":[{"embeddable":true,"href":"https:\/\/blogs.uni-bremen.de\/bascilab\/wp-json\/wp\/v2\/users\/5107"}],"replies":[{"embeddable":true,"href":"https:\/\/blogs.uni-bremen.de\/bascilab\/wp-json\/wp\/v2\/comments?post=3"}],"version-history":[{"count":10,"href":"https:\/\/blogs.uni-bremen.de\/bascilab\/wp-json\/wp\/v2\/pages\/3\/revisions"}],"predecessor-version":[{"id":264,"href":"https:\/\/blogs.uni-bremen.de\/bascilab\/wp-json\/wp\/v2\/pages\/3\/revisions\/264"}],"wp:attachment":[{"href":"https:\/\/blogs.uni-bremen.de\/bascilab\/wp-json\/wp\/v2\/media?parent=3"}],"curies":[{"name":"wp","href":"https:\/\/api.w.org\/{rel}","templated":true}]}}