{"id":6,"date":"2013-04-24T12:41:24","date_gmt":"2013-04-24T10:41:24","guid":{"rendered":"http:\/\/blogs.uni-bremen.de\/barriere\/?page_id=6"},"modified":"2014-07-18T04:15:37","modified_gmt":"2014-07-18T02:15:37","slug":"einmal-im-monat-eine-barriere","status":"publish","type":"page","link":"https:\/\/blogs.uni-bremen.de\/barriere\/","title":{"rendered":"Einmal im Monat eine Barriere"},"content":{"rendered":"<p>An der Universit\u00e4t Bremen gibt es eine <strong>Vielfalt von Barrieren<\/strong> \u2013 soziale ebenso wie bauliche und didaktische. Die Interessengemeinschaft Handicap sammelt hier eine Barriere pro Monat. Studierende und weitere Interessierte k\u00f6nnen uns <strong>Vorschl\u00e4ge<\/strong> machen oder <strong>selbst Beitr\u00e4ge erstellen. <\/strong><\/p>\n<p>Das Projekt startet im April 2013, wir hoffen im April 2014 dann eine <strong>aussagekr\u00e4ftige Sammlung<\/strong> erstellt zu haben.<\/p>\n<p><strong>Update Juli 2014:<\/strong> Wir wurden von unseren eigenen Projekten \u00fcberrollt \ud83d\ude00 In den vergangenen Monaten haben wir unser Projekt <a href=\"http:\/\/www.uni-bremen.de\/lob\">&#8222;LoB &#8211; Lernen ohne Barrieren&#8220;<\/a>, das Ausstellungprojekt <a href=\"http:\/\/www.uni-bremen.de\/allinclusive\">&#8222;all inclusive&#8220;<\/a> und das Kartenprojekt <a href=\"http:\/\/www.uni-bremen.de\/campus-barrierefrei\">&#8222;Ariadne&#8220;<\/a> erfolgreich ver\u00f6ffentlichen k\u00f6nnen. Au\u00dferdem werden auch im Rahmen des <a href=\"http:\/\/www.uni-bremen.de\/aktionsplaninklusion\">Aktionsplans Inklusion der Universit\u00e4t Bremen<\/a> viele unserer Themen behandelt.<\/p>\n<p>Viele Inhalte, die f\u00fcr diesen Blog geplant waren, wurden und werden bei diesen Projekten bereits bearbeitet. Wir haben daher diesen Blog ruhen gelassen und werden im Wintersemester 2014\/15 die hier bisher ver\u00f6ffentlichten Artikel anderweitig weiterverwenden.<\/p>\n<p>beste Gr\u00fc\u00dfe,<\/p>\n<p>das Team der Interessengemeinschaft Handicap<\/p>\n<p>&nbsp;<\/p>\n","protected":false},"excerpt":{"rendered":"<p>An der Universit\u00e4t Bremen gibt es eine Vielfalt von Barrieren \u2013 soziale ebenso wie bauliche und didaktische. Die Interessengemeinschaft Handicap sammelt hier eine Barriere pro Monat. Studierende und weitere Interessierte k\u00f6nnen uns Vorschl\u00e4ge machen oder selbst Beitr\u00e4ge erstellen. Das Projekt startet im April 2013, wir hoffen im April 2014 dann eine aussagekr\u00e4ftige Sammlung erstellt zu [&hellip;]<\/p>\n","protected":false},"author":560,"featured_media":0,"parent":0,"menu_order":0,"comment_status":"closed","ping_status":"closed","template":"","meta":{"_bbp_topic_count":0,"_bbp_reply_count":0,"_bbp_total_topic_count":0,"_bbp_total_reply_count":0,"_bbp_voice_count":0,"_bbp_anonymous_reply_count":0,"_bbp_topic_count_hidden":0,"_bbp_reply_count_hidden":0,"_bbp_forum_subforum_count":0,"footnotes":""},"class_list":["post-6","page","type-page","status-publish","hentry"],"_links":{"self":[{"href":"https:\/\/blogs.uni-bremen.de\/barriere\/wp-json\/wp\/v2\/pages\/6","targetHints":{"allow":["GET"]}}],"collection":[{"href":"https:\/\/blogs.uni-bremen.de\/barriere\/wp-json\/wp\/v2\/pages"}],"about":[{"href":"https:\/\/blogs.uni-bremen.de\/barriere\/wp-json\/wp\/v2\/types\/page"}],"author":[{"embeddable":true,"href":"https:\/\/blogs.uni-bremen.de\/barriere\/wp-json\/wp\/v2\/users\/560"}],"replies":[{"embeddable":true,"href":"https:\/\/blogs.uni-bremen.de\/barriere\/wp-json\/wp\/v2\/comments?post=6"}],"version-history":[{"count":1,"href":"https:\/\/blogs.uni-bremen.de\/barriere\/wp-json\/wp\/v2\/pages\/6\/revisions"}],"predecessor-version":[{"id":26,"href":"https:\/\/blogs.uni-bremen.de\/barriere\/wp-json\/wp\/v2\/pages\/6\/revisions\/26"}],"wp:attachment":[{"href":"https:\/\/blogs.uni-bremen.de\/barriere\/wp-json\/wp\/v2\/media?parent=6"}],"curies":[{"name":"wp","href":"https:\/\/api.w.org\/{rel}","templated":true}]}}