{"id":55,"date":"2016-01-14T23:28:02","date_gmt":"2016-01-14T22:28:02","guid":{"rendered":"https:\/\/blogs.uni-bremen.de\/barbararoviro\/?page_id=55"},"modified":"2016-02-06T12:27:01","modified_gmt":"2016-02-06T11:27:01","slug":"lehre","status":"publish","type":"page","link":"https:\/\/blogs.uni-bremen.de\/barbararoviro\/lehre\/","title":{"rendered":"Lehre"},"content":{"rendered":"<h4><strong>Universit\u00e4re Lehre<\/strong><\/h4>\n<p>Ich lehre am <strong><a href=\"http:\/\/www.fb10.uni-bremen.de\/romanistik\/\" target=\"_blank\">Fachbereich 10: Sprach- und Literaturwissenschaften<\/a><\/strong> der Universit\u00e4t Bremen im Arbeitsbereich Didaktik der romanischen Sprachen (Schwerpunkt Fachdidaktik Spanisch).<\/p>\n<p>Im <strong><a href=\"http:\/\/dbs.uni-bremen.de\/sixcms\/detail.php?id=24360&amp;template=fach_neu\" target=\"_blank\">B.A. Hispanistik \/ Spanisch mit Lehramtsoption<\/a><\/strong> bin ich Modulverantwortliche f\u00fcr das FD1 Basismodul und das FD2 Aufbaumodul Fachdidaktik inkl. der Praxisorientierten Elemente.<\/p>\n<p>Auch lehre ich im <strong><a href=\"http:\/\/dbs.uni-bremen.de\/sixcms\/detail.php?id=26641&amp;template=fach_neu\" target=\"_blank\">M.Ed. Spanisch<\/a><\/strong> in den Modulen FD3 Lernbedingungen und Innovationen im Spanischunterricht und FD4 Diagnose und Bewertung im Spanischunterricht. Dar\u00fcber hinaus bin ich Modulverantwortliche des Fachdidaktischen Praxismoduls Spanisch und betreue in diesem Rahmen das Praxissemester.<\/p>\n<p>Informationen zu aktuellen und zuk\u00fcnftigen Lehrveranstaltungen finden Sie <a href=\"http:\/\/www.uni-bremen.de\/studium\/lehrveranstaltungen\/veranstaltungsverzeichnis.html?tx_hbulvp_pi1[module]=45c09bf2d223726678a3e3d219920de8&amp;tx_hbulvp_pi1[sem]=23\" target=\"_blank\"><strong>hier<\/strong><\/a> (B.A.) und <strong><a href=\"http:\/\/www.uni-bremen.de\/studium\/lehrveranstaltungen\/veranstaltungsverzeichnis.html?tx_hbulvp_pi1[module]=d38d205edcddb8079c984698c3799cba&amp;tx_hbulvp_pi1[sem]=23\" target=\"_blank\">hier<\/a><\/strong> (M.Ed.).<\/p>\n<h4><strong>Fortbildungen<\/strong><\/h4>\n<p>Auch biete ich regelm\u00e4\u00dfig Fortbildungen f\u00fcr Spanischlehrkr\u00e4fte an.<\/p>\n","protected":false},"excerpt":{"rendered":"<p>Universit\u00e4re Lehre Ich lehre am Fachbereich 10: Sprach- und Literaturwissenschaften der Universit\u00e4t Bremen im Arbeitsbereich Didaktik der romanischen Sprachen (Schwerpunkt Fachdidaktik Spanisch). Im B.A. Hispanistik \/ Spanisch mit Lehramtsoption bin ich Modulverantwortliche f\u00fcr das FD1 Basismodul und das FD2 Aufbaumodul Fachdidaktik inkl. der Praxisorientierten Elemente. Auch lehre ich im M.Ed. Spanisch in den Modulen FD3 [&hellip;]<\/p>\n","protected":false},"author":5363,"featured_media":0,"parent":0,"menu_order":2,"comment_status":"closed","ping_status":"closed","template":"","meta":{"_bbp_topic_count":0,"_bbp_reply_count":0,"_bbp_total_topic_count":0,"_bbp_total_reply_count":0,"_bbp_voice_count":0,"_bbp_anonymous_reply_count":0,"_bbp_topic_count_hidden":0,"_bbp_reply_count_hidden":0,"_bbp_forum_subforum_count":0,"footnotes":""},"class_list":["post-55","page","type-page","status-publish","hentry"],"_links":{"self":[{"href":"https:\/\/blogs.uni-bremen.de\/barbararoviro\/wp-json\/wp\/v2\/pages\/55","targetHints":{"allow":["GET"]}}],"collection":[{"href":"https:\/\/blogs.uni-bremen.de\/barbararoviro\/wp-json\/wp\/v2\/pages"}],"about":[{"href":"https:\/\/blogs.uni-bremen.de\/barbararoviro\/wp-json\/wp\/v2\/types\/page"}],"author":[{"embeddable":true,"href":"https:\/\/blogs.uni-bremen.de\/barbararoviro\/wp-json\/wp\/v2\/users\/5363"}],"replies":[{"embeddable":true,"href":"https:\/\/blogs.uni-bremen.de\/barbararoviro\/wp-json\/wp\/v2\/comments?post=55"}],"version-history":[{"count":2,"href":"https:\/\/blogs.uni-bremen.de\/barbararoviro\/wp-json\/wp\/v2\/pages\/55\/revisions"}],"predecessor-version":[{"id":337,"href":"https:\/\/blogs.uni-bremen.de\/barbararoviro\/wp-json\/wp\/v2\/pages\/55\/revisions\/337"}],"wp:attachment":[{"href":"https:\/\/blogs.uni-bremen.de\/barbararoviro\/wp-json\/wp\/v2\/media?parent=55"}],"curies":[{"name":"wp","href":"https:\/\/api.w.org\/{rel}","templated":true}]}}