{"id":47,"date":"2016-01-14T23:24:36","date_gmt":"2016-01-14T22:24:36","guid":{"rendered":"https:\/\/blogs.uni-bremen.de\/barbararoviro\/?page_id=47"},"modified":"2016-02-06T12:51:40","modified_gmt":"2016-02-06T11:51:40","slug":"forschung","status":"publish","type":"page","link":"https:\/\/blogs.uni-bremen.de\/barbararoviro\/forschung\/","title":{"rendered":"Forschung"},"content":{"rendered":"<p><span style=\"text-decoration: underline\"><strong>Forschungsschwerpunkte<\/strong><\/span><\/p>\n<ul>\n<li>Sprache, Sprachkontakt und Migration<\/li>\n<li>Spracherwerb und Mehrsprachigkeit<\/li>\n<li>Wortschatz und Grammatik im FSU<\/li>\n<li>Authentizit\u00e4t im FSU<\/li>\n<li>Film im FSU<\/li>\n<\/ul>\n<p><span style=\"text-decoration: underline\"><strong>F\u00f6rderprojekte<\/strong><\/span><\/p>\n<ul>\n<li>Mitantragstellerin (Projektleitung) der Creative Unit der Universit\u00e4t Bremen FaBiT: Fachbezogene Bildungswissenschaften in Transformation (<a href=\"http:\/\/www.uni-bremen.de\/cu-fabit.html\" target=\"_blank\">http:\/\/www.uni-bremen.de\/cu-fabit.html<\/a>).\n<div>Gef\u00f6rdert im Rahmen der Exzellenzinitiative der Universit\u00e4t Bremen.<\/div>\n<div>Laufzeit: 2014 \u2013 2017<\/div>\n<\/li>\n<li>Mitantragstellerin der Projektgruppe: Forschendes Studieren in der Didaktik der romanischen Sprachen an der Universit\u00e4t Bremen: Design-Based Research (F\u00f6rderprojekt ForstA).\n<div>Gef\u00f6rdert im Rahmen der Exzellenzinitiative der Universit\u00e4t Bremen.<\/div>\n<div>Laufzeit: 2014 \u2013 2016<\/div>\n<\/li>\n<li>ZMML Kleinf\u00f6rderung \u201eDidaktische eLearning-Szenarien \u2013 Anwendungsszenarien mit StudIP\u201c: E-Klausuren f\u00fcr die Anfangsmodule in der Didaktik der romanischen Sprachen. Laufzeit: 2012<\/li>\n<li>ZMML Projektausschreibung StudIP-<em>Anwendungsszenarien<\/em>: Portfolio f\u00fcr die Didaktik Spanisch (ELMO),\u00a0Laufzeit: 2008<\/li>\n<\/ul>\n<p><span style=\"text-decoration: underline\"><strong>Stipendien<\/strong><\/span><\/p>\n<p>2006 &#8211; 2007 STIBET\u00a0Stipendiatin des DAAD<\/p>\n<p><span style=\"text-decoration: underline\"><strong>Vortr\u00e4ge<\/strong><\/span><\/p>\n<p>Dieser Punkt befindet sich im Aufbau.<\/p>\n<p><span style=\"text-decoration: underline\"><strong>Tagungsorganisation<\/strong><\/span><\/p>\n<p>Dieser Punkt befindet sich im Aufbau.<\/p>\n","protected":false},"excerpt":{"rendered":"<p>Forschungsschwerpunkte Sprache, Sprachkontakt und Migration Spracherwerb und Mehrsprachigkeit Wortschatz und Grammatik im FSU Authentizit\u00e4t im FSU Film im FSU F\u00f6rderprojekte Mitantragstellerin (Projektleitung) der Creative Unit der Universit\u00e4t Bremen FaBiT: Fachbezogene Bildungswissenschaften in Transformation (http:\/\/www.uni-bremen.de\/cu-fabit.html). Gef\u00f6rdert im Rahmen der Exzellenzinitiative der Universit\u00e4t Bremen. Laufzeit: 2014 \u2013 2017 Mitantragstellerin der Projektgruppe: Forschendes Studieren in der Didaktik der [&hellip;]<\/p>\n","protected":false},"author":5363,"featured_media":0,"parent":0,"menu_order":3,"comment_status":"closed","ping_status":"closed","template":"","meta":{"_bbp_topic_count":0,"_bbp_reply_count":0,"_bbp_total_topic_count":0,"_bbp_total_reply_count":0,"_bbp_voice_count":0,"_bbp_anonymous_reply_count":0,"_bbp_topic_count_hidden":0,"_bbp_reply_count_hidden":0,"_bbp_forum_subforum_count":0,"footnotes":""},"class_list":["post-47","page","type-page","status-publish","hentry"],"_links":{"self":[{"href":"https:\/\/blogs.uni-bremen.de\/barbararoviro\/wp-json\/wp\/v2\/pages\/47","targetHints":{"allow":["GET"]}}],"collection":[{"href":"https:\/\/blogs.uni-bremen.de\/barbararoviro\/wp-json\/wp\/v2\/pages"}],"about":[{"href":"https:\/\/blogs.uni-bremen.de\/barbararoviro\/wp-json\/wp\/v2\/types\/page"}],"author":[{"embeddable":true,"href":"https:\/\/blogs.uni-bremen.de\/barbararoviro\/wp-json\/wp\/v2\/users\/5363"}],"replies":[{"embeddable":true,"href":"https:\/\/blogs.uni-bremen.de\/barbararoviro\/wp-json\/wp\/v2\/comments?post=47"}],"version-history":[{"count":5,"href":"https:\/\/blogs.uni-bremen.de\/barbararoviro\/wp-json\/wp\/v2\/pages\/47\/revisions"}],"predecessor-version":[{"id":349,"href":"https:\/\/blogs.uni-bremen.de\/barbararoviro\/wp-json\/wp\/v2\/pages\/47\/revisions\/349"}],"wp:attachment":[{"href":"https:\/\/blogs.uni-bremen.de\/barbararoviro\/wp-json\/wp\/v2\/media?parent=47"}],"curies":[{"name":"wp","href":"https:\/\/api.w.org\/{rel}","templated":true}]}}