{"id":205,"date":"2016-02-04T13:32:57","date_gmt":"2016-02-04T12:32:57","guid":{"rendered":"https:\/\/blogs.uni-bremen.de\/barbararoviro\/?page_id=205"},"modified":"2025-10-03T11:02:46","modified_gmt":"2025-10-03T09:02:46","slug":"aktuelles","status":"publish","type":"page","link":"https:\/\/blogs.uni-bremen.de\/barbararoviro\/","title":{"rendered":"Aktuelles"},"content":{"rendered":"<p><strong>7.-20. Juli 2024<\/strong><br \/>\nKoordination des <strong>Osterreichisch-Katalanisches Sommerkolleg 2024<\/strong> (Info <a href=\"https:\/\/homepage.univie.ac.at\/max.doppelbauer\/?page_id=18\">hier<\/a>)<\/p>\n<p><strong>VORTRAG<\/strong> auf den <a href=\"https:\/\/www.uni-potsdam.de\/de\/jornadas2024\/bienvenida\"><strong>Jornadas Hisp\u00e1nicas 2024<\/strong><\/a> an der Universit\u00e4t Potsdam<br \/>\nSamstag, 16. M\u00e4rz 2024 &#8211; Motivation im Spanischunterricht: Schl\u00fcsselmomente<\/p>\n<p>Am 11. Februar 2022 haben wir das<strong> Denkort Bunker Valentin<\/strong> besucht! <a href=\"https:\/\/blogs.uni-bremen.de\/barbararoviro\/exkursionen\/exkursion-2\/\">Mehr&#8230;<\/a><\/p>\n<h3>WinATutor 2022 Projekt FLIPP THE FL-CLASS!<\/h3>\n<p>Das Projekt hat eine Laufzeit von 5 Monaten (SoSe 2022) und wird vom ZMML gef\u00f6rdert, um ein Lernszenario zu entwickeln, mit welchem Spanisch-Studierende zu Beginn des Master of Education gr\u00f6\u00dftenteils im Selbststudium, aber unter fachlicher Monitorisierung, ihre Medienkompetenz im Bereich der Erstellung von fachspezifischen Erkl\u00e4rvideos f\u00fcr den schulischen Fremdsprachenunterricht weiter entfalten.<br \/>\nLeitung: B\u00e0rbara Rovir\u00f3, Mitarbeit: Anastasia Sverdlova (eTutorin)<\/p>\n<h3>FD1 Klausurtermin WiSe 21\/22<\/h3>\n<p>Die FD1 Klausur in diesem WiSe 21\/22 wird am Mittwoch, den 16. Februar 2022 von 10 bis 12 Uhr stattfinden. Sie wird digital stattfinden. Bitte denken Sie daran, sich rechtzeitig bei PABO daf\u00fcr anzumelden, ansonsten muss ich Ihnen leider die Klausurteilnahme verweigern.<\/p>\n<h3>Zur Lehre im WiSe 21\/22<\/h3>\n<p>Meine gesamte Lehre im kommenden WiSe 21\/22 wird, sofern es die pandemische Situation zul\u00e4sst, \u00fcberwiegend in Pr\u00e4senz mit asynchronen Anteilen stattfinden. Die Kommunikation l\u00e4uft weiterhin \u00fcber StudIP, bitte tragen Sie sich in die entsprechenden Veranstaltungen ein, um nach und nach alle Informationen zu erhalten.<\/p>\n<h3>Zur Abgabe von Hausarbeiten und Portfolios<\/h3>\n<p>Alle HA und PF aus Veranstaltungen aus dem laufenden SoSe 2021 m\u00fcssen im entsprechenden Abgabeordner in der betroffenen Veranstaltungen fristgerecht abgegeben werden.<\/p>\n<p>HA und PF aus den vergangenen Semestern werden per Mail digital eingereicht.<\/p>\n<h3>Lehre im WiSe 20\/21<\/h3>\n<p>Die Vorbereitungen f\u00fcr das n\u00e4chste Semester (WiSe 20\/21) laufen. Derzeit k\u00f6nnen Sie davon ausgehen, dass meine Lehre \u00fcberwiegend virtuell stattfinden sind, sowohl synchron als auch asynchron. Bitte tragen Sie sich fr\u00fchzeitig bei StudIP ein, um sicher zu stellen, dass Sie alle Informationen erhalten.<\/p>\n<h3><span style=\"color: #ff0000\">#yomequedoencasa<\/span><\/h3>\n<h3><span style=\"color: #ff0000\">Infos f\u00fcr Studierende zur aktuellen Situation im SoSe 2020<\/span><\/h3>\n<ol>\n<li>Es ist in diesem Semester aus gegebenem Anlass unerl\u00e4sslich, sich bei <span style=\"color: #ff0000\"><strong>StudIP<\/strong><\/span> f\u00fcr die Lehrveranstaltungen im SoSe 2020 einzutragen. StudIP wird in diesem Semester als vorrangige asynchrone Kommunikationsplattform dienen.<\/li>\n<li>Meine <span style=\"color: #ff0000\"><strong>Sprechstunde<\/strong><\/span> findet per online (via Zoom) oder in Einzelf\u00e4llen telefonisch nach Absprache statt. Bitte melden Sie sich f\u00fcr Sprechstundentermine bei<span style=\"color: #ff0000\"><strong> StudIP (Mein Profil)<\/strong> <\/span>an.<\/li>\n<li>Meine <span style=\"color: #ff0000\"><strong>Lehre <\/strong><\/span>im\u00a0SoSe 2020 findet ausschlie\u00dflich <span style=\"color: #ff0000\"><strong>im Online-Format via zoom\u00a0<\/strong><span style=\"color: #000000\">statt<\/span><\/span>. Genaue Informationen hierzu erhalten Sie in der ersten Semesterwoche (<span style=\"color: #ff0000\"><strong>ab dem 14. April<\/strong><\/span>), in welcher Form, wird vorab per Mail angek\u00fcndigt. Die regul\u00e4ren Veranstaltungen finden dann ab dem 20. April statt. Sollten Sie Bedenken bzgl. der Verwendung von zoom haben, lesen Sie bitte\u00a0<a href=\"https:\/\/www.datenschutz-guru.de\/zoom-ist-keine-datenschleuder\/\" target=\"_blank\" rel=\"noopener noreferrer\">hier<\/a>\u00a0die entsprechenden Ausf\u00fchrungen nach.<\/li>\n<li><span style=\"color: #ff0000\"><strong>Hausarbeiten<\/strong><\/span> k\u00f6nnen jederzeit <span style=\"color: #ff0000\"><strong>PER MAIL<\/strong><\/span> eingereicht werden. Sie werden nach und nach korrigiert. Sollten Sie aus formal-b\u00fcrokratischen Gr\u00fcnden eine dringend terminierte Noteneintragung, geben Sie bitte in der Mail einfach Bescheid und ich versuche dem nachzukommen.<\/li>\n<li>Studierende, bei denen ich die <span style=\"color: #ff0000\"><strong>Betreuung der Masterarbeit<\/strong><\/span> \u00fcbernommen habe (als Erst- oder Zweitgutachterin), k\u00f6nnen jederzeit per Mail um einen Besprechungstermin bitten, der dann umgehend angesetzt wird. Formulare k\u00f6nnen mir eingescannt gesendet werden, falls n\u00f6tig kann meine Privatadresse nachgefragt werden.<\/li>\n<\/ol>\n<h3>Sektionsleitung auf dem <a href=\"https:\/\/hispanistentag-2021.uni-graz.at\/es\/\">Hispanistentag<\/a> 2021 (24.-27. Februar 2021) in Graz<\/h3>\n<h3>11.-22. M\u00e4rz 2020: Gastdozentur an der FLEX der Universit\u00e4t Havanna (Kuba)<\/h3>\n<p>Der Lehraufenthalt in Kuba musste leider aufgrund der Corona-Krise fr\u00fchzeitig abgebrochen werden.<\/p>\n<h3>5.-7- M\u00e4rz 2020,\u00a0<a href=\"https:\/\/jornadas2020.uni-wuppertal.de\/de\/willkommen-presentacion.html\">XXV Jornadas Hisp\u00e1nica<\/a>s an der Universit\u00e4t Wuppertal<\/h3>\n<p>Eigener Vortrag in der Sektion 8: Audiovisuelle Dialoge &#8222;La cuesti\u00f3n de la identidad en <em>Im Land meiner Kinder<\/em>.&#8220;<\/p>\n<h3>FD1 Klausur im WiSe 2019\/2020: 29. Januar 2020 von 11 &#8211; 13 Uhr, Raum wird noch bekannt gegeben<\/h3>\n<h3>Varieties of Anxiety \u2013 A Global Perspective,\u00a0New York University, December 10-11, 2019<\/h3>\n<p>Eigener Vortrag: <span lang=\"EN-US\">\u201cProving Violence by Fear &#8211; A Pragmatical Dimension of Discursive Practices in the Catalan Political Conflict\u201d<\/span><\/p>\n<h3>Juni 2019: Gastvortrag am TUDIAS, TU Dresden &#8222;El conflicto catal\u00e1n &#8211; motivos, actualidad, perspectivas&#8220;<\/h3>\n<h3>M\u00e4rz 2019: FREMDSPRACHENFACHTAG von Cornelsen in HANNOVER<\/h3>\n<p>Am 9.3. werde ich im Cornelsen Zentrum in Hannover eine Fortbildung f\u00fcr Spanischlehrkr\u00e4fte mit dem Titel &#8222;Formate f\u00fcr M\u00fcndlichkeit und m\u00fcndliche Pr\u00fcfungen&#8220; durchf\u00fchren.<\/p>\n<div class=\"csc-header csc-header-n2\">\n<h3>INFO-VERANSTALTUNG EXKURSION NACH CUBA<\/h3>\n<p>F\u00fcr Anfang Oktober 2018 ist eine Exkursion \/ Studienreise nach Cuba geplant. Eine erste Informationsveranstaltung fand bereits am 16.4.18 statt. Noch haben wir ein paar wenige Pl\u00e4tze frei. Wenn Sie Interesse haben, z\u00f6gern Sie nicht mich zu kontaktieren! \u00a1Nos vemos!<\/p>\n<h3>MEINE ERREICHBARKEIT IM WiSe 17\/18<\/h3>\n<p>Im WiSe 17\/18 (Oktober 17 &#8211; M\u00e4rz 18) absolviere ich einen Aufenthalt als Visiting Scholar am <a href=\"http:\/\/www.tc.columbia.edu\/\" target=\"_blank\" rel=\"noopener noreferrer\">Teachers College<\/a> der Columbia University, New York. Sie erreichen mich per Mail unter roviro(at)uni-bremen.de<\/p>\n<h3>SoSe 2017: SEMINAR &#8222;SPANISCHSPRACHIGE FILME UNTERTITELN&#8220;<\/h3>\n<p>Im SoSe 2017 hat unter meiner Leitung ein Seminar f\u00fcr die Spanisch-Sprachpraxis im M.Ed. stattgefunden, in dem der Film <a href=\"http:\/\/www.adnceviche.com\/\">Ceviche<\/a> von den Studierenden selbstst\u00e4ndig auf Spanisch f\u00fcr didaktische Zwecke untertitelt worden ist. Jenseits der sprachlichen Arbeit stellte auch die technische Umsetzung die Gruppe vor eine gro\u00dfe Herausforderung. Das gelungene Ergebnis wird bald bei <a href=\"http:\/\/www.cineglobal.de\">cineglobal<\/a> zu bewundern sein!<\/p>\n<h3><\/h3>\n<h3>6. BREMER SYMPOSION ZUM SPRACHENLERNEN UND -LEHREN:<\/h3>\n<h3><b>Der Gemeinsame Europ\u00e4ische Referenzrahmen &#8211; wie gehen wir mit seinen L\u00fccken um? (<\/b>Freitag, 24. Februar bis Samstag, 25. Februar 2017)<\/h3>\n<\/div>\n<p>Am Freitag, den 24. Februar 2017, habe ich eine Diskussionsrunde zum Thema &#8222;<a href=\"https:\/\/www.fremdsprachenzentrum-bremen.de\/2918.0.html?&amp;L=0\">GeR und der \u00dcbergang von Schule zur Hochschule.<\/a>&#8220; geleitet. Alle Infos zum Symposium sind <a href=\"https:\/\/www.fremdsprachenzentrum-bremen.de\/2126.0.html\">hier<\/a> zu finden.<\/p>\n<h3><\/h3>\n<h3>PREISVERLEIHUNG ESPA\u00d1OL-M\u00d3VIL 2016<br \/>\n<a href=\"https:\/\/blogs.uni-bremen.de\/barbararoviro\/files\/2016\/02\/image004.png\" rel=\"attachment wp-att-381\" data-rel=\"lightbox-image-0\" data-rl_title=\"\" data-rl_caption=\"\" title=\"\"><img loading=\"lazy\" decoding=\"async\" class=\"size-medium wp-image-381 alignright\" src=\"https:\/\/blogs.uni-bremen.de\/barbararoviro\/files\/2016\/02\/image004-300x273.png\" alt=\"image004\" width=\"300\" height=\"273\" srcset=\"https:\/\/blogs.uni-bremen.de\/barbararoviro\/files\/2016\/02\/image004-300x273.png 300w, https:\/\/blogs.uni-bremen.de\/barbararoviro\/files\/2016\/02\/image004-768x698.png 768w, https:\/\/blogs.uni-bremen.de\/barbararoviro\/files\/2016\/02\/image004-624x567.png 624w, https:\/\/blogs.uni-bremen.de\/barbararoviro\/files\/2016\/02\/image004.png 901w\" sizes=\"auto, (max-width: 300px) 100vw, 300px\" \/><\/a><\/h3>\n<p>Am Freitag, den 10. Juni 2016 fand in der Spanischen Botschaft in Berlin die diesj\u00e4hrige Preisverleihung <em><a href=\"http:\/\/www.cornelsen.de\/espanol-movil\/\" target=\"_blank\" rel=\"noopener noreferrer\">Espa\u00f1ol-m\u00f3vil 2016<\/a><\/em>. Initiatoren der Preisausschreibung sind die Bildungsabteilung der Spanisch Botschaft und der Cornelsen Verlag. Sowohl die\u00a0Mitarbeit in der Jury als auch die\u00a0feierliche\u00a0Veranstaltung haben mir viel Spa\u00df gemacht. <em>\u00a1Enhorabuena a los ganadores y a todos los participantes!<\/em><\/p>\n<p>Aus der Pressemitteilung: Klischees widerlegen, Vorurteile dekonstruieren, offen sein. Die Gewinnervideos beim Spanisch-Sch\u00fclerwettbewerbEspa\u00f1ol-m\u00f3vil zeigen, wie interkulturelles Lernen gelingen kann: Drei Schulklassen aus Freiburg (Baden-W\u00fcrttemberg), Fritzlar (Hessen) und Wetzlar (Hessen) haben das Rennen gemacht.Sie konnten bei der feierlichen Preisverleihung in der Spanischen Botschaft in Berlin die begehrten Schecks in H\u00f6he von 1.000, 600 und 400 Euro entgegennehmen&#8230;. (<a href=\"http:\/\/www.cornelsen-schulverlage.de\/home\/1.c.3299329.de\" target=\"_blank\" rel=\"noopener noreferrer\">weiterlesen<\/a>)<\/p>\n<p>&nbsp;<\/p>\n<h3>EL GRILL DE C\u00c9SAR<a title=\"\" href=\"https:\/\/blogs.uni-bremen.de\/barbararoviro\/files\/2016\/01\/foto1_plakat.jpg\" data-rel=\"lightbox-image-1\" data-rl_title=\"\" data-rl_caption=\"\"><img loading=\"lazy\" decoding=\"async\" class=\" wp-image-69 alignleft\" src=\"https:\/\/blogs.uni-bremen.de\/barbararoviro\/files\/2016\/01\/foto1_plakat-210x300.jpg\" alt=\"foto1_plakat\" width=\"212\" height=\"303\" srcset=\"https:\/\/blogs.uni-bremen.de\/barbararoviro\/files\/2016\/01\/foto1_plakat-210x300.jpg 210w, https:\/\/blogs.uni-bremen.de\/barbararoviro\/files\/2016\/01\/foto1_plakat-716x1024.jpg 716w, https:\/\/blogs.uni-bremen.de\/barbararoviro\/files\/2016\/01\/foto1_plakat-624x893.jpg 624w\" sizes=\"auto, (max-width: 212px) 100vw, 212px\" \/><\/a><\/h3>\n<p>Am Dienstag, den 26. Januar 2016 um 11:00 Uhr wurde im Kino <a href=\"http:\/\/www.city46.de\/programm\/januar-2016-uebersicht\/cesars-grill.html#c22587\" target=\"_blank\" rel=\"noopener noreferrer\">City 46<\/a> der Film\u00a0El grill de C\u00e9sar (OmU mit dt.Ut) gezeigt.\u00a0<a href=\"http:\/\/www.darioaguirre.com\/dario\/wordpress\/\" target=\"_blank\" rel=\"noopener noreferrer\">Dar\u00edo Aguirre<\/a>, Drehbuchautor und Regisseur war\u00a0bei der Vorf\u00fchrung anwesend und stellte sich\u00a0im Anschluss\u00a0den Fragen des interessierten Publikums. Dieses setzte sich aus Hispanistik-Studierenden der Universit\u00e4t Bremen und Spanisch-Sch\u00fcler_innen Bremer Schulen zusammen.\u00a0<em>Hier geht&#8217;s zur <a href=\"https:\/\/blogs.uni-bremen.de\/barbararoviro\/bildergallerie-2\/\">Bildergallerie<\/a>.<\/em><\/p>\n<p style=\"text-align: left\">Dieses Event wurde freundlicherweise durch\u00a0Studienkontenmittel des FB10 \u2013 Universit\u00e4t Bremen gef\u00f6rdert.<\/p>\n","protected":false},"excerpt":{"rendered":"<p>7.-20. Juli 2024 Koordination des Osterreichisch-Katalanisches Sommerkolleg 2024 (Info hier) VORTRAG auf den Jornadas Hisp\u00e1nicas 2024 an der Universit\u00e4t Potsdam Samstag, 16. M\u00e4rz 2024 &#8211; Motivation im Spanischunterricht: Schl\u00fcsselmomente Am 11. Februar 2022 haben wir das Denkort Bunker Valentin besucht! Mehr&#8230; WinATutor 2022 Projekt FLIPP THE FL-CLASS! Das Projekt hat eine Laufzeit von 5 Monaten [&hellip;]<\/p>\n","protected":false},"author":5363,"featured_media":0,"parent":0,"menu_order":0,"comment_status":"closed","ping_status":"closed","template":"","meta":{"_bbp_topic_count":0,"_bbp_reply_count":0,"_bbp_total_topic_count":0,"_bbp_total_reply_count":0,"_bbp_voice_count":0,"_bbp_anonymous_reply_count":0,"_bbp_topic_count_hidden":0,"_bbp_reply_count_hidden":0,"_bbp_forum_subforum_count":0,"footnotes":""},"class_list":["post-205","page","type-page","status-publish","hentry"],"_links":{"self":[{"href":"https:\/\/blogs.uni-bremen.de\/barbararoviro\/wp-json\/wp\/v2\/pages\/205","targetHints":{"allow":["GET"]}}],"collection":[{"href":"https:\/\/blogs.uni-bremen.de\/barbararoviro\/wp-json\/wp\/v2\/pages"}],"about":[{"href":"https:\/\/blogs.uni-bremen.de\/barbararoviro\/wp-json\/wp\/v2\/types\/page"}],"author":[{"embeddable":true,"href":"https:\/\/blogs.uni-bremen.de\/barbararoviro\/wp-json\/wp\/v2\/users\/5363"}],"replies":[{"embeddable":true,"href":"https:\/\/blogs.uni-bremen.de\/barbararoviro\/wp-json\/wp\/v2\/comments?post=205"}],"version-history":[{"count":11,"href":"https:\/\/blogs.uni-bremen.de\/barbararoviro\/wp-json\/wp\/v2\/pages\/205\/revisions"}],"predecessor-version":[{"id":703,"href":"https:\/\/blogs.uni-bremen.de\/barbararoviro\/wp-json\/wp\/v2\/pages\/205\/revisions\/703"}],"wp:attachment":[{"href":"https:\/\/blogs.uni-bremen.de\/barbararoviro\/wp-json\/wp\/v2\/media?parent=205"}],"curies":[{"name":"wp","href":"https:\/\/api.w.org\/{rel}","templated":true}]}}