{"id":2,"date":"2010-04-14T17:41:19","date_gmt":"2010-04-14T15:41:19","guid":{"rendered":""},"modified":"2010-05-06T07:52:34","modified_gmt":"2010-05-06T05:52:34","slug":"about","status":"publish","type":"page","link":"https:\/\/blogs.uni-bremen.de\/azmobloggt\/about\/","title":{"rendered":"Themen"},"content":{"rendered":"<p>Dieser Blog wurde im Rahmen der Veranstaltung <strong>&#8222;Studieren im Mitmachnetz &#8211; Wie kann ich von den neuen M\u00f6glichkeiten  des Internets im Studium profitieren?&#8220;<\/strong> erstellt. Es handelt sich dabei um eine reine Onlineveranstaltung und dieser Blog ist entsprechend meine &#8222;Teilnahme&#8220;.<\/p>\n<p>Daher werden sich die hier bearbeiteten Themen in zwei bis drei Bereiche Gliedern:<\/p>\n<p>1. Aufgaben, die im Rahmen der Veranstaltung zu l\u00f6sen sind<\/p>\n<p>2. Eine dieser Aufgaben ist die bearbeitung eines Themas. Da ich sehr Technikaffin bin, habe ich beschlossen Technik vorzustellen, die mir beim Studium helfen kann und wie ich sie einsetze. Dabei will ich praktische Beispiele aus dem Unialltag zu Illustration verwenden.<\/p>\n<p>3. Nach Bedarf wird hier nat\u00fcrlich auch &#8222;ramdom&#8220; Kram hereinkommen, der nicht so richtig zuzuordnen ist &#8211; wie gesagt, nach Bedarf.<\/p>\n<p>Noch steckt hier alles in den Kinderschuhen, ich hoffe aber dass sich dieser Blog noch entwickeln wird und vielleicht sogar die Themen \u00fcber die ich schreibe einigen Lesern eine Inspiration und Hilfe sind.<br \/>\nDar\u00fcber hinaus will ich nat\u00fcrlich die CP f\u00fcr die Veranstaltung ;)<\/p>\n","protected":false},"excerpt":{"rendered":"<p>Dieser Blog wurde im Rahmen der Veranstaltung &#8222;Studieren im Mitmachnetz &#8211; Wie kann ich von den neuen M\u00f6glichkeiten des Internets im Studium profitieren?&#8220; erstellt. Es handelt sich dabei um eine reine Onlineveranstaltung und dieser Blog ist entsprechend meine &#8222;Teilnahme&#8220;. Daher werden sich die hier bearbeiteten Themen in zwei bis drei Bereiche Gliedern: 1. Aufgaben, die [&hellip;]<\/p>\n","protected":false},"author":207,"featured_media":0,"parent":0,"menu_order":0,"comment_status":"open","ping_status":"open","template":"","meta":{"_bbp_topic_count":0,"_bbp_reply_count":0,"_bbp_total_topic_count":0,"_bbp_total_reply_count":0,"_bbp_voice_count":0,"_bbp_anonymous_reply_count":0,"_bbp_topic_count_hidden":0,"_bbp_reply_count_hidden":0,"_bbp_forum_subforum_count":0,"footnotes":""},"class_list":["post-2","page","type-page","status-publish","hentry"],"_links":{"self":[{"href":"https:\/\/blogs.uni-bremen.de\/azmobloggt\/wp-json\/wp\/v2\/pages\/2","targetHints":{"allow":["GET"]}}],"collection":[{"href":"https:\/\/blogs.uni-bremen.de\/azmobloggt\/wp-json\/wp\/v2\/pages"}],"about":[{"href":"https:\/\/blogs.uni-bremen.de\/azmobloggt\/wp-json\/wp\/v2\/types\/page"}],"author":[{"embeddable":true,"href":"https:\/\/blogs.uni-bremen.de\/azmobloggt\/wp-json\/wp\/v2\/users\/207"}],"replies":[{"embeddable":true,"href":"https:\/\/blogs.uni-bremen.de\/azmobloggt\/wp-json\/wp\/v2\/comments?post=2"}],"version-history":[{"count":1,"href":"https:\/\/blogs.uni-bremen.de\/azmobloggt\/wp-json\/wp\/v2\/pages\/2\/revisions"}],"predecessor-version":[{"id":8,"href":"https:\/\/blogs.uni-bremen.de\/azmobloggt\/wp-json\/wp\/v2\/pages\/2\/revisions\/8"}],"wp:attachment":[{"href":"https:\/\/blogs.uni-bremen.de\/azmobloggt\/wp-json\/wp\/v2\/media?parent=2"}],"curies":[{"name":"wp","href":"https:\/\/api.w.org\/{rel}","templated":true}]}}