{"id":165,"date":"2024-01-22T12:28:20","date_gmt":"2024-01-22T11:28:20","guid":{"rendered":"https:\/\/blogs.uni-bremen.de\/antifemdata\/?page_id=165"},"modified":"2024-03-16T10:14:39","modified_gmt":"2024-03-16T09:14:39","slug":"pakistan","status":"publish","type":"page","link":"https:\/\/blogs.uni-bremen.de\/antifemdata\/pakistan\/","title":{"rendered":"Pakistan"},"content":{"rendered":"<div class=\"et_d4_element et_pb_section et_pb_section_0 et_pb_with_background  et_pb_css_mix_blend_mode et_section_regular et_block_section\" >\n\t\t\t\t\n\t\t\t\t\n\t\t\t\t\n\t\t\t\t\n\t\t\t\t\n\t\t\t\t\n\t\t\t\t<div class=\"et_d4_element et_pb_row et_pb_row_0  et_pb_css_mix_blend_mode et_block_row\">\n\t\t\t\t<div class=\"et_d4_element et_pb_column_4_4 et_pb_column et_pb_column_0  et_pb_css_mix_blend_mode et-last-child et_block_column\">\n\t\t\t\t\n\t\t\t\t\n\t\t\t\t\n\t\t\t\t\n\t\t\t\t<div class=\"et_pb_module et_d4_element et_pb_heading et_pb_heading_0 et_pb_bg_layout_\">\n\t\t\t\t\n\t\t\t\t\n\t\t\t\t\n\t\t\t\t\n\t\t\t\t<div class=\"et_pb_heading_container\"><h1 class=\"et_pb_module_heading\">Pakistan<\/h1><\/div>\n\t\t\t<\/div>\n\t\t\t<\/div>\n\t\t\t\t\n\t\t\t\t\n\t\t\t\t\n\t\t\t\t\n\t\t\t<\/div><div class=\"et_d4_element et_pb_row et_pb_row_1  et_pb_css_mix_blend_mode et_block_row\">\n\t\t\t\t<div class=\"et_d4_element et_pb_column_1_2 et_pb_column et_pb_column_1  et_pb_css_mix_blend_mode et_block_column\">\n\t\t\t\t\n\t\t\t\t\n\t\t\t\t\n\t\t\t\t\n\t\t\t\t<div class=\"et_pb_with_border et_pb_module et_d4_element et_pb_blurb et_pb_blurb_0  et_pb_text_align_left  et_pb_blurb_position_top et_block_module et_pb_bg_layout_light\">\n\t\t\t\t\n\t\t\t\t\n\t\t\t\t\n\t\t\t\t\n\t\t\t\t<div class=\"et_pb_blurb_content\">\n\t\t\t\t\t<div class=\"et_pb_main_blurb_image et_pb_css_mix_blend_mode\"><span class=\"et_pb_image_wrap et_pb_only_image_mode_wrap\"><img loading=\"lazy\" decoding=\"async\" width=\"1280\" height=\"853\" src=\"https:\/\/blogs.uni-bremen.de\/antifemdata\/files\/339502-Berserker.jpg\" alt=\"\" srcset=\"https:\/\/blogs.uni-bremen.de\/antifemdata\/files\/339502-Berserker.jpg 1280w, https:\/\/blogs.uni-bremen.de\/antifemdata\/files\/339502-Berserker-980x653.jpg 980w, https:\/\/blogs.uni-bremen.de\/antifemdata\/files\/339502-Berserker-480x320.jpg 480w\" sizes=\"(min-width: 0px) and (max-width: 480px) 480px, (min-width: 481px) and (max-width: 980px) 980px, (min-width: 981px) 1280px, 100vw\" class=\"et-waypoint et_pb_animation_top et_pb_animation_top_tablet et_pb_animation_top_phone wp-image-246\" \/><\/span><\/div>\n\t\t\t\t\t<div class=\"et_pb_blurb_container\">\n\t\t\t\t\t\t<h1 class=\"et_pb_module_header\"><span>Pakistan<\/span><\/h1>\n\t\t\t\t\t\t<div class=\"et_pb_blurb_description\"><table style=\"border-collapse: collapse;width: 100%;height: 144px\" border=\"1\">\n<tbody>\n<tr style=\"height: 24px\">\n<td style=\"width: 50%;height: 24px\"><strong>Index-Wert<\/strong><\/td>\n<td style=\"width: 50%;height: 24px\">1<\/td>\n<\/tr>\n<tr style=\"height: 24px\">\n<td style=\"width: 50%;height: 24px\"><strong>Landessprache<\/strong><\/td>\n<td style=\"width: 50%;height: 24px\">\n<p><span class=\"author-a-7ahz76zdbz86z8t0z86zz83zz83zoz90zk\">Urdu (offizielle Amtssprache)<\/span><\/p>\n<p><span class=\"author-a-7ahz76zdbz86z8t0z86zz83zz83zoz90zk\">Englisch <\/span><\/p>\n<p><span class=\"author-a-7ahz76zdbz86z8t0z86zz83zz83zoz90zk\">weitere regionale Sprachen: Punjabi, Sindhi, Paschtu, Baluchi, Seraiki\u00a0<\/span><\/p>\n<\/td>\n<\/tr>\n<tr style=\"height: 24px\">\n<td style=\"width: 50%;height: 24px\"><strong>Einwohner*innenzahl [1]<br \/><\/strong><\/td>\n<td style=\"width: 50%;height: 24px\"><span class=\"author-a-7ahz76zdbz86z8t0z86zz83zz83zoz90zk\">246 Millionen (stand 2023) <br \/><\/span><\/td>\n<\/tr>\n<tr style=\"height: 24px\">\n<td style=\"width: 50%;height: 24px\"><strong>Bildungsstand [2]<br \/><\/strong><\/td>\n<td style=\"width: 50%;height: 24px\">\n<p>Analphabet*innenquote: 40,9% (stand 2017)<\/p>\n<p>Einschulungsquote: 67,6% (Stand 2018)<\/p>\n<\/td>\n<\/tr>\n<tr style=\"height: 24px\">\n<td style=\"width: 50%;height: 24px\"><strong>Religion [3]<br \/><\/strong><\/td>\n<td style=\"width: 50%;height: 24px\">\n<p><span class=\"author-a-7ahz76zdbz86z8t0z86zz83zz83zoz90zk\">96% Islam<\/span><\/p>\n<p><span class=\"author-a-7ahz76zdbz86z8t0z86zz83zz83zoz90zk\">4% unterteilen sich in Hinduismus, Christentum, Ahmadiyya etc.\u00a0<\/span><\/p>\n<\/td>\n<\/tr>\n<tr style=\"height: 24px\">\n<td style=\"width: 50%;height: 24px\"><strong>Politisches System [4]<br \/><\/strong><\/td>\n<td style=\"width: 50%;height: 24px\"><span class=\"author-a-7ahz76zdbz86z8t0z86zz83zz83zoz90zk\">Parlamentarische Demokratie mit Zweikammersystem <br \/><\/span><\/td>\n<\/tr>\n<\/tbody>\n<\/table>\n<p style=\"padding-left: 40px\"><\/div>\n\t\t\t\t\t<\/div>\n\t\t\t\t<\/div>\n\t\t\t<\/div>\n\t\t\t<\/div><div class=\"et_d4_element et_pb_column_1_2 et_pb_column et_pb_column_2  et_pb_css_mix_blend_mode et-last-child et_block_column\">\n\t\t\t\t\n\t\t\t\t\n\t\t\t\t\n\t\t\t\t\n\t\t\t\t<div class=\"et_pb_module et_d4_element et_pb_heading et_pb_heading_1 et_pb_bg_layout_\">\n\t\t\t\t\n\t\t\t\t\n\t\t\t\t\n\t\t\t\t\n\t\t\t\t<div class=\"et_pb_heading_container\"><h1 class=\"et_pb_module_heading\">Aktueller Stand <\/h1><\/div>\n\t\t\t<\/div><div class=\"et_pb_module et_d4_element et_pb_text et_pb_text_0  et_pb_text_align_left et_pb_bg_layout_light\">\n\t\t\t\t\n\t\t\t\t\n\t\t\t\t\n\t\t\t\t\n\t\t\t\t<div class=\"et_pb_text_inner\"><div aria-live=\"assertive\" id=\"magicdomid119\" class=\"ace-line\"><\/div>\n<div aria-live=\"assertive\" class=\"ace-line\"><\/div>\n<div aria-live=\"assertive\" id=\"magicdomid126\" class=\"ace-line\"><\/div>\n<div aria-live=\"assertive\" id=\"magicdomid129\" class=\"ace-line\"><\/div>\n<div aria-live=\"assertive\" id=\"magicdomid130\" class=\"ace-line\" style=\"text-align: justify\">\n<p><span class=\"author-a-z75zz68zz80zyq8kogvcz73zuz70zvz80z\" style=\"color: #ffffff;font-family: Courier Prime;font-weight: normal\"><span class=\"author-a-z75zz68zz80zyq8kogvcz73zuz70zvz80z\" style=\"color: #ffffff;font-family: Courier Prime;font-weight: normal\">Die Situation der FLINTA* in Pakistan ist gepr\u00e4gt von tief verwurzelten, geschlechtsspezifischen Normen und Traditionen. FLINTA* sehen sich in vielen Bereichen des Lebens mit Diskriminierung und Benachteiligung konfrontiert. Pakistan belegt im Gender Inequality Index (GII) einen besorgniserregenden 161. Platz von insgesamt 191 L\u00e4ndern (UNDP 2023: 37).\u00a0<\/span><\/span><span style=\"color: #ffffff;font-family: Courier Prime;font-weight: normal\"> <\/span><span style=\"color: #ffffff;font-family: Courier Prime\">Die hohe Position Pakistans im GII spiegelt die tiefgreifenden Herausforderungen wider, denen FLINTA* im Land gegen\u00fcberstehen. Beispielsweise ist der Zugang von Frauen* zu Bildungseinrichtungen oft eingeschr\u00e4nkt, was langfristig ihre beruflichen M\u00f6glichkeiten und ihre wirtschaftliche Unabh\u00e4ngigkeit beeinflusst (<span style=\"color: #ffffff\"><span data-manual=\"title\" class=\"css-1bhnxuf\"><span style=\"font-family: Courier Prime\">Bundesministerium f\u00fcr Wirtschaft und Klimaschutz<\/span><\/span><\/span> o.D). Auch im politischen Bereich sind Frauen* unterrepr\u00e4sentiert, was ihre Einflussnahme auf Entscheidungen, die ihre Lebensbedingungen betreffen, erheblich einschr\u00e4nkt (GC o.D.).<\/span><span style=\"color: #ffffff;font-family: Courier Prime\"><\/span><span style=\"color: #ffffff;font-family: Courier Prime\"><\/span><\/p>\n<p><span style=\"color: #ffffff;font-family: Courier Prime\"><\/span><\/p>\n<\/div>\n<div aria-live=\"assertive\" id=\"magicdomid140\" class=\"ace-line\"><\/div><\/div>\n\t\t\t<\/div><div class=\"et_pb_module et_d4_element et_pb_heading et_pb_heading_2 et_pb_bg_layout_\">\n\t\t\t\t\n\t\t\t\t\n\t\t\t\t\n\t\t\t\t\n\t\t\t\t<div class=\"et_pb_heading_container\"><h1 class=\"et_pb_module_heading\">Die Rolle der Daten<\/h1><\/div>\n\t\t\t<\/div><div class=\"et_pb_module et_d4_element et_pb_text et_pb_text_1  et_pb_text_align_left et_pb_bg_layout_light\">\n\t\t\t\t\n\t\t\t\t\n\t\t\t\t\n\t\t\t\t\n\t\t\t\t<div class=\"et_pb_text_inner\"><p style=\"text-align: justify\"><span class=\"author-a-z75zz68zz80zyq8kogvcz73zuz70zvz80z\" style=\"color: #ffffff;font-family: Courier Prime\">Die Reproduktion sexistischer Strukturen durch Daten funktioniert k\u00f6nnte durch ihre mangelnde Relevanz werden. Viele Menschen in Pakistan vertreten ein stark religi\u00f6s-fundamentales Weltbild, welches mit einem sehr klaren Geschlechterrollen einhergeht (Richter 1997). Somit ist die<\/span><span style=\"color: #ffffff;font-family: Courier Prime;font-weight: normal\"> Verbindung zwischen kulturell-religi\u00f6sen \u00dcberzeugungen und Geschlechterungleichheit ist in Pakistan besonders ausgepr\u00e4gt. Gleichzeitig verhindert das Bed\u00fcrfnis nach einem geschlossenen Weltbild, wie es im religi\u00f6sen Fundamentalismus verankert ist, dass empirische Ergebnisse gar nicht als relevant erachtet werden, wenn diese im Widerspruch zum eigenen Weltbild stehen (Brandt\/Reyna 2010: 716 f.). Denn obwohl Pakistan e<\/span><span style=\"color: #ffffff;font-family: Courier Prime;font-weight: normal\">ine Demokratie ist, kann eine gute Datenlage allein nicht das Problem der Geschlechterungerechtigkeit in Pakistan l\u00f6sen, wenn die Ungleichheit intendiert ist. <\/span><span style=\"color: #ffffff;font-family: Courier Prime;font-weight: normal\"><\/span><\/p>\n<p style=\"text-align: justify\"><\/div>\n\t\t\t<\/div>\n\t\t\t<\/div>\n\t\t\t\t\n\t\t\t\t\n\t\t\t\t\n\t\t\t\t\n\t\t\t<\/div><div class=\"et_pb_with_border et_d4_element et_pb_row et_pb_row_2  et_pb_css_mix_blend_mode et_block_row\">\n\t\t\t\t<div class=\"et_d4_element et_pb_column_1_2 et_pb_column et_pb_column_3  et_pb_css_mix_blend_mode et_block_column\">\n\t\t\t\t\n\t\t\t\t\n\t\t\t\t\n\t\t\t\t\n\t\t\t\t<div class=\"et_pb_module et_d4_element et_pb_heading et_pb_heading_3 et_pb_bg_layout_\">\n\t\t\t\t\n\t\t\t\t\n\t\t\t\t\n\t\t\t\t\n\t\t\t\t<div class=\"et_pb_heading_container\"><h1 class=\"et_pb_module_heading\">Aurat March<\/h1><\/div>\n\t\t\t<\/div><div class=\"et_pb_module et_d4_element et_pb_text et_pb_text_2  et_pb_text_align_left et_pb_bg_layout_light\">\n\t\t\t\t\n\t\t\t\t\n\t\t\t\t\n\t\t\t\t\n\t\t\t\t<div class=\"et_pb_text_inner\"><p style=\"text-align: justify\"><span style=\"color: #ffffff;font-family: Courier Prime;font-weight: normal\"><span style=\"color: #c7a0e8\">Der Aurat March in Pakistan hat sich seit seiner Gr\u00fcndung im Jahr 2018 zu einem bedeutsamen Akt des feministischen Protests entwickelt. Dieser Marsch steht im Mittelpunkt der Auseinandersetzung mit Geschlechterungleichheit und sexistischen Strukturen in der Gesellschaft. Die feministische Bewegung in Pakistan, die durch den Aurat March verk\u00f6rpert wird, setzt sich nicht nur auf den Stra\u00dfen, sondern auch digital f\u00fcr Gleichberechtigung und gegen Geschlechterdiskriminierung ein. Die sozialen Medien und Online-Plattformen bieten den Organisatorinnen eine M\u00f6glichkeit, ihre Botschaft zu verbreiten, Solidarit\u00e4t zu schaffen und auf die spezifischen Herausforderungen von Frauen in Pakistan aufmerksam zu machen (Azmat 2022). Der Aurat March ist somit nicht nur ein Zeichen des Widerstands, sondern auch als kritischer Blick auf die vorhandenen Daten und deren Rolle bei der Reproduktion sexistischer Strukturen zu verstehen. <\/span><br \/><\/span><\/p><\/div>\n\t\t\t<\/div>\n\t\t\t<\/div><div class=\"et_d4_element et_pb_column_1_2 et_pb_column et_pb_column_4  et_pb_css_mix_blend_mode et-last-child et_block_column\">\n\t\t\t\t\n\t\t\t\t\n\t\t\t\t\n\t\t\t\t\n\t\t\t\t<div class=\"et_pb_module et_d4_element et_pb_video et_pb_video_0\">\n\t\t\t\t\n\t\t\t\t\n\t\t\t\t\n\t\t\t\t\n\t\t\t\t<div class=\"et_pb_video_box\"><iframe loading=\"lazy\" title=\"Why We Protest: Aurat March\" width=\"1080\" height=\"608\" src=\"https:\/\/www.youtube.com\/embed\/z4h6QydrkBc?feature=oembed\"  allow=\"accelerometer; autoplay; clipboard-write; encrypted-media; gyroscope; picture-in-picture; web-share\" referrerpolicy=\"strict-origin-when-cross-origin\" allowfullscreen><\/iframe><\/div>\n\t\t\t\t\n\t\t\t<\/div><div class=\"et_pb_module et_d4_element et_pb_text et_pb_text_3  et_pb_text_align_left et_pb_bg_layout_light\">\n\t\t\t\t\n\t\t\t\t\n\t\t\t\t\n\t\t\t\t\n\t\t\t\t<div class=\"et_pb_text_inner\"><p><span style=\"color: #c7a0e8;font-family: Courier Prime;font-weight: normal\">Die digitale Pr\u00e4senz der Bewegung tr\u00e4gt dazu bei, die Diskussion \u00fcber Geschlechterungleichheit voranzutreiben und die Bedeutung von Daten in diesem Kontext zu betonen. Es bleibt eine Herausforderung, wie die Bewegung wirkungsvolle Ver\u00e4nderungen in der Gesellschaft vorantreiben kann, um Geschlechtergerechtigkeit zu erreichen.<\/span><\/p><\/div>\n\t\t\t<\/div>\n\t\t\t<\/div>\n\t\t\t\t\n\t\t\t\t\n\t\t\t\t\n\t\t\t\t\n\t\t\t<\/div><div class=\"et_d4_element et_pb_row et_pb_row_3  et_pb_css_mix_blend_mode et_block_row\">\n\t\t\t\t<div class=\"et_d4_element et_pb_column_4_4 et_pb_column et_pb_column_5  et_pb_css_mix_blend_mode et-last-child et_block_column\">\n\t\t\t\t\n\t\t\t\t\n\t\t\t\t\n\t\t\t\t\n\t\t\t\t<div class=\"et_pb_module et_d4_element et_pb_text et_pb_text_4  et_pb_text_align_left et_pb_bg_layout_light\">\n\t\t\t\t\n\t\t\t\t\n\t\t\t\t\n\t\t\t\t\n\t\t\t\t<div class=\"et_pb_text_inner\"><p><span style=\"font-family: Courier Prime;font-weight: normal;color: #666666\">[1] Ausw\u00e4rtiges Amt 2024a<\/span><\/p>\n<p><span style=\"font-family: Courier Prime;font-weight: normal;color: #666666\">[2] <span data-manual=\"title\" class=\"css-1bhnxuf\">Bundesministerium f\u00fcr Wirtschaft und Klimaschutz o.D. <\/span><\/span><\/p>\n<p><span style=\"font-family: Courier Prime;font-weight: normal;color: #666666\">[3] <span data-manual=\"title\" class=\"css-1bhnxuf\">U.S. Departement of State<\/span>. o.D.<\/span><\/p>\n<p><span style=\"font-family: Courier Prime;font-weight: normal;color: #666666\">[4] Ausw\u00e4rtiges Amt 2024b<\/span><\/p><\/div>\n\t\t\t<\/div>\n\t\t\t<\/div>\n\t\t\t\t\n\t\t\t\t\n\t\t\t\t\n\t\t\t\t\n\t\t\t<\/div>\n\t\t\t\t\n\t\t\t\t\n\t\t\t<\/div>\n","protected":false},"excerpt":{"rendered":"","protected":false},"author":13631,"featured_media":0,"parent":0,"menu_order":0,"comment_status":"closed","ping_status":"closed","template":"","meta":{"_bbp_topic_count":0,"_bbp_reply_count":0,"_bbp_total_topic_count":0,"_bbp_total_reply_count":0,"_bbp_voice_count":0,"_bbp_anonymous_reply_count":0,"_bbp_topic_count_hidden":0,"_bbp_reply_count_hidden":0,"_bbp_forum_subforum_count":0,"_et_pb_use_builder":"on","_et_pb_old_content":"","_et_gb_content_width":"","footnotes":""},"class_list":["post-165","page","type-page","status-publish","hentry"],"_links":{"self":[{"href":"https:\/\/blogs.uni-bremen.de\/antifemdata\/wp-json\/wp\/v2\/pages\/165","targetHints":{"allow":["GET"]}}],"collection":[{"href":"https:\/\/blogs.uni-bremen.de\/antifemdata\/wp-json\/wp\/v2\/pages"}],"about":[{"href":"https:\/\/blogs.uni-bremen.de\/antifemdata\/wp-json\/wp\/v2\/types\/page"}],"author":[{"embeddable":true,"href":"https:\/\/blogs.uni-bremen.de\/antifemdata\/wp-json\/wp\/v2\/users\/13631"}],"replies":[{"embeddable":true,"href":"https:\/\/blogs.uni-bremen.de\/antifemdata\/wp-json\/wp\/v2\/comments?post=165"}],"version-history":[{"count":9,"href":"https:\/\/blogs.uni-bremen.de\/antifemdata\/wp-json\/wp\/v2\/pages\/165\/revisions"}],"predecessor-version":[{"id":577,"href":"https:\/\/blogs.uni-bremen.de\/antifemdata\/wp-json\/wp\/v2\/pages\/165\/revisions\/577"}],"wp:attachment":[{"href":"https:\/\/blogs.uni-bremen.de\/antifemdata\/wp-json\/wp\/v2\/media?parent=165"}],"curies":[{"name":"wp","href":"https:\/\/api.w.org\/{rel}","templated":true}]}}